{"id":10,"date":"2021-04-21T10:16:27","date_gmt":"2021-04-21T10:16:27","guid":{"rendered":"https:\/\/themes.muffingroup.com\/be\/surfing2\/?page_id=10"},"modified":"2025-06-10T14:43:53","modified_gmt":"2025-06-10T12:43:53","slug":"contact","status":"publish","type":"page","link":"https:\/\/www.atlanticraftboats.com\/en\/contact\/","title":{"rendered":"CONTACT"},"content":{"rendered":"<h2>Welcome to our CONTACT page<\/h2>\n<p>Here, you can easily connect with our team. We are available to answer all your questions and assist you with your nautical project. Whether you&#039;d like information about our offerings, just to get in touch, schedule a visit, or request a quote, we&#039;re here to help.<\/p>\n<p>First of all, don&#039;t hesitate to <a href=\"https:\/\/www.atlanticraftboats.com\/en\/contact\/\">contact us by phone<\/a>Our team is available to respond quickly to your calls. You can also send us an email if you prefer to write. We promise to respond as quickly as possible. Additionally, if you would like to schedule a visit or consultation, please indicate this when contacting us. We will arrange this according to your availability.<\/p>\n<p><img decoding=\"async\" class=\"aligncenter wp-image-3575 size-medium\" src=\"https:\/\/www.atlanticraftboats.com\/wp-content\/uploads\/2025\/06\/P1024977-400x300.jpg\" alt=\"contact\" width=\"400\" height=\"300\" \/><\/p>\n<h4>DIRECT CONTACT<\/h4>\n<p>Then, for those who prefer direct contact, we also offer an online form. It&#039;s easy to fill out: provide your contact information, specify your request, and send it. Our customer service team handles each message with care. You&#039;ll receive a personalized response quickly.<\/p>\n<p>Furthermore, if you would like to come and see us in person, this is where it happens: 1 rue de l&#039;Avenir \u2013 85750 ANGLES.<\/p>\n<p>Our team will be delighted to welcome you to our premises. During your visit, you will be able to discover our boats, ask any questions you may have, and receive professional advice.<\/p>\n<p>Additionally, we offer a variety of communication methods to better serve you. Whether by phone, email, or online form, choose the method that works best for you. Our goal is to make your experience simple and enjoyable.<\/p>\n<p>Finally, don&#039;t forget that our team is here to support you every step of the way in your nautical project. Contact us today for all the information you need. We look forward to collaborating with you and moving your project forward at sea.<\/p>","protected":false},"excerpt":{"rendered":"<p>Bienvenue sur notre page CONTACT Ici, vous pouvez facilement entrer en communication avec notre \u00e9quipe. Nous sommes \u00e0 votre disposition pour r\u00e9pondre \u00e0 toutes vos questions<span class=\"excerpt-hellip\"> [\u2026]<\/span><\/p>\n","protected":false},"author":1,"featured_media":-1,"parent":0,"menu_order":0,"comment_status":"closed","ping_status":"closed","template":"","meta":{"inline_featured_image":false,"footnotes":""},"class_list":["post-10","page","type-page","status-publish","has-post-thumbnail","hentry"],"yoast_head":"<!-- This site is optimized with the Yoast SEO plugin v27.5 - https:\/\/yoast.com\/product\/yoast-seo-wordpress\/ -->\n<title>CONTACT - AtlantiCraft<\/title>\n<meta name=\"description\" content=\"Prenez contact notre \u00e9quipe par t\u00e9l\u00e9phone ou formulaire en ligne. Nous r\u00e9pondons \u00e0 vos questions et vous accompagnons dans votre projet.\" \/>\n<meta name=\"robots\" content=\"index, follow, max-snippet:-1, max-image-preview:large, max-video-preview:-1\" \/>\n<link rel=\"canonical\" href=\"https:\/\/www.atlanticraftboats.com\/en\/contact\/\" \/>\n<meta property=\"og:locale\" content=\"en_GB\" \/>\n<meta property=\"og:type\" content=\"article\" \/>\n<meta property=\"og:title\" content=\"CONTACT - AtlantiCraft\" \/>\n<meta property=\"og:description\" content=\"Prenez contact notre \u00e9quipe par t\u00e9l\u00e9phone ou formulaire en ligne. Nous r\u00e9pondons \u00e0 vos questions et vous accompagnons dans votre projet.\" \/>\n<meta property=\"og:url\" content=\"https:\/\/www.atlanticraftboats.com\/en\/contact\/\" \/>\n<meta property=\"og:site_name\" content=\"AtlantiCraft\" \/>\n<meta property=\"article:publisher\" content=\"https:\/\/www.facebook.com\/AtlanticraftFrance\" \/>\n<meta property=\"article:modified_time\" content=\"2025-06-10T12:43:53+00:00\" \/>\n<meta name=\"twitter:card\" content=\"summary_large_image\" \/>\n<script type=\"application\/ld+json\" class=\"yoast-schema-graph\">{\"@context\":\"https:\\\/\\\/schema.org\",\"@graph\":[{\"@type\":\"WebPage\",\"@id\":\"https:\\\/\\\/www.atlanticraftboats.com\\\/contact\\\/\",\"url\":\"https:\\\/\\\/www.atlanticraftboats.com\\\/contact\\\/\",\"name\":\"CONTACT - AtlantiCraft\",\"isPartOf\":{\"@id\":\"https:\\\/\\\/www.atlanticraftboats.com\\\/en\\\/#website\"},\"primaryImageOfPage\":{\"@id\":\"https:\\\/\\\/www.atlanticraftboats.com\\\/contact\\\/#primaryimage\"},\"image\":{\"@id\":\"https:\\\/\\\/www.atlanticraftboats.com\\\/contact\\\/#primaryimage\"},\"thumbnailUrl\":\"https:\\\/\\\/www.atlanticraftboats.com\\\/wp-content\\\/uploads\\\/2025\\\/06\\\/P1024977-400x300.jpg\",\"datePublished\":\"2021-04-21T10:16:27+00:00\",\"dateModified\":\"2025-06-10T12:43:53+00:00\",\"description\":\"Prenez contact notre \u00e9quipe par t\u00e9l\u00e9phone ou formulaire en ligne. Nous r\u00e9pondons \u00e0 vos questions et vous accompagnons dans votre projet.\",\"breadcrumb\":{\"@id\":\"https:\\\/\\\/www.atlanticraftboats.com\\\/contact\\\/#breadcrumb\"},\"inLanguage\":\"en-GB\",\"potentialAction\":[{\"@type\":\"ReadAction\",\"target\":[\"https:\\\/\\\/www.atlanticraftboats.com\\\/contact\\\/\"]}]},{\"@type\":\"ImageObject\",\"inLanguage\":\"en-GB\",\"@id\":\"https:\\\/\\\/www.atlanticraftboats.com\\\/contact\\\/#primaryimage\",\"url\":\"https:\\\/\\\/www.atlanticraftboats.com\\\/wp-content\\\/uploads\\\/2025\\\/06\\\/P1024977-400x300.jpg\",\"contentUrl\":\"https:\\\/\\\/www.atlanticraftboats.com\\\/wp-content\\\/uploads\\\/2025\\\/06\\\/P1024977-400x300.jpg\"},{\"@type\":\"BreadcrumbList\",\"@id\":\"https:\\\/\\\/www.atlanticraftboats.com\\\/contact\\\/#breadcrumb\",\"itemListElement\":[{\"@type\":\"ListItem\",\"position\":1,\"name\":\"Accueil\",\"item\":\"https:\\\/\\\/www.atlanticraftboats.com\\\/\"},{\"@type\":\"ListItem\",\"position\":2,\"name\":\"CONTACT\"}]},{\"@type\":\"WebSite\",\"@id\":\"https:\\\/\\\/www.atlanticraftboats.com\\\/en\\\/#website\",\"url\":\"https:\\\/\\\/www.atlanticraftboats.com\\\/en\\\/\",\"name\":\"AtlantiCraft\",\"description\":\"Marque fran\u00e7aise de bateaux semi rigides en coque aluminium\",\"publisher\":{\"@id\":\"https:\\\/\\\/www.atlanticraftboats.com\\\/en\\\/#organization\"},\"potentialAction\":[{\"@type\":\"SearchAction\",\"target\":{\"@type\":\"EntryPoint\",\"urlTemplate\":\"https:\\\/\\\/www.atlanticraftboats.com\\\/en\\\/?s={search_term_string}\"},\"query-input\":{\"@type\":\"PropertyValueSpecification\",\"valueRequired\":true,\"valueName\":\"search_term_string\"}}],\"inLanguage\":\"en-GB\"},{\"@type\":\"Organization\",\"@id\":\"https:\\\/\\\/www.atlanticraftboats.com\\\/en\\\/#organization\",\"name\":\"Atlanticraft\",\"url\":\"https:\\\/\\\/www.atlanticraftboats.com\\\/en\\\/\",\"logo\":{\"@type\":\"ImageObject\",\"inLanguage\":\"en-GB\",\"@id\":\"https:\\\/\\\/www.atlanticraftboats.com\\\/en\\\/#\\\/schema\\\/logo\\\/image\\\/\",\"url\":\"https:\\\/\\\/www.atlanticraftboats.com\\\/wp-content\\\/uploads\\\/2022\\\/04\\\/logo-atlanticraft.svg\",\"contentUrl\":\"https:\\\/\\\/www.atlanticraftboats.com\\\/wp-content\\\/uploads\\\/2022\\\/04\\\/logo-atlanticraft.svg\",\"width\":215,\"height\":51,\"caption\":\"Atlanticraft\"},\"image\":{\"@id\":\"https:\\\/\\\/www.atlanticraftboats.com\\\/en\\\/#\\\/schema\\\/logo\\\/image\\\/\"},\"sameAs\":[\"https:\\\/\\\/www.facebook.com\\\/AtlanticraftFrance\",\"https:\\\/\\\/www.instagram.com\\\/atlanticraft_france\\\/\",\"https:\\\/\\\/www.linkedin.com\\\/company\\\/82927401\\\/admin\\\/dashboard\\\/\"]}]}<\/script>\n<!-- \/ Yoast SEO plugin. -->","yoast_head_json":{"title":"CONTACT - AtlantiCraft","description":"Prenez contact notre \u00e9quipe par t\u00e9l\u00e9phone ou formulaire en ligne. Nous r\u00e9pondons \u00e0 vos questions et vous accompagnons dans votre projet.","robots":{"index":"index","follow":"follow","max-snippet":"max-snippet:-1","max-image-preview":"max-image-preview:large","max-video-preview":"max-video-preview:-1"},"canonical":"https:\/\/www.atlanticraftboats.com\/en\/contact\/","og_locale":"en_GB","og_type":"article","og_title":"CONTACT - AtlantiCraft","og_description":"Prenez contact notre \u00e9quipe par t\u00e9l\u00e9phone ou formulaire en ligne. Nous r\u00e9pondons \u00e0 vos questions et vous accompagnons dans votre projet.","og_url":"https:\/\/www.atlanticraftboats.com\/en\/contact\/","og_site_name":"AtlantiCraft","article_publisher":"https:\/\/www.facebook.com\/AtlanticraftFrance","article_modified_time":"2025-06-10T12:43:53+00:00","twitter_card":"summary_large_image","schema":{"@context":"https:\/\/schema.org","@graph":[{"@type":"WebPage","@id":"https:\/\/www.atlanticraftboats.com\/contact\/","url":"https:\/\/www.atlanticraftboats.com\/contact\/","name":"CONTACT - AtlantiCraft","isPartOf":{"@id":"https:\/\/www.atlanticraftboats.com\/en\/#website"},"primaryImageOfPage":{"@id":"https:\/\/www.atlanticraftboats.com\/contact\/#primaryimage"},"image":{"@id":"https:\/\/www.atlanticraftboats.com\/contact\/#primaryimage"},"thumbnailUrl":"https:\/\/www.atlanticraftboats.com\/wp-content\/uploads\/2025\/06\/P1024977-400x300.jpg","datePublished":"2021-04-21T10:16:27+00:00","dateModified":"2025-06-10T12:43:53+00:00","description":"Prenez contact notre \u00e9quipe par t\u00e9l\u00e9phone ou formulaire en ligne. Nous r\u00e9pondons \u00e0 vos questions et vous accompagnons dans votre projet.","breadcrumb":{"@id":"https:\/\/www.atlanticraftboats.com\/contact\/#breadcrumb"},"inLanguage":"en-GB","potentialAction":[{"@type":"ReadAction","target":["https:\/\/www.atlanticraftboats.com\/contact\/"]}]},{"@type":"ImageObject","inLanguage":"en-GB","@id":"https:\/\/www.atlanticraftboats.com\/contact\/#primaryimage","url":"https:\/\/www.atlanticraftboats.com\/wp-content\/uploads\/2025\/06\/P1024977-400x300.jpg","contentUrl":"https:\/\/www.atlanticraftboats.com\/wp-content\/uploads\/2025\/06\/P1024977-400x300.jpg"},{"@type":"BreadcrumbList","@id":"https:\/\/www.atlanticraftboats.com\/contact\/#breadcrumb","itemListElement":[{"@type":"ListItem","position":1,"name":"Accueil","item":"https:\/\/www.atlanticraftboats.com\/"},{"@type":"ListItem","position":2,"name":"CONTACT"}]},{"@type":"WebSite","@id":"https:\/\/www.atlanticraftboats.com\/en\/#website","url":"https:\/\/www.atlanticraftboats.com\/en\/","name":"AtlantiCraft","description":"French brand of semi-rigid boats with aluminum hulls","publisher":{"@id":"https:\/\/www.atlanticraftboats.com\/en\/#organization"},"potentialAction":[{"@type":"SearchAction","target":{"@type":"EntryPoint","urlTemplate":"https:\/\/www.atlanticraftboats.com\/en\/?s={search_term_string}"},"query-input":{"@type":"PropertyValueSpecification","valueRequired":true,"valueName":"search_term_string"}}],"inLanguage":"en-GB"},{"@type":"Organization","@id":"https:\/\/www.atlanticraftboats.com\/en\/#organization","name":"Atlanticraft","url":"https:\/\/www.atlanticraftboats.com\/en\/","logo":{"@type":"ImageObject","inLanguage":"en-GB","@id":"https:\/\/www.atlanticraftboats.com\/en\/#\/schema\/logo\/image\/","url":"https:\/\/www.atlanticraftboats.com\/wp-content\/uploads\/2022\/04\/logo-atlanticraft.svg","contentUrl":"https:\/\/www.atlanticraftboats.com\/wp-content\/uploads\/2022\/04\/logo-atlanticraft.svg","width":215,"height":51,"caption":"Atlanticraft"},"image":{"@id":"https:\/\/www.atlanticraftboats.com\/en\/#\/schema\/logo\/image\/"},"sameAs":["https:\/\/www.facebook.com\/AtlanticraftFrance","https:\/\/www.instagram.com\/atlanticraft_france\/","https:\/\/www.linkedin.com\/company\/82927401\/admin\/dashboard\/"]}]}},"jetpack_sharing_enabled":true,"_links":{"self":[{"href":"https:\/\/www.atlanticraftboats.com\/en\/wp-json\/wp\/v2\/pages\/10","targetHints":{"allow":["GET"]}}],"collection":[{"href":"https:\/\/www.atlanticraftboats.com\/en\/wp-json\/wp\/v2\/pages"}],"about":[{"href":"https:\/\/www.atlanticraftboats.com\/en\/wp-json\/wp\/v2\/types\/page"}],"author":[{"embeddable":true,"href":"https:\/\/www.atlanticraftboats.com\/en\/wp-json\/wp\/v2\/users\/1"}],"replies":[{"embeddable":true,"href":"https:\/\/www.atlanticraftboats.com\/en\/wp-json\/wp\/v2\/comments?post=10"}],"version-history":[{"count":4,"href":"https:\/\/www.atlanticraftboats.com\/en\/wp-json\/wp\/v2\/pages\/10\/revisions"}],"predecessor-version":[{"id":3710,"href":"https:\/\/www.atlanticraftboats.com\/en\/wp-json\/wp\/v2\/pages\/10\/revisions\/3710"}],"wp:featuredmedia":[{"embeddable":true,"href":"https:\/\/www.atlanticraftboats.com\/en\/wp-json\/"}],"wp:attachment":[{"href":"https:\/\/www.atlanticraftboats.com\/en\/wp-json\/wp\/v2\/media?parent=10"}],"curies":[{"name":"wp","href":"https:\/\/api.w.org\/{rel}","templated":true}]}}