{"id":1450,"date":"2022-06-29T09:39:03","date_gmt":"2022-06-29T07:39:03","guid":{"rendered":"https:\/\/www.atlanticraft.fr\/?page_id=1450"},"modified":"2025-06-11T12:23:44","modified_gmt":"2025-06-11T10:23:44","slug":"mentions-legales","status":"publish","type":"page","link":"https:\/\/www.atlanticraftboats.com\/en\/mentions-legales\/","title":{"rendered":"Legal notices"},"content":{"rendered":"<h2 class=\"wp-block-heading\">Recommended configuration<\/h2>\r\n\r\n\r\n\r\n<p>In this paragraph, you will find the legal notices of AtlantiCraft.<\/p>\r\n<h3 class=\"wp-block-heading\">Browsers<\/h3>\r\n\r\n\r\n\r\n<p>First, for optimal navigation, we recommend using:<\/p>\r\n\r\n\r\n\r\n<p><a href=\"http:\/\/www.mozilla-europe.org\/fr\/\" target=\"_blank\" rel=\"noreferrer noopener\">Mozilla Firefox (PC &amp; Mac)<\/a>\u00a0Or\u00a0<a href=\"http:\/\/www.microsoft.com\/france\/windows\/ie\/default.mspx\" target=\"_blank\" rel=\"noreferrer noopener\">Internet Explorer 8 minimum (PC)<\/a>\u00a0Or\u00a0<a href=\"http:\/\/support.apple.com\/kb\/DL1531?viewlocale=fr_FR\" target=\"_blank\" rel=\"noreferrer noopener\">Safari (Mac)<\/a>\u00a0Or\u00a0<a href=\"https:\/\/www.google.com\/intl\/fr\/chrome\/browser\/index.html\" target=\"_blank\" rel=\"noreferrer noopener\">Chromium.<\/a><\/p>\r\n\r\n\r\n\r\n<h3 class=\"wp-block-heading\">Screen configuration<\/h3>\r\n\r\n\r\n\r\n<p>First, prefer a screen <strong>set in thousands of colors<\/strong>, with a minimum resolution of\u00a0<strong>1024\u00d7768 pixels<\/strong>.<\/p>\r\n\r\n\r\n\r\n<h2 class=\"wp-block-heading\">Legal notices<\/h2>\r\n\r\n\r\n\r\n<h3 class=\"wp-block-heading\">Credits<\/h3>\r\n\r\n\r\n\r\n<p>AtlantiCraft<\/p>\r\n\r\n\r\n\r\n<p>Tel: +33 (0)7 82 80 23 05<\/p>\r\n\r\n\r\n\r\n<p>Publication Director:\u00a0<\/p>\r\n\r\n\r\n\r\n<ul class=\"wp-block-list\">\r\n<li><a href=\"https:\/\/www.net-concept.fr\/agence-web\/nantes\/\" target=\"_blank\" rel=\"noreferrer noopener\">Nantes Web Agency\u00a0<\/a>:\u00a0<strong>NET CONCEPT<\/strong><\/li>\r\n<li><a href=\"https:\/\/www.net-concept.fr\/agence-communication-digitale\/developpement\/\">Website development\u00a0<\/a>:\u00a0<strong>NET CONCEPT<\/strong><\/li>\r\n<li><a href=\"https:\/\/www.net-concept.fr\/agence-communication-digitale\/hebergement-site-internet\/\">Website hosting<\/a>\u00a0:\u00a0<strong>NET CONCEPT<\/strong><\/li>\r\n<\/ul>\r\n\r\n\r\n\r\n<p>For any consultation problems encountered on the site, please send your complaints to: contact@atlanticraft.fr<\/p>\r\n\r\n\r\n\r\n<h3 class=\"wp-block-heading\">Exercise of the right of access<\/h3>\r\n\r\n\r\n\r\n<p>In accordance with Article 34 of the French Data Protection Act, you have the right to access, modify, rectify, and delete data concerning you. To exercise this right of access, please contact contact@atlanticraft.fr<\/p>\r\n\r\n\r\n\r\n<h3 class=\"wp-block-heading\">Protection of personal data<\/h3>\r\n\r\n\r\n\r\n<p>The Internet user may be required to provide certain personal data by responding to the forms provided. The entry of this data is necessary for AtlantiCraft to process the Internet user&#039;s request.<\/p>\r\n\r\n\r\n\r\n<p>AtlantiCraft is committed to complying with the provisions of Law No. 78-17 of January 6, 1978, relating to information technology, files and civil liberties, as amended, and to taking all necessary precautions to preserve the security of the personal information entrusted to it. No personal information will be communicated to third-party companies without the prior and informed consent of the Internet user.<\/p>\r\n<h3>Photographs and Illustrations<\/h3>\r\n<p>THE <a href=\"https:\/\/www.atlanticraftboats.com\/en\/\">photographs and illustrations<\/a> The images on this site are provided for informational purposes only and are not contractually binding. Product images may vary depending on the configurations and options chosen. AtlantiCraft reserves the right to modify product images and descriptions without prior notice.<\/p>\r\n\r\n\r\n\r\n<h3 class=\"wp-block-heading\">Google Analytics<\/h3>\r\n\r\n\r\n\r\n<p>This site uses\u00a0<a href=\"http:\/\/www.google.com\/analytics\/fr-FR\/\">Google Analytics<\/a>, a web analytics service provided by Google Inc. (\u201cGoogle\u201d).<\/p>\r\n<p data-start=\"105\" data-end=\"426\">First, Google Analytics places cookies \u2013 text files \u2013 on your computer to analyze how you use this website. It then collects the data generated by these cookies, including your IP address, and transfers it to its servers in the United States, where it is stored.<\/p>\r\n<p data-start=\"428\" data-end=\"674\">Google then uses this information to evaluate your use of the site, compile reports on site activity for its publisher, and provide other services related to site activity and internet usage.<\/p>\r\n<p data-start=\"676\" data-end=\"961\">Furthermore, Google may also transfer this data to third parties when required to do so by law or when these third parties process this data on its behalf, in particular the publisher of this site. However, it does not combine your IP address with other data held by it.<\/p>\r\n<p data-start=\"963\" data-end=\"1128\">Alternatively, you can block cookies by configuring your browser accordingly. However, this action may limit some of the site&#039;s functionality.<\/p>\r\n<p data-start=\"1130\" data-end=\"1300\">Finally, by using this website, you expressly agree to Google processing your personal data in the manner and for the purposes described above.<\/p>\r\n<p><img decoding=\"async\" class=\"aligncenter wp-image-3722 size-medium\" src=\"https:\/\/www.atlanticraftboats.com\/wp-content\/uploads\/2025\/06\/Logo_Google_Analytics.svg-400x138.png\" alt=\"mentions l\u00e9gales\" width=\"400\" height=\"138\" srcset=\"https:\/\/www.atlanticraftboats.com\/wp-content\/uploads\/2025\/06\/Logo_Google_Analytics.svg-400x138.png 400w, https:\/\/www.atlanticraftboats.com\/wp-content\/uploads\/2025\/06\/Logo_Google_Analytics.svg-1024x352.png 1024w, https:\/\/www.atlanticraftboats.com\/wp-content\/uploads\/2025\/06\/Logo_Google_Analytics.svg-300x103.png 300w, https:\/\/www.atlanticraftboats.com\/wp-content\/uploads\/2025\/06\/Logo_Google_Analytics.svg-768x264.png 768w, https:\/\/www.atlanticraftboats.com\/wp-content\/uploads\/2025\/06\/Logo_Google_Analytics.svg-18x6.png 18w, https:\/\/www.atlanticraftboats.com\/wp-content\/uploads\/2025\/06\/Logo_Google_Analytics.svg-150x52.png 150w, https:\/\/www.atlanticraftboats.com\/wp-content\/uploads\/2025\/06\/Logo_Google_Analytics.svg-480x165.png 480w, https:\/\/www.atlanticraftboats.com\/wp-content\/uploads\/2025\/06\/Logo_Google_Analytics.svg-800x275.png 800w, https:\/\/www.atlanticraftboats.com\/wp-content\/uploads\/2025\/06\/Logo_Google_Analytics.svg.png 1200w\" sizes=\"(max-width:767px) 400px, 400px\" \/><\/p>","protected":false},"excerpt":{"rendered":"<p>Configuration recommand\u00e9e Dans ce paragraphe, vous retrouverez les mentions l\u00e9gales d&rsquo;AtlantiCraft. Navigateurs Premi\u00e8rement, pour une navigation optimale, nous vous conseillons d\u2019utiliser : Mozilla Firefox (PC &amp;<span class=\"excerpt-hellip\"> [\u2026]<\/span><\/p>\n","protected":false},"author":2,"featured_media":-1,"parent":0,"menu_order":0,"comment_status":"closed","ping_status":"closed","template":"","meta":{"inline_featured_image":false,"footnotes":""},"class_list":["post-1450","page","type-page","status-publish","has-post-thumbnail","hentry"],"yoast_head":"<!-- This site is optimized with the Yoast SEO plugin v27.3 - https:\/\/yoast.com\/product\/yoast-seo-wordpress\/ -->\n<title>Mentions l\u00e9gales - AtlantiCraft<\/title>\n<meta name=\"description\" content=\"Mentions l\u00e9gales AtlantiCraft : configuration, cr\u00e9dits, donn\u00e9es personnelles, droits d&#039;acc\u00e8s et usage de Google Analytics.\" \/>\n<meta name=\"robots\" content=\"index, follow, max-snippet:-1, max-image-preview:large, max-video-preview:-1\" \/>\n<link rel=\"canonical\" href=\"https:\/\/www.atlanticraftboats.com\/en\/mentions-legales\/\" \/>\n<meta property=\"og:locale\" content=\"en_GB\" \/>\n<meta property=\"og:type\" content=\"article\" \/>\n<meta property=\"og:title\" content=\"Mentions l\u00e9gales - AtlantiCraft\" \/>\n<meta property=\"og:description\" content=\"Mentions l\u00e9gales AtlantiCraft : configuration, cr\u00e9dits, donn\u00e9es personnelles, droits d&#039;acc\u00e8s et usage de Google Analytics.\" \/>\n<meta property=\"og:url\" content=\"https:\/\/www.atlanticraftboats.com\/en\/mentions-legales\/\" \/>\n<meta property=\"og:site_name\" content=\"AtlantiCraft\" \/>\n<meta property=\"article:publisher\" content=\"https:\/\/www.facebook.com\/AtlanticraftFrance\" \/>\n<meta property=\"article:modified_time\" content=\"2025-06-11T10:23:44+00:00\" \/>\n<meta name=\"twitter:card\" content=\"summary_large_image\" \/>\n<meta name=\"twitter:label1\" content=\"Estimated reading time\" \/>\n\t<meta name=\"twitter:data1\" content=\"3 minutes\" \/>\n<script type=\"application\/ld+json\" class=\"yoast-schema-graph\">{\"@context\":\"https:\\\/\\\/schema.org\",\"@graph\":[{\"@type\":\"WebPage\",\"@id\":\"https:\\\/\\\/www.atlanticraftboats.com\\\/mentions-legales\\\/\",\"url\":\"https:\\\/\\\/www.atlanticraftboats.com\\\/mentions-legales\\\/\",\"name\":\"Mentions l\u00e9gales - AtlantiCraft\",\"isPartOf\":{\"@id\":\"https:\\\/\\\/www.atlanticraftboats.com\\\/en\\\/#website\"},\"primaryImageOfPage\":{\"@id\":\"https:\\\/\\\/www.atlanticraftboats.com\\\/mentions-legales\\\/#primaryimage\"},\"image\":{\"@id\":\"https:\\\/\\\/www.atlanticraftboats.com\\\/mentions-legales\\\/#primaryimage\"},\"thumbnailUrl\":\"https:\\\/\\\/www.atlanticraftboats.com\\\/wp-content\\\/uploads\\\/2025\\\/06\\\/Logo_Google_Analytics.svg-400x138.png\",\"datePublished\":\"2022-06-29T07:39:03+00:00\",\"dateModified\":\"2025-06-11T10:23:44+00:00\",\"description\":\"Mentions l\u00e9gales AtlantiCraft : configuration, cr\u00e9dits, donn\u00e9es personnelles, droits d'acc\u00e8s et usage de Google Analytics.\",\"breadcrumb\":{\"@id\":\"https:\\\/\\\/www.atlanticraftboats.com\\\/mentions-legales\\\/#breadcrumb\"},\"inLanguage\":\"en-GB\",\"potentialAction\":[{\"@type\":\"ReadAction\",\"target\":[\"https:\\\/\\\/www.atlanticraftboats.com\\\/mentions-legales\\\/\"]}]},{\"@type\":\"ImageObject\",\"inLanguage\":\"en-GB\",\"@id\":\"https:\\\/\\\/www.atlanticraftboats.com\\\/mentions-legales\\\/#primaryimage\",\"url\":\"https:\\\/\\\/www.atlanticraftboats.com\\\/wp-content\\\/uploads\\\/2025\\\/06\\\/Logo_Google_Analytics.svg-400x138.png\",\"contentUrl\":\"https:\\\/\\\/www.atlanticraftboats.com\\\/wp-content\\\/uploads\\\/2025\\\/06\\\/Logo_Google_Analytics.svg-400x138.png\"},{\"@type\":\"BreadcrumbList\",\"@id\":\"https:\\\/\\\/www.atlanticraftboats.com\\\/mentions-legales\\\/#breadcrumb\",\"itemListElement\":[{\"@type\":\"ListItem\",\"position\":1,\"name\":\"Accueil\",\"item\":\"https:\\\/\\\/www.atlanticraftboats.com\\\/\"},{\"@type\":\"ListItem\",\"position\":2,\"name\":\"Mentions l\u00e9gales\"}]},{\"@type\":\"WebSite\",\"@id\":\"https:\\\/\\\/www.atlanticraftboats.com\\\/en\\\/#website\",\"url\":\"https:\\\/\\\/www.atlanticraftboats.com\\\/en\\\/\",\"name\":\"AtlantiCraft\",\"description\":\"Marque fran\u00e7aise de bateaux semi rigides en coque aluminium\",\"publisher\":{\"@id\":\"https:\\\/\\\/www.atlanticraftboats.com\\\/en\\\/#organization\"},\"potentialAction\":[{\"@type\":\"SearchAction\",\"target\":{\"@type\":\"EntryPoint\",\"urlTemplate\":\"https:\\\/\\\/www.atlanticraftboats.com\\\/en\\\/?s={search_term_string}\"},\"query-input\":{\"@type\":\"PropertyValueSpecification\",\"valueRequired\":true,\"valueName\":\"search_term_string\"}}],\"inLanguage\":\"en-GB\"},{\"@type\":\"Organization\",\"@id\":\"https:\\\/\\\/www.atlanticraftboats.com\\\/en\\\/#organization\",\"name\":\"Atlanticraft\",\"url\":\"https:\\\/\\\/www.atlanticraftboats.com\\\/en\\\/\",\"logo\":{\"@type\":\"ImageObject\",\"inLanguage\":\"en-GB\",\"@id\":\"https:\\\/\\\/www.atlanticraftboats.com\\\/en\\\/#\\\/schema\\\/logo\\\/image\\\/\",\"url\":\"https:\\\/\\\/www.atlanticraftboats.com\\\/wp-content\\\/uploads\\\/2022\\\/04\\\/logo-atlanticraft.svg\",\"contentUrl\":\"https:\\\/\\\/www.atlanticraftboats.com\\\/wp-content\\\/uploads\\\/2022\\\/04\\\/logo-atlanticraft.svg\",\"width\":215,\"height\":51,\"caption\":\"Atlanticraft\"},\"image\":{\"@id\":\"https:\\\/\\\/www.atlanticraftboats.com\\\/en\\\/#\\\/schema\\\/logo\\\/image\\\/\"},\"sameAs\":[\"https:\\\/\\\/www.facebook.com\\\/AtlanticraftFrance\",\"https:\\\/\\\/www.instagram.com\\\/atlanticraft_france\\\/\",\"https:\\\/\\\/www.linkedin.com\\\/company\\\/82927401\\\/admin\\\/dashboard\\\/\"]}]}<\/script>\n<!-- \/ Yoast SEO plugin. -->","yoast_head_json":{"title":"Legal Notices - AtlantiCraft","description":"AtlantiCraft legal notices: configuration, credits, personal data, access rights and use of Google Analytics.","robots":{"index":"index","follow":"follow","max-snippet":"max-snippet:-1","max-image-preview":"max-image-preview:large","max-video-preview":"max-video-preview:-1"},"canonical":"https:\/\/www.atlanticraftboats.com\/en\/mentions-legales\/","og_locale":"en_GB","og_type":"article","og_title":"Mentions l\u00e9gales - AtlantiCraft","og_description":"Mentions l\u00e9gales AtlantiCraft : configuration, cr\u00e9dits, donn\u00e9es personnelles, droits d'acc\u00e8s et usage de Google Analytics.","og_url":"https:\/\/www.atlanticraftboats.com\/en\/mentions-legales\/","og_site_name":"AtlantiCraft","article_publisher":"https:\/\/www.facebook.com\/AtlanticraftFrance","article_modified_time":"2025-06-11T10:23:44+00:00","twitter_card":"summary_large_image","twitter_misc":{"Estimated reading time":"3 minutes"},"schema":{"@context":"https:\/\/schema.org","@graph":[{"@type":"WebPage","@id":"https:\/\/www.atlanticraftboats.com\/mentions-legales\/","url":"https:\/\/www.atlanticraftboats.com\/mentions-legales\/","name":"Legal Notices - AtlantiCraft","isPartOf":{"@id":"https:\/\/www.atlanticraftboats.com\/en\/#website"},"primaryImageOfPage":{"@id":"https:\/\/www.atlanticraftboats.com\/mentions-legales\/#primaryimage"},"image":{"@id":"https:\/\/www.atlanticraftboats.com\/mentions-legales\/#primaryimage"},"thumbnailUrl":"https:\/\/www.atlanticraftboats.com\/wp-content\/uploads\/2025\/06\/Logo_Google_Analytics.svg-400x138.png","datePublished":"2022-06-29T07:39:03+00:00","dateModified":"2025-06-11T10:23:44+00:00","description":"AtlantiCraft legal notices: configuration, credits, personal data, access rights and use of Google Analytics.","breadcrumb":{"@id":"https:\/\/www.atlanticraftboats.com\/mentions-legales\/#breadcrumb"},"inLanguage":"en-GB","potentialAction":[{"@type":"ReadAction","target":["https:\/\/www.atlanticraftboats.com\/mentions-legales\/"]}]},{"@type":"ImageObject","inLanguage":"en-GB","@id":"https:\/\/www.atlanticraftboats.com\/mentions-legales\/#primaryimage","url":"https:\/\/www.atlanticraftboats.com\/wp-content\/uploads\/2025\/06\/Logo_Google_Analytics.svg-400x138.png","contentUrl":"https:\/\/www.atlanticraftboats.com\/wp-content\/uploads\/2025\/06\/Logo_Google_Analytics.svg-400x138.png"},{"@type":"BreadcrumbList","@id":"https:\/\/www.atlanticraftboats.com\/mentions-legales\/#breadcrumb","itemListElement":[{"@type":"ListItem","position":1,"name":"Accueil","item":"https:\/\/www.atlanticraftboats.com\/"},{"@type":"ListItem","position":2,"name":"Mentions l\u00e9gales"}]},{"@type":"WebSite","@id":"https:\/\/www.atlanticraftboats.com\/en\/#website","url":"https:\/\/www.atlanticraftboats.com\/en\/","name":"AtlantiCraft","description":"French brand of semi-rigid boats with aluminum hulls","publisher":{"@id":"https:\/\/www.atlanticraftboats.com\/en\/#organization"},"potentialAction":[{"@type":"SearchAction","target":{"@type":"EntryPoint","urlTemplate":"https:\/\/www.atlanticraftboats.com\/en\/?s={search_term_string}"},"query-input":{"@type":"PropertyValueSpecification","valueRequired":true,"valueName":"search_term_string"}}],"inLanguage":"en-GB"},{"@type":"Organization","@id":"https:\/\/www.atlanticraftboats.com\/en\/#organization","name":"Atlanticraft","url":"https:\/\/www.atlanticraftboats.com\/en\/","logo":{"@type":"ImageObject","inLanguage":"en-GB","@id":"https:\/\/www.atlanticraftboats.com\/en\/#\/schema\/logo\/image\/","url":"https:\/\/www.atlanticraftboats.com\/wp-content\/uploads\/2022\/04\/logo-atlanticraft.svg","contentUrl":"https:\/\/www.atlanticraftboats.com\/wp-content\/uploads\/2022\/04\/logo-atlanticraft.svg","width":215,"height":51,"caption":"Atlanticraft"},"image":{"@id":"https:\/\/www.atlanticraftboats.com\/en\/#\/schema\/logo\/image\/"},"sameAs":["https:\/\/www.facebook.com\/AtlanticraftFrance","https:\/\/www.instagram.com\/atlanticraft_france\/","https:\/\/www.linkedin.com\/company\/82927401\/admin\/dashboard\/"]}]}},"jetpack_sharing_enabled":true,"_links":{"self":[{"href":"https:\/\/www.atlanticraftboats.com\/en\/wp-json\/wp\/v2\/pages\/1450","targetHints":{"allow":["GET"]}}],"collection":[{"href":"https:\/\/www.atlanticraftboats.com\/en\/wp-json\/wp\/v2\/pages"}],"about":[{"href":"https:\/\/www.atlanticraftboats.com\/en\/wp-json\/wp\/v2\/types\/page"}],"author":[{"embeddable":true,"href":"https:\/\/www.atlanticraftboats.com\/en\/wp-json\/wp\/v2\/users\/2"}],"replies":[{"embeddable":true,"href":"https:\/\/www.atlanticraftboats.com\/en\/wp-json\/wp\/v2\/comments?post=1450"}],"version-history":[{"count":7,"href":"https:\/\/www.atlanticraftboats.com\/en\/wp-json\/wp\/v2\/pages\/1450\/revisions"}],"predecessor-version":[{"id":3723,"href":"https:\/\/www.atlanticraftboats.com\/en\/wp-json\/wp\/v2\/pages\/1450\/revisions\/3723"}],"wp:featuredmedia":[{"embeddable":true,"href":"https:\/\/www.atlanticraftboats.com\/en\/wp-json\/"}],"wp:attachment":[{"href":"https:\/\/www.atlanticraftboats.com\/en\/wp-json\/wp\/v2\/media?parent=1450"}],"curies":[{"name":"wp","href":"https:\/\/api.w.org\/{rel}","templated":true}]}}