{"id":1010,"date":"2022-06-13T06:17:34","date_gmt":"2022-06-13T04:17:34","guid":{"rendered":"https:\/\/www.atlanticraftfrance.com\/?post_type=product&#038;p=1010"},"modified":"2023-01-23T18:46:37","modified_gmt":"2023-01-23T17:46:37","slug":"fishmaster-leaning-post-noir","status":"publish","type":"product","link":"https:\/\/www.atlanticraftboats.com\/en\/product\/fishmaster-leaning-post-noir\/","title":{"rendered":"FISHMASTER Leaning Post Black"},"content":{"rendered":"","protected":false},"excerpt":{"rendered":"<p>Fishmaster&#039;s Leaning Post helps you stay in <strong>standing-sitting position<\/strong> for experienced fishermen on their boats. It is equipped with <strong>cane holders<\/strong>\u00a0fishing at your fingertips.<\/p>\n<p>&nbsp;<\/p>\n<p>Fishmaster offers the leaning post with perfect tube finishes <strong>anodized aluminum<\/strong>\u00a0high quality against\u00a0<strong>corrosion<\/strong>. Efficient and comfortable, this seat allows you to\u00a0<strong>pilot and monitor your fishing stations<\/strong>. Depending on your tastes, you have the option between two colors (black \/ white).<\/p>\n<p>The space at the base is suitable for an Igloo 72 cooler<\/p>\n<p>&nbsp;<\/p>\n<p><strong>Highlights:\u00a0<\/strong><\/p>\n<ul>\n<li>Footrest: folding<\/li>\n<li>Seat: Marine grade vinyl covering, ASTM G21 standard requiring excellent resistance to mold and UV rays.<\/li>\n<li>Comfort provided by closed-cell foam, 69 mm thick in the center, raised to 100 mm on the sides like a car seat.<\/li>\n<li>Rounded seat for water drainage: no soggy or waterlogged seats.<\/li>\n<\/ul>\n<p><strong>Fishmaster Leaning Post Technical Specifications:<\/strong><\/p>\n<ul>\n<li>Very robust construction in anodized aluminum tube: \u00d8 48.2 mm<\/li>\n<li>Compliant: ABYC-H31*<\/li>\n<li>4 stainless steel T-nuts included, to fix the cushion to the structure.<\/li>\n<li>3 fixed fishing rod holders, factory welded. Height 228 mm, internal diameter 45 mm<\/li>\n<li>Base dimensions: 942 x 406 mm<\/li>\n<li>Weight: 20.4 kg<\/li>\n<\/ul>\n<p>*American Boat &amp; Yacht Council H-31: Standard defining the construction and installation of fixed seats on board (cockpit, bridge and pilot station)<\/p>\n<table width=\"359\">\n<tbody>\n<tr>\n<td>Structure<\/td>\n<td>Saddlery<\/td>\n<\/tr>\n<tr>\n<td>Textured matte black aluminum<\/td>\n<td>Black cushion<\/td>\n<\/tr>\n<tr>\n<td>Off-white lacquered aluminum<\/td>\n<td>White cushion<\/td>\n<\/tr>\n<\/tbody>\n<\/table>","protected":false},"featured_media":1007,"template":"","meta":{"inline_featured_image":false},"product_brand":[],"product_cat":[35],"product_tag":[],"class_list":{"0":"post-1010","1":"product","2":"type-product","3":"status-publish","4":"has-post-thumbnail","6":"product_cat-peche","8":"first","9":"outofstock","10":"taxable","11":"shipping-taxable","12":"purchasable","13":"product-type-simple"},"yoast_head":"<!-- This site is optimized with the Yoast SEO plugin v27.3 - https:\/\/yoast.com\/product\/yoast-seo-wordpress\/ -->\n<title>FISHMASTER Leaning Post Noir - AtlantiCraft<\/title>\n<meta name=\"robots\" content=\"index, follow, max-snippet:-1, max-image-preview:large, max-video-preview:-1\" \/>\n<link rel=\"canonical\" href=\"https:\/\/www.atlanticraftboats.com\/en\/product\/fishmaster-leaning-post-noir\/\" \/>\n<meta property=\"og:locale\" content=\"en_GB\" \/>\n<meta property=\"og:type\" content=\"article\" \/>\n<meta property=\"og:title\" content=\"FISHMASTER Leaning Post Noir - AtlantiCraft\" \/>\n<meta property=\"og:description\" content=\"Le Leaning post de Fishmaster permet de rester en position debout-assis pour les p\u00eacheurs exp\u00e9riment\u00e9s sur leurs bateaux. Il est \u00e9quip\u00e9 de supports de canne\u00a0\u00e0 p\u00eache \u00e0 port\u00e9e de main.  &nbsp;  Fishmaster propose le leaning post aux finitions parfaites en tubes aluminium anodis\u00e9s\u00a0de haute qualit\u00e9 contre\u00a0la corrosion.\u00a0Efficace et confortable, cette assise vous permet de\u00a0piloter et de surveiller vos postes de p\u00eaches. Selon vos go\u00fbts, vous avez la possibilit\u00e9 entre deux couleurs (noir \/ blanc ).  L&#039;espace \u00e0 la base convient pour une glaci\u00e8re Igloo 72  &nbsp;  Points forts :\u00a0   Repose-pieds : rabattable  Assise : rev\u00eatement vinyle qualit\u00e9 marine, norme ASTM G21 imposant une excellente r\u00e9sistance \u00e0 la moisissure et aux UV.  Confort assur\u00e9 par une mousse \u00e0 cellules ferm\u00e9es, \u00e9paisseur 69 mm au centre, relev\u00e9e \u00e0 100 mm sur les c\u00f4t\u00e9s \u00e0 la fa\u00e7on d&#039;un si\u00e8ge de voiture.  Assise arrondie pour l&#039;\u00e9coulement de l&#039;eau : pas de si\u00e8ge d\u00e9tremp\u00e9 ni gorg\u00e9 d&#039;eau.  Caract\u00e9ristiques techniques Fishmaster Leaning Post :   Construction tr\u00e8s robuste en tube alu anodis\u00e9 : \u00d8 48,2 mm  Conforme : ABYC-H31*  4 \u00e9crous T en inox inclus, pour fixer le coussin sur la structure.  3 supports de cannes \u00e0 p\u00eache fixes, soud\u00e9s en usine. Hauteur 228 mm, \u00d8 int\u00e9rieur 45 mm  Encombrement \u00e0 la base : 942 x 406 mm  Poids : 20,4 kg  *American Boat &amp; Yacht Council H-31 : norme d\u00e9finissant la construction et l&#039;installation de si\u00e8ges fixes \u00e0 bord (cockpit, pont et poste de pilotage)    Structure Sellerie   Aluminium noir mat textur\u00e9 Coussin noir   Aluminium laqu\u00e9 blanc cass\u00e9 Coussin blanc\" \/>\n<meta property=\"og:url\" content=\"https:\/\/www.atlanticraftboats.com\/en\/product\/fishmaster-leaning-post-noir\/\" \/>\n<meta property=\"og:site_name\" content=\"AtlantiCraft\" \/>\n<meta property=\"article:publisher\" content=\"https:\/\/www.facebook.com\/AtlanticraftFrance\" \/>\n<meta property=\"article:modified_time\" content=\"2023-01-23T17:46:37+00:00\" \/>\n<meta property=\"og:image\" content=\"https:\/\/www.atlanticraftboats.com\/wp-content\/uploads\/2022\/06\/plastimo-leaning-posts.jpg\" \/>\n\t<meta property=\"og:image:width\" content=\"600\" \/>\n\t<meta property=\"og:image:height\" content=\"600\" \/>\n\t<meta property=\"og:image:type\" content=\"image\/jpeg\" \/>\n<meta name=\"twitter:card\" content=\"summary_large_image\" \/>\n<script type=\"application\/ld+json\" class=\"yoast-schema-graph\">{\"@context\":\"https:\\\/\\\/schema.org\",\"@graph\":[{\"@type\":\"WebPage\",\"@id\":\"https:\\\/\\\/www.atlanticraftboats.com\\\/produit\\\/fishmaster-leaning-post-noir\\\/\",\"url\":\"https:\\\/\\\/www.atlanticraftboats.com\\\/produit\\\/fishmaster-leaning-post-noir\\\/\",\"name\":\"FISHMASTER Leaning Post Noir - AtlantiCraft\",\"isPartOf\":{\"@id\":\"https:\\\/\\\/www.atlanticraftboats.com\\\/en\\\/#website\"},\"primaryImageOfPage\":{\"@id\":\"https:\\\/\\\/www.atlanticraftboats.com\\\/produit\\\/fishmaster-leaning-post-noir\\\/#primaryimage\"},\"image\":{\"@id\":\"https:\\\/\\\/www.atlanticraftboats.com\\\/produit\\\/fishmaster-leaning-post-noir\\\/#primaryimage\"},\"thumbnailUrl\":\"https:\\\/\\\/www.atlanticraftboats.com\\\/wp-content\\\/uploads\\\/2022\\\/06\\\/plastimo-leaning-posts.jpg\",\"datePublished\":\"2022-06-13T04:17:34+00:00\",\"dateModified\":\"2023-01-23T17:46:37+00:00\",\"breadcrumb\":{\"@id\":\"https:\\\/\\\/www.atlanticraftboats.com\\\/produit\\\/fishmaster-leaning-post-noir\\\/#breadcrumb\"},\"inLanguage\":\"en-GB\",\"potentialAction\":[{\"@type\":\"ReadAction\",\"target\":[\"https:\\\/\\\/www.atlanticraftboats.com\\\/produit\\\/fishmaster-leaning-post-noir\\\/\"]}]},{\"@type\":\"ImageObject\",\"inLanguage\":\"en-GB\",\"@id\":\"https:\\\/\\\/www.atlanticraftboats.com\\\/produit\\\/fishmaster-leaning-post-noir\\\/#primaryimage\",\"url\":\"https:\\\/\\\/www.atlanticraftboats.com\\\/wp-content\\\/uploads\\\/2022\\\/06\\\/plastimo-leaning-posts.jpg\",\"contentUrl\":\"https:\\\/\\\/www.atlanticraftboats.com\\\/wp-content\\\/uploads\\\/2022\\\/06\\\/plastimo-leaning-posts.jpg\",\"width\":600,\"height\":600},{\"@type\":\"BreadcrumbList\",\"@id\":\"https:\\\/\\\/www.atlanticraftboats.com\\\/produit\\\/fishmaster-leaning-post-noir\\\/#breadcrumb\",\"itemListElement\":[{\"@type\":\"ListItem\",\"position\":1,\"name\":\"Accueil\",\"item\":\"https:\\\/\\\/www.atlanticraftboats.com\\\/\"},{\"@type\":\"ListItem\",\"position\":2,\"name\":\"Les bateaux semi-rigides AtlantiCraft\",\"item\":\"https:\\\/\\\/www.atlanticraftboats.com\\\/bateaux-semi-rigide\\\/\"},{\"@type\":\"ListItem\",\"position\":3,\"name\":\"FISHMASTER Leaning Post Noir\"}]},{\"@type\":\"WebSite\",\"@id\":\"https:\\\/\\\/www.atlanticraftboats.com\\\/en\\\/#website\",\"url\":\"https:\\\/\\\/www.atlanticraftboats.com\\\/en\\\/\",\"name\":\"AtlantiCraft\",\"description\":\"Marque fran\u00e7aise de bateaux semi rigides en coque aluminium\",\"publisher\":{\"@id\":\"https:\\\/\\\/www.atlanticraftboats.com\\\/en\\\/#organization\"},\"potentialAction\":[{\"@type\":\"SearchAction\",\"target\":{\"@type\":\"EntryPoint\",\"urlTemplate\":\"https:\\\/\\\/www.atlanticraftboats.com\\\/en\\\/?s={search_term_string}\"},\"query-input\":{\"@type\":\"PropertyValueSpecification\",\"valueRequired\":true,\"valueName\":\"search_term_string\"}}],\"inLanguage\":\"en-GB\"},{\"@type\":\"Organization\",\"@id\":\"https:\\\/\\\/www.atlanticraftboats.com\\\/en\\\/#organization\",\"name\":\"Atlanticraft\",\"url\":\"https:\\\/\\\/www.atlanticraftboats.com\\\/en\\\/\",\"logo\":{\"@type\":\"ImageObject\",\"inLanguage\":\"en-GB\",\"@id\":\"https:\\\/\\\/www.atlanticraftboats.com\\\/en\\\/#\\\/schema\\\/logo\\\/image\\\/\",\"url\":\"https:\\\/\\\/www.atlanticraftboats.com\\\/wp-content\\\/uploads\\\/2022\\\/04\\\/logo-atlanticraft.svg\",\"contentUrl\":\"https:\\\/\\\/www.atlanticraftboats.com\\\/wp-content\\\/uploads\\\/2022\\\/04\\\/logo-atlanticraft.svg\",\"width\":215,\"height\":51,\"caption\":\"Atlanticraft\"},\"image\":{\"@id\":\"https:\\\/\\\/www.atlanticraftboats.com\\\/en\\\/#\\\/schema\\\/logo\\\/image\\\/\"},\"sameAs\":[\"https:\\\/\\\/www.facebook.com\\\/AtlanticraftFrance\",\"https:\\\/\\\/www.instagram.com\\\/atlanticraft_france\\\/\",\"https:\\\/\\\/www.linkedin.com\\\/company\\\/82927401\\\/admin\\\/dashboard\\\/\"]}]}<\/script>\n<!-- \/ Yoast SEO plugin. -->","yoast_head_json":{"title":"FISHMASTER Leaning Post Noir - AtlantiCraft","robots":{"index":"index","follow":"follow","max-snippet":"max-snippet:-1","max-image-preview":"max-image-preview:large","max-video-preview":"max-video-preview:-1"},"canonical":"https:\/\/www.atlanticraftboats.com\/en\/product\/fishmaster-leaning-post-noir\/","og_locale":"en_GB","og_type":"article","og_title":"FISHMASTER Leaning Post Noir - AtlantiCraft","og_description":"Le Leaning post de Fishmaster permet de rester en position debout-assis pour les p\u00eacheurs exp\u00e9riment\u00e9s sur leurs bateaux. Il est \u00e9quip\u00e9 de supports de canne\u00a0\u00e0 p\u00eache \u00e0 port\u00e9e de main.  &nbsp;  Fishmaster propose le leaning post aux finitions parfaites en tubes aluminium anodis\u00e9s\u00a0de haute qualit\u00e9 contre\u00a0la corrosion.\u00a0Efficace et confortable, cette assise vous permet de\u00a0piloter et de surveiller vos postes de p\u00eaches. Selon vos go\u00fbts, vous avez la possibilit\u00e9 entre deux couleurs (noir \/ blanc ).  L'espace \u00e0 la base convient pour une glaci\u00e8re Igloo 72  &nbsp;  Points forts :\u00a0   Repose-pieds : rabattable  Assise : rev\u00eatement vinyle qualit\u00e9 marine, norme ASTM G21 imposant une excellente r\u00e9sistance \u00e0 la moisissure et aux UV.  Confort assur\u00e9 par une mousse \u00e0 cellules ferm\u00e9es, \u00e9paisseur 69 mm au centre, relev\u00e9e \u00e0 100 mm sur les c\u00f4t\u00e9s \u00e0 la fa\u00e7on d'un si\u00e8ge de voiture.  Assise arrondie pour l'\u00e9coulement de l'eau : pas de si\u00e8ge d\u00e9tremp\u00e9 ni gorg\u00e9 d'eau.  Caract\u00e9ristiques techniques Fishmaster Leaning Post :   Construction tr\u00e8s robuste en tube alu anodis\u00e9 : \u00d8 48,2 mm  Conforme : ABYC-H31*  4 \u00e9crous T en inox inclus, pour fixer le coussin sur la structure.  3 supports de cannes \u00e0 p\u00eache fixes, soud\u00e9s en usine. Hauteur 228 mm, \u00d8 int\u00e9rieur 45 mm  Encombrement \u00e0 la base : 942 x 406 mm  Poids : 20,4 kg  *American Boat &amp; Yacht Council H-31 : norme d\u00e9finissant la construction et l'installation de si\u00e8ges fixes \u00e0 bord (cockpit, pont et poste de pilotage)    Structure Sellerie   Aluminium noir mat textur\u00e9 Coussin noir   Aluminium laqu\u00e9 blanc cass\u00e9 Coussin blanc","og_url":"https:\/\/www.atlanticraftboats.com\/en\/product\/fishmaster-leaning-post-noir\/","og_site_name":"AtlantiCraft","article_publisher":"https:\/\/www.facebook.com\/AtlanticraftFrance","article_modified_time":"2023-01-23T17:46:37+00:00","og_image":[{"width":600,"height":600,"url":"https:\/\/www.atlanticraftboats.com\/wp-content\/uploads\/2022\/06\/plastimo-leaning-posts.jpg","type":"image\/jpeg"}],"twitter_card":"summary_large_image","schema":{"@context":"https:\/\/schema.org","@graph":[{"@type":"WebPage","@id":"https:\/\/www.atlanticraftboats.com\/produit\/fishmaster-leaning-post-noir\/","url":"https:\/\/www.atlanticraftboats.com\/produit\/fishmaster-leaning-post-noir\/","name":"FISHMASTER Leaning Post Noir - AtlantiCraft","isPartOf":{"@id":"https:\/\/www.atlanticraftboats.com\/en\/#website"},"primaryImageOfPage":{"@id":"https:\/\/www.atlanticraftboats.com\/produit\/fishmaster-leaning-post-noir\/#primaryimage"},"image":{"@id":"https:\/\/www.atlanticraftboats.com\/produit\/fishmaster-leaning-post-noir\/#primaryimage"},"thumbnailUrl":"https:\/\/www.atlanticraftboats.com\/wp-content\/uploads\/2022\/06\/plastimo-leaning-posts.jpg","datePublished":"2022-06-13T04:17:34+00:00","dateModified":"2023-01-23T17:46:37+00:00","breadcrumb":{"@id":"https:\/\/www.atlanticraftboats.com\/produit\/fishmaster-leaning-post-noir\/#breadcrumb"},"inLanguage":"en-GB","potentialAction":[{"@type":"ReadAction","target":["https:\/\/www.atlanticraftboats.com\/produit\/fishmaster-leaning-post-noir\/"]}]},{"@type":"ImageObject","inLanguage":"en-GB","@id":"https:\/\/www.atlanticraftboats.com\/produit\/fishmaster-leaning-post-noir\/#primaryimage","url":"https:\/\/www.atlanticraftboats.com\/wp-content\/uploads\/2022\/06\/plastimo-leaning-posts.jpg","contentUrl":"https:\/\/www.atlanticraftboats.com\/wp-content\/uploads\/2022\/06\/plastimo-leaning-posts.jpg","width":600,"height":600},{"@type":"BreadcrumbList","@id":"https:\/\/www.atlanticraftboats.com\/produit\/fishmaster-leaning-post-noir\/#breadcrumb","itemListElement":[{"@type":"ListItem","position":1,"name":"Accueil","item":"https:\/\/www.atlanticraftboats.com\/"},{"@type":"ListItem","position":2,"name":"Les bateaux semi-rigides AtlantiCraft","item":"https:\/\/www.atlanticraftboats.com\/bateaux-semi-rigide\/"},{"@type":"ListItem","position":3,"name":"FISHMASTER Leaning Post Noir"}]},{"@type":"WebSite","@id":"https:\/\/www.atlanticraftboats.com\/en\/#website","url":"https:\/\/www.atlanticraftboats.com\/en\/","name":"AtlantiCraft","description":"French brand of semi-rigid boats with aluminum hulls","publisher":{"@id":"https:\/\/www.atlanticraftboats.com\/en\/#organization"},"potentialAction":[{"@type":"SearchAction","target":{"@type":"EntryPoint","urlTemplate":"https:\/\/www.atlanticraftboats.com\/en\/?s={search_term_string}"},"query-input":{"@type":"PropertyValueSpecification","valueRequired":true,"valueName":"search_term_string"}}],"inLanguage":"en-GB"},{"@type":"Organization","@id":"https:\/\/www.atlanticraftboats.com\/en\/#organization","name":"Atlanticraft","url":"https:\/\/www.atlanticraftboats.com\/en\/","logo":{"@type":"ImageObject","inLanguage":"en-GB","@id":"https:\/\/www.atlanticraftboats.com\/en\/#\/schema\/logo\/image\/","url":"https:\/\/www.atlanticraftboats.com\/wp-content\/uploads\/2022\/04\/logo-atlanticraft.svg","contentUrl":"https:\/\/www.atlanticraftboats.com\/wp-content\/uploads\/2022\/04\/logo-atlanticraft.svg","width":215,"height":51,"caption":"Atlanticraft"},"image":{"@id":"https:\/\/www.atlanticraftboats.com\/en\/#\/schema\/logo\/image\/"},"sameAs":["https:\/\/www.facebook.com\/AtlanticraftFrance","https:\/\/www.instagram.com\/atlanticraft_france\/","https:\/\/www.linkedin.com\/company\/82927401\/admin\/dashboard\/"]}]}},"jetpack_sharing_enabled":true,"_links":{"self":[{"href":"https:\/\/www.atlanticraftboats.com\/en\/wp-json\/wp\/v2\/product\/1010","targetHints":{"allow":["GET"]}}],"collection":[{"href":"https:\/\/www.atlanticraftboats.com\/en\/wp-json\/wp\/v2\/product"}],"about":[{"href":"https:\/\/www.atlanticraftboats.com\/en\/wp-json\/wp\/v2\/types\/product"}],"wp:featuredmedia":[{"embeddable":true,"href":"https:\/\/www.atlanticraftboats.com\/en\/wp-json\/wp\/v2\/media\/1007"}],"wp:attachment":[{"href":"https:\/\/www.atlanticraftboats.com\/en\/wp-json\/wp\/v2\/media?parent=1010"}],"wp:term":[{"taxonomy":"product_brand","embeddable":true,"href":"https:\/\/www.atlanticraftboats.com\/en\/wp-json\/wp\/v2\/product_brand?post=1010"},{"taxonomy":"product_cat","embeddable":true,"href":"https:\/\/www.atlanticraftboats.com\/en\/wp-json\/wp\/v2\/product_cat?post=1010"},{"taxonomy":"product_tag","embeddable":true,"href":"https:\/\/www.atlanticraftboats.com\/en\/wp-json\/wp\/v2\/product_tag?post=1010"}],"curies":[{"name":"wp","href":"https:\/\/api.w.org\/{rel}","templated":true}]}}