{"id":1205,"date":"2022-06-17T16:41:27","date_gmt":"2022-06-17T14:41:27","guid":{"rendered":"https:\/\/www.atlanticraftfrance.com\/?post_type=product&#038;p=1205"},"modified":"2022-06-20T12:01:29","modified_gmt":"2022-06-20T10:01:29","slug":"ampli-marin-8-canaux-2400w-fusion-apollo","status":"publish","type":"product","link":"https:\/\/www.atlanticraftboats.com\/en\/product\/ampli-marin-8-canaux-2400w-fusion-apollo\/","title":{"rendered":"Fusion\u00ae Apollo\u2122 8-Channel 2400W Marine Amplifier"},"content":{"rendered":"","protected":false},"excerpt":{"rendered":"<h3>DO YOU LIKE TO VIBRATE TO THE SOUND OF YOUR MUSIC?<\/h3>\n<div class=\"app__overview__intro__description\">\n<p>These efficient, easy-to-install amps work with your compatible Fusion stereo system<sup>1<\/sup>You have the choice between zone, monoblock and multichannel amplifiers.<\/p>\n<\/div>\n<div class=\"app__overview__intro__icons app__column-layout app__column-layout__column--3\">\n<div class=\"app__feature__card\" data-translate=\"\">\n<p><img decoding=\"async\" class=\"app__feature__card__image\" src=\"https:\/\/res.garmin.com\/en\/products\/010-02284-10\/g\/Apolloamps-ICONS-Template-01-156356f3-3f90-4241-8346-1663af712338.svg\" alt=\"\" width=\"50\" height=\"50\" \/><\/p>\n<p class=\"app__feature__card__description\">Listen to music longer without draining your battery as quickly.<\/p>\n<\/div>\n<div class=\"app__feature__card\" data-translate=\"\">\n<p><img decoding=\"async\" class=\"app__feature__card__image\" src=\"https:\/\/res.garmin.com\/en\/products\/010-02284-10\/g\/Apolloamps-ICONS-Template-02-c6aff55f-c882-4f4b-956a-4cf9030a776e.svg\" alt=\"\" width=\"50\" height=\"50\" \/><\/p>\n<p class=\"app__feature__card__description\">You no longer need to manually adjust your audio settings. Easy Setup does it for you.<sup>2<\/sup>.<\/p>\n<\/div>\n<div class=\"app__feature__card\" data-translate=\"\">\n<p><img decoding=\"async\" class=\"app__feature__card__image\" src=\"https:\/\/res.garmin.com\/en\/products\/010-02284-10\/g\/Apolloamps-ICONS-Template-03-4f2d7765-e186-42db-a7db-56a6591e36af.svg\" alt=\"\" width=\"50\" height=\"50\" \/><\/p>\n<p class=\"app__feature__card__description\">A glance at the LED indicators lets you know if there is a short circuit or if the amps are overheating.<\/p>\n<\/div>\n<div class=\"app__feature__card\" data-translate=\"\">\n<p><img decoding=\"async\" class=\"app__feature__card__image\" src=\"https:\/\/res.garmin.com\/en\/products\/010-02284-10\/g\/Apolloamps-ICONS-Template-04-fc410024-aa27-457a-851d-175e048a5186.svg\" alt=\"\" width=\"50\" height=\"50\" \/><\/p>\n<p class=\"app__feature__card__description\">These amps reduce distortion and noise, allowing you to enjoy quality sound.<\/p>\n<\/div>\n<div class=\"app__feature__card\" data-translate=\"\">\n<p><img decoding=\"async\" class=\"app__feature__card__image\" src=\"https:\/\/res.garmin.com\/en\/products\/010-02284-10\/g\/Apolloamps-ICONS-Template-05-e446f2d2-253e-403a-b7c1-100c18e0f1c9.svg\" alt=\"\" width=\"50\" height=\"50\" \/><\/p>\n<p class=\"app__feature__card__description\">Mounting brackets are included for easy installation.<\/p>\n<\/div>\n<div class=\"app__feature__card\" data-translate=\"\">\n<p><img decoding=\"async\" class=\"app__feature__card__image\" src=\"https:\/\/res.garmin.com\/en\/products\/010-02284-10\/g\/Apolloamps-ICONS-Template-06-cd51adf5-8ff7-4c3c-bf54-204ef86715aa.svg\" alt=\"\" width=\"50\" height=\"50\" \/><\/p>\n<p class=\"app__feature__card__description\">Our fire protection prevents the risk of overheating.<\/p>\n<\/div>\n<\/div>","protected":false},"featured_media":1213,"template":"","meta":{"inline_featured_image":false},"product_brand":[],"product_cat":[33],"product_tag":[],"class_list":{"0":"post-1205","1":"product","2":"type-product","3":"status-publish","4":"has-post-thumbnail","6":"product_cat-audio","8":"first","9":"instock","10":"taxable","11":"shipping-taxable","12":"purchasable","13":"product-type-simple"},"yoast_head":"<!-- This site is optimized with the Yoast SEO plugin v27.3 - https:\/\/yoast.com\/product\/yoast-seo-wordpress\/ -->\n<title>Ampli marin 8 canaux 2400W Fusion\u00ae Apollo\u2122 - AtlantiCraft<\/title>\n<meta name=\"robots\" content=\"index, follow, max-snippet:-1, max-image-preview:large, max-video-preview:-1\" \/>\n<link rel=\"canonical\" href=\"https:\/\/www.atlanticraftboats.com\/en\/product\/ampli-marin-8-canaux-2400w-fusion-apollo\/\" \/>\n<meta property=\"og:locale\" content=\"en_GB\" \/>\n<meta property=\"og:type\" content=\"article\" \/>\n<meta property=\"og:title\" content=\"Ampli marin 8 canaux 2400W Fusion\u00ae Apollo\u2122 - AtlantiCraft\" \/>\n<meta property=\"og:description\" content=\"VOUS AIMEZ VIBRER AU SON DE VOTRE MUSIQUE\u00a0?   Ces amplis efficaces et faciles \u00e0 installer fonctionnent avec votre syst\u00e8me st\u00e9r\u00e9o Fusion compatible1. Vous avez le choix entre les amplis de zone, monobloc et multicanal.       \u00c9coutez de la musique plus longtemps sans d\u00e9charger votre batterie aussi rapidement.      Vous n&#039;avez plus besoin de r\u00e9gler manuellement vos param\u00e8tres audio. La fonction R\u00e9glage facile le fait pour vous2.      Un coup d&#039;\u0153il aux voyants LED vous permet de savoir s&#039;il y a un court-circuit ou si les amplis sont en surchauffe.      Ces amplis diminuent la distorsion et le bruit, ce qui vous permet de profiter d&#039;un son de qualit\u00e9.      Des supports de montage sont inclus pour une installation en toute simplicit\u00e9.      Notre protection contre les d\u00e9parts de feu \u00e9vite les risques de surchauffe.\" \/>\n<meta property=\"og:url\" content=\"https:\/\/www.atlanticraftboats.com\/en\/product\/ampli-marin-8-canaux-2400w-fusion-apollo\/\" \/>\n<meta property=\"og:site_name\" content=\"AtlantiCraft\" \/>\n<meta property=\"article:publisher\" content=\"https:\/\/www.facebook.com\/AtlanticraftFrance\" \/>\n<meta property=\"article:modified_time\" content=\"2022-06-20T10:01:29+00:00\" \/>\n<meta property=\"og:image\" content=\"https:\/\/www.atlanticraftboats.com\/wp-content\/uploads\/2022\/06\/Ampli-marin-8-canaux-2400W-Fusion-Apollo-949e.webp\" \/>\n\t<meta property=\"og:image:width\" content=\"600\" \/>\n\t<meta property=\"og:image:height\" content=\"600\" \/>\n\t<meta property=\"og:image:type\" content=\"image\/webp\" \/>\n<meta name=\"twitter:card\" content=\"summary_large_image\" \/>\n<script type=\"application\/ld+json\" class=\"yoast-schema-graph\">{\"@context\":\"https:\\\/\\\/schema.org\",\"@graph\":[{\"@type\":\"WebPage\",\"@id\":\"https:\\\/\\\/www.atlanticraftboats.com\\\/produit\\\/ampli-marin-8-canaux-2400w-fusion-apollo\\\/\",\"url\":\"https:\\\/\\\/www.atlanticraftboats.com\\\/produit\\\/ampli-marin-8-canaux-2400w-fusion-apollo\\\/\",\"name\":\"Ampli marin 8 canaux 2400W Fusion\u00ae Apollo\u2122 - AtlantiCraft\",\"isPartOf\":{\"@id\":\"https:\\\/\\\/www.atlanticraftboats.com\\\/en\\\/#website\"},\"primaryImageOfPage\":{\"@id\":\"https:\\\/\\\/www.atlanticraftboats.com\\\/produit\\\/ampli-marin-8-canaux-2400w-fusion-apollo\\\/#primaryimage\"},\"image\":{\"@id\":\"https:\\\/\\\/www.atlanticraftboats.com\\\/produit\\\/ampli-marin-8-canaux-2400w-fusion-apollo\\\/#primaryimage\"},\"thumbnailUrl\":\"https:\\\/\\\/www.atlanticraftboats.com\\\/wp-content\\\/uploads\\\/2022\\\/06\\\/Ampli-marin-8-canaux-2400W-Fusion-Apollo-949e.webp\",\"datePublished\":\"2022-06-17T14:41:27+00:00\",\"dateModified\":\"2022-06-20T10:01:29+00:00\",\"breadcrumb\":{\"@id\":\"https:\\\/\\\/www.atlanticraftboats.com\\\/produit\\\/ampli-marin-8-canaux-2400w-fusion-apollo\\\/#breadcrumb\"},\"inLanguage\":\"en-GB\",\"potentialAction\":[{\"@type\":\"ReadAction\",\"target\":[\"https:\\\/\\\/www.atlanticraftboats.com\\\/produit\\\/ampli-marin-8-canaux-2400w-fusion-apollo\\\/\"]}]},{\"@type\":\"ImageObject\",\"inLanguage\":\"en-GB\",\"@id\":\"https:\\\/\\\/www.atlanticraftboats.com\\\/produit\\\/ampli-marin-8-canaux-2400w-fusion-apollo\\\/#primaryimage\",\"url\":\"https:\\\/\\\/www.atlanticraftboats.com\\\/wp-content\\\/uploads\\\/2022\\\/06\\\/Ampli-marin-8-canaux-2400W-Fusion-Apollo-949e.webp\",\"contentUrl\":\"https:\\\/\\\/www.atlanticraftboats.com\\\/wp-content\\\/uploads\\\/2022\\\/06\\\/Ampli-marin-8-canaux-2400W-Fusion-Apollo-949e.webp\",\"width\":600,\"height\":600},{\"@type\":\"BreadcrumbList\",\"@id\":\"https:\\\/\\\/www.atlanticraftboats.com\\\/produit\\\/ampli-marin-8-canaux-2400w-fusion-apollo\\\/#breadcrumb\",\"itemListElement\":[{\"@type\":\"ListItem\",\"position\":1,\"name\":\"Accueil\",\"item\":\"https:\\\/\\\/www.atlanticraftboats.com\\\/\"},{\"@type\":\"ListItem\",\"position\":2,\"name\":\"Les bateaux semi-rigides AtlantiCraft\",\"item\":\"https:\\\/\\\/www.atlanticraftboats.com\\\/bateaux-semi-rigide\\\/\"},{\"@type\":\"ListItem\",\"position\":3,\"name\":\"Ampli marin 8 canaux 2400W Fusion\u00ae Apollo\u2122\"}]},{\"@type\":\"WebSite\",\"@id\":\"https:\\\/\\\/www.atlanticraftboats.com\\\/en\\\/#website\",\"url\":\"https:\\\/\\\/www.atlanticraftboats.com\\\/en\\\/\",\"name\":\"AtlantiCraft\",\"description\":\"Marque fran\u00e7aise de bateaux semi rigides en coque aluminium\",\"publisher\":{\"@id\":\"https:\\\/\\\/www.atlanticraftboats.com\\\/en\\\/#organization\"},\"potentialAction\":[{\"@type\":\"SearchAction\",\"target\":{\"@type\":\"EntryPoint\",\"urlTemplate\":\"https:\\\/\\\/www.atlanticraftboats.com\\\/en\\\/?s={search_term_string}\"},\"query-input\":{\"@type\":\"PropertyValueSpecification\",\"valueRequired\":true,\"valueName\":\"search_term_string\"}}],\"inLanguage\":\"en-GB\"},{\"@type\":\"Organization\",\"@id\":\"https:\\\/\\\/www.atlanticraftboats.com\\\/en\\\/#organization\",\"name\":\"Atlanticraft\",\"url\":\"https:\\\/\\\/www.atlanticraftboats.com\\\/en\\\/\",\"logo\":{\"@type\":\"ImageObject\",\"inLanguage\":\"en-GB\",\"@id\":\"https:\\\/\\\/www.atlanticraftboats.com\\\/en\\\/#\\\/schema\\\/logo\\\/image\\\/\",\"url\":\"https:\\\/\\\/www.atlanticraftboats.com\\\/wp-content\\\/uploads\\\/2022\\\/04\\\/logo-atlanticraft.svg\",\"contentUrl\":\"https:\\\/\\\/www.atlanticraftboats.com\\\/wp-content\\\/uploads\\\/2022\\\/04\\\/logo-atlanticraft.svg\",\"width\":215,\"height\":51,\"caption\":\"Atlanticraft\"},\"image\":{\"@id\":\"https:\\\/\\\/www.atlanticraftboats.com\\\/en\\\/#\\\/schema\\\/logo\\\/image\\\/\"},\"sameAs\":[\"https:\\\/\\\/www.facebook.com\\\/AtlanticraftFrance\",\"https:\\\/\\\/www.instagram.com\\\/atlanticraft_france\\\/\",\"https:\\\/\\\/www.linkedin.com\\\/company\\\/82927401\\\/admin\\\/dashboard\\\/\"]}]}<\/script>\n<!-- \/ Yoast SEO plugin. -->","yoast_head_json":{"title":"Ampli marin 8 canaux 2400W Fusion\u00ae Apollo\u2122 - AtlantiCraft","robots":{"index":"index","follow":"follow","max-snippet":"max-snippet:-1","max-image-preview":"max-image-preview:large","max-video-preview":"max-video-preview:-1"},"canonical":"https:\/\/www.atlanticraftboats.com\/en\/product\/ampli-marin-8-canaux-2400w-fusion-apollo\/","og_locale":"en_GB","og_type":"article","og_title":"Ampli marin 8 canaux 2400W Fusion\u00ae Apollo\u2122 - AtlantiCraft","og_description":"VOUS AIMEZ VIBRER AU SON DE VOTRE MUSIQUE\u00a0?   Ces amplis efficaces et faciles \u00e0 installer fonctionnent avec votre syst\u00e8me st\u00e9r\u00e9o Fusion compatible1. Vous avez le choix entre les amplis de zone, monobloc et multicanal.       \u00c9coutez de la musique plus longtemps sans d\u00e9charger votre batterie aussi rapidement.      Vous n'avez plus besoin de r\u00e9gler manuellement vos param\u00e8tres audio. La fonction R\u00e9glage facile le fait pour vous2.      Un coup d'\u0153il aux voyants LED vous permet de savoir s'il y a un court-circuit ou si les amplis sont en surchauffe.      Ces amplis diminuent la distorsion et le bruit, ce qui vous permet de profiter d'un son de qualit\u00e9.      Des supports de montage sont inclus pour une installation en toute simplicit\u00e9.      Notre protection contre les d\u00e9parts de feu \u00e9vite les risques de surchauffe.","og_url":"https:\/\/www.atlanticraftboats.com\/en\/product\/ampli-marin-8-canaux-2400w-fusion-apollo\/","og_site_name":"AtlantiCraft","article_publisher":"https:\/\/www.facebook.com\/AtlanticraftFrance","article_modified_time":"2022-06-20T10:01:29+00:00","og_image":[{"width":600,"height":600,"url":"https:\/\/www.atlanticraftboats.com\/wp-content\/uploads\/2022\/06\/Ampli-marin-8-canaux-2400W-Fusion-Apollo-949e.webp","type":"image\/webp"}],"twitter_card":"summary_large_image","schema":{"@context":"https:\/\/schema.org","@graph":[{"@type":"WebPage","@id":"https:\/\/www.atlanticraftboats.com\/produit\/ampli-marin-8-canaux-2400w-fusion-apollo\/","url":"https:\/\/www.atlanticraftboats.com\/produit\/ampli-marin-8-canaux-2400w-fusion-apollo\/","name":"Ampli marin 8 canaux 2400W Fusion\u00ae Apollo\u2122 - AtlantiCraft","isPartOf":{"@id":"https:\/\/www.atlanticraftboats.com\/en\/#website"},"primaryImageOfPage":{"@id":"https:\/\/www.atlanticraftboats.com\/produit\/ampli-marin-8-canaux-2400w-fusion-apollo\/#primaryimage"},"image":{"@id":"https:\/\/www.atlanticraftboats.com\/produit\/ampli-marin-8-canaux-2400w-fusion-apollo\/#primaryimage"},"thumbnailUrl":"https:\/\/www.atlanticraftboats.com\/wp-content\/uploads\/2022\/06\/Ampli-marin-8-canaux-2400W-Fusion-Apollo-949e.webp","datePublished":"2022-06-17T14:41:27+00:00","dateModified":"2022-06-20T10:01:29+00:00","breadcrumb":{"@id":"https:\/\/www.atlanticraftboats.com\/produit\/ampli-marin-8-canaux-2400w-fusion-apollo\/#breadcrumb"},"inLanguage":"en-GB","potentialAction":[{"@type":"ReadAction","target":["https:\/\/www.atlanticraftboats.com\/produit\/ampli-marin-8-canaux-2400w-fusion-apollo\/"]}]},{"@type":"ImageObject","inLanguage":"en-GB","@id":"https:\/\/www.atlanticraftboats.com\/produit\/ampli-marin-8-canaux-2400w-fusion-apollo\/#primaryimage","url":"https:\/\/www.atlanticraftboats.com\/wp-content\/uploads\/2022\/06\/Ampli-marin-8-canaux-2400W-Fusion-Apollo-949e.webp","contentUrl":"https:\/\/www.atlanticraftboats.com\/wp-content\/uploads\/2022\/06\/Ampli-marin-8-canaux-2400W-Fusion-Apollo-949e.webp","width":600,"height":600},{"@type":"BreadcrumbList","@id":"https:\/\/www.atlanticraftboats.com\/produit\/ampli-marin-8-canaux-2400w-fusion-apollo\/#breadcrumb","itemListElement":[{"@type":"ListItem","position":1,"name":"Accueil","item":"https:\/\/www.atlanticraftboats.com\/"},{"@type":"ListItem","position":2,"name":"Les bateaux semi-rigides AtlantiCraft","item":"https:\/\/www.atlanticraftboats.com\/bateaux-semi-rigide\/"},{"@type":"ListItem","position":3,"name":"Ampli marin 8 canaux 2400W Fusion\u00ae Apollo\u2122"}]},{"@type":"WebSite","@id":"https:\/\/www.atlanticraftboats.com\/en\/#website","url":"https:\/\/www.atlanticraftboats.com\/en\/","name":"AtlantiCraft","description":"French brand of semi-rigid boats with aluminum hulls","publisher":{"@id":"https:\/\/www.atlanticraftboats.com\/en\/#organization"},"potentialAction":[{"@type":"SearchAction","target":{"@type":"EntryPoint","urlTemplate":"https:\/\/www.atlanticraftboats.com\/en\/?s={search_term_string}"},"query-input":{"@type":"PropertyValueSpecification","valueRequired":true,"valueName":"search_term_string"}}],"inLanguage":"en-GB"},{"@type":"Organization","@id":"https:\/\/www.atlanticraftboats.com\/en\/#organization","name":"Atlanticraft","url":"https:\/\/www.atlanticraftboats.com\/en\/","logo":{"@type":"ImageObject","inLanguage":"en-GB","@id":"https:\/\/www.atlanticraftboats.com\/en\/#\/schema\/logo\/image\/","url":"https:\/\/www.atlanticraftboats.com\/wp-content\/uploads\/2022\/04\/logo-atlanticraft.svg","contentUrl":"https:\/\/www.atlanticraftboats.com\/wp-content\/uploads\/2022\/04\/logo-atlanticraft.svg","width":215,"height":51,"caption":"Atlanticraft"},"image":{"@id":"https:\/\/www.atlanticraftboats.com\/en\/#\/schema\/logo\/image\/"},"sameAs":["https:\/\/www.facebook.com\/AtlanticraftFrance","https:\/\/www.instagram.com\/atlanticraft_france\/","https:\/\/www.linkedin.com\/company\/82927401\/admin\/dashboard\/"]}]}},"jetpack_sharing_enabled":true,"_links":{"self":[{"href":"https:\/\/www.atlanticraftboats.com\/en\/wp-json\/wp\/v2\/product\/1205","targetHints":{"allow":["GET"]}}],"collection":[{"href":"https:\/\/www.atlanticraftboats.com\/en\/wp-json\/wp\/v2\/product"}],"about":[{"href":"https:\/\/www.atlanticraftboats.com\/en\/wp-json\/wp\/v2\/types\/product"}],"wp:featuredmedia":[{"embeddable":true,"href":"https:\/\/www.atlanticraftboats.com\/en\/wp-json\/wp\/v2\/media\/1213"}],"wp:attachment":[{"href":"https:\/\/www.atlanticraftboats.com\/en\/wp-json\/wp\/v2\/media?parent=1205"}],"wp:term":[{"taxonomy":"product_brand","embeddable":true,"href":"https:\/\/www.atlanticraftboats.com\/en\/wp-json\/wp\/v2\/product_brand?post=1205"},{"taxonomy":"product_cat","embeddable":true,"href":"https:\/\/www.atlanticraftboats.com\/en\/wp-json\/wp\/v2\/product_cat?post=1205"},{"taxonomy":"product_tag","embeddable":true,"href":"https:\/\/www.atlanticraftboats.com\/en\/wp-json\/wp\/v2\/product_tag?post=1205"}],"curies":[{"name":"wp","href":"https:\/\/api.w.org\/{rel}","templated":true}]}}