{"id":1383,"date":"2022-06-23T12:08:17","date_gmt":"2022-06-23T10:08:17","guid":{"rendered":"https:\/\/www.atlanticraftfrance.com\/?post_type=product&#038;p=1383"},"modified":"2026-03-03T12:13:56","modified_gmt":"2026-03-03T11:13:56","slug":"condor-5-90","status":"publish","type":"product","link":"https:\/\/www.atlanticraftboats.com\/en\/product\/condor-5-90\/","title":{"rendered":"CONDOR 6.00 &#8211; \u00e0 partir de :"},"content":{"rendered":"","protected":false},"excerpt":{"rendered":"<h3 class=\"\" data-start=\"162\" data-end=\"215\">CONDOR 6.00 \u2013 Designed for ambitious outings<\/h3>\n<p class=\"\" data-start=\"217\" data-end=\"555\">Designed for sailors who want to go further, the CONDOR 6.00 combines stability, capacity, and endurance. Longer than its smaller siblings, it marks a move upmarket in the world of aluminum RIBs, with particularly sound handling at sea, even in challenging conditions.<\/p>\n<p class=\"\" data-start=\"557\" data-end=\"858\">Its robust and well-balanced design allows you to comfortably carry equipment, move around without constraints and adapt to a variety of uses: active fishing, water skiing, extended trips, etc. The spacious, fully optimized cockpit offers real freedom of movement, even with a crew.<\/p>\n<p class=\"\" data-start=\"860\" data-end=\"1034\">The CONDOR 6.00 is a natural choice for those looking for an efficient, safe boat that can keep pace with whatever their sailing desires.<\/p>","protected":false},"featured_media":1384,"template":"","meta":{"inline_featured_image":false},"product_brand":[],"product_cat":[24],"product_tag":[],"class_list":{"0":"post-1383","1":"product","2":"type-product","3":"status-publish","4":"has-post-thumbnail","6":"product_cat-condor","8":"first","9":"instock","10":"taxable","11":"shipping-taxable","12":"purchasable","13":"product-type-simple"},"yoast_head":"<!-- This site is optimized with the Yoast SEO plugin v27.3 - https:\/\/yoast.com\/product\/yoast-seo-wordpress\/ -->\n<title>CONDOR 6.00 - \u00e0 partir de : - AtlantiCraft<\/title>\n<meta name=\"robots\" content=\"index, follow, max-snippet:-1, max-image-preview:large, max-video-preview:-1\" \/>\n<link rel=\"canonical\" href=\"https:\/\/www.atlanticraftboats.com\/en\/product\/condor-5-90\/\" \/>\n<meta property=\"og:locale\" content=\"en_GB\" \/>\n<meta property=\"og:type\" content=\"article\" \/>\n<meta property=\"og:title\" content=\"CONDOR 6.00 - \u00e0 partir de : - AtlantiCraft\" \/>\n<meta property=\"og:description\" content=\"CONDOR 6.00 \u2013 Taill\u00e9 pour les sorties ambitieuses Pens\u00e9 pour les navigateurs qui veulent aller plus loin, le CONDOR 6.00 combine stabilit\u00e9, capacit\u00e9 et endurance. Plus long que ses petits fr\u00e8res, il marque une mont\u00e9e en gamme dans l\u2019univers des semi-rigides aluminium, avec un comportement en mer particuli\u00e8rement sain, m\u00eame dans des conditions engag\u00e9es. Sa conception robuste et bien \u00e9quilibr\u00e9e permet d\u2019embarquer confortablement du mat\u00e9riel, de circuler sans contrainte et de s\u2019adapter \u00e0 des usages vari\u00e9s\u202f: p\u00eache active, ski nautique, balades prolong\u00e9es\u2026 Le cockpit spacieux, enti\u00e8rement optimis\u00e9, offre une vraie libert\u00e9 de mouvement, m\u00eame en \u00e9quipage. Le CONDOR 6.00 est un choix naturel pour ceux qui recherchent un bateau efficace, s\u00e9curisant, et capable de suivre le rythme, quelles que soient les envies de navigation.\" \/>\n<meta property=\"og:url\" content=\"https:\/\/www.atlanticraftboats.com\/en\/product\/condor-5-90\/\" \/>\n<meta property=\"og:site_name\" content=\"AtlantiCraft\" \/>\n<meta property=\"article:publisher\" content=\"https:\/\/www.facebook.com\/AtlanticraftFrance\" \/>\n<meta property=\"article:modified_time\" content=\"2026-03-03T11:13:56+00:00\" \/>\n<meta property=\"og:image\" content=\"https:\/\/www.atlanticraftboats.com\/wp-content\/uploads\/2022\/06\/Condor_5.90_2.jpg\" \/>\n\t<meta property=\"og:image:width\" content=\"650\" \/>\n\t<meta property=\"og:image:height\" content=\"650\" \/>\n\t<meta property=\"og:image:type\" content=\"image\/jpeg\" \/>\n<meta name=\"twitter:card\" content=\"summary_large_image\" \/>\n<script type=\"application\/ld+json\" class=\"yoast-schema-graph\">{\"@context\":\"https:\\\/\\\/schema.org\",\"@graph\":[{\"@type\":\"WebPage\",\"@id\":\"https:\\\/\\\/www.atlanticraftboats.com\\\/produit\\\/condor-5-90\\\/\",\"url\":\"https:\\\/\\\/www.atlanticraftboats.com\\\/produit\\\/condor-5-90\\\/\",\"name\":\"CONDOR 6.00 - \u00e0 partir de : - AtlantiCraft\",\"isPartOf\":{\"@id\":\"https:\\\/\\\/www.atlanticraftboats.com\\\/en\\\/#website\"},\"primaryImageOfPage\":{\"@id\":\"https:\\\/\\\/www.atlanticraftboats.com\\\/produit\\\/condor-5-90\\\/#primaryimage\"},\"image\":{\"@id\":\"https:\\\/\\\/www.atlanticraftboats.com\\\/produit\\\/condor-5-90\\\/#primaryimage\"},\"thumbnailUrl\":\"https:\\\/\\\/www.atlanticraftboats.com\\\/wp-content\\\/uploads\\\/2022\\\/06\\\/Condor_5.90_2.jpg\",\"datePublished\":\"2022-06-23T10:08:17+00:00\",\"dateModified\":\"2026-03-03T11:13:56+00:00\",\"breadcrumb\":{\"@id\":\"https:\\\/\\\/www.atlanticraftboats.com\\\/produit\\\/condor-5-90\\\/#breadcrumb\"},\"inLanguage\":\"en-GB\",\"potentialAction\":[{\"@type\":\"ReadAction\",\"target\":[\"https:\\\/\\\/www.atlanticraftboats.com\\\/produit\\\/condor-5-90\\\/\"]}]},{\"@type\":\"ImageObject\",\"inLanguage\":\"en-GB\",\"@id\":\"https:\\\/\\\/www.atlanticraftboats.com\\\/produit\\\/condor-5-90\\\/#primaryimage\",\"url\":\"https:\\\/\\\/www.atlanticraftboats.com\\\/wp-content\\\/uploads\\\/2022\\\/06\\\/Condor_5.90_2.jpg\",\"contentUrl\":\"https:\\\/\\\/www.atlanticraftboats.com\\\/wp-content\\\/uploads\\\/2022\\\/06\\\/Condor_5.90_2.jpg\",\"width\":650,\"height\":650},{\"@type\":\"BreadcrumbList\",\"@id\":\"https:\\\/\\\/www.atlanticraftboats.com\\\/produit\\\/condor-5-90\\\/#breadcrumb\",\"itemListElement\":[{\"@type\":\"ListItem\",\"position\":1,\"name\":\"Accueil\",\"item\":\"https:\\\/\\\/www.atlanticraftboats.com\\\/\"},{\"@type\":\"ListItem\",\"position\":2,\"name\":\"Les bateaux semi-rigides AtlantiCraft\",\"item\":\"https:\\\/\\\/www.atlanticraftboats.com\\\/bateaux-semi-rigide\\\/\"},{\"@type\":\"ListItem\",\"position\":3,\"name\":\"CONDOR 6.00 &#8211; \u00e0 partir de :\"}]},{\"@type\":\"WebSite\",\"@id\":\"https:\\\/\\\/www.atlanticraftboats.com\\\/en\\\/#website\",\"url\":\"https:\\\/\\\/www.atlanticraftboats.com\\\/en\\\/\",\"name\":\"AtlantiCraft\",\"description\":\"Marque fran\u00e7aise de bateaux semi rigides en coque aluminium\",\"publisher\":{\"@id\":\"https:\\\/\\\/www.atlanticraftboats.com\\\/en\\\/#organization\"},\"potentialAction\":[{\"@type\":\"SearchAction\",\"target\":{\"@type\":\"EntryPoint\",\"urlTemplate\":\"https:\\\/\\\/www.atlanticraftboats.com\\\/en\\\/?s={search_term_string}\"},\"query-input\":{\"@type\":\"PropertyValueSpecification\",\"valueRequired\":true,\"valueName\":\"search_term_string\"}}],\"inLanguage\":\"en-GB\"},{\"@type\":\"Organization\",\"@id\":\"https:\\\/\\\/www.atlanticraftboats.com\\\/en\\\/#organization\",\"name\":\"Atlanticraft\",\"url\":\"https:\\\/\\\/www.atlanticraftboats.com\\\/en\\\/\",\"logo\":{\"@type\":\"ImageObject\",\"inLanguage\":\"en-GB\",\"@id\":\"https:\\\/\\\/www.atlanticraftboats.com\\\/en\\\/#\\\/schema\\\/logo\\\/image\\\/\",\"url\":\"https:\\\/\\\/www.atlanticraftboats.com\\\/wp-content\\\/uploads\\\/2022\\\/04\\\/logo-atlanticraft.svg\",\"contentUrl\":\"https:\\\/\\\/www.atlanticraftboats.com\\\/wp-content\\\/uploads\\\/2022\\\/04\\\/logo-atlanticraft.svg\",\"width\":215,\"height\":51,\"caption\":\"Atlanticraft\"},\"image\":{\"@id\":\"https:\\\/\\\/www.atlanticraftboats.com\\\/en\\\/#\\\/schema\\\/logo\\\/image\\\/\"},\"sameAs\":[\"https:\\\/\\\/www.facebook.com\\\/AtlanticraftFrance\",\"https:\\\/\\\/www.instagram.com\\\/atlanticraft_france\\\/\",\"https:\\\/\\\/www.linkedin.com\\\/company\\\/82927401\\\/admin\\\/dashboard\\\/\"]}]}<\/script>\n<!-- \/ Yoast SEO plugin. -->","yoast_head_json":{"title":"CONDOR 6.00 - \u00e0 partir de : - AtlantiCraft","robots":{"index":"index","follow":"follow","max-snippet":"max-snippet:-1","max-image-preview":"max-image-preview:large","max-video-preview":"max-video-preview:-1"},"canonical":"https:\/\/www.atlanticraftboats.com\/en\/product\/condor-5-90\/","og_locale":"en_GB","og_type":"article","og_title":"CONDOR 6.00 - \u00e0 partir de : - AtlantiCraft","og_description":"CONDOR 6.00 \u2013 Taill\u00e9 pour les sorties ambitieuses Pens\u00e9 pour les navigateurs qui veulent aller plus loin, le CONDOR 6.00 combine stabilit\u00e9, capacit\u00e9 et endurance. Plus long que ses petits fr\u00e8res, il marque une mont\u00e9e en gamme dans l\u2019univers des semi-rigides aluminium, avec un comportement en mer particuli\u00e8rement sain, m\u00eame dans des conditions engag\u00e9es. Sa conception robuste et bien \u00e9quilibr\u00e9e permet d\u2019embarquer confortablement du mat\u00e9riel, de circuler sans contrainte et de s\u2019adapter \u00e0 des usages vari\u00e9s\u202f: p\u00eache active, ski nautique, balades prolong\u00e9es\u2026 Le cockpit spacieux, enti\u00e8rement optimis\u00e9, offre une vraie libert\u00e9 de mouvement, m\u00eame en \u00e9quipage. Le CONDOR 6.00 est un choix naturel pour ceux qui recherchent un bateau efficace, s\u00e9curisant, et capable de suivre le rythme, quelles que soient les envies de navigation.","og_url":"https:\/\/www.atlanticraftboats.com\/en\/product\/condor-5-90\/","og_site_name":"AtlantiCraft","article_publisher":"https:\/\/www.facebook.com\/AtlanticraftFrance","article_modified_time":"2026-03-03T11:13:56+00:00","og_image":[{"width":650,"height":650,"url":"https:\/\/www.atlanticraftboats.com\/wp-content\/uploads\/2022\/06\/Condor_5.90_2.jpg","type":"image\/jpeg"}],"twitter_card":"summary_large_image","schema":{"@context":"https:\/\/schema.org","@graph":[{"@type":"WebPage","@id":"https:\/\/www.atlanticraftboats.com\/produit\/condor-5-90\/","url":"https:\/\/www.atlanticraftboats.com\/produit\/condor-5-90\/","name":"CONDOR 6.00 - \u00e0 partir de : - AtlantiCraft","isPartOf":{"@id":"https:\/\/www.atlanticraftboats.com\/en\/#website"},"primaryImageOfPage":{"@id":"https:\/\/www.atlanticraftboats.com\/produit\/condor-5-90\/#primaryimage"},"image":{"@id":"https:\/\/www.atlanticraftboats.com\/produit\/condor-5-90\/#primaryimage"},"thumbnailUrl":"https:\/\/www.atlanticraftboats.com\/wp-content\/uploads\/2022\/06\/Condor_5.90_2.jpg","datePublished":"2022-06-23T10:08:17+00:00","dateModified":"2026-03-03T11:13:56+00:00","breadcrumb":{"@id":"https:\/\/www.atlanticraftboats.com\/produit\/condor-5-90\/#breadcrumb"},"inLanguage":"en-GB","potentialAction":[{"@type":"ReadAction","target":["https:\/\/www.atlanticraftboats.com\/produit\/condor-5-90\/"]}]},{"@type":"ImageObject","inLanguage":"en-GB","@id":"https:\/\/www.atlanticraftboats.com\/produit\/condor-5-90\/#primaryimage","url":"https:\/\/www.atlanticraftboats.com\/wp-content\/uploads\/2022\/06\/Condor_5.90_2.jpg","contentUrl":"https:\/\/www.atlanticraftboats.com\/wp-content\/uploads\/2022\/06\/Condor_5.90_2.jpg","width":650,"height":650},{"@type":"BreadcrumbList","@id":"https:\/\/www.atlanticraftboats.com\/produit\/condor-5-90\/#breadcrumb","itemListElement":[{"@type":"ListItem","position":1,"name":"Accueil","item":"https:\/\/www.atlanticraftboats.com\/"},{"@type":"ListItem","position":2,"name":"Les bateaux semi-rigides AtlantiCraft","item":"https:\/\/www.atlanticraftboats.com\/bateaux-semi-rigide\/"},{"@type":"ListItem","position":3,"name":"CONDOR 6.00 &#8211; \u00e0 partir de :"}]},{"@type":"WebSite","@id":"https:\/\/www.atlanticraftboats.com\/en\/#website","url":"https:\/\/www.atlanticraftboats.com\/en\/","name":"AtlantiCraft","description":"French brand of semi-rigid boats with aluminum hulls","publisher":{"@id":"https:\/\/www.atlanticraftboats.com\/en\/#organization"},"potentialAction":[{"@type":"SearchAction","target":{"@type":"EntryPoint","urlTemplate":"https:\/\/www.atlanticraftboats.com\/en\/?s={search_term_string}"},"query-input":{"@type":"PropertyValueSpecification","valueRequired":true,"valueName":"search_term_string"}}],"inLanguage":"en-GB"},{"@type":"Organization","@id":"https:\/\/www.atlanticraftboats.com\/en\/#organization","name":"Atlanticraft","url":"https:\/\/www.atlanticraftboats.com\/en\/","logo":{"@type":"ImageObject","inLanguage":"en-GB","@id":"https:\/\/www.atlanticraftboats.com\/en\/#\/schema\/logo\/image\/","url":"https:\/\/www.atlanticraftboats.com\/wp-content\/uploads\/2022\/04\/logo-atlanticraft.svg","contentUrl":"https:\/\/www.atlanticraftboats.com\/wp-content\/uploads\/2022\/04\/logo-atlanticraft.svg","width":215,"height":51,"caption":"Atlanticraft"},"image":{"@id":"https:\/\/www.atlanticraftboats.com\/en\/#\/schema\/logo\/image\/"},"sameAs":["https:\/\/www.facebook.com\/AtlanticraftFrance","https:\/\/www.instagram.com\/atlanticraft_france\/","https:\/\/www.linkedin.com\/company\/82927401\/admin\/dashboard\/"]}]}},"jetpack_sharing_enabled":true,"_links":{"self":[{"href":"https:\/\/www.atlanticraftboats.com\/en\/wp-json\/wp\/v2\/product\/1383","targetHints":{"allow":["GET"]}}],"collection":[{"href":"https:\/\/www.atlanticraftboats.com\/en\/wp-json\/wp\/v2\/product"}],"about":[{"href":"https:\/\/www.atlanticraftboats.com\/en\/wp-json\/wp\/v2\/types\/product"}],"wp:featuredmedia":[{"embeddable":true,"href":"https:\/\/www.atlanticraftboats.com\/en\/wp-json\/wp\/v2\/media\/1384"}],"wp:attachment":[{"href":"https:\/\/www.atlanticraftboats.com\/en\/wp-json\/wp\/v2\/media?parent=1383"}],"wp:term":[{"taxonomy":"product_brand","embeddable":true,"href":"https:\/\/www.atlanticraftboats.com\/en\/wp-json\/wp\/v2\/product_brand?post=1383"},{"taxonomy":"product_cat","embeddable":true,"href":"https:\/\/www.atlanticraftboats.com\/en\/wp-json\/wp\/v2\/product_cat?post=1383"},{"taxonomy":"product_tag","embeddable":true,"href":"https:\/\/www.atlanticraftboats.com\/en\/wp-json\/wp\/v2\/product_tag?post=1383"}],"curies":[{"name":"wp","href":"https:\/\/api.w.org\/{rel}","templated":true}]}}