{"id":1598,"date":"2022-07-12T16:37:27","date_gmt":"2022-07-12T14:37:27","guid":{"rendered":"https:\/\/www.atlanticraft.fr\/?post_type=product&#038;p=1598"},"modified":"2023-05-09T21:38:33","modified_gmt":"2023-05-09T19:38:33","slug":"yamaha-2f250-v6-pearl-white","status":"publish","type":"product","link":"https:\/\/www.atlanticraftboats.com\/en\/product\/yamaha-2f250-v6-pearl-white\/","title":{"rendered":"Yamaha 2*F250NSB-2 V6 Pearl White (DES)"},"content":{"rendered":"","protected":false},"excerpt":{"rendered":"<h3 class=\"intro-cell__title\">Pushing the limits<\/h3>\n<p>The features of this 250 hp V6 outboard, such as Digital Electric Steering (DES), Yamaha&#039;s exclusive TotalTilt function and Thrust Enhancing Reverse Exhaust (TERE), add to the stunning new look inspired by the Yamaha XTO, clearly positioning it as a premium Yamaha outboard.<\/p>\n<p>Digital Electric Steering (DES) is now standard on 250 hp V6 engines equipped with Steer by Wire. DES allows for smoother and more intuitive navigation at the helm, while all 250 hp V6 engines without SBW are fully compatible with the optional DES.<\/p>\n<p>Note: 14A kit (Twin electric + CL5 + EKS) included<\/p>\n<p>Note 2: Integrated electric steering (DES) \u2013&gt; Does not require hydraulic steering.<\/p>","protected":false},"featured_media":1590,"template":"","meta":{"inline_featured_image":false},"product_brand":[],"product_cat":[28],"product_tag":[],"class_list":{"0":"post-1598","1":"product","2":"type-product","3":"status-publish","4":"has-post-thumbnail","6":"product_cat-moteurs","8":"first","9":"instock","10":"taxable","11":"shipping-taxable","12":"purchasable","13":"product-type-simple"},"yoast_head":"<!-- This site is optimized with the Yoast SEO plugin v27.3 - https:\/\/yoast.com\/product\/yoast-seo-wordpress\/ -->\n<title>Yamaha 2*F250NSB-2 V6 Pearl White (DES) - AtlantiCraft<\/title>\n<meta name=\"robots\" content=\"index, follow, max-snippet:-1, max-image-preview:large, max-video-preview:-1\" \/>\n<link rel=\"canonical\" href=\"https:\/\/www.atlanticraftboats.com\/en\/product\/yamaha-2f250-v6-pearl-white\/\" \/>\n<meta property=\"og:locale\" content=\"en_GB\" \/>\n<meta property=\"og:type\" content=\"article\" \/>\n<meta property=\"og:title\" content=\"Yamaha 2*F250NSB-2 V6 Pearl White (DES) - AtlantiCraft\" \/>\n<meta property=\"og:description\" content=\"Repousser les limites Les fonctionnalit\u00e9s de ce moteur hors-bord V6 de 250 ch, comme la direction \u00e9lectrique num\u00e9rique (Digital Electric Steering ou DES), la fonction TotalTilt exclusive \u00e0 Yamaha et le syst\u00e8me d\u2019\u00e9chappement invers\u00e9 am\u00e9liorant la pouss\u00e9e (TERE), viennent s&#039;ajouter au nouveau look \u00e9poustouflant inspir\u00e9 du Yamaha XTO, le positionne clairement comme un moteur hors-bord Yamaha haut de gamme.  La direction \u00e9lectrique num\u00e9rique (Digital Electric Steering ou DES) est d\u00e9sormais int\u00e9gr\u00e9e de s\u00e9rie sur les moteurs V6 de 250\u00a0ch, \u00e9quip\u00e9s du \u00ab\u00a0Steer by Wire\u00a0\u00bb. La DES permet une navigation plus fluide et plus intuitive au niveau de la barre, tandis que tous les moteurs V6 de 250\u00a0ch non dot\u00e9s du syst\u00e8me SBW sont enti\u00e8rement compatibles avec la DES propos\u00e9e en option.  Note : Kit 14A (Twin \u00e9lectrique + CL5 + EKS) inclus  Note 2 : Direction \u00e9lectrique int\u00e9gr\u00e9e (DES) --&gt; Ne n\u00e9cessite pas de direction hydraulique.\" \/>\n<meta property=\"og:url\" content=\"https:\/\/www.atlanticraftboats.com\/en\/product\/yamaha-2f250-v6-pearl-white\/\" \/>\n<meta property=\"og:site_name\" content=\"AtlantiCraft\" \/>\n<meta property=\"article:publisher\" content=\"https:\/\/www.facebook.com\/AtlanticraftFrance\" \/>\n<meta property=\"article:modified_time\" content=\"2023-05-09T19:38:33+00:00\" \/>\n<meta property=\"og:image\" content=\"https:\/\/www.atlanticraftboats.com\/wp-content\/uploads\/2022\/07\/Double-2021-Yamaha-F250NCB-EU-Pearl_White-Studio-001-03.jpg\" \/>\n\t<meta property=\"og:image:width\" content=\"1105\" \/>\n\t<meta property=\"og:image:height\" content=\"1105\" \/>\n\t<meta property=\"og:image:type\" content=\"image\/jpeg\" \/>\n<meta name=\"twitter:card\" content=\"summary_large_image\" \/>\n<script type=\"application\/ld+json\" class=\"yoast-schema-graph\">{\"@context\":\"https:\\\/\\\/schema.org\",\"@graph\":[{\"@type\":\"WebPage\",\"@id\":\"https:\\\/\\\/www.atlanticraftboats.com\\\/produit\\\/yamaha-2f250-v6-pearl-white\\\/\",\"url\":\"https:\\\/\\\/www.atlanticraftboats.com\\\/produit\\\/yamaha-2f250-v6-pearl-white\\\/\",\"name\":\"Yamaha 2*F250NSB-2 V6 Pearl White (DES) - AtlantiCraft\",\"isPartOf\":{\"@id\":\"https:\\\/\\\/www.atlanticraftboats.com\\\/en\\\/#website\"},\"primaryImageOfPage\":{\"@id\":\"https:\\\/\\\/www.atlanticraftboats.com\\\/produit\\\/yamaha-2f250-v6-pearl-white\\\/#primaryimage\"},\"image\":{\"@id\":\"https:\\\/\\\/www.atlanticraftboats.com\\\/produit\\\/yamaha-2f250-v6-pearl-white\\\/#primaryimage\"},\"thumbnailUrl\":\"https:\\\/\\\/www.atlanticraftboats.com\\\/wp-content\\\/uploads\\\/2022\\\/07\\\/Double-2021-Yamaha-F250NCB-EU-Pearl_White-Studio-001-03.jpg\",\"datePublished\":\"2022-07-12T14:37:27+00:00\",\"dateModified\":\"2023-05-09T19:38:33+00:00\",\"breadcrumb\":{\"@id\":\"https:\\\/\\\/www.atlanticraftboats.com\\\/produit\\\/yamaha-2f250-v6-pearl-white\\\/#breadcrumb\"},\"inLanguage\":\"en-GB\",\"potentialAction\":[{\"@type\":\"ReadAction\",\"target\":[\"https:\\\/\\\/www.atlanticraftboats.com\\\/produit\\\/yamaha-2f250-v6-pearl-white\\\/\"]}]},{\"@type\":\"ImageObject\",\"inLanguage\":\"en-GB\",\"@id\":\"https:\\\/\\\/www.atlanticraftboats.com\\\/produit\\\/yamaha-2f250-v6-pearl-white\\\/#primaryimage\",\"url\":\"https:\\\/\\\/www.atlanticraftboats.com\\\/wp-content\\\/uploads\\\/2022\\\/07\\\/Double-2021-Yamaha-F250NCB-EU-Pearl_White-Studio-001-03.jpg\",\"contentUrl\":\"https:\\\/\\\/www.atlanticraftboats.com\\\/wp-content\\\/uploads\\\/2022\\\/07\\\/Double-2021-Yamaha-F250NCB-EU-Pearl_White-Studio-001-03.jpg\",\"width\":1105,\"height\":1105},{\"@type\":\"BreadcrumbList\",\"@id\":\"https:\\\/\\\/www.atlanticraftboats.com\\\/produit\\\/yamaha-2f250-v6-pearl-white\\\/#breadcrumb\",\"itemListElement\":[{\"@type\":\"ListItem\",\"position\":1,\"name\":\"Accueil\",\"item\":\"https:\\\/\\\/www.atlanticraftboats.com\\\/\"},{\"@type\":\"ListItem\",\"position\":2,\"name\":\"Les bateaux semi-rigides AtlantiCraft\",\"item\":\"https:\\\/\\\/www.atlanticraftboats.com\\\/bateaux-semi-rigide\\\/\"},{\"@type\":\"ListItem\",\"position\":3,\"name\":\"Yamaha 2*F250NSB-2 V6 Pearl White (DES)\"}]},{\"@type\":\"WebSite\",\"@id\":\"https:\\\/\\\/www.atlanticraftboats.com\\\/en\\\/#website\",\"url\":\"https:\\\/\\\/www.atlanticraftboats.com\\\/en\\\/\",\"name\":\"AtlantiCraft\",\"description\":\"Marque fran\u00e7aise de bateaux semi rigides en coque aluminium\",\"publisher\":{\"@id\":\"https:\\\/\\\/www.atlanticraftboats.com\\\/en\\\/#organization\"},\"potentialAction\":[{\"@type\":\"SearchAction\",\"target\":{\"@type\":\"EntryPoint\",\"urlTemplate\":\"https:\\\/\\\/www.atlanticraftboats.com\\\/en\\\/?s={search_term_string}\"},\"query-input\":{\"@type\":\"PropertyValueSpecification\",\"valueRequired\":true,\"valueName\":\"search_term_string\"}}],\"inLanguage\":\"en-GB\"},{\"@type\":\"Organization\",\"@id\":\"https:\\\/\\\/www.atlanticraftboats.com\\\/en\\\/#organization\",\"name\":\"Atlanticraft\",\"url\":\"https:\\\/\\\/www.atlanticraftboats.com\\\/en\\\/\",\"logo\":{\"@type\":\"ImageObject\",\"inLanguage\":\"en-GB\",\"@id\":\"https:\\\/\\\/www.atlanticraftboats.com\\\/en\\\/#\\\/schema\\\/logo\\\/image\\\/\",\"url\":\"https:\\\/\\\/www.atlanticraftboats.com\\\/wp-content\\\/uploads\\\/2022\\\/04\\\/logo-atlanticraft.svg\",\"contentUrl\":\"https:\\\/\\\/www.atlanticraftboats.com\\\/wp-content\\\/uploads\\\/2022\\\/04\\\/logo-atlanticraft.svg\",\"width\":215,\"height\":51,\"caption\":\"Atlanticraft\"},\"image\":{\"@id\":\"https:\\\/\\\/www.atlanticraftboats.com\\\/en\\\/#\\\/schema\\\/logo\\\/image\\\/\"},\"sameAs\":[\"https:\\\/\\\/www.facebook.com\\\/AtlanticraftFrance\",\"https:\\\/\\\/www.instagram.com\\\/atlanticraft_france\\\/\",\"https:\\\/\\\/www.linkedin.com\\\/company\\\/82927401\\\/admin\\\/dashboard\\\/\"]}]}<\/script>\n<!-- \/ Yoast SEO plugin. -->","yoast_head_json":{"title":"Yamaha 2*F250NSB-2 V6 Pearl White (DES) - AtlantiCraft","robots":{"index":"index","follow":"follow","max-snippet":"max-snippet:-1","max-image-preview":"max-image-preview:large","max-video-preview":"max-video-preview:-1"},"canonical":"https:\/\/www.atlanticraftboats.com\/en\/product\/yamaha-2f250-v6-pearl-white\/","og_locale":"en_GB","og_type":"article","og_title":"Yamaha 2*F250NSB-2 V6 Pearl White (DES) - AtlantiCraft","og_description":"Repousser les limites Les fonctionnalit\u00e9s de ce moteur hors-bord V6 de 250 ch, comme la direction \u00e9lectrique num\u00e9rique (Digital Electric Steering ou DES), la fonction TotalTilt exclusive \u00e0 Yamaha et le syst\u00e8me d\u2019\u00e9chappement invers\u00e9 am\u00e9liorant la pouss\u00e9e (TERE), viennent s'ajouter au nouveau look \u00e9poustouflant inspir\u00e9 du Yamaha XTO, le positionne clairement comme un moteur hors-bord Yamaha haut de gamme.  La direction \u00e9lectrique num\u00e9rique (Digital Electric Steering ou DES) est d\u00e9sormais int\u00e9gr\u00e9e de s\u00e9rie sur les moteurs V6 de 250\u00a0ch, \u00e9quip\u00e9s du \u00ab\u00a0Steer by Wire\u00a0\u00bb. La DES permet une navigation plus fluide et plus intuitive au niveau de la barre, tandis que tous les moteurs V6 de 250\u00a0ch non dot\u00e9s du syst\u00e8me SBW sont enti\u00e8rement compatibles avec la DES propos\u00e9e en option.  Note : Kit 14A (Twin \u00e9lectrique + CL5 + EKS) inclus  Note 2 : Direction \u00e9lectrique int\u00e9gr\u00e9e (DES) --&gt; Ne n\u00e9cessite pas de direction hydraulique.","og_url":"https:\/\/www.atlanticraftboats.com\/en\/product\/yamaha-2f250-v6-pearl-white\/","og_site_name":"AtlantiCraft","article_publisher":"https:\/\/www.facebook.com\/AtlanticraftFrance","article_modified_time":"2023-05-09T19:38:33+00:00","og_image":[{"width":1105,"height":1105,"url":"https:\/\/www.atlanticraftboats.com\/wp-content\/uploads\/2022\/07\/Double-2021-Yamaha-F250NCB-EU-Pearl_White-Studio-001-03.jpg","type":"image\/jpeg"}],"twitter_card":"summary_large_image","schema":{"@context":"https:\/\/schema.org","@graph":[{"@type":"WebPage","@id":"https:\/\/www.atlanticraftboats.com\/produit\/yamaha-2f250-v6-pearl-white\/","url":"https:\/\/www.atlanticraftboats.com\/produit\/yamaha-2f250-v6-pearl-white\/","name":"Yamaha 2*F250NSB-2 V6 Pearl White (DES) - AtlantiCraft","isPartOf":{"@id":"https:\/\/www.atlanticraftboats.com\/en\/#website"},"primaryImageOfPage":{"@id":"https:\/\/www.atlanticraftboats.com\/produit\/yamaha-2f250-v6-pearl-white\/#primaryimage"},"image":{"@id":"https:\/\/www.atlanticraftboats.com\/produit\/yamaha-2f250-v6-pearl-white\/#primaryimage"},"thumbnailUrl":"https:\/\/www.atlanticraftboats.com\/wp-content\/uploads\/2022\/07\/Double-2021-Yamaha-F250NCB-EU-Pearl_White-Studio-001-03.jpg","datePublished":"2022-07-12T14:37:27+00:00","dateModified":"2023-05-09T19:38:33+00:00","breadcrumb":{"@id":"https:\/\/www.atlanticraftboats.com\/produit\/yamaha-2f250-v6-pearl-white\/#breadcrumb"},"inLanguage":"en-GB","potentialAction":[{"@type":"ReadAction","target":["https:\/\/www.atlanticraftboats.com\/produit\/yamaha-2f250-v6-pearl-white\/"]}]},{"@type":"ImageObject","inLanguage":"en-GB","@id":"https:\/\/www.atlanticraftboats.com\/produit\/yamaha-2f250-v6-pearl-white\/#primaryimage","url":"https:\/\/www.atlanticraftboats.com\/wp-content\/uploads\/2022\/07\/Double-2021-Yamaha-F250NCB-EU-Pearl_White-Studio-001-03.jpg","contentUrl":"https:\/\/www.atlanticraftboats.com\/wp-content\/uploads\/2022\/07\/Double-2021-Yamaha-F250NCB-EU-Pearl_White-Studio-001-03.jpg","width":1105,"height":1105},{"@type":"BreadcrumbList","@id":"https:\/\/www.atlanticraftboats.com\/produit\/yamaha-2f250-v6-pearl-white\/#breadcrumb","itemListElement":[{"@type":"ListItem","position":1,"name":"Accueil","item":"https:\/\/www.atlanticraftboats.com\/"},{"@type":"ListItem","position":2,"name":"Les bateaux semi-rigides AtlantiCraft","item":"https:\/\/www.atlanticraftboats.com\/bateaux-semi-rigide\/"},{"@type":"ListItem","position":3,"name":"Yamaha 2*F250NSB-2 V6 Pearl White (DES)"}]},{"@type":"WebSite","@id":"https:\/\/www.atlanticraftboats.com\/en\/#website","url":"https:\/\/www.atlanticraftboats.com\/en\/","name":"AtlantiCraft","description":"French brand of semi-rigid boats with aluminum hulls","publisher":{"@id":"https:\/\/www.atlanticraftboats.com\/en\/#organization"},"potentialAction":[{"@type":"SearchAction","target":{"@type":"EntryPoint","urlTemplate":"https:\/\/www.atlanticraftboats.com\/en\/?s={search_term_string}"},"query-input":{"@type":"PropertyValueSpecification","valueRequired":true,"valueName":"search_term_string"}}],"inLanguage":"en-GB"},{"@type":"Organization","@id":"https:\/\/www.atlanticraftboats.com\/en\/#organization","name":"Atlanticraft","url":"https:\/\/www.atlanticraftboats.com\/en\/","logo":{"@type":"ImageObject","inLanguage":"en-GB","@id":"https:\/\/www.atlanticraftboats.com\/en\/#\/schema\/logo\/image\/","url":"https:\/\/www.atlanticraftboats.com\/wp-content\/uploads\/2022\/04\/logo-atlanticraft.svg","contentUrl":"https:\/\/www.atlanticraftboats.com\/wp-content\/uploads\/2022\/04\/logo-atlanticraft.svg","width":215,"height":51,"caption":"Atlanticraft"},"image":{"@id":"https:\/\/www.atlanticraftboats.com\/en\/#\/schema\/logo\/image\/"},"sameAs":["https:\/\/www.facebook.com\/AtlanticraftFrance","https:\/\/www.instagram.com\/atlanticraft_france\/","https:\/\/www.linkedin.com\/company\/82927401\/admin\/dashboard\/"]}]}},"jetpack_sharing_enabled":true,"_links":{"self":[{"href":"https:\/\/www.atlanticraftboats.com\/en\/wp-json\/wp\/v2\/product\/1598","targetHints":{"allow":["GET"]}}],"collection":[{"href":"https:\/\/www.atlanticraftboats.com\/en\/wp-json\/wp\/v2\/product"}],"about":[{"href":"https:\/\/www.atlanticraftboats.com\/en\/wp-json\/wp\/v2\/types\/product"}],"wp:featuredmedia":[{"embeddable":true,"href":"https:\/\/www.atlanticraftboats.com\/en\/wp-json\/wp\/v2\/media\/1590"}],"wp:attachment":[{"href":"https:\/\/www.atlanticraftboats.com\/en\/wp-json\/wp\/v2\/media?parent=1598"}],"wp:term":[{"taxonomy":"product_brand","embeddable":true,"href":"https:\/\/www.atlanticraftboats.com\/en\/wp-json\/wp\/v2\/product_brand?post=1598"},{"taxonomy":"product_cat","embeddable":true,"href":"https:\/\/www.atlanticraftboats.com\/en\/wp-json\/wp\/v2\/product_cat?post=1598"},{"taxonomy":"product_tag","embeddable":true,"href":"https:\/\/www.atlanticraftboats.com\/en\/wp-json\/wp\/v2\/product_tag?post=1598"}],"curies":[{"name":"wp","href":"https:\/\/api.w.org\/{rel}","templated":true}]}}