{"id":1790,"date":"2022-08-01T15:55:42","date_gmt":"2022-08-01T13:55:42","guid":{"rendered":"https:\/\/www.atlanticraft.fr\/?post_type=product&#038;p=1790"},"modified":"2025-09-16T15:09:28","modified_gmt":"2025-09-16T13:09:28","slug":"mercury-6-hp-fourstroke","status":"publish","type":"product","link":"https:\/\/www.atlanticraftboats.com\/en\/product\/mercury-6-hp-fourstroke\/","title":{"rendered":"Mercury 6 HP FourStroke"},"content":{"rendered":"","protected":false},"excerpt":{"rendered":"<h3><strong>THE BEST-SELLING ENGINE IN FRANCE<\/strong><\/h3>\n<p>. <strong>Light.<\/strong> Weighing only 25kg, it is easy to lift and transport. It is one of the lightest in its class.<br \/>\n. <strong>Silent.<\/strong> Underwater propeller exhaust for quiet operation.<br \/>\n. <strong>Design.<\/strong> A larger handle for easier portability. Built to the same exacting quality standards as all Mercury engines.<br \/>\n. <strong>Multifunction tiller.<\/strong> 11 cm longer for ease of use and maneuverability on board small boats or sailboats.<br \/>\n. <strong>Easy to get started.<\/strong> Automatic decompression to release cylinder pressure to reduce the pulling force required to start the engine.<br \/>\n. <strong>Shallow water.<\/strong> Multiple trim positions improve performance and allow easy use in shallow water.<br \/>\n. <strong>Integrated or external tank.<\/strong> Integrated tank with vent, shut-off valve, and cap on top of the hood. Optional external tank for further storage.<br \/>\n. <strong>Guarantee.<\/strong> Extension up to 5 years.<\/p>","protected":false},"featured_media":1756,"template":"","meta":{"inline_featured_image":false},"product_brand":[],"product_cat":[28],"product_tag":[],"class_list":{"0":"post-1790","1":"product","2":"type-product","3":"status-publish","4":"has-post-thumbnail","6":"product_cat-moteurs","8":"first","9":"instock","10":"taxable","11":"shipping-taxable","12":"purchasable","13":"product-type-simple"},"yoast_head":"<!-- This site is optimized with the Yoast SEO plugin v27.3 - https:\/\/yoast.com\/product\/yoast-seo-wordpress\/ -->\n<title>Mercury 6 HP FourStroke - AtlantiCraft<\/title>\n<meta name=\"robots\" content=\"index, follow, max-snippet:-1, max-image-preview:large, max-video-preview:-1\" \/>\n<link rel=\"canonical\" href=\"https:\/\/www.atlanticraftboats.com\/en\/product\/mercury-6-hp-fourstroke\/\" \/>\n<meta property=\"og:locale\" content=\"en_GB\" \/>\n<meta property=\"og:type\" content=\"article\" \/>\n<meta property=\"og:title\" content=\"Mercury 6 HP FourStroke - AtlantiCraft\" \/>\n<meta property=\"og:description\" content=\"LE MOTEUR LE PLUS VENDU EN FRANCE . L\u00e9ger. Ne pesant que seulement que 25kg, il est facile \u00e0 soulever et \u00e0 transporter. Il fait partie des plus l\u00e9gers dans sa cat\u00e9gorie. . Silencieux. L\u2019\u00e9chappement par l\u2019h\u00e9lice sous l\u2019eau pour un fonctionnement en silence. . Design. Une plus grande poign\u00e9e pour faciliter la portabilit\u00e9. Con\u00e7u selon les m\u00eames normes de qualit\u00e9 rigoureuses que l\u2019ensemble des moteurs Mercury. . Barre franche multifonction. Plus longue de 11 cm pour faciliter l&#039;utilisation et la man\u0153uvrabilit\u00e9 \u00e0 bord de petits bateaux ou des voiliers. . Facile \u00e0 d\u00e9marrer. D\u00e9compression automatique pour \u00e9vacuer la pression du cylindre pour r\u00e9duire la force de traction requise pour d\u00e9marrer le moteur. . Eau peu profonde. Plusieurs positions de trim am\u00e9liorent les performances et permettent une utilisation ais\u00e9e en eau peu profonde. . R\u00e9servoir int\u00e9gr\u00e9 ou externe. R\u00e9servoir int\u00e9gr\u00e9 avec mise \u00e0 l\u2019air libre, vanne d\u2019arr\u00eat et bouchon sur le dessus du capot. En option, r\u00e9servoir externe pour aller plus loin. . Garantie. Extension jusqu\u2019\u00e0 5 ans.\" \/>\n<meta property=\"og:url\" content=\"https:\/\/www.atlanticraftboats.com\/en\/product\/mercury-6-hp-fourstroke\/\" \/>\n<meta property=\"og:site_name\" content=\"AtlantiCraft\" \/>\n<meta property=\"article:publisher\" content=\"https:\/\/www.facebook.com\/AtlanticraftFrance\" \/>\n<meta property=\"article:modified_time\" content=\"2025-09-16T13:09:28+00:00\" \/>\n<meta property=\"og:image\" content=\"https:\/\/www.atlanticraftboats.com\/wp-content\/uploads\/2022\/08\/Mercury_6HP_Diagonal_FourStroke.jpg\" \/>\n\t<meta property=\"og:image:width\" content=\"1000\" \/>\n\t<meta property=\"og:image:height\" content=\"1000\" \/>\n\t<meta property=\"og:image:type\" content=\"image\/jpeg\" \/>\n<meta name=\"twitter:card\" content=\"summary_large_image\" \/>\n<script type=\"application\/ld+json\" class=\"yoast-schema-graph\">{\"@context\":\"https:\\\/\\\/schema.org\",\"@graph\":[{\"@type\":\"WebPage\",\"@id\":\"https:\\\/\\\/www.atlanticraftboats.com\\\/produit\\\/mercury-6-hp-fourstroke\\\/\",\"url\":\"https:\\\/\\\/www.atlanticraftboats.com\\\/produit\\\/mercury-6-hp-fourstroke\\\/\",\"name\":\"Mercury 6 HP FourStroke - AtlantiCraft\",\"isPartOf\":{\"@id\":\"https:\\\/\\\/www.atlanticraftboats.com\\\/en\\\/#website\"},\"primaryImageOfPage\":{\"@id\":\"https:\\\/\\\/www.atlanticraftboats.com\\\/produit\\\/mercury-6-hp-fourstroke\\\/#primaryimage\"},\"image\":{\"@id\":\"https:\\\/\\\/www.atlanticraftboats.com\\\/produit\\\/mercury-6-hp-fourstroke\\\/#primaryimage\"},\"thumbnailUrl\":\"https:\\\/\\\/www.atlanticraftboats.com\\\/wp-content\\\/uploads\\\/2022\\\/08\\\/Mercury_6HP_Diagonal_FourStroke.jpg\",\"datePublished\":\"2022-08-01T13:55:42+00:00\",\"dateModified\":\"2025-09-16T13:09:28+00:00\",\"breadcrumb\":{\"@id\":\"https:\\\/\\\/www.atlanticraftboats.com\\\/produit\\\/mercury-6-hp-fourstroke\\\/#breadcrumb\"},\"inLanguage\":\"en-GB\",\"potentialAction\":[{\"@type\":\"ReadAction\",\"target\":[\"https:\\\/\\\/www.atlanticraftboats.com\\\/produit\\\/mercury-6-hp-fourstroke\\\/\"]}]},{\"@type\":\"ImageObject\",\"inLanguage\":\"en-GB\",\"@id\":\"https:\\\/\\\/www.atlanticraftboats.com\\\/produit\\\/mercury-6-hp-fourstroke\\\/#primaryimage\",\"url\":\"https:\\\/\\\/www.atlanticraftboats.com\\\/wp-content\\\/uploads\\\/2022\\\/08\\\/Mercury_6HP_Diagonal_FourStroke.jpg\",\"contentUrl\":\"https:\\\/\\\/www.atlanticraftboats.com\\\/wp-content\\\/uploads\\\/2022\\\/08\\\/Mercury_6HP_Diagonal_FourStroke.jpg\",\"width\":1000,\"height\":1000},{\"@type\":\"BreadcrumbList\",\"@id\":\"https:\\\/\\\/www.atlanticraftboats.com\\\/produit\\\/mercury-6-hp-fourstroke\\\/#breadcrumb\",\"itemListElement\":[{\"@type\":\"ListItem\",\"position\":1,\"name\":\"Accueil\",\"item\":\"https:\\\/\\\/www.atlanticraftboats.com\\\/\"},{\"@type\":\"ListItem\",\"position\":2,\"name\":\"Les bateaux semi-rigides AtlantiCraft\",\"item\":\"https:\\\/\\\/www.atlanticraftboats.com\\\/bateaux-semi-rigide\\\/\"},{\"@type\":\"ListItem\",\"position\":3,\"name\":\"Mercury 6 HP FourStroke\"}]},{\"@type\":\"WebSite\",\"@id\":\"https:\\\/\\\/www.atlanticraftboats.com\\\/en\\\/#website\",\"url\":\"https:\\\/\\\/www.atlanticraftboats.com\\\/en\\\/\",\"name\":\"AtlantiCraft\",\"description\":\"Marque fran\u00e7aise de bateaux semi rigides en coque aluminium\",\"publisher\":{\"@id\":\"https:\\\/\\\/www.atlanticraftboats.com\\\/en\\\/#organization\"},\"potentialAction\":[{\"@type\":\"SearchAction\",\"target\":{\"@type\":\"EntryPoint\",\"urlTemplate\":\"https:\\\/\\\/www.atlanticraftboats.com\\\/en\\\/?s={search_term_string}\"},\"query-input\":{\"@type\":\"PropertyValueSpecification\",\"valueRequired\":true,\"valueName\":\"search_term_string\"}}],\"inLanguage\":\"en-GB\"},{\"@type\":\"Organization\",\"@id\":\"https:\\\/\\\/www.atlanticraftboats.com\\\/en\\\/#organization\",\"name\":\"Atlanticraft\",\"url\":\"https:\\\/\\\/www.atlanticraftboats.com\\\/en\\\/\",\"logo\":{\"@type\":\"ImageObject\",\"inLanguage\":\"en-GB\",\"@id\":\"https:\\\/\\\/www.atlanticraftboats.com\\\/en\\\/#\\\/schema\\\/logo\\\/image\\\/\",\"url\":\"https:\\\/\\\/www.atlanticraftboats.com\\\/wp-content\\\/uploads\\\/2022\\\/04\\\/logo-atlanticraft.svg\",\"contentUrl\":\"https:\\\/\\\/www.atlanticraftboats.com\\\/wp-content\\\/uploads\\\/2022\\\/04\\\/logo-atlanticraft.svg\",\"width\":215,\"height\":51,\"caption\":\"Atlanticraft\"},\"image\":{\"@id\":\"https:\\\/\\\/www.atlanticraftboats.com\\\/en\\\/#\\\/schema\\\/logo\\\/image\\\/\"},\"sameAs\":[\"https:\\\/\\\/www.facebook.com\\\/AtlanticraftFrance\",\"https:\\\/\\\/www.instagram.com\\\/atlanticraft_france\\\/\",\"https:\\\/\\\/www.linkedin.com\\\/company\\\/82927401\\\/admin\\\/dashboard\\\/\"]}]}<\/script>\n<!-- \/ Yoast SEO plugin. -->","yoast_head_json":{"title":"Mercury 6 HP FourStroke - AtlantiCraft","robots":{"index":"index","follow":"follow","max-snippet":"max-snippet:-1","max-image-preview":"max-image-preview:large","max-video-preview":"max-video-preview:-1"},"canonical":"https:\/\/www.atlanticraftboats.com\/en\/product\/mercury-6-hp-fourstroke\/","og_locale":"en_GB","og_type":"article","og_title":"Mercury 6 HP FourStroke - AtlantiCraft","og_description":"LE MOTEUR LE PLUS VENDU EN FRANCE . L\u00e9ger. Ne pesant que seulement que 25kg, il est facile \u00e0 soulever et \u00e0 transporter. Il fait partie des plus l\u00e9gers dans sa cat\u00e9gorie. . Silencieux. L\u2019\u00e9chappement par l\u2019h\u00e9lice sous l\u2019eau pour un fonctionnement en silence. . Design. Une plus grande poign\u00e9e pour faciliter la portabilit\u00e9. Con\u00e7u selon les m\u00eames normes de qualit\u00e9 rigoureuses que l\u2019ensemble des moteurs Mercury. . Barre franche multifonction. Plus longue de 11 cm pour faciliter l'utilisation et la man\u0153uvrabilit\u00e9 \u00e0 bord de petits bateaux ou des voiliers. . Facile \u00e0 d\u00e9marrer. D\u00e9compression automatique pour \u00e9vacuer la pression du cylindre pour r\u00e9duire la force de traction requise pour d\u00e9marrer le moteur. . Eau peu profonde. Plusieurs positions de trim am\u00e9liorent les performances et permettent une utilisation ais\u00e9e en eau peu profonde. . R\u00e9servoir int\u00e9gr\u00e9 ou externe. R\u00e9servoir int\u00e9gr\u00e9 avec mise \u00e0 l\u2019air libre, vanne d\u2019arr\u00eat et bouchon sur le dessus du capot. En option, r\u00e9servoir externe pour aller plus loin. . Garantie. Extension jusqu\u2019\u00e0 5 ans.","og_url":"https:\/\/www.atlanticraftboats.com\/en\/product\/mercury-6-hp-fourstroke\/","og_site_name":"AtlantiCraft","article_publisher":"https:\/\/www.facebook.com\/AtlanticraftFrance","article_modified_time":"2025-09-16T13:09:28+00:00","og_image":[{"width":1000,"height":1000,"url":"https:\/\/www.atlanticraftboats.com\/wp-content\/uploads\/2022\/08\/Mercury_6HP_Diagonal_FourStroke.jpg","type":"image\/jpeg"}],"twitter_card":"summary_large_image","schema":{"@context":"https:\/\/schema.org","@graph":[{"@type":"WebPage","@id":"https:\/\/www.atlanticraftboats.com\/produit\/mercury-6-hp-fourstroke\/","url":"https:\/\/www.atlanticraftboats.com\/produit\/mercury-6-hp-fourstroke\/","name":"Mercury 6 HP FourStroke - AtlantiCraft","isPartOf":{"@id":"https:\/\/www.atlanticraftboats.com\/en\/#website"},"primaryImageOfPage":{"@id":"https:\/\/www.atlanticraftboats.com\/produit\/mercury-6-hp-fourstroke\/#primaryimage"},"image":{"@id":"https:\/\/www.atlanticraftboats.com\/produit\/mercury-6-hp-fourstroke\/#primaryimage"},"thumbnailUrl":"https:\/\/www.atlanticraftboats.com\/wp-content\/uploads\/2022\/08\/Mercury_6HP_Diagonal_FourStroke.jpg","datePublished":"2022-08-01T13:55:42+00:00","dateModified":"2025-09-16T13:09:28+00:00","breadcrumb":{"@id":"https:\/\/www.atlanticraftboats.com\/produit\/mercury-6-hp-fourstroke\/#breadcrumb"},"inLanguage":"en-GB","potentialAction":[{"@type":"ReadAction","target":["https:\/\/www.atlanticraftboats.com\/produit\/mercury-6-hp-fourstroke\/"]}]},{"@type":"ImageObject","inLanguage":"en-GB","@id":"https:\/\/www.atlanticraftboats.com\/produit\/mercury-6-hp-fourstroke\/#primaryimage","url":"https:\/\/www.atlanticraftboats.com\/wp-content\/uploads\/2022\/08\/Mercury_6HP_Diagonal_FourStroke.jpg","contentUrl":"https:\/\/www.atlanticraftboats.com\/wp-content\/uploads\/2022\/08\/Mercury_6HP_Diagonal_FourStroke.jpg","width":1000,"height":1000},{"@type":"BreadcrumbList","@id":"https:\/\/www.atlanticraftboats.com\/produit\/mercury-6-hp-fourstroke\/#breadcrumb","itemListElement":[{"@type":"ListItem","position":1,"name":"Accueil","item":"https:\/\/www.atlanticraftboats.com\/"},{"@type":"ListItem","position":2,"name":"Les bateaux semi-rigides AtlantiCraft","item":"https:\/\/www.atlanticraftboats.com\/bateaux-semi-rigide\/"},{"@type":"ListItem","position":3,"name":"Mercury 6 HP FourStroke"}]},{"@type":"WebSite","@id":"https:\/\/www.atlanticraftboats.com\/en\/#website","url":"https:\/\/www.atlanticraftboats.com\/en\/","name":"AtlantiCraft","description":"French brand of semi-rigid boats with aluminum hulls","publisher":{"@id":"https:\/\/www.atlanticraftboats.com\/en\/#organization"},"potentialAction":[{"@type":"SearchAction","target":{"@type":"EntryPoint","urlTemplate":"https:\/\/www.atlanticraftboats.com\/en\/?s={search_term_string}"},"query-input":{"@type":"PropertyValueSpecification","valueRequired":true,"valueName":"search_term_string"}}],"inLanguage":"en-GB"},{"@type":"Organization","@id":"https:\/\/www.atlanticraftboats.com\/en\/#organization","name":"Atlanticraft","url":"https:\/\/www.atlanticraftboats.com\/en\/","logo":{"@type":"ImageObject","inLanguage":"en-GB","@id":"https:\/\/www.atlanticraftboats.com\/en\/#\/schema\/logo\/image\/","url":"https:\/\/www.atlanticraftboats.com\/wp-content\/uploads\/2022\/04\/logo-atlanticraft.svg","contentUrl":"https:\/\/www.atlanticraftboats.com\/wp-content\/uploads\/2022\/04\/logo-atlanticraft.svg","width":215,"height":51,"caption":"Atlanticraft"},"image":{"@id":"https:\/\/www.atlanticraftboats.com\/en\/#\/schema\/logo\/image\/"},"sameAs":["https:\/\/www.facebook.com\/AtlanticraftFrance","https:\/\/www.instagram.com\/atlanticraft_france\/","https:\/\/www.linkedin.com\/company\/82927401\/admin\/dashboard\/"]}]}},"jetpack_sharing_enabled":true,"_links":{"self":[{"href":"https:\/\/www.atlanticraftboats.com\/en\/wp-json\/wp\/v2\/product\/1790","targetHints":{"allow":["GET"]}}],"collection":[{"href":"https:\/\/www.atlanticraftboats.com\/en\/wp-json\/wp\/v2\/product"}],"about":[{"href":"https:\/\/www.atlanticraftboats.com\/en\/wp-json\/wp\/v2\/types\/product"}],"wp:featuredmedia":[{"embeddable":true,"href":"https:\/\/www.atlanticraftboats.com\/en\/wp-json\/wp\/v2\/media\/1756"}],"wp:attachment":[{"href":"https:\/\/www.atlanticraftboats.com\/en\/wp-json\/wp\/v2\/media?parent=1790"}],"wp:term":[{"taxonomy":"product_brand","embeddable":true,"href":"https:\/\/www.atlanticraftboats.com\/en\/wp-json\/wp\/v2\/product_brand?post=1790"},{"taxonomy":"product_cat","embeddable":true,"href":"https:\/\/www.atlanticraftboats.com\/en\/wp-json\/wp\/v2\/product_cat?post=1790"},{"taxonomy":"product_tag","embeddable":true,"href":"https:\/\/www.atlanticraftboats.com\/en\/wp-json\/wp\/v2\/product_tag?post=1790"}],"curies":[{"name":"wp","href":"https:\/\/api.w.org\/{rel}","templated":true}]}}