{"id":1793,"date":"2022-08-01T16:10:59","date_gmt":"2022-08-01T14:10:59","guid":{"rendered":"https:\/\/www.atlanticraft.fr\/?post_type=product&#038;p=1793"},"modified":"2025-09-16T15:39:47","modified_gmt":"2025-09-16T13:39:47","slug":"mercury-15-hp-fourstroke-efi","status":"publish","type":"product","link":"https:\/\/www.atlanticraftboats.com\/en\/product\/mercury-15-hp-fourstroke-efi\/","title":{"rendered":"Mercury 15 HP FourStroke EFI"},"content":{"rendered":"","protected":false},"excerpt":{"rendered":"<h3><strong>HE SETS THE BAR VERY HIGH<\/strong><\/h3>\n<p>.<strong> Electronic Fuel Injection (EFI).<\/strong> For greater reliability. Ensures fast and reliable starts, immediate recovery and better overall performance.<br \/>\n. <strong>Revolutionary tiller.<\/strong> Ambidextrous and ergonomic handle allows you to accelerate in the direction that is most comfortable for you. Adjustable, this multi-function tiller allows you to control gear changes, steering, stopping, tilting and acceleration with one hand, with friction adjustment.<br \/>\n.<strong> Light.<\/strong> An important criterion in this category, this engine has an ultra-light weight of only 45 kg, which makes it one of the lightest on the market.<br \/>\n. <strong>Easy maintenance.<\/strong> Clean, no-loss oil change system, freshwater flush, water-separating fuel filter and under-hood service guide.<br \/>\n. <strong>Guarantee.<\/strong> Extension up to 5 years.<\/p>","protected":false},"featured_media":1759,"template":"","meta":{"inline_featured_image":false},"product_brand":[],"product_cat":[28],"product_tag":[],"class_list":{"0":"post-1793","1":"product","2":"type-product","3":"status-publish","4":"has-post-thumbnail","6":"product_cat-moteurs","8":"first","9":"instock","10":"taxable","11":"shipping-taxable","12":"purchasable","13":"product-type-simple"},"yoast_head":"<!-- This site is optimized with the Yoast SEO plugin v27.3 - https:\/\/yoast.com\/product\/yoast-seo-wordpress\/ -->\n<title>Mercury 15 HP FourStroke EFI - AtlantiCraft<\/title>\n<meta name=\"robots\" content=\"index, follow, max-snippet:-1, max-image-preview:large, max-video-preview:-1\" \/>\n<link rel=\"canonical\" href=\"https:\/\/www.atlanticraftboats.com\/en\/product\/mercury-15-hp-fourstroke-efi\/\" \/>\n<meta property=\"og:locale\" content=\"en_GB\" \/>\n<meta property=\"og:type\" content=\"article\" \/>\n<meta property=\"og:title\" content=\"Mercury 15 HP FourStroke EFI - AtlantiCraft\" \/>\n<meta property=\"og:description\" content=\"IL MET LA BARRE TR\u00c8S HAUT . Injection \u00e9lectronique de carburant (EFI). Pour une plus grande fiabilit\u00e9. Assure des d\u00e9marrages rapides et fiables, des reprises imm\u00e9diates et de meilleures performances globales. . Barre franche r\u00e9volutionnaire. Poign\u00e9e ambidextre et ergonomique permettant d\u2019acc\u00e9l\u00e9rer dans le sens qui vous parait le plus confortable. R\u00e9glable, cette barre franche multifonctions permet de contr\u00f4ler d\u2019une seule main le passage des vitesses, la direction, l\u2019arr\u00eat, l\u2019inclinaison et l\u2019acc\u00e9l\u00e9ration avec le r\u00e9glage de la friction. . L\u00e9ger. Crit\u00e8re important dans cette cat\u00e9gorie, ce moteur affiche un poids ultra l\u00e9ger de seulement 45 kg qui lui permet de faire partie des plus l\u00e9gers du march\u00e9. . Entretien facile. Syst\u00e8me de changement d\u2019huile propre, sans perte, dispositif de rin\u00e7age eau douce, filtre \u00e0 carburant \u00e0 s\u00e9parateur d\u2019eau et guide entretien sous le capot. . Garantie. Extension jusqu\u2019\u00e0 5 ans.\" \/>\n<meta property=\"og:url\" content=\"https:\/\/www.atlanticraftboats.com\/en\/product\/mercury-15-hp-fourstroke-efi\/\" \/>\n<meta property=\"og:site_name\" content=\"AtlantiCraft\" \/>\n<meta property=\"article:publisher\" content=\"https:\/\/www.facebook.com\/AtlanticraftFrance\" \/>\n<meta property=\"article:modified_time\" content=\"2025-09-16T13:39:47+00:00\" \/>\n<meta property=\"og:image\" content=\"https:\/\/www.atlanticraftboats.com\/wp-content\/uploads\/2022\/08\/Mercury_15HP_Diagonal_FourStroke.jpg\" \/>\n\t<meta property=\"og:image:width\" content=\"1000\" \/>\n\t<meta property=\"og:image:height\" content=\"1000\" \/>\n\t<meta property=\"og:image:type\" content=\"image\/jpeg\" \/>\n<meta name=\"twitter:card\" content=\"summary_large_image\" \/>\n<script type=\"application\/ld+json\" class=\"yoast-schema-graph\">{\"@context\":\"https:\\\/\\\/schema.org\",\"@graph\":[{\"@type\":\"WebPage\",\"@id\":\"https:\\\/\\\/www.atlanticraftboats.com\\\/produit\\\/mercury-15-hp-fourstroke-efi\\\/\",\"url\":\"https:\\\/\\\/www.atlanticraftboats.com\\\/produit\\\/mercury-15-hp-fourstroke-efi\\\/\",\"name\":\"Mercury 15 HP FourStroke EFI - AtlantiCraft\",\"isPartOf\":{\"@id\":\"https:\\\/\\\/www.atlanticraftboats.com\\\/en\\\/#website\"},\"primaryImageOfPage\":{\"@id\":\"https:\\\/\\\/www.atlanticraftboats.com\\\/produit\\\/mercury-15-hp-fourstroke-efi\\\/#primaryimage\"},\"image\":{\"@id\":\"https:\\\/\\\/www.atlanticraftboats.com\\\/produit\\\/mercury-15-hp-fourstroke-efi\\\/#primaryimage\"},\"thumbnailUrl\":\"https:\\\/\\\/www.atlanticraftboats.com\\\/wp-content\\\/uploads\\\/2022\\\/08\\\/Mercury_15HP_Diagonal_FourStroke.jpg\",\"datePublished\":\"2022-08-01T14:10:59+00:00\",\"dateModified\":\"2025-09-16T13:39:47+00:00\",\"breadcrumb\":{\"@id\":\"https:\\\/\\\/www.atlanticraftboats.com\\\/produit\\\/mercury-15-hp-fourstroke-efi\\\/#breadcrumb\"},\"inLanguage\":\"en-GB\",\"potentialAction\":[{\"@type\":\"ReadAction\",\"target\":[\"https:\\\/\\\/www.atlanticraftboats.com\\\/produit\\\/mercury-15-hp-fourstroke-efi\\\/\"]}]},{\"@type\":\"ImageObject\",\"inLanguage\":\"en-GB\",\"@id\":\"https:\\\/\\\/www.atlanticraftboats.com\\\/produit\\\/mercury-15-hp-fourstroke-efi\\\/#primaryimage\",\"url\":\"https:\\\/\\\/www.atlanticraftboats.com\\\/wp-content\\\/uploads\\\/2022\\\/08\\\/Mercury_15HP_Diagonal_FourStroke.jpg\",\"contentUrl\":\"https:\\\/\\\/www.atlanticraftboats.com\\\/wp-content\\\/uploads\\\/2022\\\/08\\\/Mercury_15HP_Diagonal_FourStroke.jpg\",\"width\":1000,\"height\":1000},{\"@type\":\"BreadcrumbList\",\"@id\":\"https:\\\/\\\/www.atlanticraftboats.com\\\/produit\\\/mercury-15-hp-fourstroke-efi\\\/#breadcrumb\",\"itemListElement\":[{\"@type\":\"ListItem\",\"position\":1,\"name\":\"Accueil\",\"item\":\"https:\\\/\\\/www.atlanticraftboats.com\\\/\"},{\"@type\":\"ListItem\",\"position\":2,\"name\":\"Les bateaux semi-rigides AtlantiCraft\",\"item\":\"https:\\\/\\\/www.atlanticraftboats.com\\\/bateaux-semi-rigide\\\/\"},{\"@type\":\"ListItem\",\"position\":3,\"name\":\"Mercury 15 HP FourStroke EFI\"}]},{\"@type\":\"WebSite\",\"@id\":\"https:\\\/\\\/www.atlanticraftboats.com\\\/en\\\/#website\",\"url\":\"https:\\\/\\\/www.atlanticraftboats.com\\\/en\\\/\",\"name\":\"AtlantiCraft\",\"description\":\"Marque fran\u00e7aise de bateaux semi rigides en coque aluminium\",\"publisher\":{\"@id\":\"https:\\\/\\\/www.atlanticraftboats.com\\\/en\\\/#organization\"},\"potentialAction\":[{\"@type\":\"SearchAction\",\"target\":{\"@type\":\"EntryPoint\",\"urlTemplate\":\"https:\\\/\\\/www.atlanticraftboats.com\\\/en\\\/?s={search_term_string}\"},\"query-input\":{\"@type\":\"PropertyValueSpecification\",\"valueRequired\":true,\"valueName\":\"search_term_string\"}}],\"inLanguage\":\"en-GB\"},{\"@type\":\"Organization\",\"@id\":\"https:\\\/\\\/www.atlanticraftboats.com\\\/en\\\/#organization\",\"name\":\"Atlanticraft\",\"url\":\"https:\\\/\\\/www.atlanticraftboats.com\\\/en\\\/\",\"logo\":{\"@type\":\"ImageObject\",\"inLanguage\":\"en-GB\",\"@id\":\"https:\\\/\\\/www.atlanticraftboats.com\\\/en\\\/#\\\/schema\\\/logo\\\/image\\\/\",\"url\":\"https:\\\/\\\/www.atlanticraftboats.com\\\/wp-content\\\/uploads\\\/2022\\\/04\\\/logo-atlanticraft.svg\",\"contentUrl\":\"https:\\\/\\\/www.atlanticraftboats.com\\\/wp-content\\\/uploads\\\/2022\\\/04\\\/logo-atlanticraft.svg\",\"width\":215,\"height\":51,\"caption\":\"Atlanticraft\"},\"image\":{\"@id\":\"https:\\\/\\\/www.atlanticraftboats.com\\\/en\\\/#\\\/schema\\\/logo\\\/image\\\/\"},\"sameAs\":[\"https:\\\/\\\/www.facebook.com\\\/AtlanticraftFrance\",\"https:\\\/\\\/www.instagram.com\\\/atlanticraft_france\\\/\",\"https:\\\/\\\/www.linkedin.com\\\/company\\\/82927401\\\/admin\\\/dashboard\\\/\"]}]}<\/script>\n<!-- \/ Yoast SEO plugin. -->","yoast_head_json":{"title":"Mercury 15 HP FourStroke EFI - AtlantiCraft","robots":{"index":"index","follow":"follow","max-snippet":"max-snippet:-1","max-image-preview":"max-image-preview:large","max-video-preview":"max-video-preview:-1"},"canonical":"https:\/\/www.atlanticraftboats.com\/en\/product\/mercury-15-hp-fourstroke-efi\/","og_locale":"en_GB","og_type":"article","og_title":"Mercury 15 HP FourStroke EFI - AtlantiCraft","og_description":"IL MET LA BARRE TR\u00c8S HAUT . Injection \u00e9lectronique de carburant (EFI). Pour une plus grande fiabilit\u00e9. Assure des d\u00e9marrages rapides et fiables, des reprises imm\u00e9diates et de meilleures performances globales. . Barre franche r\u00e9volutionnaire. Poign\u00e9e ambidextre et ergonomique permettant d\u2019acc\u00e9l\u00e9rer dans le sens qui vous parait le plus confortable. R\u00e9glable, cette barre franche multifonctions permet de contr\u00f4ler d\u2019une seule main le passage des vitesses, la direction, l\u2019arr\u00eat, l\u2019inclinaison et l\u2019acc\u00e9l\u00e9ration avec le r\u00e9glage de la friction. . L\u00e9ger. Crit\u00e8re important dans cette cat\u00e9gorie, ce moteur affiche un poids ultra l\u00e9ger de seulement 45 kg qui lui permet de faire partie des plus l\u00e9gers du march\u00e9. . Entretien facile. Syst\u00e8me de changement d\u2019huile propre, sans perte, dispositif de rin\u00e7age eau douce, filtre \u00e0 carburant \u00e0 s\u00e9parateur d\u2019eau et guide entretien sous le capot. . Garantie. Extension jusqu\u2019\u00e0 5 ans.","og_url":"https:\/\/www.atlanticraftboats.com\/en\/product\/mercury-15-hp-fourstroke-efi\/","og_site_name":"AtlantiCraft","article_publisher":"https:\/\/www.facebook.com\/AtlanticraftFrance","article_modified_time":"2025-09-16T13:39:47+00:00","og_image":[{"width":1000,"height":1000,"url":"https:\/\/www.atlanticraftboats.com\/wp-content\/uploads\/2022\/08\/Mercury_15HP_Diagonal_FourStroke.jpg","type":"image\/jpeg"}],"twitter_card":"summary_large_image","schema":{"@context":"https:\/\/schema.org","@graph":[{"@type":"WebPage","@id":"https:\/\/www.atlanticraftboats.com\/produit\/mercury-15-hp-fourstroke-efi\/","url":"https:\/\/www.atlanticraftboats.com\/produit\/mercury-15-hp-fourstroke-efi\/","name":"Mercury 15 HP FourStroke EFI - AtlantiCraft","isPartOf":{"@id":"https:\/\/www.atlanticraftboats.com\/en\/#website"},"primaryImageOfPage":{"@id":"https:\/\/www.atlanticraftboats.com\/produit\/mercury-15-hp-fourstroke-efi\/#primaryimage"},"image":{"@id":"https:\/\/www.atlanticraftboats.com\/produit\/mercury-15-hp-fourstroke-efi\/#primaryimage"},"thumbnailUrl":"https:\/\/www.atlanticraftboats.com\/wp-content\/uploads\/2022\/08\/Mercury_15HP_Diagonal_FourStroke.jpg","datePublished":"2022-08-01T14:10:59+00:00","dateModified":"2025-09-16T13:39:47+00:00","breadcrumb":{"@id":"https:\/\/www.atlanticraftboats.com\/produit\/mercury-15-hp-fourstroke-efi\/#breadcrumb"},"inLanguage":"en-GB","potentialAction":[{"@type":"ReadAction","target":["https:\/\/www.atlanticraftboats.com\/produit\/mercury-15-hp-fourstroke-efi\/"]}]},{"@type":"ImageObject","inLanguage":"en-GB","@id":"https:\/\/www.atlanticraftboats.com\/produit\/mercury-15-hp-fourstroke-efi\/#primaryimage","url":"https:\/\/www.atlanticraftboats.com\/wp-content\/uploads\/2022\/08\/Mercury_15HP_Diagonal_FourStroke.jpg","contentUrl":"https:\/\/www.atlanticraftboats.com\/wp-content\/uploads\/2022\/08\/Mercury_15HP_Diagonal_FourStroke.jpg","width":1000,"height":1000},{"@type":"BreadcrumbList","@id":"https:\/\/www.atlanticraftboats.com\/produit\/mercury-15-hp-fourstroke-efi\/#breadcrumb","itemListElement":[{"@type":"ListItem","position":1,"name":"Accueil","item":"https:\/\/www.atlanticraftboats.com\/"},{"@type":"ListItem","position":2,"name":"Les bateaux semi-rigides AtlantiCraft","item":"https:\/\/www.atlanticraftboats.com\/bateaux-semi-rigide\/"},{"@type":"ListItem","position":3,"name":"Mercury 15 HP FourStroke EFI"}]},{"@type":"WebSite","@id":"https:\/\/www.atlanticraftboats.com\/en\/#website","url":"https:\/\/www.atlanticraftboats.com\/en\/","name":"AtlantiCraft","description":"French brand of semi-rigid boats with aluminum hulls","publisher":{"@id":"https:\/\/www.atlanticraftboats.com\/en\/#organization"},"potentialAction":[{"@type":"SearchAction","target":{"@type":"EntryPoint","urlTemplate":"https:\/\/www.atlanticraftboats.com\/en\/?s={search_term_string}"},"query-input":{"@type":"PropertyValueSpecification","valueRequired":true,"valueName":"search_term_string"}}],"inLanguage":"en-GB"},{"@type":"Organization","@id":"https:\/\/www.atlanticraftboats.com\/en\/#organization","name":"Atlanticraft","url":"https:\/\/www.atlanticraftboats.com\/en\/","logo":{"@type":"ImageObject","inLanguage":"en-GB","@id":"https:\/\/www.atlanticraftboats.com\/en\/#\/schema\/logo\/image\/","url":"https:\/\/www.atlanticraftboats.com\/wp-content\/uploads\/2022\/04\/logo-atlanticraft.svg","contentUrl":"https:\/\/www.atlanticraftboats.com\/wp-content\/uploads\/2022\/04\/logo-atlanticraft.svg","width":215,"height":51,"caption":"Atlanticraft"},"image":{"@id":"https:\/\/www.atlanticraftboats.com\/en\/#\/schema\/logo\/image\/"},"sameAs":["https:\/\/www.facebook.com\/AtlanticraftFrance","https:\/\/www.instagram.com\/atlanticraft_france\/","https:\/\/www.linkedin.com\/company\/82927401\/admin\/dashboard\/"]}]}},"jetpack_sharing_enabled":true,"_links":{"self":[{"href":"https:\/\/www.atlanticraftboats.com\/en\/wp-json\/wp\/v2\/product\/1793","targetHints":{"allow":["GET"]}}],"collection":[{"href":"https:\/\/www.atlanticraftboats.com\/en\/wp-json\/wp\/v2\/product"}],"about":[{"href":"https:\/\/www.atlanticraftboats.com\/en\/wp-json\/wp\/v2\/types\/product"}],"wp:featuredmedia":[{"embeddable":true,"href":"https:\/\/www.atlanticraftboats.com\/en\/wp-json\/wp\/v2\/media\/1759"}],"wp:attachment":[{"href":"https:\/\/www.atlanticraftboats.com\/en\/wp-json\/wp\/v2\/media?parent=1793"}],"wp:term":[{"taxonomy":"product_brand","embeddable":true,"href":"https:\/\/www.atlanticraftboats.com\/en\/wp-json\/wp\/v2\/product_brand?post=1793"},{"taxonomy":"product_cat","embeddable":true,"href":"https:\/\/www.atlanticraftboats.com\/en\/wp-json\/wp\/v2\/product_cat?post=1793"},{"taxonomy":"product_tag","embeddable":true,"href":"https:\/\/www.atlanticraftboats.com\/en\/wp-json\/wp\/v2\/product_tag?post=1793"}],"curies":[{"name":"wp","href":"https:\/\/api.w.org\/{rel}","templated":true}]}}