{"id":1795,"date":"2022-08-01T16:17:30","date_gmt":"2022-08-01T14:17:30","guid":{"rendered":"https:\/\/www.atlanticraft.fr\/?post_type=product&#038;p=1795"},"modified":"2025-09-16T16:03:36","modified_gmt":"2025-09-16T14:03:36","slug":"mercury-25-hp-fourstroke","status":"publish","type":"product","link":"https:\/\/www.atlanticraftboats.com\/en\/product\/mercury-25-hp-fourstroke\/","title":{"rendered":"Mercury 25 HP FourStroke EFI"},"content":{"rendered":"","protected":false},"excerpt":{"rendered":"<h3><strong>EASY START AND PERFORMANCE<\/strong><\/h3>\n<p>. <strong>Electronic Fuel Injection (EFI).<\/strong> For greater reliability. Ensures fast and reliable starts, immediate recovery and better overall performance.<br \/>\n. <strong>High torque at low revs.<\/strong> Large displacement relative to engine power allows high torque at low rpm for faster planing for more heavily loaded boats.<br \/>\n. <strong>One-handed control.<\/strong> All-in-one multi-function tiller: reverse, stop, accelerate, relaunch and steer.<br \/>\n. <strong>Charging system.<\/strong> High power 15 amp alternator to keep batteries charged and onboard fishing electronics running.<br \/>\n. <strong>Guarantee Guarantee.<\/strong> Extension up to 5 years.<\/p>","protected":false},"featured_media":3938,"template":"","meta":{"inline_featured_image":false},"product_brand":[],"product_cat":[28],"product_tag":[],"class_list":{"0":"post-1795","1":"product","2":"type-product","3":"status-publish","4":"has-post-thumbnail","6":"product_cat-moteurs","8":"first","9":"instock","10":"taxable","11":"shipping-taxable","12":"purchasable","13":"product-type-simple"},"yoast_head":"<!-- This site is optimized with the Yoast SEO plugin v27.3 - https:\/\/yoast.com\/product\/yoast-seo-wordpress\/ -->\n<title>Mercury 25 HP FourStroke EFI - AtlantiCraft<\/title>\n<meta name=\"robots\" content=\"index, follow, max-snippet:-1, max-image-preview:large, max-video-preview:-1\" \/>\n<link rel=\"canonical\" href=\"https:\/\/www.atlanticraftboats.com\/en\/product\/mercury-25-hp-fourstroke\/\" \/>\n<meta property=\"og:locale\" content=\"en_GB\" \/>\n<meta property=\"og:type\" content=\"article\" \/>\n<meta property=\"og:title\" content=\"Mercury 25 HP FourStroke EFI - AtlantiCraft\" \/>\n<meta property=\"og:description\" content=\"D\u00c9MARRAGE FACILES ET PERFORMANCES . Injection \u00e9lectronique de carburant (EFI). Pour une plus grande fiabilit\u00e9. Assure des d\u00e9marrages rapides et fiables, des reprises imm\u00e9diates et de meilleures performances globales. . Couple important \u00e0 bas r\u00e9gime. Grosse cylindr\u00e9e par rapport \u00e0 la puissance du moteur permettant un couple \u00e9lev\u00e9 \u00e0 bas r\u00e9gime pour un d\u00e9jaugeage plus rapide pour les bateaux plus charg\u00e9s. . Contr\u00f4le d&#039;une seule main. Barre franche multifonctions tout-en-un : inversion de marche, arr\u00eat, acc\u00e9l\u00e9ration, relave et direction. . Syst\u00e8me de charge. Alternateur haute puissance de15 amp pour maintenir les batteries charg\u00e9es et l&#039;\u00e9lectronique de p\u00eache embarqu\u00e9e. . Garantie Garantie. Extension jusqu\u2019\u00e0 5 ans.\" \/>\n<meta property=\"og:url\" content=\"https:\/\/www.atlanticraftboats.com\/en\/product\/mercury-25-hp-fourstroke\/\" \/>\n<meta property=\"og:site_name\" content=\"AtlantiCraft\" \/>\n<meta property=\"article:publisher\" content=\"https:\/\/www.facebook.com\/AtlanticraftFrance\" \/>\n<meta property=\"article:modified_time\" content=\"2025-09-16T14:03:36+00:00\" \/>\n<meta property=\"og:image\" content=\"https:\/\/www.atlanticraftboats.com\/wp-content\/uploads\/2022\/08\/moteur-mercury-fourstroke-efi-25-cv-Photoroom.png\" \/>\n\t<meta property=\"og:image:width\" content=\"930\" \/>\n\t<meta property=\"og:image:height\" content=\"700\" \/>\n\t<meta property=\"og:image:type\" content=\"image\/png\" \/>\n<meta name=\"twitter:card\" content=\"summary_large_image\" \/>\n<script type=\"application\/ld+json\" class=\"yoast-schema-graph\">{\"@context\":\"https:\\\/\\\/schema.org\",\"@graph\":[{\"@type\":\"WebPage\",\"@id\":\"https:\\\/\\\/www.atlanticraftboats.com\\\/produit\\\/mercury-25-hp-fourstroke\\\/\",\"url\":\"https:\\\/\\\/www.atlanticraftboats.com\\\/produit\\\/mercury-25-hp-fourstroke\\\/\",\"name\":\"Mercury 25 HP FourStroke EFI - AtlantiCraft\",\"isPartOf\":{\"@id\":\"https:\\\/\\\/www.atlanticraftboats.com\\\/en\\\/#website\"},\"primaryImageOfPage\":{\"@id\":\"https:\\\/\\\/www.atlanticraftboats.com\\\/produit\\\/mercury-25-hp-fourstroke\\\/#primaryimage\"},\"image\":{\"@id\":\"https:\\\/\\\/www.atlanticraftboats.com\\\/produit\\\/mercury-25-hp-fourstroke\\\/#primaryimage\"},\"thumbnailUrl\":\"https:\\\/\\\/www.atlanticraftboats.com\\\/wp-content\\\/uploads\\\/2022\\\/08\\\/moteur-mercury-fourstroke-efi-25-cv-Photoroom.png\",\"datePublished\":\"2022-08-01T14:17:30+00:00\",\"dateModified\":\"2025-09-16T14:03:36+00:00\",\"breadcrumb\":{\"@id\":\"https:\\\/\\\/www.atlanticraftboats.com\\\/produit\\\/mercury-25-hp-fourstroke\\\/#breadcrumb\"},\"inLanguage\":\"en-GB\",\"potentialAction\":[{\"@type\":\"ReadAction\",\"target\":[\"https:\\\/\\\/www.atlanticraftboats.com\\\/produit\\\/mercury-25-hp-fourstroke\\\/\"]}]},{\"@type\":\"ImageObject\",\"inLanguage\":\"en-GB\",\"@id\":\"https:\\\/\\\/www.atlanticraftboats.com\\\/produit\\\/mercury-25-hp-fourstroke\\\/#primaryimage\",\"url\":\"https:\\\/\\\/www.atlanticraftboats.com\\\/wp-content\\\/uploads\\\/2022\\\/08\\\/moteur-mercury-fourstroke-efi-25-cv-Photoroom.png\",\"contentUrl\":\"https:\\\/\\\/www.atlanticraftboats.com\\\/wp-content\\\/uploads\\\/2022\\\/08\\\/moteur-mercury-fourstroke-efi-25-cv-Photoroom.png\",\"width\":930,\"height\":700},{\"@type\":\"BreadcrumbList\",\"@id\":\"https:\\\/\\\/www.atlanticraftboats.com\\\/produit\\\/mercury-25-hp-fourstroke\\\/#breadcrumb\",\"itemListElement\":[{\"@type\":\"ListItem\",\"position\":1,\"name\":\"Accueil\",\"item\":\"https:\\\/\\\/www.atlanticraftboats.com\\\/\"},{\"@type\":\"ListItem\",\"position\":2,\"name\":\"Les bateaux semi-rigides AtlantiCraft\",\"item\":\"https:\\\/\\\/www.atlanticraftboats.com\\\/bateaux-semi-rigide\\\/\"},{\"@type\":\"ListItem\",\"position\":3,\"name\":\"Mercury 25 HP FourStroke EFI\"}]},{\"@type\":\"WebSite\",\"@id\":\"https:\\\/\\\/www.atlanticraftboats.com\\\/en\\\/#website\",\"url\":\"https:\\\/\\\/www.atlanticraftboats.com\\\/en\\\/\",\"name\":\"AtlantiCraft\",\"description\":\"Marque fran\u00e7aise de bateaux semi rigides en coque aluminium\",\"publisher\":{\"@id\":\"https:\\\/\\\/www.atlanticraftboats.com\\\/en\\\/#organization\"},\"potentialAction\":[{\"@type\":\"SearchAction\",\"target\":{\"@type\":\"EntryPoint\",\"urlTemplate\":\"https:\\\/\\\/www.atlanticraftboats.com\\\/en\\\/?s={search_term_string}\"},\"query-input\":{\"@type\":\"PropertyValueSpecification\",\"valueRequired\":true,\"valueName\":\"search_term_string\"}}],\"inLanguage\":\"en-GB\"},{\"@type\":\"Organization\",\"@id\":\"https:\\\/\\\/www.atlanticraftboats.com\\\/en\\\/#organization\",\"name\":\"Atlanticraft\",\"url\":\"https:\\\/\\\/www.atlanticraftboats.com\\\/en\\\/\",\"logo\":{\"@type\":\"ImageObject\",\"inLanguage\":\"en-GB\",\"@id\":\"https:\\\/\\\/www.atlanticraftboats.com\\\/en\\\/#\\\/schema\\\/logo\\\/image\\\/\",\"url\":\"https:\\\/\\\/www.atlanticraftboats.com\\\/wp-content\\\/uploads\\\/2022\\\/04\\\/logo-atlanticraft.svg\",\"contentUrl\":\"https:\\\/\\\/www.atlanticraftboats.com\\\/wp-content\\\/uploads\\\/2022\\\/04\\\/logo-atlanticraft.svg\",\"width\":215,\"height\":51,\"caption\":\"Atlanticraft\"},\"image\":{\"@id\":\"https:\\\/\\\/www.atlanticraftboats.com\\\/en\\\/#\\\/schema\\\/logo\\\/image\\\/\"},\"sameAs\":[\"https:\\\/\\\/www.facebook.com\\\/AtlanticraftFrance\",\"https:\\\/\\\/www.instagram.com\\\/atlanticraft_france\\\/\",\"https:\\\/\\\/www.linkedin.com\\\/company\\\/82927401\\\/admin\\\/dashboard\\\/\"]}]}<\/script>\n<!-- \/ Yoast SEO plugin. -->","yoast_head_json":{"title":"Mercury 25 HP FourStroke EFI - AtlantiCraft","robots":{"index":"index","follow":"follow","max-snippet":"max-snippet:-1","max-image-preview":"max-image-preview:large","max-video-preview":"max-video-preview:-1"},"canonical":"https:\/\/www.atlanticraftboats.com\/en\/product\/mercury-25-hp-fourstroke\/","og_locale":"en_GB","og_type":"article","og_title":"Mercury 25 HP FourStroke EFI - AtlantiCraft","og_description":"D\u00c9MARRAGE FACILES ET PERFORMANCES . Injection \u00e9lectronique de carburant (EFI). Pour une plus grande fiabilit\u00e9. Assure des d\u00e9marrages rapides et fiables, des reprises imm\u00e9diates et de meilleures performances globales. . Couple important \u00e0 bas r\u00e9gime. Grosse cylindr\u00e9e par rapport \u00e0 la puissance du moteur permettant un couple \u00e9lev\u00e9 \u00e0 bas r\u00e9gime pour un d\u00e9jaugeage plus rapide pour les bateaux plus charg\u00e9s. . Contr\u00f4le d'une seule main. Barre franche multifonctions tout-en-un : inversion de marche, arr\u00eat, acc\u00e9l\u00e9ration, relave et direction. . Syst\u00e8me de charge. Alternateur haute puissance de15 amp pour maintenir les batteries charg\u00e9es et l'\u00e9lectronique de p\u00eache embarqu\u00e9e. . Garantie Garantie. Extension jusqu\u2019\u00e0 5 ans.","og_url":"https:\/\/www.atlanticraftboats.com\/en\/product\/mercury-25-hp-fourstroke\/","og_site_name":"AtlantiCraft","article_publisher":"https:\/\/www.facebook.com\/AtlanticraftFrance","article_modified_time":"2025-09-16T14:03:36+00:00","og_image":[{"width":930,"height":700,"url":"https:\/\/www.atlanticraftboats.com\/wp-content\/uploads\/2022\/08\/moteur-mercury-fourstroke-efi-25-cv-Photoroom.png","type":"image\/png"}],"twitter_card":"summary_large_image","schema":{"@context":"https:\/\/schema.org","@graph":[{"@type":"WebPage","@id":"https:\/\/www.atlanticraftboats.com\/produit\/mercury-25-hp-fourstroke\/","url":"https:\/\/www.atlanticraftboats.com\/produit\/mercury-25-hp-fourstroke\/","name":"Mercury 25 HP FourStroke EFI - AtlantiCraft","isPartOf":{"@id":"https:\/\/www.atlanticraftboats.com\/en\/#website"},"primaryImageOfPage":{"@id":"https:\/\/www.atlanticraftboats.com\/produit\/mercury-25-hp-fourstroke\/#primaryimage"},"image":{"@id":"https:\/\/www.atlanticraftboats.com\/produit\/mercury-25-hp-fourstroke\/#primaryimage"},"thumbnailUrl":"https:\/\/www.atlanticraftboats.com\/wp-content\/uploads\/2022\/08\/moteur-mercury-fourstroke-efi-25-cv-Photoroom.png","datePublished":"2022-08-01T14:17:30+00:00","dateModified":"2025-09-16T14:03:36+00:00","breadcrumb":{"@id":"https:\/\/www.atlanticraftboats.com\/produit\/mercury-25-hp-fourstroke\/#breadcrumb"},"inLanguage":"en-GB","potentialAction":[{"@type":"ReadAction","target":["https:\/\/www.atlanticraftboats.com\/produit\/mercury-25-hp-fourstroke\/"]}]},{"@type":"ImageObject","inLanguage":"en-GB","@id":"https:\/\/www.atlanticraftboats.com\/produit\/mercury-25-hp-fourstroke\/#primaryimage","url":"https:\/\/www.atlanticraftboats.com\/wp-content\/uploads\/2022\/08\/moteur-mercury-fourstroke-efi-25-cv-Photoroom.png","contentUrl":"https:\/\/www.atlanticraftboats.com\/wp-content\/uploads\/2022\/08\/moteur-mercury-fourstroke-efi-25-cv-Photoroom.png","width":930,"height":700},{"@type":"BreadcrumbList","@id":"https:\/\/www.atlanticraftboats.com\/produit\/mercury-25-hp-fourstroke\/#breadcrumb","itemListElement":[{"@type":"ListItem","position":1,"name":"Accueil","item":"https:\/\/www.atlanticraftboats.com\/"},{"@type":"ListItem","position":2,"name":"Les bateaux semi-rigides AtlantiCraft","item":"https:\/\/www.atlanticraftboats.com\/bateaux-semi-rigide\/"},{"@type":"ListItem","position":3,"name":"Mercury 25 HP FourStroke EFI"}]},{"@type":"WebSite","@id":"https:\/\/www.atlanticraftboats.com\/en\/#website","url":"https:\/\/www.atlanticraftboats.com\/en\/","name":"AtlantiCraft","description":"French brand of semi-rigid boats with aluminum hulls","publisher":{"@id":"https:\/\/www.atlanticraftboats.com\/en\/#organization"},"potentialAction":[{"@type":"SearchAction","target":{"@type":"EntryPoint","urlTemplate":"https:\/\/www.atlanticraftboats.com\/en\/?s={search_term_string}"},"query-input":{"@type":"PropertyValueSpecification","valueRequired":true,"valueName":"search_term_string"}}],"inLanguage":"en-GB"},{"@type":"Organization","@id":"https:\/\/www.atlanticraftboats.com\/en\/#organization","name":"Atlanticraft","url":"https:\/\/www.atlanticraftboats.com\/en\/","logo":{"@type":"ImageObject","inLanguage":"en-GB","@id":"https:\/\/www.atlanticraftboats.com\/en\/#\/schema\/logo\/image\/","url":"https:\/\/www.atlanticraftboats.com\/wp-content\/uploads\/2022\/04\/logo-atlanticraft.svg","contentUrl":"https:\/\/www.atlanticraftboats.com\/wp-content\/uploads\/2022\/04\/logo-atlanticraft.svg","width":215,"height":51,"caption":"Atlanticraft"},"image":{"@id":"https:\/\/www.atlanticraftboats.com\/en\/#\/schema\/logo\/image\/"},"sameAs":["https:\/\/www.facebook.com\/AtlanticraftFrance","https:\/\/www.instagram.com\/atlanticraft_france\/","https:\/\/www.linkedin.com\/company\/82927401\/admin\/dashboard\/"]}]}},"jetpack_sharing_enabled":true,"_links":{"self":[{"href":"https:\/\/www.atlanticraftboats.com\/en\/wp-json\/wp\/v2\/product\/1795","targetHints":{"allow":["GET"]}}],"collection":[{"href":"https:\/\/www.atlanticraftboats.com\/en\/wp-json\/wp\/v2\/product"}],"about":[{"href":"https:\/\/www.atlanticraftboats.com\/en\/wp-json\/wp\/v2\/types\/product"}],"wp:featuredmedia":[{"embeddable":true,"href":"https:\/\/www.atlanticraftboats.com\/en\/wp-json\/wp\/v2\/media\/3938"}],"wp:attachment":[{"href":"https:\/\/www.atlanticraftboats.com\/en\/wp-json\/wp\/v2\/media?parent=1795"}],"wp:term":[{"taxonomy":"product_brand","embeddable":true,"href":"https:\/\/www.atlanticraftboats.com\/en\/wp-json\/wp\/v2\/product_brand?post=1795"},{"taxonomy":"product_cat","embeddable":true,"href":"https:\/\/www.atlanticraftboats.com\/en\/wp-json\/wp\/v2\/product_cat?post=1795"},{"taxonomy":"product_tag","embeddable":true,"href":"https:\/\/www.atlanticraftboats.com\/en\/wp-json\/wp\/v2\/product_tag?post=1795"}],"curies":[{"name":"wp","href":"https:\/\/api.w.org\/{rel}","templated":true}]}}