{"id":1800,"date":"2022-08-02T08:40:48","date_gmt":"2022-08-02T06:40:48","guid":{"rendered":"https:\/\/www.atlanticraft.fr\/?post_type=product&#038;p=1800"},"modified":"2025-09-16T16:22:31","modified_gmt":"2025-09-16T14:22:31","slug":"mercury-40-hp-fourstroke","status":"publish","type":"product","link":"https:\/\/www.atlanticraftboats.com\/en\/product\/mercury-40-hp-fourstroke\/","title":{"rendered":"Mercury 40 HP FourStroke EFI"},"content":{"rendered":"","protected":false},"excerpt":{"rendered":"<h3><strong>COMPACT<\/strong><\/h3>\n<p>.<strong> Performances.<\/strong> Use of Desmodromic\u00ae technology base for smooth gear changes, reliable control unit adjustment and greater comfort. In-line configuration that provides high torque at all speeds and excellent acceleration;<br \/>\n.<strong> Turnkey startups\/better performance.<\/strong> Electronic Fuel Injection (EFI) that ensures instant starts, outstanding overall performance, reliability, and fuel economy.<br \/>\n. <strong>Electrical support. A high-output 18-amp alternator.<\/strong> Keeps batteries charged and on-board electronics working properly.<br \/>\n. <strong>Big Tiller.<\/strong> The optional large tiller provides optimal control. The long, ergonomic handle includes a trim switch for easy and secure access. Anglers appreciate this because they can control the throttle and achieve fishing speed.<br \/>\n. <strong>SmartCraft.<\/strong> Compatible with SmartCraft\u00ae intelligent technology. So you can get the most out of your boat.<br \/>\n. <strong>Guarantee.<\/strong> Extension up to 5 years.<\/p>\n<p>Versions available: MHGA-MLHGA-EGA-ELGA-ELHGA-ELHPT-EPT-ELPT-ELPT CT<\/p>","protected":false},"featured_media":1751,"template":"","meta":{"inline_featured_image":false},"product_brand":[],"product_cat":[28],"product_tag":[],"class_list":{"0":"post-1800","1":"product","2":"type-product","3":"status-publish","4":"has-post-thumbnail","6":"product_cat-moteurs","8":"first","9":"instock","10":"taxable","11":"shipping-taxable","12":"purchasable","13":"product-type-simple"},"yoast_head":"<!-- This site is optimized with the Yoast SEO plugin v27.3 - https:\/\/yoast.com\/product\/yoast-seo-wordpress\/ -->\n<title>Mercury 40 HP FourStroke EFI - AtlantiCraft<\/title>\n<meta name=\"robots\" content=\"index, follow, max-snippet:-1, max-image-preview:large, max-video-preview:-1\" \/>\n<link rel=\"canonical\" href=\"https:\/\/www.atlanticraftboats.com\/en\/product\/mercury-40-hp-fourstroke\/\" \/>\n<meta property=\"og:locale\" content=\"en_GB\" \/>\n<meta property=\"og:type\" content=\"article\" \/>\n<meta property=\"og:title\" content=\"Mercury 40 HP FourStroke EFI - AtlantiCraft\" \/>\n<meta property=\"og:description\" content=\"COMPACT . Performances. Utilisation d\u2019embase \u00e0 technologie Desmodromic\u00ae pour un passage de vitesse en douceur, pour une fiabilit\u00e9 du r\u00e9glage du boitier de commande et plus de confort. Configuration en ligne qui apporte couple important \u00e0 tous r\u00e9gimes et excellentes acc\u00e9l\u00e9rations; . D\u00e9marrages cl\u00e9s en main\/meilleur rendement. Injection \u00e9lectronique de carburant (EFI) qui assure des d\u00e9parts instantan\u00e9s, une performance globale remarquable, la fiabilit\u00e9, ainsi qu\u2019une \u00e9conomie de carburant. . Support \u00e9lectrique. Un alternateur \u00e0 haut rendement de 18 amp\u00e8res. Permet aux batteries de rester charg\u00e9es et \u00e0 l\u2019\u00e9lectronique de bord de bien fonctionner. . Big Tiller. La grande barre franche, en option, offre un contr\u00f4le optimal. Poign\u00e9e ergonomique longue incluant un interrupteur de trim pour un acc\u00e8s facilit\u00e9 et s\u00e9curisant. Appr\u00e9ci\u00e9e par les p\u00eacheurs qui peuvent contr\u00f4ler l\u2019acc\u00e9l\u00e9ration et atteindre la vitesse de p\u00eache. . SmartCraft. Compatibilit\u00e9 avec la technologie intelligente SmartCraft\u00ae. Profitez ainsi pleinement de votre bateau. . Garantie. Extension jusqu\u2019\u00e0 5 ans.  Versions disponibles : MHGA-MLHGA-EGA-ELGA-ELHGA-ELHPT-EPT-ELPT-ELPT CT\" \/>\n<meta property=\"og:url\" content=\"https:\/\/www.atlanticraftboats.com\/en\/product\/mercury-40-hp-fourstroke\/\" \/>\n<meta property=\"og:site_name\" content=\"AtlantiCraft\" \/>\n<meta property=\"article:publisher\" content=\"https:\/\/www.facebook.com\/AtlanticraftFrance\" \/>\n<meta property=\"article:modified_time\" content=\"2025-09-16T14:22:31+00:00\" \/>\n<meta property=\"og:image\" content=\"https:\/\/www.atlanticraftboats.com\/wp-content\/uploads\/2022\/08\/Mercury_40HP_4s_4cyl_Diagonal_FourStroke.jpg\" \/>\n\t<meta property=\"og:image:width\" content=\"1000\" \/>\n\t<meta property=\"og:image:height\" content=\"1000\" \/>\n\t<meta property=\"og:image:type\" content=\"image\/jpeg\" \/>\n<meta name=\"twitter:card\" content=\"summary_large_image\" \/>\n<script type=\"application\/ld+json\" class=\"yoast-schema-graph\">{\"@context\":\"https:\\\/\\\/schema.org\",\"@graph\":[{\"@type\":\"WebPage\",\"@id\":\"https:\\\/\\\/www.atlanticraftboats.com\\\/produit\\\/mercury-40-hp-fourstroke\\\/\",\"url\":\"https:\\\/\\\/www.atlanticraftboats.com\\\/produit\\\/mercury-40-hp-fourstroke\\\/\",\"name\":\"Mercury 40 HP FourStroke EFI - AtlantiCraft\",\"isPartOf\":{\"@id\":\"https:\\\/\\\/www.atlanticraftboats.com\\\/en\\\/#website\"},\"primaryImageOfPage\":{\"@id\":\"https:\\\/\\\/www.atlanticraftboats.com\\\/produit\\\/mercury-40-hp-fourstroke\\\/#primaryimage\"},\"image\":{\"@id\":\"https:\\\/\\\/www.atlanticraftboats.com\\\/produit\\\/mercury-40-hp-fourstroke\\\/#primaryimage\"},\"thumbnailUrl\":\"https:\\\/\\\/www.atlanticraftboats.com\\\/wp-content\\\/uploads\\\/2022\\\/08\\\/Mercury_40HP_4s_4cyl_Diagonal_FourStroke.jpg\",\"datePublished\":\"2022-08-02T06:40:48+00:00\",\"dateModified\":\"2025-09-16T14:22:31+00:00\",\"breadcrumb\":{\"@id\":\"https:\\\/\\\/www.atlanticraftboats.com\\\/produit\\\/mercury-40-hp-fourstroke\\\/#breadcrumb\"},\"inLanguage\":\"en-GB\",\"potentialAction\":[{\"@type\":\"ReadAction\",\"target\":[\"https:\\\/\\\/www.atlanticraftboats.com\\\/produit\\\/mercury-40-hp-fourstroke\\\/\"]}]},{\"@type\":\"ImageObject\",\"inLanguage\":\"en-GB\",\"@id\":\"https:\\\/\\\/www.atlanticraftboats.com\\\/produit\\\/mercury-40-hp-fourstroke\\\/#primaryimage\",\"url\":\"https:\\\/\\\/www.atlanticraftboats.com\\\/wp-content\\\/uploads\\\/2022\\\/08\\\/Mercury_40HP_4s_4cyl_Diagonal_FourStroke.jpg\",\"contentUrl\":\"https:\\\/\\\/www.atlanticraftboats.com\\\/wp-content\\\/uploads\\\/2022\\\/08\\\/Mercury_40HP_4s_4cyl_Diagonal_FourStroke.jpg\",\"width\":1000,\"height\":1000},{\"@type\":\"BreadcrumbList\",\"@id\":\"https:\\\/\\\/www.atlanticraftboats.com\\\/produit\\\/mercury-40-hp-fourstroke\\\/#breadcrumb\",\"itemListElement\":[{\"@type\":\"ListItem\",\"position\":1,\"name\":\"Accueil\",\"item\":\"https:\\\/\\\/www.atlanticraftboats.com\\\/\"},{\"@type\":\"ListItem\",\"position\":2,\"name\":\"Les bateaux semi-rigides AtlantiCraft\",\"item\":\"https:\\\/\\\/www.atlanticraftboats.com\\\/bateaux-semi-rigide\\\/\"},{\"@type\":\"ListItem\",\"position\":3,\"name\":\"Mercury 40 HP FourStroke EFI\"}]},{\"@type\":\"WebSite\",\"@id\":\"https:\\\/\\\/www.atlanticraftboats.com\\\/en\\\/#website\",\"url\":\"https:\\\/\\\/www.atlanticraftboats.com\\\/en\\\/\",\"name\":\"AtlantiCraft\",\"description\":\"Marque fran\u00e7aise de bateaux semi rigides en coque aluminium\",\"publisher\":{\"@id\":\"https:\\\/\\\/www.atlanticraftboats.com\\\/en\\\/#organization\"},\"potentialAction\":[{\"@type\":\"SearchAction\",\"target\":{\"@type\":\"EntryPoint\",\"urlTemplate\":\"https:\\\/\\\/www.atlanticraftboats.com\\\/en\\\/?s={search_term_string}\"},\"query-input\":{\"@type\":\"PropertyValueSpecification\",\"valueRequired\":true,\"valueName\":\"search_term_string\"}}],\"inLanguage\":\"en-GB\"},{\"@type\":\"Organization\",\"@id\":\"https:\\\/\\\/www.atlanticraftboats.com\\\/en\\\/#organization\",\"name\":\"Atlanticraft\",\"url\":\"https:\\\/\\\/www.atlanticraftboats.com\\\/en\\\/\",\"logo\":{\"@type\":\"ImageObject\",\"inLanguage\":\"en-GB\",\"@id\":\"https:\\\/\\\/www.atlanticraftboats.com\\\/en\\\/#\\\/schema\\\/logo\\\/image\\\/\",\"url\":\"https:\\\/\\\/www.atlanticraftboats.com\\\/wp-content\\\/uploads\\\/2022\\\/04\\\/logo-atlanticraft.svg\",\"contentUrl\":\"https:\\\/\\\/www.atlanticraftboats.com\\\/wp-content\\\/uploads\\\/2022\\\/04\\\/logo-atlanticraft.svg\",\"width\":215,\"height\":51,\"caption\":\"Atlanticraft\"},\"image\":{\"@id\":\"https:\\\/\\\/www.atlanticraftboats.com\\\/en\\\/#\\\/schema\\\/logo\\\/image\\\/\"},\"sameAs\":[\"https:\\\/\\\/www.facebook.com\\\/AtlanticraftFrance\",\"https:\\\/\\\/www.instagram.com\\\/atlanticraft_france\\\/\",\"https:\\\/\\\/www.linkedin.com\\\/company\\\/82927401\\\/admin\\\/dashboard\\\/\"]}]}<\/script>\n<!-- \/ Yoast SEO plugin. -->","yoast_head_json":{"title":"Mercury 40 HP FourStroke EFI - AtlantiCraft","robots":{"index":"index","follow":"follow","max-snippet":"max-snippet:-1","max-image-preview":"max-image-preview:large","max-video-preview":"max-video-preview:-1"},"canonical":"https:\/\/www.atlanticraftboats.com\/en\/product\/mercury-40-hp-fourstroke\/","og_locale":"en_GB","og_type":"article","og_title":"Mercury 40 HP FourStroke EFI - AtlantiCraft","og_description":"COMPACT . Performances. Utilisation d\u2019embase \u00e0 technologie Desmodromic\u00ae pour un passage de vitesse en douceur, pour une fiabilit\u00e9 du r\u00e9glage du boitier de commande et plus de confort. Configuration en ligne qui apporte couple important \u00e0 tous r\u00e9gimes et excellentes acc\u00e9l\u00e9rations; . D\u00e9marrages cl\u00e9s en main\/meilleur rendement. Injection \u00e9lectronique de carburant (EFI) qui assure des d\u00e9parts instantan\u00e9s, une performance globale remarquable, la fiabilit\u00e9, ainsi qu\u2019une \u00e9conomie de carburant. . Support \u00e9lectrique. Un alternateur \u00e0 haut rendement de 18 amp\u00e8res. Permet aux batteries de rester charg\u00e9es et \u00e0 l\u2019\u00e9lectronique de bord de bien fonctionner. . Big Tiller. La grande barre franche, en option, offre un contr\u00f4le optimal. Poign\u00e9e ergonomique longue incluant un interrupteur de trim pour un acc\u00e8s facilit\u00e9 et s\u00e9curisant. Appr\u00e9ci\u00e9e par les p\u00eacheurs qui peuvent contr\u00f4ler l\u2019acc\u00e9l\u00e9ration et atteindre la vitesse de p\u00eache. . SmartCraft. Compatibilit\u00e9 avec la technologie intelligente SmartCraft\u00ae. Profitez ainsi pleinement de votre bateau. . Garantie. Extension jusqu\u2019\u00e0 5 ans.  Versions disponibles : MHGA-MLHGA-EGA-ELGA-ELHGA-ELHPT-EPT-ELPT-ELPT CT","og_url":"https:\/\/www.atlanticraftboats.com\/en\/product\/mercury-40-hp-fourstroke\/","og_site_name":"AtlantiCraft","article_publisher":"https:\/\/www.facebook.com\/AtlanticraftFrance","article_modified_time":"2025-09-16T14:22:31+00:00","og_image":[{"width":1000,"height":1000,"url":"https:\/\/www.atlanticraftboats.com\/wp-content\/uploads\/2022\/08\/Mercury_40HP_4s_4cyl_Diagonal_FourStroke.jpg","type":"image\/jpeg"}],"twitter_card":"summary_large_image","schema":{"@context":"https:\/\/schema.org","@graph":[{"@type":"WebPage","@id":"https:\/\/www.atlanticraftboats.com\/produit\/mercury-40-hp-fourstroke\/","url":"https:\/\/www.atlanticraftboats.com\/produit\/mercury-40-hp-fourstroke\/","name":"Mercury 40 HP FourStroke EFI - AtlantiCraft","isPartOf":{"@id":"https:\/\/www.atlanticraftboats.com\/en\/#website"},"primaryImageOfPage":{"@id":"https:\/\/www.atlanticraftboats.com\/produit\/mercury-40-hp-fourstroke\/#primaryimage"},"image":{"@id":"https:\/\/www.atlanticraftboats.com\/produit\/mercury-40-hp-fourstroke\/#primaryimage"},"thumbnailUrl":"https:\/\/www.atlanticraftboats.com\/wp-content\/uploads\/2022\/08\/Mercury_40HP_4s_4cyl_Diagonal_FourStroke.jpg","datePublished":"2022-08-02T06:40:48+00:00","dateModified":"2025-09-16T14:22:31+00:00","breadcrumb":{"@id":"https:\/\/www.atlanticraftboats.com\/produit\/mercury-40-hp-fourstroke\/#breadcrumb"},"inLanguage":"en-GB","potentialAction":[{"@type":"ReadAction","target":["https:\/\/www.atlanticraftboats.com\/produit\/mercury-40-hp-fourstroke\/"]}]},{"@type":"ImageObject","inLanguage":"en-GB","@id":"https:\/\/www.atlanticraftboats.com\/produit\/mercury-40-hp-fourstroke\/#primaryimage","url":"https:\/\/www.atlanticraftboats.com\/wp-content\/uploads\/2022\/08\/Mercury_40HP_4s_4cyl_Diagonal_FourStroke.jpg","contentUrl":"https:\/\/www.atlanticraftboats.com\/wp-content\/uploads\/2022\/08\/Mercury_40HP_4s_4cyl_Diagonal_FourStroke.jpg","width":1000,"height":1000},{"@type":"BreadcrumbList","@id":"https:\/\/www.atlanticraftboats.com\/produit\/mercury-40-hp-fourstroke\/#breadcrumb","itemListElement":[{"@type":"ListItem","position":1,"name":"Accueil","item":"https:\/\/www.atlanticraftboats.com\/"},{"@type":"ListItem","position":2,"name":"Les bateaux semi-rigides AtlantiCraft","item":"https:\/\/www.atlanticraftboats.com\/bateaux-semi-rigide\/"},{"@type":"ListItem","position":3,"name":"Mercury 40 HP FourStroke EFI"}]},{"@type":"WebSite","@id":"https:\/\/www.atlanticraftboats.com\/en\/#website","url":"https:\/\/www.atlanticraftboats.com\/en\/","name":"AtlantiCraft","description":"French brand of semi-rigid boats with aluminum hulls","publisher":{"@id":"https:\/\/www.atlanticraftboats.com\/en\/#organization"},"potentialAction":[{"@type":"SearchAction","target":{"@type":"EntryPoint","urlTemplate":"https:\/\/www.atlanticraftboats.com\/en\/?s={search_term_string}"},"query-input":{"@type":"PropertyValueSpecification","valueRequired":true,"valueName":"search_term_string"}}],"inLanguage":"en-GB"},{"@type":"Organization","@id":"https:\/\/www.atlanticraftboats.com\/en\/#organization","name":"Atlanticraft","url":"https:\/\/www.atlanticraftboats.com\/en\/","logo":{"@type":"ImageObject","inLanguage":"en-GB","@id":"https:\/\/www.atlanticraftboats.com\/en\/#\/schema\/logo\/image\/","url":"https:\/\/www.atlanticraftboats.com\/wp-content\/uploads\/2022\/04\/logo-atlanticraft.svg","contentUrl":"https:\/\/www.atlanticraftboats.com\/wp-content\/uploads\/2022\/04\/logo-atlanticraft.svg","width":215,"height":51,"caption":"Atlanticraft"},"image":{"@id":"https:\/\/www.atlanticraftboats.com\/en\/#\/schema\/logo\/image\/"},"sameAs":["https:\/\/www.facebook.com\/AtlanticraftFrance","https:\/\/www.instagram.com\/atlanticraft_france\/","https:\/\/www.linkedin.com\/company\/82927401\/admin\/dashboard\/"]}]}},"jetpack_sharing_enabled":true,"_links":{"self":[{"href":"https:\/\/www.atlanticraftboats.com\/en\/wp-json\/wp\/v2\/product\/1800","targetHints":{"allow":["GET"]}}],"collection":[{"href":"https:\/\/www.atlanticraftboats.com\/en\/wp-json\/wp\/v2\/product"}],"about":[{"href":"https:\/\/www.atlanticraftboats.com\/en\/wp-json\/wp\/v2\/types\/product"}],"wp:featuredmedia":[{"embeddable":true,"href":"https:\/\/www.atlanticraftboats.com\/en\/wp-json\/wp\/v2\/media\/1751"}],"wp:attachment":[{"href":"https:\/\/www.atlanticraftboats.com\/en\/wp-json\/wp\/v2\/media?parent=1800"}],"wp:term":[{"taxonomy":"product_brand","embeddable":true,"href":"https:\/\/www.atlanticraftboats.com\/en\/wp-json\/wp\/v2\/product_brand?post=1800"},{"taxonomy":"product_cat","embeddable":true,"href":"https:\/\/www.atlanticraftboats.com\/en\/wp-json\/wp\/v2\/product_cat?post=1800"},{"taxonomy":"product_tag","embeddable":true,"href":"https:\/\/www.atlanticraftboats.com\/en\/wp-json\/wp\/v2\/product_tag?post=1800"}],"curies":[{"name":"wp","href":"https:\/\/api.w.org\/{rel}","templated":true}]}}