{"id":1805,"date":"2022-08-02T09:10:37","date_gmt":"2022-08-02T07:10:37","guid":{"rendered":"https:\/\/www.atlanticraft.fr\/?post_type=product&#038;p=1805"},"modified":"2025-09-17T09:28:34","modified_gmt":"2025-09-17T07:28:34","slug":"mercury-115-hp-fourstroke","status":"publish","type":"product","link":"https:\/\/www.atlanticraftboats.com\/en\/product\/mercury-115-hp-fourstroke\/","title":{"rendered":"Mercury 115 HP FourStroke EFI"},"content":{"rendered":"","protected":false},"excerpt":{"rendered":"<h3><strong>THE LIGHTEST AND MOST COMPACT IN ITS CATEGORY<\/strong><\/h3>\n<p>. <strong>Light weight &amp; fuel economy.<\/strong> A concentrate of power in a light and compact engine offering ideal thrust and unmatched fuel economy.<br \/>\n. <strong>Browsing experience.<\/strong> Engine designed to provide a quiet and smooth ride. Soundproof hood and idle actuator silencer to reduce exhaust noise. Throttle body to refine intake noise and vibration reduction system.<br \/>\n. <strong>Anti-corrosion.<\/strong> Proprietary XK360 low-copper alloy. Stainless steel components and MercFusion paint designed for harsh environments.<br \/>\n. <strong>Power &amp; Efficiency.<\/strong> Lightweight and larger displacement generate significant torque and instant power at all rpm. The CT (Command Thrust) version is available with the F 150 FourStroke base, which is wider for greater thrust. Ideal for bases.<br \/>\n. <strong>Quiet &amp; smooth.<\/strong> Extremely quiet engine. Mercury successfully reduces noise and vibration. A peaceful ride that allows you to fully enjoy nature.<br \/>\n. <strong>Big Tiller.<\/strong> The optional large tiller provides optimal control. The long, ergonomic handle includes a trim switch for easy and secure access. Anglers appreciate this because they can control the throttle and achieve fishing speed.<br \/>\n. <strong>Easy maintenance.<\/strong> The easiest to maintain on the market.<\/p>\n<p>Available versions: ELPT-EXLPT and CT base ELPT-EXLPT-CXLPT<\/p>","protected":false},"featured_media":1747,"template":"","meta":{"inline_featured_image":false},"product_brand":[],"product_cat":[28],"product_tag":[],"class_list":{"0":"post-1805","1":"product","2":"type-product","3":"status-publish","4":"has-post-thumbnail","6":"product_cat-moteurs","8":"first","9":"instock","10":"taxable","11":"shipping-taxable","12":"purchasable","13":"product-type-simple"},"yoast_head":"<!-- This site is optimized with the Yoast SEO plugin v27.3 - https:\/\/yoast.com\/product\/yoast-seo-wordpress\/ -->\n<title>Mercury 115 HP FourStroke EFI - AtlantiCraft<\/title>\n<meta name=\"robots\" content=\"index, follow, max-snippet:-1, max-image-preview:large, max-video-preview:-1\" \/>\n<link rel=\"canonical\" href=\"https:\/\/www.atlanticraftboats.com\/en\/product\/mercury-115-hp-fourstroke\/\" \/>\n<meta property=\"og:locale\" content=\"en_GB\" \/>\n<meta property=\"og:type\" content=\"article\" \/>\n<meta property=\"og:title\" content=\"Mercury 115 HP FourStroke EFI - AtlantiCraft\" \/>\n<meta property=\"og:description\" content=\"LE PLUS L\u00c9GER ET COMPACT DE SA CAT\u00c9GORIE . Poids l\u00e9ger &amp; \u00e9conomie de carburant. Un concentr\u00e9 de puissance dans un moteur l\u00e9ger et compact offrant une pouss\u00e9 id\u00e9ale et une \u00e9conomie de carburant in\u00e9gal\u00e9e. . Exp\u00e9rience de navigation. Moteur con\u00e7u pour offrir une conduite silencieuse et souple. Capot insonoris\u00e9 et silencieux d\u2019actuateur de ralenti pour r\u00e9duire les bruits d\u2019\u00e9chappement. Corps d\u2019acc\u00e9l\u00e9rateur pour affiner les bruits d\u2019admission et syst\u00e8me de r\u00e9duction des vibrations. . Anticorrosion. Alliage faible en teneur de cuivre XK360 exclusif. Composants en inox et peinture MercFusion con\u00e7ue pour les environnements difficiles. . Puissance &amp; Efficacit\u00e9. Poids l\u00e9ger et cylindr\u00e9e sup\u00e9rieure g\u00e9n\u00e9rant un couple important et une puissance instantan\u00e9e \u00e0 tous les r\u00e9gimes. La version CT (Command Thrust) est disponible avec l\u2019embase du F 150 FourStroke, plus large pour une pouss\u00e9e sup\u00e9rieure. Id\u00e9ale pour les embases. . Silencieux &amp; lisse. Moteur extr\u00eamement silencieux. Mercury r\u00e9duit avec succ\u00e8s le bruit et les vibrations. Une conduite sereine qui vous permet de profiter de la nature parfaitement. . Big Tiller. La grande barre franche, en option, offre un contr\u00f4le optimal. Poign\u00e9e ergonomique longue incluant un interrupteur de trim pour un acc\u00e8s facilit\u00e9 et s\u00e9curisant. Appr\u00e9ci\u00e9e par les p\u00eacheurs qui peuvent contr\u00f4ler l\u2019acc\u00e9l\u00e9ration et atteindre la vitesse de p\u00eache. . Entretien facile. Le plus facile \u00e0 entretenir du march\u00e9.  Versions disponibles : ELPT-EXLPT et embase CT ELPT-EXLPT-CXLPT\" \/>\n<meta property=\"og:url\" content=\"https:\/\/www.atlanticraftboats.com\/en\/product\/mercury-115-hp-fourstroke\/\" \/>\n<meta property=\"og:site_name\" content=\"AtlantiCraft\" \/>\n<meta property=\"article:publisher\" content=\"https:\/\/www.facebook.com\/AtlanticraftFrance\" \/>\n<meta property=\"article:modified_time\" content=\"2025-09-17T07:28:34+00:00\" \/>\n<meta property=\"og:image\" content=\"https:\/\/www.atlanticraftboats.com\/wp-content\/uploads\/2022\/08\/Mercury_115HP_4s_Diagonal_FourStroke.jpg\" \/>\n\t<meta property=\"og:image:width\" content=\"1000\" \/>\n\t<meta property=\"og:image:height\" content=\"1000\" \/>\n\t<meta property=\"og:image:type\" content=\"image\/jpeg\" \/>\n<meta name=\"twitter:card\" content=\"summary_large_image\" \/>\n<script type=\"application\/ld+json\" class=\"yoast-schema-graph\">{\"@context\":\"https:\\\/\\\/schema.org\",\"@graph\":[{\"@type\":\"WebPage\",\"@id\":\"https:\\\/\\\/www.atlanticraftboats.com\\\/produit\\\/mercury-115-hp-fourstroke\\\/\",\"url\":\"https:\\\/\\\/www.atlanticraftboats.com\\\/produit\\\/mercury-115-hp-fourstroke\\\/\",\"name\":\"Mercury 115 HP FourStroke EFI - AtlantiCraft\",\"isPartOf\":{\"@id\":\"https:\\\/\\\/www.atlanticraftboats.com\\\/en\\\/#website\"},\"primaryImageOfPage\":{\"@id\":\"https:\\\/\\\/www.atlanticraftboats.com\\\/produit\\\/mercury-115-hp-fourstroke\\\/#primaryimage\"},\"image\":{\"@id\":\"https:\\\/\\\/www.atlanticraftboats.com\\\/produit\\\/mercury-115-hp-fourstroke\\\/#primaryimage\"},\"thumbnailUrl\":\"https:\\\/\\\/www.atlanticraftboats.com\\\/wp-content\\\/uploads\\\/2022\\\/08\\\/Mercury_115HP_4s_Diagonal_FourStroke.jpg\",\"datePublished\":\"2022-08-02T07:10:37+00:00\",\"dateModified\":\"2025-09-17T07:28:34+00:00\",\"breadcrumb\":{\"@id\":\"https:\\\/\\\/www.atlanticraftboats.com\\\/produit\\\/mercury-115-hp-fourstroke\\\/#breadcrumb\"},\"inLanguage\":\"en-GB\",\"potentialAction\":[{\"@type\":\"ReadAction\",\"target\":[\"https:\\\/\\\/www.atlanticraftboats.com\\\/produit\\\/mercury-115-hp-fourstroke\\\/\"]}]},{\"@type\":\"ImageObject\",\"inLanguage\":\"en-GB\",\"@id\":\"https:\\\/\\\/www.atlanticraftboats.com\\\/produit\\\/mercury-115-hp-fourstroke\\\/#primaryimage\",\"url\":\"https:\\\/\\\/www.atlanticraftboats.com\\\/wp-content\\\/uploads\\\/2022\\\/08\\\/Mercury_115HP_4s_Diagonal_FourStroke.jpg\",\"contentUrl\":\"https:\\\/\\\/www.atlanticraftboats.com\\\/wp-content\\\/uploads\\\/2022\\\/08\\\/Mercury_115HP_4s_Diagonal_FourStroke.jpg\",\"width\":1000,\"height\":1000},{\"@type\":\"BreadcrumbList\",\"@id\":\"https:\\\/\\\/www.atlanticraftboats.com\\\/produit\\\/mercury-115-hp-fourstroke\\\/#breadcrumb\",\"itemListElement\":[{\"@type\":\"ListItem\",\"position\":1,\"name\":\"Accueil\",\"item\":\"https:\\\/\\\/www.atlanticraftboats.com\\\/\"},{\"@type\":\"ListItem\",\"position\":2,\"name\":\"Les bateaux semi-rigides AtlantiCraft\",\"item\":\"https:\\\/\\\/www.atlanticraftboats.com\\\/bateaux-semi-rigide\\\/\"},{\"@type\":\"ListItem\",\"position\":3,\"name\":\"Mercury 115 HP FourStroke EFI\"}]},{\"@type\":\"WebSite\",\"@id\":\"https:\\\/\\\/www.atlanticraftboats.com\\\/en\\\/#website\",\"url\":\"https:\\\/\\\/www.atlanticraftboats.com\\\/en\\\/\",\"name\":\"AtlantiCraft\",\"description\":\"Marque fran\u00e7aise de bateaux semi rigides en coque aluminium\",\"publisher\":{\"@id\":\"https:\\\/\\\/www.atlanticraftboats.com\\\/en\\\/#organization\"},\"potentialAction\":[{\"@type\":\"SearchAction\",\"target\":{\"@type\":\"EntryPoint\",\"urlTemplate\":\"https:\\\/\\\/www.atlanticraftboats.com\\\/en\\\/?s={search_term_string}\"},\"query-input\":{\"@type\":\"PropertyValueSpecification\",\"valueRequired\":true,\"valueName\":\"search_term_string\"}}],\"inLanguage\":\"en-GB\"},{\"@type\":\"Organization\",\"@id\":\"https:\\\/\\\/www.atlanticraftboats.com\\\/en\\\/#organization\",\"name\":\"Atlanticraft\",\"url\":\"https:\\\/\\\/www.atlanticraftboats.com\\\/en\\\/\",\"logo\":{\"@type\":\"ImageObject\",\"inLanguage\":\"en-GB\",\"@id\":\"https:\\\/\\\/www.atlanticraftboats.com\\\/en\\\/#\\\/schema\\\/logo\\\/image\\\/\",\"url\":\"https:\\\/\\\/www.atlanticraftboats.com\\\/wp-content\\\/uploads\\\/2022\\\/04\\\/logo-atlanticraft.svg\",\"contentUrl\":\"https:\\\/\\\/www.atlanticraftboats.com\\\/wp-content\\\/uploads\\\/2022\\\/04\\\/logo-atlanticraft.svg\",\"width\":215,\"height\":51,\"caption\":\"Atlanticraft\"},\"image\":{\"@id\":\"https:\\\/\\\/www.atlanticraftboats.com\\\/en\\\/#\\\/schema\\\/logo\\\/image\\\/\"},\"sameAs\":[\"https:\\\/\\\/www.facebook.com\\\/AtlanticraftFrance\",\"https:\\\/\\\/www.instagram.com\\\/atlanticraft_france\\\/\",\"https:\\\/\\\/www.linkedin.com\\\/company\\\/82927401\\\/admin\\\/dashboard\\\/\"]}]}<\/script>\n<!-- \/ Yoast SEO plugin. -->","yoast_head_json":{"title":"Mercury 115 HP FourStroke EFI - AtlantiCraft","robots":{"index":"index","follow":"follow","max-snippet":"max-snippet:-1","max-image-preview":"max-image-preview:large","max-video-preview":"max-video-preview:-1"},"canonical":"https:\/\/www.atlanticraftboats.com\/en\/product\/mercury-115-hp-fourstroke\/","og_locale":"en_GB","og_type":"article","og_title":"Mercury 115 HP FourStroke EFI - AtlantiCraft","og_description":"LE PLUS L\u00c9GER ET COMPACT DE SA CAT\u00c9GORIE . Poids l\u00e9ger &amp; \u00e9conomie de carburant. Un concentr\u00e9 de puissance dans un moteur l\u00e9ger et compact offrant une pouss\u00e9 id\u00e9ale et une \u00e9conomie de carburant in\u00e9gal\u00e9e. . Exp\u00e9rience de navigation. Moteur con\u00e7u pour offrir une conduite silencieuse et souple. Capot insonoris\u00e9 et silencieux d\u2019actuateur de ralenti pour r\u00e9duire les bruits d\u2019\u00e9chappement. Corps d\u2019acc\u00e9l\u00e9rateur pour affiner les bruits d\u2019admission et syst\u00e8me de r\u00e9duction des vibrations. . Anticorrosion. Alliage faible en teneur de cuivre XK360 exclusif. Composants en inox et peinture MercFusion con\u00e7ue pour les environnements difficiles. . Puissance &amp; Efficacit\u00e9. Poids l\u00e9ger et cylindr\u00e9e sup\u00e9rieure g\u00e9n\u00e9rant un couple important et une puissance instantan\u00e9e \u00e0 tous les r\u00e9gimes. La version CT (Command Thrust) est disponible avec l\u2019embase du F 150 FourStroke, plus large pour une pouss\u00e9e sup\u00e9rieure. Id\u00e9ale pour les embases. . Silencieux &amp; lisse. Moteur extr\u00eamement silencieux. Mercury r\u00e9duit avec succ\u00e8s le bruit et les vibrations. Une conduite sereine qui vous permet de profiter de la nature parfaitement. . Big Tiller. La grande barre franche, en option, offre un contr\u00f4le optimal. Poign\u00e9e ergonomique longue incluant un interrupteur de trim pour un acc\u00e8s facilit\u00e9 et s\u00e9curisant. Appr\u00e9ci\u00e9e par les p\u00eacheurs qui peuvent contr\u00f4ler l\u2019acc\u00e9l\u00e9ration et atteindre la vitesse de p\u00eache. . Entretien facile. Le plus facile \u00e0 entretenir du march\u00e9.  Versions disponibles : ELPT-EXLPT et embase CT ELPT-EXLPT-CXLPT","og_url":"https:\/\/www.atlanticraftboats.com\/en\/product\/mercury-115-hp-fourstroke\/","og_site_name":"AtlantiCraft","article_publisher":"https:\/\/www.facebook.com\/AtlanticraftFrance","article_modified_time":"2025-09-17T07:28:34+00:00","og_image":[{"width":1000,"height":1000,"url":"https:\/\/www.atlanticraftboats.com\/wp-content\/uploads\/2022\/08\/Mercury_115HP_4s_Diagonal_FourStroke.jpg","type":"image\/jpeg"}],"twitter_card":"summary_large_image","schema":{"@context":"https:\/\/schema.org","@graph":[{"@type":"WebPage","@id":"https:\/\/www.atlanticraftboats.com\/produit\/mercury-115-hp-fourstroke\/","url":"https:\/\/www.atlanticraftboats.com\/produit\/mercury-115-hp-fourstroke\/","name":"Mercury 115 HP FourStroke EFI - AtlantiCraft","isPartOf":{"@id":"https:\/\/www.atlanticraftboats.com\/en\/#website"},"primaryImageOfPage":{"@id":"https:\/\/www.atlanticraftboats.com\/produit\/mercury-115-hp-fourstroke\/#primaryimage"},"image":{"@id":"https:\/\/www.atlanticraftboats.com\/produit\/mercury-115-hp-fourstroke\/#primaryimage"},"thumbnailUrl":"https:\/\/www.atlanticraftboats.com\/wp-content\/uploads\/2022\/08\/Mercury_115HP_4s_Diagonal_FourStroke.jpg","datePublished":"2022-08-02T07:10:37+00:00","dateModified":"2025-09-17T07:28:34+00:00","breadcrumb":{"@id":"https:\/\/www.atlanticraftboats.com\/produit\/mercury-115-hp-fourstroke\/#breadcrumb"},"inLanguage":"en-GB","potentialAction":[{"@type":"ReadAction","target":["https:\/\/www.atlanticraftboats.com\/produit\/mercury-115-hp-fourstroke\/"]}]},{"@type":"ImageObject","inLanguage":"en-GB","@id":"https:\/\/www.atlanticraftboats.com\/produit\/mercury-115-hp-fourstroke\/#primaryimage","url":"https:\/\/www.atlanticraftboats.com\/wp-content\/uploads\/2022\/08\/Mercury_115HP_4s_Diagonal_FourStroke.jpg","contentUrl":"https:\/\/www.atlanticraftboats.com\/wp-content\/uploads\/2022\/08\/Mercury_115HP_4s_Diagonal_FourStroke.jpg","width":1000,"height":1000},{"@type":"BreadcrumbList","@id":"https:\/\/www.atlanticraftboats.com\/produit\/mercury-115-hp-fourstroke\/#breadcrumb","itemListElement":[{"@type":"ListItem","position":1,"name":"Accueil","item":"https:\/\/www.atlanticraftboats.com\/"},{"@type":"ListItem","position":2,"name":"Les bateaux semi-rigides AtlantiCraft","item":"https:\/\/www.atlanticraftboats.com\/bateaux-semi-rigide\/"},{"@type":"ListItem","position":3,"name":"Mercury 115 HP FourStroke EFI"}]},{"@type":"WebSite","@id":"https:\/\/www.atlanticraftboats.com\/en\/#website","url":"https:\/\/www.atlanticraftboats.com\/en\/","name":"AtlantiCraft","description":"French brand of semi-rigid boats with aluminum hulls","publisher":{"@id":"https:\/\/www.atlanticraftboats.com\/en\/#organization"},"potentialAction":[{"@type":"SearchAction","target":{"@type":"EntryPoint","urlTemplate":"https:\/\/www.atlanticraftboats.com\/en\/?s={search_term_string}"},"query-input":{"@type":"PropertyValueSpecification","valueRequired":true,"valueName":"search_term_string"}}],"inLanguage":"en-GB"},{"@type":"Organization","@id":"https:\/\/www.atlanticraftboats.com\/en\/#organization","name":"Atlanticraft","url":"https:\/\/www.atlanticraftboats.com\/en\/","logo":{"@type":"ImageObject","inLanguage":"en-GB","@id":"https:\/\/www.atlanticraftboats.com\/en\/#\/schema\/logo\/image\/","url":"https:\/\/www.atlanticraftboats.com\/wp-content\/uploads\/2022\/04\/logo-atlanticraft.svg","contentUrl":"https:\/\/www.atlanticraftboats.com\/wp-content\/uploads\/2022\/04\/logo-atlanticraft.svg","width":215,"height":51,"caption":"Atlanticraft"},"image":{"@id":"https:\/\/www.atlanticraftboats.com\/en\/#\/schema\/logo\/image\/"},"sameAs":["https:\/\/www.facebook.com\/AtlanticraftFrance","https:\/\/www.instagram.com\/atlanticraft_france\/","https:\/\/www.linkedin.com\/company\/82927401\/admin\/dashboard\/"]}]}},"jetpack_sharing_enabled":true,"_links":{"self":[{"href":"https:\/\/www.atlanticraftboats.com\/en\/wp-json\/wp\/v2\/product\/1805","targetHints":{"allow":["GET"]}}],"collection":[{"href":"https:\/\/www.atlanticraftboats.com\/en\/wp-json\/wp\/v2\/product"}],"about":[{"href":"https:\/\/www.atlanticraftboats.com\/en\/wp-json\/wp\/v2\/types\/product"}],"wp:featuredmedia":[{"embeddable":true,"href":"https:\/\/www.atlanticraftboats.com\/en\/wp-json\/wp\/v2\/media\/1747"}],"wp:attachment":[{"href":"https:\/\/www.atlanticraftboats.com\/en\/wp-json\/wp\/v2\/media?parent=1805"}],"wp:term":[{"taxonomy":"product_brand","embeddable":true,"href":"https:\/\/www.atlanticraftboats.com\/en\/wp-json\/wp\/v2\/product_brand?post=1805"},{"taxonomy":"product_cat","embeddable":true,"href":"https:\/\/www.atlanticraftboats.com\/en\/wp-json\/wp\/v2\/product_cat?post=1805"},{"taxonomy":"product_tag","embeddable":true,"href":"https:\/\/www.atlanticraftboats.com\/en\/wp-json\/wp\/v2\/product_tag?post=1805"}],"curies":[{"name":"wp","href":"https:\/\/api.w.org\/{rel}","templated":true}]}}