{"id":1806,"date":"2022-08-02T09:15:26","date_gmt":"2022-08-02T07:15:26","guid":{"rendered":"https:\/\/www.atlanticraft.fr\/?post_type=product&#038;p=1806"},"modified":"2025-09-17T09:34:54","modified_gmt":"2025-09-17T07:34:54","slug":"mercury-150-hp-fourstroke","status":"publish","type":"product","link":"https:\/\/www.atlanticraftboats.com\/en\/product\/mercury-150-hp-fourstroke\/","title":{"rendered":"Mercury 150 HP FourStroke EFI"},"content":{"rendered":"","protected":false},"excerpt":{"rendered":"<h3><strong>THE BEST 150 HP ON THE MARKET<\/strong><\/h3>\n<p>.<strong> Light weight &amp; fuel economy.<\/strong> The lightest 150 hp on the market (16 kg lighter than its closest competitor). It is also the most compact. Ideal for all types of boats.<br \/>\n. <strong>Perfect for repowering.<\/strong> Compact and lightweight, this motor can be mounted on any type of boat. Perfect for lightweight hulls and for boats that require a powerful yet lightweight motor. Electrohydraulic steering is optional.<br \/>\n. <strong>Propel to achieve feats.<\/strong> The Enertia propeller is the perfect complement to this 150 hp engine. A revolutionary propeller with a small diameter and large blade surface area. Exclusive X7 alloy for phenomenal speed, acceleration, and longevity.<br \/>\n. <strong>Power, durability and efficiency.<\/strong> The largest displacement in its class. 3L engine that delivers greater efficiency, greater torque across the entire engine range, and effortless power delivery.<br \/>\n. <strong>Easy maintenance.<\/strong> The easiest to maintain on the market.<\/p>","protected":false},"featured_media":1748,"template":"","meta":{"inline_featured_image":false},"product_brand":[],"product_cat":[28],"product_tag":[],"class_list":{"0":"post-1806","1":"product","2":"type-product","3":"status-publish","4":"has-post-thumbnail","6":"product_cat-moteurs","8":"first","9":"instock","10":"taxable","11":"shipping-taxable","12":"purchasable","13":"product-type-simple"},"yoast_head":"<!-- This site is optimized with the Yoast SEO plugin v27.3 - https:\/\/yoast.com\/product\/yoast-seo-wordpress\/ -->\n<title>Mercury 150 HP FourStroke EFI - AtlantiCraft<\/title>\n<meta name=\"robots\" content=\"index, follow, max-snippet:-1, max-image-preview:large, max-video-preview:-1\" \/>\n<link rel=\"canonical\" href=\"https:\/\/www.atlanticraftboats.com\/en\/product\/mercury-150-hp-fourstroke\/\" \/>\n<meta property=\"og:locale\" content=\"en_GB\" \/>\n<meta property=\"og:type\" content=\"article\" \/>\n<meta property=\"og:title\" content=\"Mercury 150 HP FourStroke EFI - AtlantiCraft\" \/>\n<meta property=\"og:description\" content=\"LE MEILLEUR 150 CV DU MARCH\u00c9 . Poids l\u00e9ger &amp; \u00e9conomie de carburant. Le 150 ch le plus l\u00e9ger du march\u00e9 (16 kg de moins que son plus proche concurrent). Il est aussi le plus compact. Id\u00e9al pour tous les types de bateaux. . Parfait pour la remotorisation. Compact et l\u00e9ger, ce moteur peut \u00eatre mont\u00e9 sur tout type de bateau. Parfait pour les coques l\u00e9g\u00e8re et pour les embarcations qui n\u00e9cessitent un moteur \u00e0 la fois puissant et l\u00e9ger. Direction \u00e9lectrohydraulique en option. . Propulser pour r\u00e9aliser des exploits. L&#039;h\u00e9lice Enertia est le parfait compl\u00e9ment de ce 150 ch. H\u00e9lic\u00e9 r\u00e9volutionnaire par son faible diam\u00e8tre et sa grande surface de pale. Alliage exclusif X7 pour une vitesse, acc\u00e9l\u00e9ration et long\u00e9vit\u00e9 ph\u00e9nom\u00e9nale. . Puissance, durabilit\u00e9 et efficacit\u00e9. La plus grosse cylindr\u00e9e de sa cat\u00e9gorie. Moteur 3L qui permet d&#039;avoir un meilleur rendement, un meilleur couple \u00e0 tous les r\u00e9gimes et une production de puissance sans effort. . Entretien facile. Le plus facile \u00e0 entretenir du march\u00e9.\" \/>\n<meta property=\"og:url\" content=\"https:\/\/www.atlanticraftboats.com\/en\/product\/mercury-150-hp-fourstroke\/\" \/>\n<meta property=\"og:site_name\" content=\"AtlantiCraft\" \/>\n<meta property=\"article:publisher\" content=\"https:\/\/www.facebook.com\/AtlanticraftFrance\" \/>\n<meta property=\"article:modified_time\" content=\"2025-09-17T07:34:54+00:00\" \/>\n<meta property=\"og:image\" content=\"https:\/\/www.atlanticraftboats.com\/wp-content\/uploads\/2022\/08\/Mercury_150HP_4s_Diagonal_FourStroke.jpg\" \/>\n\t<meta property=\"og:image:width\" content=\"1000\" \/>\n\t<meta property=\"og:image:height\" content=\"1000\" \/>\n\t<meta property=\"og:image:type\" content=\"image\/jpeg\" \/>\n<meta name=\"twitter:card\" content=\"summary_large_image\" \/>\n<script type=\"application\/ld+json\" class=\"yoast-schema-graph\">{\"@context\":\"https:\\\/\\\/schema.org\",\"@graph\":[{\"@type\":\"WebPage\",\"@id\":\"https:\\\/\\\/www.atlanticraftboats.com\\\/produit\\\/mercury-150-hp-fourstroke\\\/\",\"url\":\"https:\\\/\\\/www.atlanticraftboats.com\\\/produit\\\/mercury-150-hp-fourstroke\\\/\",\"name\":\"Mercury 150 HP FourStroke EFI - AtlantiCraft\",\"isPartOf\":{\"@id\":\"https:\\\/\\\/www.atlanticraftboats.com\\\/en\\\/#website\"},\"primaryImageOfPage\":{\"@id\":\"https:\\\/\\\/www.atlanticraftboats.com\\\/produit\\\/mercury-150-hp-fourstroke\\\/#primaryimage\"},\"image\":{\"@id\":\"https:\\\/\\\/www.atlanticraftboats.com\\\/produit\\\/mercury-150-hp-fourstroke\\\/#primaryimage\"},\"thumbnailUrl\":\"https:\\\/\\\/www.atlanticraftboats.com\\\/wp-content\\\/uploads\\\/2022\\\/08\\\/Mercury_150HP_4s_Diagonal_FourStroke.jpg\",\"datePublished\":\"2022-08-02T07:15:26+00:00\",\"dateModified\":\"2025-09-17T07:34:54+00:00\",\"breadcrumb\":{\"@id\":\"https:\\\/\\\/www.atlanticraftboats.com\\\/produit\\\/mercury-150-hp-fourstroke\\\/#breadcrumb\"},\"inLanguage\":\"en-GB\",\"potentialAction\":[{\"@type\":\"ReadAction\",\"target\":[\"https:\\\/\\\/www.atlanticraftboats.com\\\/produit\\\/mercury-150-hp-fourstroke\\\/\"]}]},{\"@type\":\"ImageObject\",\"inLanguage\":\"en-GB\",\"@id\":\"https:\\\/\\\/www.atlanticraftboats.com\\\/produit\\\/mercury-150-hp-fourstroke\\\/#primaryimage\",\"url\":\"https:\\\/\\\/www.atlanticraftboats.com\\\/wp-content\\\/uploads\\\/2022\\\/08\\\/Mercury_150HP_4s_Diagonal_FourStroke.jpg\",\"contentUrl\":\"https:\\\/\\\/www.atlanticraftboats.com\\\/wp-content\\\/uploads\\\/2022\\\/08\\\/Mercury_150HP_4s_Diagonal_FourStroke.jpg\",\"width\":1000,\"height\":1000},{\"@type\":\"BreadcrumbList\",\"@id\":\"https:\\\/\\\/www.atlanticraftboats.com\\\/produit\\\/mercury-150-hp-fourstroke\\\/#breadcrumb\",\"itemListElement\":[{\"@type\":\"ListItem\",\"position\":1,\"name\":\"Accueil\",\"item\":\"https:\\\/\\\/www.atlanticraftboats.com\\\/\"},{\"@type\":\"ListItem\",\"position\":2,\"name\":\"Les bateaux semi-rigides AtlantiCraft\",\"item\":\"https:\\\/\\\/www.atlanticraftboats.com\\\/bateaux-semi-rigide\\\/\"},{\"@type\":\"ListItem\",\"position\":3,\"name\":\"Mercury 150 HP FourStroke EFI\"}]},{\"@type\":\"WebSite\",\"@id\":\"https:\\\/\\\/www.atlanticraftboats.com\\\/en\\\/#website\",\"url\":\"https:\\\/\\\/www.atlanticraftboats.com\\\/en\\\/\",\"name\":\"AtlantiCraft\",\"description\":\"Marque fran\u00e7aise de bateaux semi rigides en coque aluminium\",\"publisher\":{\"@id\":\"https:\\\/\\\/www.atlanticraftboats.com\\\/en\\\/#organization\"},\"potentialAction\":[{\"@type\":\"SearchAction\",\"target\":{\"@type\":\"EntryPoint\",\"urlTemplate\":\"https:\\\/\\\/www.atlanticraftboats.com\\\/en\\\/?s={search_term_string}\"},\"query-input\":{\"@type\":\"PropertyValueSpecification\",\"valueRequired\":true,\"valueName\":\"search_term_string\"}}],\"inLanguage\":\"en-GB\"},{\"@type\":\"Organization\",\"@id\":\"https:\\\/\\\/www.atlanticraftboats.com\\\/en\\\/#organization\",\"name\":\"Atlanticraft\",\"url\":\"https:\\\/\\\/www.atlanticraftboats.com\\\/en\\\/\",\"logo\":{\"@type\":\"ImageObject\",\"inLanguage\":\"en-GB\",\"@id\":\"https:\\\/\\\/www.atlanticraftboats.com\\\/en\\\/#\\\/schema\\\/logo\\\/image\\\/\",\"url\":\"https:\\\/\\\/www.atlanticraftboats.com\\\/wp-content\\\/uploads\\\/2022\\\/04\\\/logo-atlanticraft.svg\",\"contentUrl\":\"https:\\\/\\\/www.atlanticraftboats.com\\\/wp-content\\\/uploads\\\/2022\\\/04\\\/logo-atlanticraft.svg\",\"width\":215,\"height\":51,\"caption\":\"Atlanticraft\"},\"image\":{\"@id\":\"https:\\\/\\\/www.atlanticraftboats.com\\\/en\\\/#\\\/schema\\\/logo\\\/image\\\/\"},\"sameAs\":[\"https:\\\/\\\/www.facebook.com\\\/AtlanticraftFrance\",\"https:\\\/\\\/www.instagram.com\\\/atlanticraft_france\\\/\",\"https:\\\/\\\/www.linkedin.com\\\/company\\\/82927401\\\/admin\\\/dashboard\\\/\"]}]}<\/script>\n<!-- \/ Yoast SEO plugin. -->","yoast_head_json":{"title":"Mercury 150 HP FourStroke EFI - AtlantiCraft","robots":{"index":"index","follow":"follow","max-snippet":"max-snippet:-1","max-image-preview":"max-image-preview:large","max-video-preview":"max-video-preview:-1"},"canonical":"https:\/\/www.atlanticraftboats.com\/en\/product\/mercury-150-hp-fourstroke\/","og_locale":"en_GB","og_type":"article","og_title":"Mercury 150 HP FourStroke EFI - AtlantiCraft","og_description":"LE MEILLEUR 150 CV DU MARCH\u00c9 . Poids l\u00e9ger &amp; \u00e9conomie de carburant. Le 150 ch le plus l\u00e9ger du march\u00e9 (16 kg de moins que son plus proche concurrent). Il est aussi le plus compact. Id\u00e9al pour tous les types de bateaux. . Parfait pour la remotorisation. Compact et l\u00e9ger, ce moteur peut \u00eatre mont\u00e9 sur tout type de bateau. Parfait pour les coques l\u00e9g\u00e8re et pour les embarcations qui n\u00e9cessitent un moteur \u00e0 la fois puissant et l\u00e9ger. Direction \u00e9lectrohydraulique en option. . Propulser pour r\u00e9aliser des exploits. L'h\u00e9lice Enertia est le parfait compl\u00e9ment de ce 150 ch. H\u00e9lic\u00e9 r\u00e9volutionnaire par son faible diam\u00e8tre et sa grande surface de pale. Alliage exclusif X7 pour une vitesse, acc\u00e9l\u00e9ration et long\u00e9vit\u00e9 ph\u00e9nom\u00e9nale. . Puissance, durabilit\u00e9 et efficacit\u00e9. La plus grosse cylindr\u00e9e de sa cat\u00e9gorie. Moteur 3L qui permet d'avoir un meilleur rendement, un meilleur couple \u00e0 tous les r\u00e9gimes et une production de puissance sans effort. . Entretien facile. Le plus facile \u00e0 entretenir du march\u00e9.","og_url":"https:\/\/www.atlanticraftboats.com\/en\/product\/mercury-150-hp-fourstroke\/","og_site_name":"AtlantiCraft","article_publisher":"https:\/\/www.facebook.com\/AtlanticraftFrance","article_modified_time":"2025-09-17T07:34:54+00:00","og_image":[{"width":1000,"height":1000,"url":"https:\/\/www.atlanticraftboats.com\/wp-content\/uploads\/2022\/08\/Mercury_150HP_4s_Diagonal_FourStroke.jpg","type":"image\/jpeg"}],"twitter_card":"summary_large_image","schema":{"@context":"https:\/\/schema.org","@graph":[{"@type":"WebPage","@id":"https:\/\/www.atlanticraftboats.com\/produit\/mercury-150-hp-fourstroke\/","url":"https:\/\/www.atlanticraftboats.com\/produit\/mercury-150-hp-fourstroke\/","name":"Mercury 150 HP FourStroke EFI - AtlantiCraft","isPartOf":{"@id":"https:\/\/www.atlanticraftboats.com\/en\/#website"},"primaryImageOfPage":{"@id":"https:\/\/www.atlanticraftboats.com\/produit\/mercury-150-hp-fourstroke\/#primaryimage"},"image":{"@id":"https:\/\/www.atlanticraftboats.com\/produit\/mercury-150-hp-fourstroke\/#primaryimage"},"thumbnailUrl":"https:\/\/www.atlanticraftboats.com\/wp-content\/uploads\/2022\/08\/Mercury_150HP_4s_Diagonal_FourStroke.jpg","datePublished":"2022-08-02T07:15:26+00:00","dateModified":"2025-09-17T07:34:54+00:00","breadcrumb":{"@id":"https:\/\/www.atlanticraftboats.com\/produit\/mercury-150-hp-fourstroke\/#breadcrumb"},"inLanguage":"en-GB","potentialAction":[{"@type":"ReadAction","target":["https:\/\/www.atlanticraftboats.com\/produit\/mercury-150-hp-fourstroke\/"]}]},{"@type":"ImageObject","inLanguage":"en-GB","@id":"https:\/\/www.atlanticraftboats.com\/produit\/mercury-150-hp-fourstroke\/#primaryimage","url":"https:\/\/www.atlanticraftboats.com\/wp-content\/uploads\/2022\/08\/Mercury_150HP_4s_Diagonal_FourStroke.jpg","contentUrl":"https:\/\/www.atlanticraftboats.com\/wp-content\/uploads\/2022\/08\/Mercury_150HP_4s_Diagonal_FourStroke.jpg","width":1000,"height":1000},{"@type":"BreadcrumbList","@id":"https:\/\/www.atlanticraftboats.com\/produit\/mercury-150-hp-fourstroke\/#breadcrumb","itemListElement":[{"@type":"ListItem","position":1,"name":"Accueil","item":"https:\/\/www.atlanticraftboats.com\/"},{"@type":"ListItem","position":2,"name":"Les bateaux semi-rigides AtlantiCraft","item":"https:\/\/www.atlanticraftboats.com\/bateaux-semi-rigide\/"},{"@type":"ListItem","position":3,"name":"Mercury 150 HP FourStroke EFI"}]},{"@type":"WebSite","@id":"https:\/\/www.atlanticraftboats.com\/en\/#website","url":"https:\/\/www.atlanticraftboats.com\/en\/","name":"AtlantiCraft","description":"French brand of semi-rigid boats with aluminum hulls","publisher":{"@id":"https:\/\/www.atlanticraftboats.com\/en\/#organization"},"potentialAction":[{"@type":"SearchAction","target":{"@type":"EntryPoint","urlTemplate":"https:\/\/www.atlanticraftboats.com\/en\/?s={search_term_string}"},"query-input":{"@type":"PropertyValueSpecification","valueRequired":true,"valueName":"search_term_string"}}],"inLanguage":"en-GB"},{"@type":"Organization","@id":"https:\/\/www.atlanticraftboats.com\/en\/#organization","name":"Atlanticraft","url":"https:\/\/www.atlanticraftboats.com\/en\/","logo":{"@type":"ImageObject","inLanguage":"en-GB","@id":"https:\/\/www.atlanticraftboats.com\/en\/#\/schema\/logo\/image\/","url":"https:\/\/www.atlanticraftboats.com\/wp-content\/uploads\/2022\/04\/logo-atlanticraft.svg","contentUrl":"https:\/\/www.atlanticraftboats.com\/wp-content\/uploads\/2022\/04\/logo-atlanticraft.svg","width":215,"height":51,"caption":"Atlanticraft"},"image":{"@id":"https:\/\/www.atlanticraftboats.com\/en\/#\/schema\/logo\/image\/"},"sameAs":["https:\/\/www.facebook.com\/AtlanticraftFrance","https:\/\/www.instagram.com\/atlanticraft_france\/","https:\/\/www.linkedin.com\/company\/82927401\/admin\/dashboard\/"]}]}},"jetpack_sharing_enabled":true,"_links":{"self":[{"href":"https:\/\/www.atlanticraftboats.com\/en\/wp-json\/wp\/v2\/product\/1806","targetHints":{"allow":["GET"]}}],"collection":[{"href":"https:\/\/www.atlanticraftboats.com\/en\/wp-json\/wp\/v2\/product"}],"about":[{"href":"https:\/\/www.atlanticraftboats.com\/en\/wp-json\/wp\/v2\/types\/product"}],"wp:featuredmedia":[{"embeddable":true,"href":"https:\/\/www.atlanticraftboats.com\/en\/wp-json\/wp\/v2\/media\/1748"}],"wp:attachment":[{"href":"https:\/\/www.atlanticraftboats.com\/en\/wp-json\/wp\/v2\/media?parent=1806"}],"wp:term":[{"taxonomy":"product_brand","embeddable":true,"href":"https:\/\/www.atlanticraftboats.com\/en\/wp-json\/wp\/v2\/product_brand?post=1806"},{"taxonomy":"product_cat","embeddable":true,"href":"https:\/\/www.atlanticraftboats.com\/en\/wp-json\/wp\/v2\/product_cat?post=1806"},{"taxonomy":"product_tag","embeddable":true,"href":"https:\/\/www.atlanticraftboats.com\/en\/wp-json\/wp\/v2\/product_tag?post=1806"}],"curies":[{"name":"wp","href":"https:\/\/api.w.org\/{rel}","templated":true}]}}