{"id":1815,"date":"2022-08-02T10:44:34","date_gmt":"2022-08-02T08:44:34","guid":{"rendered":"https:\/\/www.atlanticraft.fr\/?post_type=product&#038;p=1815"},"modified":"2025-09-17T14:33:04","modified_gmt":"2025-09-17T12:33:04","slug":"mercury-500-hp-seapro","status":"publish","type":"product","link":"https:\/\/www.atlanticraftboats.com\/en\/product\/mercury-500-hp-seapro\/","title":{"rendered":"Mercury 500 HP V12 SeaPro"},"content":{"rendered":"","protected":false},"excerpt":{"rendered":"<h3><strong>SeaPro 500hp 7.6L V12<\/strong><\/h3>\n<p>Mercury redefined the intersection of power and water with the first-ever V12 outboard. At 500 hp, it&#039;s our most powerful and capable professional outboard yet. Rugged components deliver rock-solid reliability, while a revolutionary tilt-shift gear and two-speed automatic transmission deliver unmatched handling and maneuverability. Every system is optimized for exceptional fuel economy and simple maintenance so you can minimize expenses and downtime and maximize performance.<\/p>\n<p>&nbsp;<\/p>\n<div class=\"feature\">\n<div class=\"feature__content\">\n<div class=\"item-heading\">. <strong>12V power and performance. <\/strong>The first V12 powerhead in the outboard engine segment offers uncompromising strength and reliability for professional users. Its 7.6-liter displacement and quadruple overhead camshafts generate superior torque that easily powers large boats, planes, and moves heavy loads.<\/div>\n<\/div>\n<\/div>\n<div class=\"feature\">\n<div class=\"feature__icon\">. <strong>Two-speed automatic transmission. <\/strong>The two-speed transmission easily transfers the 500 hp to the outdrive. It delivers maximum torque and acceleration in first gear to quickly propel heavy boats and get them on plane before shifting silently into second gear. No noise when shifting. No limitations. Just smooth, efficient power.<\/div>\n<\/div>\n<div class=\"feature\">\n<div class=\"feature__content\">\n<div class=\"item-heading\">. <strong>Independent swivel base. <\/strong>Electro-hydraulic controls allow the steerable drive to react instantly to the pilot&#039;s input. With no engine movement above the water, there are no distractions \u2013 just precise maneuverability in tight spaces and smooth, effortless handling offshore.<\/div>\n<\/div>\n<\/div>\n<div class=\"feature\">\n<div class=\"feature__content\">\n<div class=\"item-heading\">. <strong>Double counter-rotating propellers. <\/strong>A new series of twin propellers has been expertly developed to fully exploit the potential of the 500 hp. Designed to operate in a counter-rotating configuration, the new propellers propel heavy boats and get them on plane quickly and efficiently, while providing exceptional maneuverability at low rpm and optimum fuel economy at cruising speed.<\/div>\n<\/div>\n<\/div>\n<div class=\"feature\">\n<div class=\"feature__content\">\n<div class=\"item-heading\">. <strong>Exceptionally smooth and quiet. <\/strong>The new generation, more robust and sophisticated Advanced MidSection (AMS) mounting system supports the powerhead to isolate noise and vibration, while careful tuning dampens induction sounds and virtually eliminates injection noise.<\/div>\n<div>\n<section class=\"section section--performance\">\n<div class=\"tiles-container\">\n<div class=\"tile\">\n<div class=\"section-heading\">. <strong>More fuel economy.<\/strong> The SeaPro V12 outboard is tuned to deliver optimal performance on 87-octane gasoline, equipped with a host of efficiency-enhancing features, such as a hydrodynamic drive and an Advanced Range Optimization (ARO) system that automatically adjusts fuel delivery to maximize economy and reduce your expenses.<\/div>\n<div class=\"section-heading\">. <strong>Corrosion resistance:<\/strong> Not only are SeaPro outboard motors designed and built to withstand the rigors of offshore operation, but they are also backed by a two-year anti-corrosion warranty.<\/div>\n<div class=\"section-heading\">.<strong> Maximum durability: <\/strong>The V12 SeaPro outboard features a robust drivetrain that&#039;s estimated to last three times longer than recreational motors. Its advanced hydrodynamic design allows it to glide efficiently through the water.<\/div>\n<\/div>\n<\/div>\n<\/section>\n<\/div>\n<\/div>\n<\/div>","protected":false},"featured_media":1767,"template":"","meta":{"inline_featured_image":false},"product_brand":[],"product_cat":[28],"product_tag":[],"class_list":{"0":"post-1815","1":"product","2":"type-product","3":"status-publish","4":"has-post-thumbnail","6":"product_cat-moteurs","8":"first","9":"instock","10":"taxable","11":"shipping-taxable","12":"purchasable","13":"product-type-simple"},"yoast_head":"<!-- This site is optimized with the Yoast SEO plugin v27.3 - https:\/\/yoast.com\/product\/yoast-seo-wordpress\/ -->\n<title>Mercury 500 HP V12 SeaPro - AtlantiCraft<\/title>\n<meta name=\"robots\" content=\"index, follow, max-snippet:-1, max-image-preview:large, max-video-preview:-1\" \/>\n<link rel=\"canonical\" href=\"https:\/\/www.atlanticraftboats.com\/en\/product\/mercury-500-hp-seapro\/\" \/>\n<meta property=\"og:locale\" content=\"en_GB\" \/>\n<meta property=\"og:type\" content=\"article\" \/>\n<meta property=\"og:title\" content=\"Mercury 500 HP V12 SeaPro - AtlantiCraft\" \/>\n<meta property=\"og:description\" content=\"SeaPro 500ch 7,6L V12 Mercury a red\u00e9fini la rencontre entre la puissance et l&#039;eau en construisant le tout premier hors-bord V12. Avec ses 500 ch, c&#039;est notre moteur hors-bord pour professionnels le plus puissant et le plus performant \u00e0 ce jour. Ses composants robustes lui conf\u00e8rent une fiabilit\u00e9 \u00e0 toute \u00e9preuve, tandis qu&#039;une embase orientable r\u00e9volutionnaire et une transmission automatique \u00e0 deux vitesses permettent une maniabilit\u00e9 et une man\u0153uvrabilit\u00e9 in\u00e9gal\u00e9es. Chaque syst\u00e8me est optimis\u00e9 pour permettre des \u00e9conomies de carburant exceptionnelles et un entretien simple afin que vous puissiez minimiser les d\u00e9penses et les temps d&#039;arr\u00eat et maximiser le\u00a0rendement.  &nbsp;   . Puissance et performances du 12V. La premi\u00e8re t\u00eate motrice V12 du segment des moteurs hors-bord offre une r\u00e9sistance et une fiabilit\u00e9 sans compromis aux utilisateurs professionnels. Sa cylindr\u00e9e de 7,6 litres et son quadruple arbre \u00e0 cames g\u00e9n\u00e8rent un couple sup\u00e9rieur qui permet de propulser facilement les gros bateaux, de d\u00e9jauger et de d\u00e9placer de lourdes\u00a0charges.    . Transmission automatique \u00e0 deux vitesses. La transmission \u00e0 deux vitesses permet de transf\u00e9rer ais\u00e9ment les 500 ch \u00e0 l\u2019embase. Elle d\u00e9livre un couple et une acc\u00e9l\u00e9ration maximum en premi\u00e8re vitesse pour propulser rapidement les bateaux lourds et les faire d\u00e9jauger avant de passer silencieusement en deuxi\u00e8me vitesse. Pas de bruit \u00e0 l\u2019inversion de marche. Pas de limitations. Juste une puissance efficace et en douceur.    . Embase orientable ind\u00e9pendante. Des commandes \u00e9lectro-hydrauliques permettent \u00e0 l\u2019embase orientable de r\u00e9agir instantan\u00e9ment aux consignes du pilote. Sans aucun mouvement du moteur au-dessus de l\u2019eau, il n\u2019y a pas de distractions - uniquement une man\u0153uvrabilit\u00e9 pr\u00e9cise dans les espaces exigus et une maniabilit\u00e9 souple et sans effort au large.     . Doubles h\u00e9lices contrarotatives. Une nouvelle s\u00e9rie de doubles h\u00e9lices a \u00e9t\u00e9 \u00e9labor\u00e9e avec expertise pour exploiter pleinement le potentiel des 500 ch. Con\u00e7ues pour fonctionner dans une configuration contrarotative, les nouvelles h\u00e9lices propulsent les bateaux lourds et les fait d\u00e9jauger rapidement et efficacement, tout en offrant une maniabilit\u00e9 exceptionnelle \u00e0 bas r\u00e9gime et une \u00e9conomie de carburant optimale en vitesse de croisi\u00e8re.     . Exceptionnellement souple et silencieux. Le syst\u00e8me de montage Advanced MidSection (AMS) de nouvelle g\u00e9n\u00e9ration, plus robuste et plus perfectionn\u00e9, supporte la t\u00eate motrice pour isoler le bruit et les vibrations, tandis qu&#039;un r\u00e9glage minutieux amortit les sons d&#039;induction et \u00e9limine presque totalement le bruit\u00a0d&#039;injection.    . Plus d&#039;\u00e9conomie de carburant. Le moteur hors-bord V12 SeaPro est calibr\u00e9 pour fournir des performances optimales avec de l\u2019essence 87 octanes, \u00e9quip\u00e9 d\u2019une foule de fonctionnalit\u00e9s am\u00e9liorant l\u2019efficacit\u00e9, telles qu\u2019une embase hydrodynamique et un syst\u00e8me Advanced Range Optimization (ARO) qui ajuste automatiquement la distribution de carburant pour maximiser l&#039;\u00e9conomie et r\u00e9duire vos d\u00e9penses. . R\u00e9sistance \u00e0 la corrosion: Non seulement les moteurs hors-bord SeaPro sont con\u00e7us et construits pour r\u00e9sister aux rigueurs de la navigation en mer, mais ils sont \u00e9galement couverts par une garantie anti-corrosion de deux\u00a0ans. . Durabilit\u00e9 maximale: Le moteur hors-bord V12 SeaPro dispose d&#039;une embase robuste dont la dur\u00e9e de vie est estim\u00e9e \u00e0 trois fois celle des moteurs de plaisance. Une conception hydrodynamique de pointe lui permet de glisser efficacement sur\u00a0l\u2019eau.\" \/>\n<meta property=\"og:url\" content=\"https:\/\/www.atlanticraftboats.com\/en\/product\/mercury-500-hp-seapro\/\" \/>\n<meta property=\"og:site_name\" content=\"AtlantiCraft\" \/>\n<meta property=\"article:publisher\" content=\"https:\/\/www.facebook.com\/AtlanticraftFrance\" \/>\n<meta property=\"article:modified_time\" content=\"2025-09-17T12:33:04+00:00\" \/>\n<meta property=\"og:image\" content=\"https:\/\/www.atlanticraftboats.com\/wp-content\/uploads\/2022\/08\/Mercury_500HP_V12_SeaPro.jpg\" \/>\n\t<meta property=\"og:image:width\" content=\"1000\" \/>\n\t<meta property=\"og:image:height\" content=\"1000\" \/>\n\t<meta property=\"og:image:type\" content=\"image\/jpeg\" \/>\n<meta name=\"twitter:card\" content=\"summary_large_image\" \/>\n<script type=\"application\/ld+json\" class=\"yoast-schema-graph\">{\"@context\":\"https:\\\/\\\/schema.org\",\"@graph\":[{\"@type\":\"WebPage\",\"@id\":\"https:\\\/\\\/www.atlanticraftboats.com\\\/produit\\\/mercury-500-hp-seapro\\\/\",\"url\":\"https:\\\/\\\/www.atlanticraftboats.com\\\/produit\\\/mercury-500-hp-seapro\\\/\",\"name\":\"Mercury 500 HP V12 SeaPro - AtlantiCraft\",\"isPartOf\":{\"@id\":\"https:\\\/\\\/www.atlanticraftboats.com\\\/en\\\/#website\"},\"primaryImageOfPage\":{\"@id\":\"https:\\\/\\\/www.atlanticraftboats.com\\\/produit\\\/mercury-500-hp-seapro\\\/#primaryimage\"},\"image\":{\"@id\":\"https:\\\/\\\/www.atlanticraftboats.com\\\/produit\\\/mercury-500-hp-seapro\\\/#primaryimage\"},\"thumbnailUrl\":\"https:\\\/\\\/www.atlanticraftboats.com\\\/wp-content\\\/uploads\\\/2022\\\/08\\\/Mercury_500HP_V12_SeaPro.jpg\",\"datePublished\":\"2022-08-02T08:44:34+00:00\",\"dateModified\":\"2025-09-17T12:33:04+00:00\",\"breadcrumb\":{\"@id\":\"https:\\\/\\\/www.atlanticraftboats.com\\\/produit\\\/mercury-500-hp-seapro\\\/#breadcrumb\"},\"inLanguage\":\"en-GB\",\"potentialAction\":[{\"@type\":\"ReadAction\",\"target\":[\"https:\\\/\\\/www.atlanticraftboats.com\\\/produit\\\/mercury-500-hp-seapro\\\/\"]}]},{\"@type\":\"ImageObject\",\"inLanguage\":\"en-GB\",\"@id\":\"https:\\\/\\\/www.atlanticraftboats.com\\\/produit\\\/mercury-500-hp-seapro\\\/#primaryimage\",\"url\":\"https:\\\/\\\/www.atlanticraftboats.com\\\/wp-content\\\/uploads\\\/2022\\\/08\\\/Mercury_500HP_V12_SeaPro.jpg\",\"contentUrl\":\"https:\\\/\\\/www.atlanticraftboats.com\\\/wp-content\\\/uploads\\\/2022\\\/08\\\/Mercury_500HP_V12_SeaPro.jpg\",\"width\":1000,\"height\":1000},{\"@type\":\"BreadcrumbList\",\"@id\":\"https:\\\/\\\/www.atlanticraftboats.com\\\/produit\\\/mercury-500-hp-seapro\\\/#breadcrumb\",\"itemListElement\":[{\"@type\":\"ListItem\",\"position\":1,\"name\":\"Accueil\",\"item\":\"https:\\\/\\\/www.atlanticraftboats.com\\\/\"},{\"@type\":\"ListItem\",\"position\":2,\"name\":\"Les bateaux semi-rigides AtlantiCraft\",\"item\":\"https:\\\/\\\/www.atlanticraftboats.com\\\/bateaux-semi-rigide\\\/\"},{\"@type\":\"ListItem\",\"position\":3,\"name\":\"Mercury 500 HP V12 SeaPro\"}]},{\"@type\":\"WebSite\",\"@id\":\"https:\\\/\\\/www.atlanticraftboats.com\\\/en\\\/#website\",\"url\":\"https:\\\/\\\/www.atlanticraftboats.com\\\/en\\\/\",\"name\":\"AtlantiCraft\",\"description\":\"Marque fran\u00e7aise de bateaux semi rigides en coque aluminium\",\"publisher\":{\"@id\":\"https:\\\/\\\/www.atlanticraftboats.com\\\/en\\\/#organization\"},\"potentialAction\":[{\"@type\":\"SearchAction\",\"target\":{\"@type\":\"EntryPoint\",\"urlTemplate\":\"https:\\\/\\\/www.atlanticraftboats.com\\\/en\\\/?s={search_term_string}\"},\"query-input\":{\"@type\":\"PropertyValueSpecification\",\"valueRequired\":true,\"valueName\":\"search_term_string\"}}],\"inLanguage\":\"en-GB\"},{\"@type\":\"Organization\",\"@id\":\"https:\\\/\\\/www.atlanticraftboats.com\\\/en\\\/#organization\",\"name\":\"Atlanticraft\",\"url\":\"https:\\\/\\\/www.atlanticraftboats.com\\\/en\\\/\",\"logo\":{\"@type\":\"ImageObject\",\"inLanguage\":\"en-GB\",\"@id\":\"https:\\\/\\\/www.atlanticraftboats.com\\\/en\\\/#\\\/schema\\\/logo\\\/image\\\/\",\"url\":\"https:\\\/\\\/www.atlanticraftboats.com\\\/wp-content\\\/uploads\\\/2022\\\/04\\\/logo-atlanticraft.svg\",\"contentUrl\":\"https:\\\/\\\/www.atlanticraftboats.com\\\/wp-content\\\/uploads\\\/2022\\\/04\\\/logo-atlanticraft.svg\",\"width\":215,\"height\":51,\"caption\":\"Atlanticraft\"},\"image\":{\"@id\":\"https:\\\/\\\/www.atlanticraftboats.com\\\/en\\\/#\\\/schema\\\/logo\\\/image\\\/\"},\"sameAs\":[\"https:\\\/\\\/www.facebook.com\\\/AtlanticraftFrance\",\"https:\\\/\\\/www.instagram.com\\\/atlanticraft_france\\\/\",\"https:\\\/\\\/www.linkedin.com\\\/company\\\/82927401\\\/admin\\\/dashboard\\\/\"]}]}<\/script>\n<!-- \/ Yoast SEO plugin. -->","yoast_head_json":{"title":"Mercury 500 HP V12 SeaPro - AtlantiCraft","robots":{"index":"index","follow":"follow","max-snippet":"max-snippet:-1","max-image-preview":"max-image-preview:large","max-video-preview":"max-video-preview:-1"},"canonical":"https:\/\/www.atlanticraftboats.com\/en\/product\/mercury-500-hp-seapro\/","og_locale":"en_GB","og_type":"article","og_title":"Mercury 500 HP V12 SeaPro - AtlantiCraft","og_description":"SeaPro 500ch 7,6L V12 Mercury a red\u00e9fini la rencontre entre la puissance et l'eau en construisant le tout premier hors-bord V12. Avec ses 500 ch, c'est notre moteur hors-bord pour professionnels le plus puissant et le plus performant \u00e0 ce jour. Ses composants robustes lui conf\u00e8rent une fiabilit\u00e9 \u00e0 toute \u00e9preuve, tandis qu'une embase orientable r\u00e9volutionnaire et une transmission automatique \u00e0 deux vitesses permettent une maniabilit\u00e9 et une man\u0153uvrabilit\u00e9 in\u00e9gal\u00e9es. Chaque syst\u00e8me est optimis\u00e9 pour permettre des \u00e9conomies de carburant exceptionnelles et un entretien simple afin que vous puissiez minimiser les d\u00e9penses et les temps d'arr\u00eat et maximiser le\u00a0rendement.  &nbsp;   . Puissance et performances du 12V. La premi\u00e8re t\u00eate motrice V12 du segment des moteurs hors-bord offre une r\u00e9sistance et une fiabilit\u00e9 sans compromis aux utilisateurs professionnels. Sa cylindr\u00e9e de 7,6 litres et son quadruple arbre \u00e0 cames g\u00e9n\u00e8rent un couple sup\u00e9rieur qui permet de propulser facilement les gros bateaux, de d\u00e9jauger et de d\u00e9placer de lourdes\u00a0charges.    . Transmission automatique \u00e0 deux vitesses. La transmission \u00e0 deux vitesses permet de transf\u00e9rer ais\u00e9ment les 500 ch \u00e0 l\u2019embase. Elle d\u00e9livre un couple et une acc\u00e9l\u00e9ration maximum en premi\u00e8re vitesse pour propulser rapidement les bateaux lourds et les faire d\u00e9jauger avant de passer silencieusement en deuxi\u00e8me vitesse. Pas de bruit \u00e0 l\u2019inversion de marche. Pas de limitations. Juste une puissance efficace et en douceur.    . Embase orientable ind\u00e9pendante. Des commandes \u00e9lectro-hydrauliques permettent \u00e0 l\u2019embase orientable de r\u00e9agir instantan\u00e9ment aux consignes du pilote. Sans aucun mouvement du moteur au-dessus de l\u2019eau, il n\u2019y a pas de distractions - uniquement une man\u0153uvrabilit\u00e9 pr\u00e9cise dans les espaces exigus et une maniabilit\u00e9 souple et sans effort au large.     . Doubles h\u00e9lices contrarotatives. Une nouvelle s\u00e9rie de doubles h\u00e9lices a \u00e9t\u00e9 \u00e9labor\u00e9e avec expertise pour exploiter pleinement le potentiel des 500 ch. Con\u00e7ues pour fonctionner dans une configuration contrarotative, les nouvelles h\u00e9lices propulsent les bateaux lourds et les fait d\u00e9jauger rapidement et efficacement, tout en offrant une maniabilit\u00e9 exceptionnelle \u00e0 bas r\u00e9gime et une \u00e9conomie de carburant optimale en vitesse de croisi\u00e8re.     . Exceptionnellement souple et silencieux. Le syst\u00e8me de montage Advanced MidSection (AMS) de nouvelle g\u00e9n\u00e9ration, plus robuste et plus perfectionn\u00e9, supporte la t\u00eate motrice pour isoler le bruit et les vibrations, tandis qu'un r\u00e9glage minutieux amortit les sons d'induction et \u00e9limine presque totalement le bruit\u00a0d'injection.    . Plus d'\u00e9conomie de carburant. Le moteur hors-bord V12 SeaPro est calibr\u00e9 pour fournir des performances optimales avec de l\u2019essence 87 octanes, \u00e9quip\u00e9 d\u2019une foule de fonctionnalit\u00e9s am\u00e9liorant l\u2019efficacit\u00e9, telles qu\u2019une embase hydrodynamique et un syst\u00e8me Advanced Range Optimization (ARO) qui ajuste automatiquement la distribution de carburant pour maximiser l'\u00e9conomie et r\u00e9duire vos d\u00e9penses. . R\u00e9sistance \u00e0 la corrosion: Non seulement les moteurs hors-bord SeaPro sont con\u00e7us et construits pour r\u00e9sister aux rigueurs de la navigation en mer, mais ils sont \u00e9galement couverts par une garantie anti-corrosion de deux\u00a0ans. . Durabilit\u00e9 maximale: Le moteur hors-bord V12 SeaPro dispose d'une embase robuste dont la dur\u00e9e de vie est estim\u00e9e \u00e0 trois fois celle des moteurs de plaisance. Une conception hydrodynamique de pointe lui permet de glisser efficacement sur\u00a0l\u2019eau.","og_url":"https:\/\/www.atlanticraftboats.com\/en\/product\/mercury-500-hp-seapro\/","og_site_name":"AtlantiCraft","article_publisher":"https:\/\/www.facebook.com\/AtlanticraftFrance","article_modified_time":"2025-09-17T12:33:04+00:00","og_image":[{"width":1000,"height":1000,"url":"https:\/\/www.atlanticraftboats.com\/wp-content\/uploads\/2022\/08\/Mercury_500HP_V12_SeaPro.jpg","type":"image\/jpeg"}],"twitter_card":"summary_large_image","schema":{"@context":"https:\/\/schema.org","@graph":[{"@type":"WebPage","@id":"https:\/\/www.atlanticraftboats.com\/produit\/mercury-500-hp-seapro\/","url":"https:\/\/www.atlanticraftboats.com\/produit\/mercury-500-hp-seapro\/","name":"Mercury 500 HP V12 SeaPro - AtlantiCraft","isPartOf":{"@id":"https:\/\/www.atlanticraftboats.com\/en\/#website"},"primaryImageOfPage":{"@id":"https:\/\/www.atlanticraftboats.com\/produit\/mercury-500-hp-seapro\/#primaryimage"},"image":{"@id":"https:\/\/www.atlanticraftboats.com\/produit\/mercury-500-hp-seapro\/#primaryimage"},"thumbnailUrl":"https:\/\/www.atlanticraftboats.com\/wp-content\/uploads\/2022\/08\/Mercury_500HP_V12_SeaPro.jpg","datePublished":"2022-08-02T08:44:34+00:00","dateModified":"2025-09-17T12:33:04+00:00","breadcrumb":{"@id":"https:\/\/www.atlanticraftboats.com\/produit\/mercury-500-hp-seapro\/#breadcrumb"},"inLanguage":"en-GB","potentialAction":[{"@type":"ReadAction","target":["https:\/\/www.atlanticraftboats.com\/produit\/mercury-500-hp-seapro\/"]}]},{"@type":"ImageObject","inLanguage":"en-GB","@id":"https:\/\/www.atlanticraftboats.com\/produit\/mercury-500-hp-seapro\/#primaryimage","url":"https:\/\/www.atlanticraftboats.com\/wp-content\/uploads\/2022\/08\/Mercury_500HP_V12_SeaPro.jpg","contentUrl":"https:\/\/www.atlanticraftboats.com\/wp-content\/uploads\/2022\/08\/Mercury_500HP_V12_SeaPro.jpg","width":1000,"height":1000},{"@type":"BreadcrumbList","@id":"https:\/\/www.atlanticraftboats.com\/produit\/mercury-500-hp-seapro\/#breadcrumb","itemListElement":[{"@type":"ListItem","position":1,"name":"Accueil","item":"https:\/\/www.atlanticraftboats.com\/"},{"@type":"ListItem","position":2,"name":"Les bateaux semi-rigides AtlantiCraft","item":"https:\/\/www.atlanticraftboats.com\/bateaux-semi-rigide\/"},{"@type":"ListItem","position":3,"name":"Mercury 500 HP V12 SeaPro"}]},{"@type":"WebSite","@id":"https:\/\/www.atlanticraftboats.com\/en\/#website","url":"https:\/\/www.atlanticraftboats.com\/en\/","name":"AtlantiCraft","description":"French brand of semi-rigid boats with aluminum hulls","publisher":{"@id":"https:\/\/www.atlanticraftboats.com\/en\/#organization"},"potentialAction":[{"@type":"SearchAction","target":{"@type":"EntryPoint","urlTemplate":"https:\/\/www.atlanticraftboats.com\/en\/?s={search_term_string}"},"query-input":{"@type":"PropertyValueSpecification","valueRequired":true,"valueName":"search_term_string"}}],"inLanguage":"en-GB"},{"@type":"Organization","@id":"https:\/\/www.atlanticraftboats.com\/en\/#organization","name":"Atlanticraft","url":"https:\/\/www.atlanticraftboats.com\/en\/","logo":{"@type":"ImageObject","inLanguage":"en-GB","@id":"https:\/\/www.atlanticraftboats.com\/en\/#\/schema\/logo\/image\/","url":"https:\/\/www.atlanticraftboats.com\/wp-content\/uploads\/2022\/04\/logo-atlanticraft.svg","contentUrl":"https:\/\/www.atlanticraftboats.com\/wp-content\/uploads\/2022\/04\/logo-atlanticraft.svg","width":215,"height":51,"caption":"Atlanticraft"},"image":{"@id":"https:\/\/www.atlanticraftboats.com\/en\/#\/schema\/logo\/image\/"},"sameAs":["https:\/\/www.facebook.com\/AtlanticraftFrance","https:\/\/www.instagram.com\/atlanticraft_france\/","https:\/\/www.linkedin.com\/company\/82927401\/admin\/dashboard\/"]}]}},"jetpack_sharing_enabled":true,"_links":{"self":[{"href":"https:\/\/www.atlanticraftboats.com\/en\/wp-json\/wp\/v2\/product\/1815","targetHints":{"allow":["GET"]}}],"collection":[{"href":"https:\/\/www.atlanticraftboats.com\/en\/wp-json\/wp\/v2\/product"}],"about":[{"href":"https:\/\/www.atlanticraftboats.com\/en\/wp-json\/wp\/v2\/types\/product"}],"wp:featuredmedia":[{"embeddable":true,"href":"https:\/\/www.atlanticraftboats.com\/en\/wp-json\/wp\/v2\/media\/1767"}],"wp:attachment":[{"href":"https:\/\/www.atlanticraftboats.com\/en\/wp-json\/wp\/v2\/media?parent=1815"}],"wp:term":[{"taxonomy":"product_brand","embeddable":true,"href":"https:\/\/www.atlanticraftboats.com\/en\/wp-json\/wp\/v2\/product_brand?post=1815"},{"taxonomy":"product_cat","embeddable":true,"href":"https:\/\/www.atlanticraftboats.com\/en\/wp-json\/wp\/v2\/product_cat?post=1815"},{"taxonomy":"product_tag","embeddable":true,"href":"https:\/\/www.atlanticraftboats.com\/en\/wp-json\/wp\/v2\/product_tag?post=1815"}],"curies":[{"name":"wp","href":"https:\/\/api.w.org\/{rel}","templated":true}]}}