{"id":1816,"date":"2022-08-02T11:13:43","date_gmt":"2022-08-02T09:13:43","guid":{"rendered":"https:\/\/www.atlanticraft.fr\/?post_type=product&#038;p=1816"},"modified":"2025-09-17T10:54:19","modified_gmt":"2025-09-17T08:54:19","slug":"mercury-600-hp-seapro","status":"publish","type":"product","link":"https:\/\/www.atlanticraftboats.com\/en\/product\/mercury-600-hp-seapro\/","title":{"rendered":"Mercury V 600 V12 Verado"},"content":{"rendered":"","protected":false},"excerpt":{"rendered":"<h3><strong>Verado 600hp 7.6L V12<\/strong><\/h3>\n<p>Building on the legacy of the Verado\u00ae engine family, Mercury has reimagined outboard performance to deliver the ultimate boating experience. With the unwavering power of a V12 powerhead, the 600 hp Verado outboard delivers extraordinary range and performance that will take you to new destinations. Revolutionary advances in handling and control are made possible by the outboard segment&#039;s first tilting gear and a two-speed transmission\u2014a first in the marine industry. It&#039;s quiet, refined, and smooth-running that raises the bar for advanced design and engineering.<\/p>\n<p>&nbsp;<\/p>\n<div class=\"feature\">\n<div class=\"feature__content\">\n<div class=\"item-heading\">. <strong>12V power and performance.<\/strong>The outboard segment&#039;s first V12 powerhead delivers superior power and performance in a surprisingly compact footprint. Combined with the swivel sterndrive and simple, streamlined rigging, this design allows for engine mounting on 27-inch centers, so boaters can put as much power as they want over the transom.<\/div>\n<\/div>\n<\/div>\n<div class=\"feature\">\n<div class=\"feature__icon\">. <strong>Two-speed automatic transmission. <\/strong>The two-speed transmission easily transfers the 600 hp to the drivetrain. It produces maximum torque and acceleration in first gear, then shifts quietly into second for efficient cruising and an exhilarating top speed. No noise when shifting. No limitations. Just smooth, impressive power.<\/div>\n<\/div>\n<div class=\"feature\">\n<div class=\"feature__content\">\n<div class=\"item-heading\">. <strong>Independent swivel base. <\/strong>Electro-hydraulic controls allow the steerable drive to react instantly to the pilot&#039;s input. With no engine movement above the water, there are no distractions \u2013 just precise maneuverability at dockside and smooth, effortless handling offshore.<\/div>\n<\/div>\n<\/div>\n<div class=\"feature\">\n<div class=\"feature__content\">\n<div class=\"item-heading\">. <strong>Double counter-rotating propellers. <\/strong>A new series of twin propellers has been expertly developed to fully exploit the potential of the 500 hp. Designed to operate in a counter-rotating configuration, the new propellers propel heavy boats and get them on plane quickly and efficiently, while providing exceptional maneuverability at low rpm and optimum fuel economy at cruising speed.<\/div>\n<\/div>\n<\/div>\n<div class=\"feature\">\n<div class=\"feature__content\">\n<div class=\"item-heading\">. <strong>Exceptionally smooth and quiet. <\/strong>The new generation, more robust and sophisticated Advanced MidSection (AMS) mounting system supports the powerhead to isolate noise and vibration, while careful tuning dampens induction sounds and virtually eliminates injection noise.<\/div>\n<div>\n<section class=\"section section--performance\">\n<div class=\"tiles-container\">\n<div class=\"tile\">\n<div class=\"section-heading\">. <strong>More fuel economy.<\/strong> Calibrated to deliver optimal performance on 87-octane gasoline, the V12 Verado outboard utilizes dual propellers, a hydrodynamic design, and an Advanced Range Optimization (ARO) system to maximize fuel economy. In testing, the engine delivered a fuel economy of 20 % at cruising speed compared to a high-horsepower competitor.<\/div>\n<div class=\"section-heading\">. <strong>Corrosion resistance:<\/strong> Not only are SeaPro outboard motors designed and built to withstand the rigors of offshore operation, but they are also backed by a two-year anti-corrosion warranty.<\/div>\n<div class=\"section-heading\">.<strong>More autonomy.<\/strong>\u00a0Enjoy longer on-water fun thanks to the Advanced Range Optimization (ARO) system calibration that precisely adjusts fuel delivery for optimal cruising efficiency.<\/div>\n<\/div>\n<\/div>\n<\/section>\n<\/div>\n<\/div>\n<\/div>","protected":false},"featured_media":1772,"template":"","meta":{"inline_featured_image":false},"product_brand":[],"product_cat":[28],"product_tag":[],"class_list":{"0":"post-1816","1":"product","2":"type-product","3":"status-publish","4":"has-post-thumbnail","6":"product_cat-moteurs","8":"first","9":"instock","10":"taxable","11":"shipping-taxable","12":"purchasable","13":"product-type-simple"},"yoast_head":"<!-- This site is optimized with the Yoast SEO plugin v27.3 - https:\/\/yoast.com\/product\/yoast-seo-wordpress\/ -->\n<title>Mercury V 600 V12 Verado - AtlantiCraft<\/title>\n<meta name=\"robots\" content=\"index, follow, max-snippet:-1, max-image-preview:large, max-video-preview:-1\" \/>\n<link rel=\"canonical\" href=\"https:\/\/www.atlanticraftboats.com\/en\/product\/mercury-600-hp-seapro\/\" \/>\n<meta property=\"og:locale\" content=\"en_GB\" \/>\n<meta property=\"og:type\" content=\"article\" \/>\n<meta property=\"og:title\" content=\"Mercury V 600 V12 Verado - AtlantiCraft\" \/>\n<meta property=\"og:description\" content=\"Verado 600ch 7,6L V12 Promouvant l\u2019h\u00e9ritage de la famille des moteurs Verado\u00ae , Mercury a repens\u00e9 les performances du moteur hors-bord afin d\u2019offrir une exp\u00e9rience de navigation ultime. Avec la puissance ind\u00e9fectible d&#039;une t\u00eate motrice V12, le moteur hors-bord Verado de 600 ch offre une autonomie et des performances extraordinaires qui vous permettront de vous aventurer vers de nouvelles destinations. Des avanc\u00e9es r\u00e9volutionnaires en mati\u00e8re de maniabilit\u00e9 et de contr\u00f4le sont rendues possibles gr\u00e2ce \u00e0 la premi\u00e8re embase orientable du segment des moteurs hors-bord et une transmission \u00e0 deux vitesses, une premi\u00e8re dans l\u2019industrie nautique. C\u2019est un moteur silencieux, raffin\u00e9 et tout en douceur qui rehausse les standards de la conception et de l\u2019ing\u00e9nierie de\u00a0pointe.  &nbsp;   . Puissance et performances du 12V.La premi\u00e8re t\u00eate motrice V12 du segment des moteurs hors-bord d\u00e9livre une puissance et des performances sup\u00e9rieures dans une empreinte \u00e9tonnamment compacte. Associ\u00e9e \u00e0 l\u2019embase orientable et au gr\u00e9ement simple et rationnel, cette conception permet un montage du moteur sur des centres de 27 pouces, de sorte que les plaisanciers peuvent mettre autant de puissance qu\u2019ils le souhaitent sur le tableau\u00a0arri\u00e8re.    . Transmission automatique \u00e0 deux vitesses. La transmission \u00e0 deux vitesses permet de transf\u00e9rer ais\u00e9ment les 600 ch \u00e0 l\u2019embase. Elle produit un couple et une acc\u00e9l\u00e9ration maximum en premi\u00e8re vitesse, puis passe silencieusement en deuxi\u00e8me vitesse pour une navigation efficace et une vitesse de pointe exaltante. Pas de bruit \u00e0 l\u2019inversion de marche. Pas de limitations. Juste une puissance r\u00e9guli\u00e8re et\u00a0impressionnante.    . Embase orientable ind\u00e9pendante. Des commandes \u00e9lectro-hydrauliques permettent \u00e0 l\u2019embase orientable de r\u00e9agir instantan\u00e9ment aux consignes du pilote. Sans aucun mouvement du moteur au-dessus de l\u2019eau, il n\u2019y a pas de distractions - uniquement une man\u0153uvrabilit\u00e9 pr\u00e9cise \u00e0 quai et une maniabilit\u00e9 souple et sans effort au\u00a0large.     . Doubles h\u00e9lices contrarotatives. Une nouvelle s\u00e9rie de doubles h\u00e9lices a \u00e9t\u00e9 \u00e9labor\u00e9e avec expertise pour exploiter pleinement le potentiel des 500 ch. Con\u00e7ues pour fonctionner dans une configuration contrarotative, les nouvelles h\u00e9lices propulsent les bateaux lourds et les fait d\u00e9jauger rapidement et efficacement, tout en offrant une maniabilit\u00e9 exceptionnelle \u00e0 bas r\u00e9gime et une \u00e9conomie de carburant optimale en vitesse de croisi\u00e8re.     . Exceptionnellement souple et silencieux. Le syst\u00e8me de montage Advanced MidSection (AMS) de nouvelle g\u00e9n\u00e9ration, plus robuste et plus perfectionn\u00e9, supporte la t\u00eate motrice pour isoler le bruit et les vibrations, tandis qu&#039;un r\u00e9glage minutieux amortit les sons d&#039;induction et \u00e9limine presque totalement le bruit\u00a0d&#039;injection.    . Plus d&#039;\u00e9conomie de carburant. Calibr\u00e9 pour fournir des performances optimales avec de l\u2019essence 87 octanes, le moteur hors-bord V12 Verado utilise deux h\u00e9lices, une conception hydrodynamique et un syst\u00e8me Advanced Range Optimization (ARO) pour maximiser l&#039;\u00e9conomie de carburant. Lors des essais, le moteur a permis une \u00e9conomie de carburant de 20 % en vitesse de croisi\u00e8re par rapport \u00e0 un produit concurrent de haute\u00a0puissance. . R\u00e9sistance \u00e0 la corrosion: Non seulement les moteurs hors-bord SeaPro sont con\u00e7us et construits pour r\u00e9sister aux rigueurs de la navigation en mer, mais ils sont \u00e9galement couverts par une garantie anti-corrosion de deux\u00a0ans. .Plus d\u2019autonomie.\u00a0Profitez des plaisirs sur l\u2019eau plus longtemps gr\u00e2ce \u00e0 l\u2019\u00e9talonnage du syst\u00e8me Advanced Range Optimization (ARO) qui ajuste pr\u00e9cis\u00e9ment la distribution de carburant pour une efficacit\u00e9 optimale en vitesse de\u00a0croisi\u00e8re.\" \/>\n<meta property=\"og:url\" content=\"https:\/\/www.atlanticraftboats.com\/en\/product\/mercury-600-hp-seapro\/\" \/>\n<meta property=\"og:site_name\" content=\"AtlantiCraft\" \/>\n<meta property=\"article:publisher\" content=\"https:\/\/www.facebook.com\/AtlanticraftFrance\" \/>\n<meta property=\"article:modified_time\" content=\"2025-09-17T08:54:19+00:00\" \/>\n<meta property=\"og:image\" content=\"https:\/\/www.atlanticraftboats.com\/wp-content\/uploads\/2022\/08\/Mercury_600HP_V12_Verado.jpg\" \/>\n\t<meta property=\"og:image:width\" content=\"1000\" \/>\n\t<meta property=\"og:image:height\" content=\"1000\" \/>\n\t<meta property=\"og:image:type\" content=\"image\/jpeg\" \/>\n<meta name=\"twitter:card\" content=\"summary_large_image\" \/>\n<script type=\"application\/ld+json\" class=\"yoast-schema-graph\">{\"@context\":\"https:\\\/\\\/schema.org\",\"@graph\":[{\"@type\":\"WebPage\",\"@id\":\"https:\\\/\\\/www.atlanticraftboats.com\\\/produit\\\/mercury-600-hp-seapro\\\/\",\"url\":\"https:\\\/\\\/www.atlanticraftboats.com\\\/produit\\\/mercury-600-hp-seapro\\\/\",\"name\":\"Mercury V 600 V12 Verado - AtlantiCraft\",\"isPartOf\":{\"@id\":\"https:\\\/\\\/www.atlanticraftboats.com\\\/en\\\/#website\"},\"primaryImageOfPage\":{\"@id\":\"https:\\\/\\\/www.atlanticraftboats.com\\\/produit\\\/mercury-600-hp-seapro\\\/#primaryimage\"},\"image\":{\"@id\":\"https:\\\/\\\/www.atlanticraftboats.com\\\/produit\\\/mercury-600-hp-seapro\\\/#primaryimage\"},\"thumbnailUrl\":\"https:\\\/\\\/www.atlanticraftboats.com\\\/wp-content\\\/uploads\\\/2022\\\/08\\\/Mercury_600HP_V12_Verado.jpg\",\"datePublished\":\"2022-08-02T09:13:43+00:00\",\"dateModified\":\"2025-09-17T08:54:19+00:00\",\"breadcrumb\":{\"@id\":\"https:\\\/\\\/www.atlanticraftboats.com\\\/produit\\\/mercury-600-hp-seapro\\\/#breadcrumb\"},\"inLanguage\":\"en-GB\",\"potentialAction\":[{\"@type\":\"ReadAction\",\"target\":[\"https:\\\/\\\/www.atlanticraftboats.com\\\/produit\\\/mercury-600-hp-seapro\\\/\"]}]},{\"@type\":\"ImageObject\",\"inLanguage\":\"en-GB\",\"@id\":\"https:\\\/\\\/www.atlanticraftboats.com\\\/produit\\\/mercury-600-hp-seapro\\\/#primaryimage\",\"url\":\"https:\\\/\\\/www.atlanticraftboats.com\\\/wp-content\\\/uploads\\\/2022\\\/08\\\/Mercury_600HP_V12_Verado.jpg\",\"contentUrl\":\"https:\\\/\\\/www.atlanticraftboats.com\\\/wp-content\\\/uploads\\\/2022\\\/08\\\/Mercury_600HP_V12_Verado.jpg\",\"width\":1000,\"height\":1000},{\"@type\":\"BreadcrumbList\",\"@id\":\"https:\\\/\\\/www.atlanticraftboats.com\\\/produit\\\/mercury-600-hp-seapro\\\/#breadcrumb\",\"itemListElement\":[{\"@type\":\"ListItem\",\"position\":1,\"name\":\"Accueil\",\"item\":\"https:\\\/\\\/www.atlanticraftboats.com\\\/\"},{\"@type\":\"ListItem\",\"position\":2,\"name\":\"Les bateaux semi-rigides AtlantiCraft\",\"item\":\"https:\\\/\\\/www.atlanticraftboats.com\\\/bateaux-semi-rigide\\\/\"},{\"@type\":\"ListItem\",\"position\":3,\"name\":\"Mercury V 600 V12 Verado\"}]},{\"@type\":\"WebSite\",\"@id\":\"https:\\\/\\\/www.atlanticraftboats.com\\\/en\\\/#website\",\"url\":\"https:\\\/\\\/www.atlanticraftboats.com\\\/en\\\/\",\"name\":\"AtlantiCraft\",\"description\":\"Marque fran\u00e7aise de bateaux semi rigides en coque aluminium\",\"publisher\":{\"@id\":\"https:\\\/\\\/www.atlanticraftboats.com\\\/en\\\/#organization\"},\"potentialAction\":[{\"@type\":\"SearchAction\",\"target\":{\"@type\":\"EntryPoint\",\"urlTemplate\":\"https:\\\/\\\/www.atlanticraftboats.com\\\/en\\\/?s={search_term_string}\"},\"query-input\":{\"@type\":\"PropertyValueSpecification\",\"valueRequired\":true,\"valueName\":\"search_term_string\"}}],\"inLanguage\":\"en-GB\"},{\"@type\":\"Organization\",\"@id\":\"https:\\\/\\\/www.atlanticraftboats.com\\\/en\\\/#organization\",\"name\":\"Atlanticraft\",\"url\":\"https:\\\/\\\/www.atlanticraftboats.com\\\/en\\\/\",\"logo\":{\"@type\":\"ImageObject\",\"inLanguage\":\"en-GB\",\"@id\":\"https:\\\/\\\/www.atlanticraftboats.com\\\/en\\\/#\\\/schema\\\/logo\\\/image\\\/\",\"url\":\"https:\\\/\\\/www.atlanticraftboats.com\\\/wp-content\\\/uploads\\\/2022\\\/04\\\/logo-atlanticraft.svg\",\"contentUrl\":\"https:\\\/\\\/www.atlanticraftboats.com\\\/wp-content\\\/uploads\\\/2022\\\/04\\\/logo-atlanticraft.svg\",\"width\":215,\"height\":51,\"caption\":\"Atlanticraft\"},\"image\":{\"@id\":\"https:\\\/\\\/www.atlanticraftboats.com\\\/en\\\/#\\\/schema\\\/logo\\\/image\\\/\"},\"sameAs\":[\"https:\\\/\\\/www.facebook.com\\\/AtlanticraftFrance\",\"https:\\\/\\\/www.instagram.com\\\/atlanticraft_france\\\/\",\"https:\\\/\\\/www.linkedin.com\\\/company\\\/82927401\\\/admin\\\/dashboard\\\/\"]}]}<\/script>\n<!-- \/ Yoast SEO plugin. -->","yoast_head_json":{"title":"Mercury V 600 V12 Verado - AtlantiCraft","robots":{"index":"index","follow":"follow","max-snippet":"max-snippet:-1","max-image-preview":"max-image-preview:large","max-video-preview":"max-video-preview:-1"},"canonical":"https:\/\/www.atlanticraftboats.com\/en\/product\/mercury-600-hp-seapro\/","og_locale":"en_GB","og_type":"article","og_title":"Mercury V 600 V12 Verado - AtlantiCraft","og_description":"Verado 600ch 7,6L V12 Promouvant l\u2019h\u00e9ritage de la famille des moteurs Verado\u00ae , Mercury a repens\u00e9 les performances du moteur hors-bord afin d\u2019offrir une exp\u00e9rience de navigation ultime. Avec la puissance ind\u00e9fectible d'une t\u00eate motrice V12, le moteur hors-bord Verado de 600 ch offre une autonomie et des performances extraordinaires qui vous permettront de vous aventurer vers de nouvelles destinations. Des avanc\u00e9es r\u00e9volutionnaires en mati\u00e8re de maniabilit\u00e9 et de contr\u00f4le sont rendues possibles gr\u00e2ce \u00e0 la premi\u00e8re embase orientable du segment des moteurs hors-bord et une transmission \u00e0 deux vitesses, une premi\u00e8re dans l\u2019industrie nautique. C\u2019est un moteur silencieux, raffin\u00e9 et tout en douceur qui rehausse les standards de la conception et de l\u2019ing\u00e9nierie de\u00a0pointe.  &nbsp;   . Puissance et performances du 12V.La premi\u00e8re t\u00eate motrice V12 du segment des moteurs hors-bord d\u00e9livre une puissance et des performances sup\u00e9rieures dans une empreinte \u00e9tonnamment compacte. Associ\u00e9e \u00e0 l\u2019embase orientable et au gr\u00e9ement simple et rationnel, cette conception permet un montage du moteur sur des centres de 27 pouces, de sorte que les plaisanciers peuvent mettre autant de puissance qu\u2019ils le souhaitent sur le tableau\u00a0arri\u00e8re.    . Transmission automatique \u00e0 deux vitesses. La transmission \u00e0 deux vitesses permet de transf\u00e9rer ais\u00e9ment les 600 ch \u00e0 l\u2019embase. Elle produit un couple et une acc\u00e9l\u00e9ration maximum en premi\u00e8re vitesse, puis passe silencieusement en deuxi\u00e8me vitesse pour une navigation efficace et une vitesse de pointe exaltante. Pas de bruit \u00e0 l\u2019inversion de marche. Pas de limitations. Juste une puissance r\u00e9guli\u00e8re et\u00a0impressionnante.    . Embase orientable ind\u00e9pendante. Des commandes \u00e9lectro-hydrauliques permettent \u00e0 l\u2019embase orientable de r\u00e9agir instantan\u00e9ment aux consignes du pilote. Sans aucun mouvement du moteur au-dessus de l\u2019eau, il n\u2019y a pas de distractions - uniquement une man\u0153uvrabilit\u00e9 pr\u00e9cise \u00e0 quai et une maniabilit\u00e9 souple et sans effort au\u00a0large.     . Doubles h\u00e9lices contrarotatives. Une nouvelle s\u00e9rie de doubles h\u00e9lices a \u00e9t\u00e9 \u00e9labor\u00e9e avec expertise pour exploiter pleinement le potentiel des 500 ch. Con\u00e7ues pour fonctionner dans une configuration contrarotative, les nouvelles h\u00e9lices propulsent les bateaux lourds et les fait d\u00e9jauger rapidement et efficacement, tout en offrant une maniabilit\u00e9 exceptionnelle \u00e0 bas r\u00e9gime et une \u00e9conomie de carburant optimale en vitesse de croisi\u00e8re.     . Exceptionnellement souple et silencieux. Le syst\u00e8me de montage Advanced MidSection (AMS) de nouvelle g\u00e9n\u00e9ration, plus robuste et plus perfectionn\u00e9, supporte la t\u00eate motrice pour isoler le bruit et les vibrations, tandis qu'un r\u00e9glage minutieux amortit les sons d'induction et \u00e9limine presque totalement le bruit\u00a0d'injection.    . Plus d'\u00e9conomie de carburant. Calibr\u00e9 pour fournir des performances optimales avec de l\u2019essence 87 octanes, le moteur hors-bord V12 Verado utilise deux h\u00e9lices, une conception hydrodynamique et un syst\u00e8me Advanced Range Optimization (ARO) pour maximiser l'\u00e9conomie de carburant. Lors des essais, le moteur a permis une \u00e9conomie de carburant de 20 % en vitesse de croisi\u00e8re par rapport \u00e0 un produit concurrent de haute\u00a0puissance. . R\u00e9sistance \u00e0 la corrosion: Non seulement les moteurs hors-bord SeaPro sont con\u00e7us et construits pour r\u00e9sister aux rigueurs de la navigation en mer, mais ils sont \u00e9galement couverts par une garantie anti-corrosion de deux\u00a0ans. .Plus d\u2019autonomie.\u00a0Profitez des plaisirs sur l\u2019eau plus longtemps gr\u00e2ce \u00e0 l\u2019\u00e9talonnage du syst\u00e8me Advanced Range Optimization (ARO) qui ajuste pr\u00e9cis\u00e9ment la distribution de carburant pour une efficacit\u00e9 optimale en vitesse de\u00a0croisi\u00e8re.","og_url":"https:\/\/www.atlanticraftboats.com\/en\/product\/mercury-600-hp-seapro\/","og_site_name":"AtlantiCraft","article_publisher":"https:\/\/www.facebook.com\/AtlanticraftFrance","article_modified_time":"2025-09-17T08:54:19+00:00","og_image":[{"width":1000,"height":1000,"url":"https:\/\/www.atlanticraftboats.com\/wp-content\/uploads\/2022\/08\/Mercury_600HP_V12_Verado.jpg","type":"image\/jpeg"}],"twitter_card":"summary_large_image","schema":{"@context":"https:\/\/schema.org","@graph":[{"@type":"WebPage","@id":"https:\/\/www.atlanticraftboats.com\/produit\/mercury-600-hp-seapro\/","url":"https:\/\/www.atlanticraftboats.com\/produit\/mercury-600-hp-seapro\/","name":"Mercury V 600 V12 Verado - AtlantiCraft","isPartOf":{"@id":"https:\/\/www.atlanticraftboats.com\/en\/#website"},"primaryImageOfPage":{"@id":"https:\/\/www.atlanticraftboats.com\/produit\/mercury-600-hp-seapro\/#primaryimage"},"image":{"@id":"https:\/\/www.atlanticraftboats.com\/produit\/mercury-600-hp-seapro\/#primaryimage"},"thumbnailUrl":"https:\/\/www.atlanticraftboats.com\/wp-content\/uploads\/2022\/08\/Mercury_600HP_V12_Verado.jpg","datePublished":"2022-08-02T09:13:43+00:00","dateModified":"2025-09-17T08:54:19+00:00","breadcrumb":{"@id":"https:\/\/www.atlanticraftboats.com\/produit\/mercury-600-hp-seapro\/#breadcrumb"},"inLanguage":"en-GB","potentialAction":[{"@type":"ReadAction","target":["https:\/\/www.atlanticraftboats.com\/produit\/mercury-600-hp-seapro\/"]}]},{"@type":"ImageObject","inLanguage":"en-GB","@id":"https:\/\/www.atlanticraftboats.com\/produit\/mercury-600-hp-seapro\/#primaryimage","url":"https:\/\/www.atlanticraftboats.com\/wp-content\/uploads\/2022\/08\/Mercury_600HP_V12_Verado.jpg","contentUrl":"https:\/\/www.atlanticraftboats.com\/wp-content\/uploads\/2022\/08\/Mercury_600HP_V12_Verado.jpg","width":1000,"height":1000},{"@type":"BreadcrumbList","@id":"https:\/\/www.atlanticraftboats.com\/produit\/mercury-600-hp-seapro\/#breadcrumb","itemListElement":[{"@type":"ListItem","position":1,"name":"Accueil","item":"https:\/\/www.atlanticraftboats.com\/"},{"@type":"ListItem","position":2,"name":"Les bateaux semi-rigides AtlantiCraft","item":"https:\/\/www.atlanticraftboats.com\/bateaux-semi-rigide\/"},{"@type":"ListItem","position":3,"name":"Mercury V 600 V12 Verado"}]},{"@type":"WebSite","@id":"https:\/\/www.atlanticraftboats.com\/en\/#website","url":"https:\/\/www.atlanticraftboats.com\/en\/","name":"AtlantiCraft","description":"French brand of semi-rigid boats with aluminum hulls","publisher":{"@id":"https:\/\/www.atlanticraftboats.com\/en\/#organization"},"potentialAction":[{"@type":"SearchAction","target":{"@type":"EntryPoint","urlTemplate":"https:\/\/www.atlanticraftboats.com\/en\/?s={search_term_string}"},"query-input":{"@type":"PropertyValueSpecification","valueRequired":true,"valueName":"search_term_string"}}],"inLanguage":"en-GB"},{"@type":"Organization","@id":"https:\/\/www.atlanticraftboats.com\/en\/#organization","name":"Atlanticraft","url":"https:\/\/www.atlanticraftboats.com\/en\/","logo":{"@type":"ImageObject","inLanguage":"en-GB","@id":"https:\/\/www.atlanticraftboats.com\/en\/#\/schema\/logo\/image\/","url":"https:\/\/www.atlanticraftboats.com\/wp-content\/uploads\/2022\/04\/logo-atlanticraft.svg","contentUrl":"https:\/\/www.atlanticraftboats.com\/wp-content\/uploads\/2022\/04\/logo-atlanticraft.svg","width":215,"height":51,"caption":"Atlanticraft"},"image":{"@id":"https:\/\/www.atlanticraftboats.com\/en\/#\/schema\/logo\/image\/"},"sameAs":["https:\/\/www.facebook.com\/AtlanticraftFrance","https:\/\/www.instagram.com\/atlanticraft_france\/","https:\/\/www.linkedin.com\/company\/82927401\/admin\/dashboard\/"]}]}},"jetpack_sharing_enabled":true,"_links":{"self":[{"href":"https:\/\/www.atlanticraftboats.com\/en\/wp-json\/wp\/v2\/product\/1816","targetHints":{"allow":["GET"]}}],"collection":[{"href":"https:\/\/www.atlanticraftboats.com\/en\/wp-json\/wp\/v2\/product"}],"about":[{"href":"https:\/\/www.atlanticraftboats.com\/en\/wp-json\/wp\/v2\/types\/product"}],"wp:featuredmedia":[{"embeddable":true,"href":"https:\/\/www.atlanticraftboats.com\/en\/wp-json\/wp\/v2\/media\/1772"}],"wp:attachment":[{"href":"https:\/\/www.atlanticraftboats.com\/en\/wp-json\/wp\/v2\/media?parent=1816"}],"wp:term":[{"taxonomy":"product_brand","embeddable":true,"href":"https:\/\/www.atlanticraftboats.com\/en\/wp-json\/wp\/v2\/product_brand?post=1816"},{"taxonomy":"product_cat","embeddable":true,"href":"https:\/\/www.atlanticraftboats.com\/en\/wp-json\/wp\/v2\/product_cat?post=1816"},{"taxonomy":"product_tag","embeddable":true,"href":"https:\/\/www.atlanticraftboats.com\/en\/wp-json\/wp\/v2\/product_tag?post=1816"}],"curies":[{"name":"wp","href":"https:\/\/api.w.org\/{rel}","templated":true}]}}