{"id":2013,"date":"2022-08-29T20:49:49","date_gmt":"2022-08-29T18:49:49","guid":{"rendered":"https:\/\/www.atlanticraft.fr\/?post_type=product&#038;p=2013"},"modified":"2022-09-03T22:19:10","modified_gmt":"2022-09-03T20:19:10","slug":"bouee-fer-a-cheval-orange-4water","status":"publish","type":"product","link":"https:\/\/www.atlanticraftboats.com\/en\/product\/bouee-fer-a-cheval-orange-4water\/","title":{"rendered":"4Water Orange Horseshoe Buoy"},"content":{"rendered":"","protected":false},"excerpt":{"rendered":"<p>Orange horseshoe buoy with removable cover, buoyancy provided by polyethylene foam. Cover made of high-strength washable fabric (1100 decitex, PVC coating).<\/p>\n<p>Cover closure with zip<\/p>\n<p>Removable coated nylon cover<\/p>\n<p>Opening suitable for virtually all body types<\/p>\n<p>Buoyancy: 14.5 kg<\/p>\n<p>Complies with French Division 240 regulations<\/p>","protected":false},"featured_media":2016,"template":"","meta":{"inline_featured_image":false},"product_brand":[],"product_cat":[31,46],"product_tag":[],"class_list":{"0":"post-2013","1":"product","2":"type-product","3":"status-publish","4":"has-post-thumbnail","6":"product_cat-accessoires","7":"product_cat-securite","9":"first","10":"instock","11":"taxable","12":"shipping-taxable","13":"purchasable","14":"product-type-simple"},"yoast_head":"<!-- This site is optimized with the Yoast SEO plugin v27.3 - https:\/\/yoast.com\/product\/yoast-seo-wordpress\/ -->\n<title>Bou\u00e9e fer \u00e0 cheval orange 4Water - AtlantiCraft<\/title>\n<meta name=\"robots\" content=\"index, follow, max-snippet:-1, max-image-preview:large, max-video-preview:-1\" \/>\n<link rel=\"canonical\" href=\"https:\/\/www.atlanticraftboats.com\/en\/product\/bouee-fer-a-cheval-orange-4water\/\" \/>\n<meta property=\"og:locale\" content=\"en_GB\" \/>\n<meta property=\"og:type\" content=\"article\" \/>\n<meta property=\"og:title\" content=\"Bou\u00e9e fer \u00e0 cheval orange 4Water - AtlantiCraft\" \/>\n<meta property=\"og:description\" content=\"Bou\u00e9e fer \u00e0 cheval orange\u00a0d\u00e9houssable,\u00a0flottabilit\u00e9 assur\u00e9e par de la mousse\u00a0poly\u00e9thyl\u00e8ne.\u00a0Housse en tissu lavable haute r\u00e9sistance (1100 decitex, enduction PVC).  Fermeture de la housse par zip  Housse amovible en nylon enduit  Ouverture adapt\u00e9e \u00e0 pratiquement toutes les corpulences  Flottabilit\u00e9 : 14,5kg  Conforme \u00e0 la r\u00e9glementation fran\u00e7aise Division 240\" \/>\n<meta property=\"og:url\" content=\"https:\/\/www.atlanticraftboats.com\/en\/product\/bouee-fer-a-cheval-orange-4water\/\" \/>\n<meta property=\"og:site_name\" content=\"AtlantiCraft\" \/>\n<meta property=\"article:publisher\" content=\"https:\/\/www.facebook.com\/AtlanticraftFrance\" \/>\n<meta property=\"article:modified_time\" content=\"2022-09-03T20:19:10+00:00\" \/>\n<meta property=\"og:image\" content=\"https:\/\/www.atlanticraftboats.com\/wp-content\/uploads\/2022\/08\/Bouee-fer-a-cheval-orange-4Water0.jpeg\" \/>\n\t<meta property=\"og:image:width\" content=\"610\" \/>\n\t<meta property=\"og:image:height\" content=\"610\" \/>\n\t<meta property=\"og:image:type\" content=\"image\/jpeg\" \/>\n<meta name=\"twitter:card\" content=\"summary_large_image\" \/>\n<script type=\"application\/ld+json\" class=\"yoast-schema-graph\">{\"@context\":\"https:\\\/\\\/schema.org\",\"@graph\":[{\"@type\":\"WebPage\",\"@id\":\"https:\\\/\\\/www.atlanticraftboats.com\\\/produit\\\/bouee-fer-a-cheval-orange-4water\\\/\",\"url\":\"https:\\\/\\\/www.atlanticraftboats.com\\\/produit\\\/bouee-fer-a-cheval-orange-4water\\\/\",\"name\":\"Bou\u00e9e fer \u00e0 cheval orange 4Water - AtlantiCraft\",\"isPartOf\":{\"@id\":\"https:\\\/\\\/www.atlanticraftboats.com\\\/en\\\/#website\"},\"primaryImageOfPage\":{\"@id\":\"https:\\\/\\\/www.atlanticraftboats.com\\\/produit\\\/bouee-fer-a-cheval-orange-4water\\\/#primaryimage\"},\"image\":{\"@id\":\"https:\\\/\\\/www.atlanticraftboats.com\\\/produit\\\/bouee-fer-a-cheval-orange-4water\\\/#primaryimage\"},\"thumbnailUrl\":\"https:\\\/\\\/www.atlanticraftboats.com\\\/wp-content\\\/uploads\\\/2022\\\/08\\\/Bouee-fer-a-cheval-orange-4Water0.jpeg\",\"datePublished\":\"2022-08-29T18:49:49+00:00\",\"dateModified\":\"2022-09-03T20:19:10+00:00\",\"breadcrumb\":{\"@id\":\"https:\\\/\\\/www.atlanticraftboats.com\\\/produit\\\/bouee-fer-a-cheval-orange-4water\\\/#breadcrumb\"},\"inLanguage\":\"en-GB\",\"potentialAction\":[{\"@type\":\"ReadAction\",\"target\":[\"https:\\\/\\\/www.atlanticraftboats.com\\\/produit\\\/bouee-fer-a-cheval-orange-4water\\\/\"]}]},{\"@type\":\"ImageObject\",\"inLanguage\":\"en-GB\",\"@id\":\"https:\\\/\\\/www.atlanticraftboats.com\\\/produit\\\/bouee-fer-a-cheval-orange-4water\\\/#primaryimage\",\"url\":\"https:\\\/\\\/www.atlanticraftboats.com\\\/wp-content\\\/uploads\\\/2022\\\/08\\\/Bouee-fer-a-cheval-orange-4Water0.jpeg\",\"contentUrl\":\"https:\\\/\\\/www.atlanticraftboats.com\\\/wp-content\\\/uploads\\\/2022\\\/08\\\/Bouee-fer-a-cheval-orange-4Water0.jpeg\",\"width\":610,\"height\":610},{\"@type\":\"BreadcrumbList\",\"@id\":\"https:\\\/\\\/www.atlanticraftboats.com\\\/produit\\\/bouee-fer-a-cheval-orange-4water\\\/#breadcrumb\",\"itemListElement\":[{\"@type\":\"ListItem\",\"position\":1,\"name\":\"Accueil\",\"item\":\"https:\\\/\\\/www.atlanticraftboats.com\\\/\"},{\"@type\":\"ListItem\",\"position\":2,\"name\":\"Les bateaux semi-rigides AtlantiCraft\",\"item\":\"https:\\\/\\\/www.atlanticraftboats.com\\\/bateaux-semi-rigide\\\/\"},{\"@type\":\"ListItem\",\"position\":3,\"name\":\"Bou\u00e9e fer \u00e0 cheval orange 4Water\"}]},{\"@type\":\"WebSite\",\"@id\":\"https:\\\/\\\/www.atlanticraftboats.com\\\/en\\\/#website\",\"url\":\"https:\\\/\\\/www.atlanticraftboats.com\\\/en\\\/\",\"name\":\"AtlantiCraft\",\"description\":\"Marque fran\u00e7aise de bateaux semi rigides en coque aluminium\",\"publisher\":{\"@id\":\"https:\\\/\\\/www.atlanticraftboats.com\\\/en\\\/#organization\"},\"potentialAction\":[{\"@type\":\"SearchAction\",\"target\":{\"@type\":\"EntryPoint\",\"urlTemplate\":\"https:\\\/\\\/www.atlanticraftboats.com\\\/en\\\/?s={search_term_string}\"},\"query-input\":{\"@type\":\"PropertyValueSpecification\",\"valueRequired\":true,\"valueName\":\"search_term_string\"}}],\"inLanguage\":\"en-GB\"},{\"@type\":\"Organization\",\"@id\":\"https:\\\/\\\/www.atlanticraftboats.com\\\/en\\\/#organization\",\"name\":\"Atlanticraft\",\"url\":\"https:\\\/\\\/www.atlanticraftboats.com\\\/en\\\/\",\"logo\":{\"@type\":\"ImageObject\",\"inLanguage\":\"en-GB\",\"@id\":\"https:\\\/\\\/www.atlanticraftboats.com\\\/en\\\/#\\\/schema\\\/logo\\\/image\\\/\",\"url\":\"https:\\\/\\\/www.atlanticraftboats.com\\\/wp-content\\\/uploads\\\/2022\\\/04\\\/logo-atlanticraft.svg\",\"contentUrl\":\"https:\\\/\\\/www.atlanticraftboats.com\\\/wp-content\\\/uploads\\\/2022\\\/04\\\/logo-atlanticraft.svg\",\"width\":215,\"height\":51,\"caption\":\"Atlanticraft\"},\"image\":{\"@id\":\"https:\\\/\\\/www.atlanticraftboats.com\\\/en\\\/#\\\/schema\\\/logo\\\/image\\\/\"},\"sameAs\":[\"https:\\\/\\\/www.facebook.com\\\/AtlanticraftFrance\",\"https:\\\/\\\/www.instagram.com\\\/atlanticraft_france\\\/\",\"https:\\\/\\\/www.linkedin.com\\\/company\\\/82927401\\\/admin\\\/dashboard\\\/\"]}]}<\/script>\n<!-- \/ Yoast SEO plugin. -->","yoast_head_json":{"title":"Orange horseshoe buoy 4Water - AtlantiCraft","robots":{"index":"index","follow":"follow","max-snippet":"max-snippet:-1","max-image-preview":"max-image-preview:large","max-video-preview":"max-video-preview:-1"},"canonical":"https:\/\/www.atlanticraftboats.com\/en\/product\/bouee-fer-a-cheval-orange-4water\/","og_locale":"en_GB","og_type":"article","og_title":"Bou\u00e9e fer \u00e0 cheval orange 4Water - AtlantiCraft","og_description":"Bou\u00e9e fer \u00e0 cheval orange\u00a0d\u00e9houssable,\u00a0flottabilit\u00e9 assur\u00e9e par de la mousse\u00a0poly\u00e9thyl\u00e8ne.\u00a0Housse en tissu lavable haute r\u00e9sistance (1100 decitex, enduction PVC).  Fermeture de la housse par zip  Housse amovible en nylon enduit  Ouverture adapt\u00e9e \u00e0 pratiquement toutes les corpulences  Flottabilit\u00e9 : 14,5kg  Conforme \u00e0 la r\u00e9glementation fran\u00e7aise Division 240","og_url":"https:\/\/www.atlanticraftboats.com\/en\/product\/bouee-fer-a-cheval-orange-4water\/","og_site_name":"AtlantiCraft","article_publisher":"https:\/\/www.facebook.com\/AtlanticraftFrance","article_modified_time":"2022-09-03T20:19:10+00:00","og_image":[{"width":610,"height":610,"url":"https:\/\/www.atlanticraftboats.com\/wp-content\/uploads\/2022\/08\/Bouee-fer-a-cheval-orange-4Water0.jpeg","type":"image\/jpeg"}],"twitter_card":"summary_large_image","schema":{"@context":"https:\/\/schema.org","@graph":[{"@type":"WebPage","@id":"https:\/\/www.atlanticraftboats.com\/produit\/bouee-fer-a-cheval-orange-4water\/","url":"https:\/\/www.atlanticraftboats.com\/produit\/bouee-fer-a-cheval-orange-4water\/","name":"Orange horseshoe buoy 4Water - AtlantiCraft","isPartOf":{"@id":"https:\/\/www.atlanticraftboats.com\/en\/#website"},"primaryImageOfPage":{"@id":"https:\/\/www.atlanticraftboats.com\/produit\/bouee-fer-a-cheval-orange-4water\/#primaryimage"},"image":{"@id":"https:\/\/www.atlanticraftboats.com\/produit\/bouee-fer-a-cheval-orange-4water\/#primaryimage"},"thumbnailUrl":"https:\/\/www.atlanticraftboats.com\/wp-content\/uploads\/2022\/08\/Bouee-fer-a-cheval-orange-4Water0.jpeg","datePublished":"2022-08-29T18:49:49+00:00","dateModified":"2022-09-03T20:19:10+00:00","breadcrumb":{"@id":"https:\/\/www.atlanticraftboats.com\/produit\/bouee-fer-a-cheval-orange-4water\/#breadcrumb"},"inLanguage":"en-GB","potentialAction":[{"@type":"ReadAction","target":["https:\/\/www.atlanticraftboats.com\/produit\/bouee-fer-a-cheval-orange-4water\/"]}]},{"@type":"ImageObject","inLanguage":"en-GB","@id":"https:\/\/www.atlanticraftboats.com\/produit\/bouee-fer-a-cheval-orange-4water\/#primaryimage","url":"https:\/\/www.atlanticraftboats.com\/wp-content\/uploads\/2022\/08\/Bouee-fer-a-cheval-orange-4Water0.jpeg","contentUrl":"https:\/\/www.atlanticraftboats.com\/wp-content\/uploads\/2022\/08\/Bouee-fer-a-cheval-orange-4Water0.jpeg","width":610,"height":610},{"@type":"BreadcrumbList","@id":"https:\/\/www.atlanticraftboats.com\/produit\/bouee-fer-a-cheval-orange-4water\/#breadcrumb","itemListElement":[{"@type":"ListItem","position":1,"name":"Accueil","item":"https:\/\/www.atlanticraftboats.com\/"},{"@type":"ListItem","position":2,"name":"Les bateaux semi-rigides AtlantiCraft","item":"https:\/\/www.atlanticraftboats.com\/bateaux-semi-rigide\/"},{"@type":"ListItem","position":3,"name":"Bou\u00e9e fer \u00e0 cheval orange 4Water"}]},{"@type":"WebSite","@id":"https:\/\/www.atlanticraftboats.com\/en\/#website","url":"https:\/\/www.atlanticraftboats.com\/en\/","name":"AtlantiCraft","description":"French brand of semi-rigid boats with aluminum hulls","publisher":{"@id":"https:\/\/www.atlanticraftboats.com\/en\/#organization"},"potentialAction":[{"@type":"SearchAction","target":{"@type":"EntryPoint","urlTemplate":"https:\/\/www.atlanticraftboats.com\/en\/?s={search_term_string}"},"query-input":{"@type":"PropertyValueSpecification","valueRequired":true,"valueName":"search_term_string"}}],"inLanguage":"en-GB"},{"@type":"Organization","@id":"https:\/\/www.atlanticraftboats.com\/en\/#organization","name":"Atlanticraft","url":"https:\/\/www.atlanticraftboats.com\/en\/","logo":{"@type":"ImageObject","inLanguage":"en-GB","@id":"https:\/\/www.atlanticraftboats.com\/en\/#\/schema\/logo\/image\/","url":"https:\/\/www.atlanticraftboats.com\/wp-content\/uploads\/2022\/04\/logo-atlanticraft.svg","contentUrl":"https:\/\/www.atlanticraftboats.com\/wp-content\/uploads\/2022\/04\/logo-atlanticraft.svg","width":215,"height":51,"caption":"Atlanticraft"},"image":{"@id":"https:\/\/www.atlanticraftboats.com\/en\/#\/schema\/logo\/image\/"},"sameAs":["https:\/\/www.facebook.com\/AtlanticraftFrance","https:\/\/www.instagram.com\/atlanticraft_france\/","https:\/\/www.linkedin.com\/company\/82927401\/admin\/dashboard\/"]}]}},"jetpack_sharing_enabled":true,"_links":{"self":[{"href":"https:\/\/www.atlanticraftboats.com\/en\/wp-json\/wp\/v2\/product\/2013","targetHints":{"allow":["GET"]}}],"collection":[{"href":"https:\/\/www.atlanticraftboats.com\/en\/wp-json\/wp\/v2\/product"}],"about":[{"href":"https:\/\/www.atlanticraftboats.com\/en\/wp-json\/wp\/v2\/types\/product"}],"wp:featuredmedia":[{"embeddable":true,"href":"https:\/\/www.atlanticraftboats.com\/en\/wp-json\/wp\/v2\/media\/2016"}],"wp:attachment":[{"href":"https:\/\/www.atlanticraftboats.com\/en\/wp-json\/wp\/v2\/media?parent=2013"}],"wp:term":[{"taxonomy":"product_brand","embeddable":true,"href":"https:\/\/www.atlanticraftboats.com\/en\/wp-json\/wp\/v2\/product_brand?post=2013"},{"taxonomy":"product_cat","embeddable":true,"href":"https:\/\/www.atlanticraftboats.com\/en\/wp-json\/wp\/v2\/product_cat?post=2013"},{"taxonomy":"product_tag","embeddable":true,"href":"https:\/\/www.atlanticraftboats.com\/en\/wp-json\/wp\/v2\/product_tag?post=2013"}],"curies":[{"name":"wp","href":"https:\/\/api.w.org\/{rel}","templated":true}]}}