{"id":2107,"date":"2022-08-30T23:33:20","date_gmt":"2022-08-30T21:33:20","guid":{"rendered":"https:\/\/www.atlanticraft.fr\/?post_type=product&#038;p=2107"},"modified":"2022-09-03T22:12:12","modified_gmt":"2022-09-03T20:12:12","slug":"avertisseur-de-brume-electrique-marco-hurricane","status":"publish","type":"product","link":"https:\/\/www.atlanticraftboats.com\/en\/product\/avertisseur-de-brume-electrique-marco-hurricane\/","title":{"rendered":"Marco Hurricane Electric Fog Alarm"},"content":{"rendered":"","protected":false},"excerpt":{"rendered":"<p><strong>INSTALLATION INCLUDED<\/strong><\/p>\n<p>Elegant and effective, this MARCO electric marine fog alarm for boats is easily installed by flush mounting.<\/p>\n<p>&nbsp;<\/p>\n<p>Very easy to install, this horn is installed along the wall by recessing; there is no need for an air hose. With its integrated 12V electro-pneumatic compressor, it emits a powerful sound of 120 dB (at 1 m). A very reassuring accessory, it will allow you to be spotted by other boats around you.<\/p>\n<p>The fog alarm is especially suitable for small motorboats and semi-rigid inflatable boats. It can be easily installed on the steering console. This model with a chrome grille will look great, matching the stainless steel of your boat.<\/p>\n<p>&nbsp;<\/p>\n<p><strong>Technical Specifications of the MARCO Hurricane Electric Boat Fog Horn:<\/strong><\/p>\n<p>\u2013 Supply voltage: 12 V<\/p>\n<p>\u2013 Db at 1 meter: 120<\/p>\n<p>\u2013 Consumption: 18 A (30 A relay recommended)<\/p>\n<p>\u2013 Recessed dimensions: 95 x 120 mm<\/p>\n<p>\u2013 Exterior grille: chrome-plated<\/p>","protected":false},"featured_media":2108,"template":"","meta":{"inline_featured_image":false},"product_brand":[],"product_cat":[31,46],"product_tag":[],"class_list":{"0":"post-2107","1":"product","2":"type-product","3":"status-publish","4":"has-post-thumbnail","6":"product_cat-accessoires","7":"product_cat-securite","9":"first","10":"instock","11":"taxable","12":"shipping-taxable","13":"purchasable","14":"product-type-simple"},"yoast_head":"<!-- This site is optimized with the Yoast SEO plugin v27.3 - https:\/\/yoast.com\/product\/yoast-seo-wordpress\/ -->\n<title>Avertisseur de brume \u00e9lectrique Marco Hurricane - AtlantiCraft<\/title>\n<meta name=\"robots\" content=\"index, follow, max-snippet:-1, max-image-preview:large, max-video-preview:-1\" \/>\n<link rel=\"canonical\" href=\"https:\/\/www.atlanticraftboats.com\/en\/product\/avertisseur-de-brume-electrique-marco-hurricane\/\" \/>\n<meta property=\"og:locale\" content=\"en_GB\" \/>\n<meta property=\"og:type\" content=\"article\" \/>\n<meta property=\"og:title\" content=\"Avertisseur de brume \u00e9lectrique Marco Hurricane - AtlantiCraft\" \/>\n<meta property=\"og:description\" content=\"POSE INCLUS  El\u00e9gant et efficace, cet avertisseur de brume sonore marin \u00e9lectrique pour bateau MARCO s&#039;installe facilement par encastrement.  &nbsp;  Tr\u00e8s simple \u00e0 installer, cet avertisseur\u00a0sonore\u00a0s&#039;installe le long de paroi par encastrement ; il n&#039;y a pas besoin de pr\u00e9voir de tuyau pour l&#039;air. Avec son compresseur\u00a0\u00e9lectropneumatique\u00a012V int\u00e9gr\u00e9 il \u00e9met un son puissant de 120 db (\u00e0 1 m). Accessoire tr\u00e8s s\u00e9curisant il vous permettra de vous faire rep\u00e9rer des autres bateaux autour de vous.  L&#039;avertisseur de brume est surtout pour les petites vedettes et bateaux \u00e0 moteur type pneumatique semi-rigide, il\u00a0s&#039;installera\u00a0facilement sur la console de pilotage. Ce mod\u00e8le avec grille chrom\u00e9e fera du plus belle effet en\u00a0rappelant\u00a0les inox de votre embarcation.  &nbsp;  Sp\u00e9cifications techniques de l&#039;avertisseur sonore\u00a0de brume \u00e9lectrique pour bateau MARCO Hurricane :  - Tension d&#039;alimentation : 12 V  - Db \u00e0 1 m\u00e8tre : 120  - Consommation : 18 A (relais de 30 A recommand\u00e9)  - Dimensions d&#039;encastrement : 95 x 120 mm  - Grille ext\u00e9rieur : chorm\u00e9e\" \/>\n<meta property=\"og:url\" content=\"https:\/\/www.atlanticraftboats.com\/en\/product\/avertisseur-de-brume-electrique-marco-hurricane\/\" \/>\n<meta property=\"og:site_name\" content=\"AtlantiCraft\" \/>\n<meta property=\"article:publisher\" content=\"https:\/\/www.facebook.com\/AtlanticraftFrance\" \/>\n<meta property=\"article:modified_time\" content=\"2022-09-03T20:12:12+00:00\" \/>\n<meta property=\"og:image\" content=\"https:\/\/www.atlanticraftboats.com\/wp-content\/uploads\/2022\/08\/marco-hurricane-chrome-12v.jpg\" \/>\n\t<meta property=\"og:image:width\" content=\"600\" \/>\n\t<meta property=\"og:image:height\" content=\"600\" \/>\n\t<meta property=\"og:image:type\" content=\"image\/jpeg\" \/>\n<meta name=\"twitter:card\" content=\"summary_large_image\" \/>\n<script type=\"application\/ld+json\" class=\"yoast-schema-graph\">{\"@context\":\"https:\\\/\\\/schema.org\",\"@graph\":[{\"@type\":\"WebPage\",\"@id\":\"https:\\\/\\\/www.atlanticraftboats.com\\\/produit\\\/avertisseur-de-brume-electrique-marco-hurricane\\\/\",\"url\":\"https:\\\/\\\/www.atlanticraftboats.com\\\/produit\\\/avertisseur-de-brume-electrique-marco-hurricane\\\/\",\"name\":\"Avertisseur de brume \u00e9lectrique Marco Hurricane - AtlantiCraft\",\"isPartOf\":{\"@id\":\"https:\\\/\\\/www.atlanticraftboats.com\\\/en\\\/#website\"},\"primaryImageOfPage\":{\"@id\":\"https:\\\/\\\/www.atlanticraftboats.com\\\/produit\\\/avertisseur-de-brume-electrique-marco-hurricane\\\/#primaryimage\"},\"image\":{\"@id\":\"https:\\\/\\\/www.atlanticraftboats.com\\\/produit\\\/avertisseur-de-brume-electrique-marco-hurricane\\\/#primaryimage\"},\"thumbnailUrl\":\"https:\\\/\\\/www.atlanticraftboats.com\\\/wp-content\\\/uploads\\\/2022\\\/08\\\/marco-hurricane-chrome-12v.jpg\",\"datePublished\":\"2022-08-30T21:33:20+00:00\",\"dateModified\":\"2022-09-03T20:12:12+00:00\",\"breadcrumb\":{\"@id\":\"https:\\\/\\\/www.atlanticraftboats.com\\\/produit\\\/avertisseur-de-brume-electrique-marco-hurricane\\\/#breadcrumb\"},\"inLanguage\":\"en-GB\",\"potentialAction\":[{\"@type\":\"ReadAction\",\"target\":[\"https:\\\/\\\/www.atlanticraftboats.com\\\/produit\\\/avertisseur-de-brume-electrique-marco-hurricane\\\/\"]}]},{\"@type\":\"ImageObject\",\"inLanguage\":\"en-GB\",\"@id\":\"https:\\\/\\\/www.atlanticraftboats.com\\\/produit\\\/avertisseur-de-brume-electrique-marco-hurricane\\\/#primaryimage\",\"url\":\"https:\\\/\\\/www.atlanticraftboats.com\\\/wp-content\\\/uploads\\\/2022\\\/08\\\/marco-hurricane-chrome-12v.jpg\",\"contentUrl\":\"https:\\\/\\\/www.atlanticraftboats.com\\\/wp-content\\\/uploads\\\/2022\\\/08\\\/marco-hurricane-chrome-12v.jpg\",\"width\":600,\"height\":600},{\"@type\":\"BreadcrumbList\",\"@id\":\"https:\\\/\\\/www.atlanticraftboats.com\\\/produit\\\/avertisseur-de-brume-electrique-marco-hurricane\\\/#breadcrumb\",\"itemListElement\":[{\"@type\":\"ListItem\",\"position\":1,\"name\":\"Accueil\",\"item\":\"https:\\\/\\\/www.atlanticraftboats.com\\\/\"},{\"@type\":\"ListItem\",\"position\":2,\"name\":\"Les bateaux semi-rigides AtlantiCraft\",\"item\":\"https:\\\/\\\/www.atlanticraftboats.com\\\/bateaux-semi-rigide\\\/\"},{\"@type\":\"ListItem\",\"position\":3,\"name\":\"Avertisseur de brume \u00e9lectrique Marco Hurricane\"}]},{\"@type\":\"WebSite\",\"@id\":\"https:\\\/\\\/www.atlanticraftboats.com\\\/en\\\/#website\",\"url\":\"https:\\\/\\\/www.atlanticraftboats.com\\\/en\\\/\",\"name\":\"AtlantiCraft\",\"description\":\"Marque fran\u00e7aise de bateaux semi rigides en coque aluminium\",\"publisher\":{\"@id\":\"https:\\\/\\\/www.atlanticraftboats.com\\\/en\\\/#organization\"},\"potentialAction\":[{\"@type\":\"SearchAction\",\"target\":{\"@type\":\"EntryPoint\",\"urlTemplate\":\"https:\\\/\\\/www.atlanticraftboats.com\\\/en\\\/?s={search_term_string}\"},\"query-input\":{\"@type\":\"PropertyValueSpecification\",\"valueRequired\":true,\"valueName\":\"search_term_string\"}}],\"inLanguage\":\"en-GB\"},{\"@type\":\"Organization\",\"@id\":\"https:\\\/\\\/www.atlanticraftboats.com\\\/en\\\/#organization\",\"name\":\"Atlanticraft\",\"url\":\"https:\\\/\\\/www.atlanticraftboats.com\\\/en\\\/\",\"logo\":{\"@type\":\"ImageObject\",\"inLanguage\":\"en-GB\",\"@id\":\"https:\\\/\\\/www.atlanticraftboats.com\\\/en\\\/#\\\/schema\\\/logo\\\/image\\\/\",\"url\":\"https:\\\/\\\/www.atlanticraftboats.com\\\/wp-content\\\/uploads\\\/2022\\\/04\\\/logo-atlanticraft.svg\",\"contentUrl\":\"https:\\\/\\\/www.atlanticraftboats.com\\\/wp-content\\\/uploads\\\/2022\\\/04\\\/logo-atlanticraft.svg\",\"width\":215,\"height\":51,\"caption\":\"Atlanticraft\"},\"image\":{\"@id\":\"https:\\\/\\\/www.atlanticraftboats.com\\\/en\\\/#\\\/schema\\\/logo\\\/image\\\/\"},\"sameAs\":[\"https:\\\/\\\/www.facebook.com\\\/AtlanticraftFrance\",\"https:\\\/\\\/www.instagram.com\\\/atlanticraft_france\\\/\",\"https:\\\/\\\/www.linkedin.com\\\/company\\\/82927401\\\/admin\\\/dashboard\\\/\"]}]}<\/script>\n<!-- \/ Yoast SEO plugin. -->","yoast_head_json":{"title":"Avertisseur de brume \u00e9lectrique Marco Hurricane - AtlantiCraft","robots":{"index":"index","follow":"follow","max-snippet":"max-snippet:-1","max-image-preview":"max-image-preview:large","max-video-preview":"max-video-preview:-1"},"canonical":"https:\/\/www.atlanticraftboats.com\/en\/product\/avertisseur-de-brume-electrique-marco-hurricane\/","og_locale":"en_GB","og_type":"article","og_title":"Avertisseur de brume \u00e9lectrique Marco Hurricane - AtlantiCraft","og_description":"POSE INCLUS  El\u00e9gant et efficace, cet avertisseur de brume sonore marin \u00e9lectrique pour bateau MARCO s'installe facilement par encastrement.  &nbsp;  Tr\u00e8s simple \u00e0 installer, cet avertisseur\u00a0sonore\u00a0s'installe le long de paroi par encastrement ; il n'y a pas besoin de pr\u00e9voir de tuyau pour l'air. Avec son compresseur\u00a0\u00e9lectropneumatique\u00a012V int\u00e9gr\u00e9 il \u00e9met un son puissant de 120 db (\u00e0 1 m). Accessoire tr\u00e8s s\u00e9curisant il vous permettra de vous faire rep\u00e9rer des autres bateaux autour de vous.  L'avertisseur de brume est surtout pour les petites vedettes et bateaux \u00e0 moteur type pneumatique semi-rigide, il\u00a0s'installera\u00a0facilement sur la console de pilotage. Ce mod\u00e8le avec grille chrom\u00e9e fera du plus belle effet en\u00a0rappelant\u00a0les inox de votre embarcation.  &nbsp;  Sp\u00e9cifications techniques de l'avertisseur sonore\u00a0de brume \u00e9lectrique pour bateau MARCO Hurricane :  - Tension d'alimentation : 12 V  - Db \u00e0 1 m\u00e8tre : 120  - Consommation : 18 A (relais de 30 A recommand\u00e9)  - Dimensions d'encastrement : 95 x 120 mm  - Grille ext\u00e9rieur : chorm\u00e9e","og_url":"https:\/\/www.atlanticraftboats.com\/en\/product\/avertisseur-de-brume-electrique-marco-hurricane\/","og_site_name":"AtlantiCraft","article_publisher":"https:\/\/www.facebook.com\/AtlanticraftFrance","article_modified_time":"2022-09-03T20:12:12+00:00","og_image":[{"width":600,"height":600,"url":"https:\/\/www.atlanticraftboats.com\/wp-content\/uploads\/2022\/08\/marco-hurricane-chrome-12v.jpg","type":"image\/jpeg"}],"twitter_card":"summary_large_image","schema":{"@context":"https:\/\/schema.org","@graph":[{"@type":"WebPage","@id":"https:\/\/www.atlanticraftboats.com\/produit\/avertisseur-de-brume-electrique-marco-hurricane\/","url":"https:\/\/www.atlanticraftboats.com\/produit\/avertisseur-de-brume-electrique-marco-hurricane\/","name":"Avertisseur de brume \u00e9lectrique Marco Hurricane - AtlantiCraft","isPartOf":{"@id":"https:\/\/www.atlanticraftboats.com\/en\/#website"},"primaryImageOfPage":{"@id":"https:\/\/www.atlanticraftboats.com\/produit\/avertisseur-de-brume-electrique-marco-hurricane\/#primaryimage"},"image":{"@id":"https:\/\/www.atlanticraftboats.com\/produit\/avertisseur-de-brume-electrique-marco-hurricane\/#primaryimage"},"thumbnailUrl":"https:\/\/www.atlanticraftboats.com\/wp-content\/uploads\/2022\/08\/marco-hurricane-chrome-12v.jpg","datePublished":"2022-08-30T21:33:20+00:00","dateModified":"2022-09-03T20:12:12+00:00","breadcrumb":{"@id":"https:\/\/www.atlanticraftboats.com\/produit\/avertisseur-de-brume-electrique-marco-hurricane\/#breadcrumb"},"inLanguage":"en-GB","potentialAction":[{"@type":"ReadAction","target":["https:\/\/www.atlanticraftboats.com\/produit\/avertisseur-de-brume-electrique-marco-hurricane\/"]}]},{"@type":"ImageObject","inLanguage":"en-GB","@id":"https:\/\/www.atlanticraftboats.com\/produit\/avertisseur-de-brume-electrique-marco-hurricane\/#primaryimage","url":"https:\/\/www.atlanticraftboats.com\/wp-content\/uploads\/2022\/08\/marco-hurricane-chrome-12v.jpg","contentUrl":"https:\/\/www.atlanticraftboats.com\/wp-content\/uploads\/2022\/08\/marco-hurricane-chrome-12v.jpg","width":600,"height":600},{"@type":"BreadcrumbList","@id":"https:\/\/www.atlanticraftboats.com\/produit\/avertisseur-de-brume-electrique-marco-hurricane\/#breadcrumb","itemListElement":[{"@type":"ListItem","position":1,"name":"Accueil","item":"https:\/\/www.atlanticraftboats.com\/"},{"@type":"ListItem","position":2,"name":"Les bateaux semi-rigides AtlantiCraft","item":"https:\/\/www.atlanticraftboats.com\/bateaux-semi-rigide\/"},{"@type":"ListItem","position":3,"name":"Avertisseur de brume \u00e9lectrique Marco Hurricane"}]},{"@type":"WebSite","@id":"https:\/\/www.atlanticraftboats.com\/en\/#website","url":"https:\/\/www.atlanticraftboats.com\/en\/","name":"AtlantiCraft","description":"French brand of semi-rigid boats with aluminum hulls","publisher":{"@id":"https:\/\/www.atlanticraftboats.com\/en\/#organization"},"potentialAction":[{"@type":"SearchAction","target":{"@type":"EntryPoint","urlTemplate":"https:\/\/www.atlanticraftboats.com\/en\/?s={search_term_string}"},"query-input":{"@type":"PropertyValueSpecification","valueRequired":true,"valueName":"search_term_string"}}],"inLanguage":"en-GB"},{"@type":"Organization","@id":"https:\/\/www.atlanticraftboats.com\/en\/#organization","name":"Atlanticraft","url":"https:\/\/www.atlanticraftboats.com\/en\/","logo":{"@type":"ImageObject","inLanguage":"en-GB","@id":"https:\/\/www.atlanticraftboats.com\/en\/#\/schema\/logo\/image\/","url":"https:\/\/www.atlanticraftboats.com\/wp-content\/uploads\/2022\/04\/logo-atlanticraft.svg","contentUrl":"https:\/\/www.atlanticraftboats.com\/wp-content\/uploads\/2022\/04\/logo-atlanticraft.svg","width":215,"height":51,"caption":"Atlanticraft"},"image":{"@id":"https:\/\/www.atlanticraftboats.com\/en\/#\/schema\/logo\/image\/"},"sameAs":["https:\/\/www.facebook.com\/AtlanticraftFrance","https:\/\/www.instagram.com\/atlanticraft_france\/","https:\/\/www.linkedin.com\/company\/82927401\/admin\/dashboard\/"]}]}},"jetpack_sharing_enabled":true,"_links":{"self":[{"href":"https:\/\/www.atlanticraftboats.com\/en\/wp-json\/wp\/v2\/product\/2107","targetHints":{"allow":["GET"]}}],"collection":[{"href":"https:\/\/www.atlanticraftboats.com\/en\/wp-json\/wp\/v2\/product"}],"about":[{"href":"https:\/\/www.atlanticraftboats.com\/en\/wp-json\/wp\/v2\/types\/product"}],"wp:featuredmedia":[{"embeddable":true,"href":"https:\/\/www.atlanticraftboats.com\/en\/wp-json\/wp\/v2\/media\/2108"}],"wp:attachment":[{"href":"https:\/\/www.atlanticraftboats.com\/en\/wp-json\/wp\/v2\/media?parent=2107"}],"wp:term":[{"taxonomy":"product_brand","embeddable":true,"href":"https:\/\/www.atlanticraftboats.com\/en\/wp-json\/wp\/v2\/product_brand?post=2107"},{"taxonomy":"product_cat","embeddable":true,"href":"https:\/\/www.atlanticraftboats.com\/en\/wp-json\/wp\/v2\/product_cat?post=2107"},{"taxonomy":"product_tag","embeddable":true,"href":"https:\/\/www.atlanticraftboats.com\/en\/wp-json\/wp\/v2\/product_tag?post=2107"}],"curies":[{"name":"wp","href":"https:\/\/api.w.org\/{rel}","templated":true}]}}