{"id":2112,"date":"2022-08-31T12:29:54","date_gmt":"2022-08-31T10:29:54","guid":{"rendered":"https:\/\/www.atlanticraft.fr\/?post_type=product&#038;p=2112"},"modified":"2025-10-16T10:14:48","modified_gmt":"2025-10-16T08:14:48","slug":"taud-dhivernage-semi-mesures-condor-4-30","status":"publish","type":"product","link":"https:\/\/www.atlanticraftboats.com\/en\/product\/taud-dhivernage-semi-mesures-condor-4-30\/","title":{"rendered":"Condor and Ocean 5.00 adaptable winter cover"},"content":{"rendered":"<p><strong>WINTER COVER 4<\/strong>\u00a0Reference: 57268<br \/>\nDimensions: for boats from 5.18m to 5.79m, width: 2.44m<br \/>\nPrice including tax: \u20ac250.00<\/p>","protected":false},"excerpt":{"rendered":"<p>Offering excellent value for money, the semi-custom winter cover is ideal for protecting your boat against rain, dust, salt and sun.<\/p>\n<p><b><\/b>Technical information:<\/p>\n<ul>\n<li><b>Fabric: nylon 3000 with polyamide coating for waterproofing,<\/b><\/li>\n<li><strong>Eyelets designed not to scratch the hull,<\/strong><\/li>\n<li><b>Elasticated edge to tighten the tarpaulin \u2013 Cord for adjustment,<\/b><\/li>\n<li><strong>Comes with storage bag,<\/strong><\/li>\n<li><strong>The awning has elastic edges and rope for easy adjustment and use.<\/strong><\/li>\n<\/ul>\n<p>All our semi-custom awnings are available in the color <strong>Light gray.<\/strong><br \/>\nMatter is a<strong>\u00a0polyamide support with polyester coating.<\/strong><\/p>","protected":false},"featured_media":2109,"template":"","meta":{"inline_featured_image":false},"product_brand":[],"product_cat":[31,45],"product_tag":[],"class_list":{"0":"post-2112","1":"product","2":"type-product","3":"status-publish","4":"has-post-thumbnail","6":"product_cat-accessoires","7":"product_cat-equipements","9":"first","10":"instock","11":"taxable","12":"shipping-taxable","13":"purchasable","14":"product-type-simple"},"yoast_head":"<!-- This site is optimized with the Yoast SEO plugin v27.4 - https:\/\/yoast.com\/product\/yoast-seo-wordpress\/ -->\n<title>Taud d&#039;hivernage adaptable Condor et Ocean 5.00 - AtlantiCraft<\/title>\n<meta name=\"robots\" content=\"index, follow, max-snippet:-1, max-image-preview:large, max-video-preview:-1\" \/>\n<link rel=\"canonical\" href=\"https:\/\/www.atlanticraftboats.com\/en\/product\/taud-dhivernage-semi-mesures-condor-4-30\/\" \/>\n<meta property=\"og:locale\" content=\"en_GB\" \/>\n<meta property=\"og:type\" content=\"article\" \/>\n<meta property=\"og:title\" content=\"Taud d&#039;hivernage adaptable Condor et Ocean 5.00 - AtlantiCraft\" \/>\n<meta property=\"og:description\" content=\"D&#039;un excellent rapport qualit\u00e9 prix, le taud d&#039;hivernage semi-mesures est id\u00e9al pour prot\u00e9ger votre bateau contre la pluie, la poussi\u00e8re, le sel et le soleil.  Informations techniques :   Toile : nylon 3000 avec recouvrement polyamide pour l\u2019\u00e9tanch\u00e9it\u00e9,  \u0152illets con\u00e7us pour ne pas rayer la coque,  Bord \u00e9lastiqu\u00e9 pour tendre la b\u00e2che - Cordage pour l&#039;ajustement,  Livr\u00e9 avec sac de rangement,  Le taud dispose de bords \u00e9lastiques et d&#039;un cordage permettant un ajustement et une utilisation ais\u00e9e.  Tous nos tauds semi-mesures sont propos\u00e9es dans le coloris Gris clair. La mati\u00e8re est un\u00a0support polyamide avec enduction polyester.\" \/>\n<meta property=\"og:url\" content=\"https:\/\/www.atlanticraftboats.com\/en\/product\/taud-dhivernage-semi-mesures-condor-4-30\/\" \/>\n<meta property=\"og:site_name\" content=\"AtlantiCraft\" \/>\n<meta property=\"article:publisher\" content=\"https:\/\/www.facebook.com\/AtlanticraftFrance\" \/>\n<meta property=\"article:modified_time\" content=\"2025-10-16T08:14:48+00:00\" \/>\n<meta property=\"og:image\" content=\"https:\/\/www.atlanticraftboats.com\/wp-content\/uploads\/2022\/08\/taud-semi-mesures.jpg\" \/>\n\t<meta property=\"og:image:width\" content=\"810\" \/>\n\t<meta property=\"og:image:height\" content=\"810\" \/>\n\t<meta property=\"og:image:type\" content=\"image\/jpeg\" \/>\n<meta name=\"twitter:card\" content=\"summary_large_image\" \/>\n<script type=\"application\/ld+json\" class=\"yoast-schema-graph\">{\"@context\":\"https:\\\/\\\/schema.org\",\"@graph\":[{\"@type\":\"WebPage\",\"@id\":\"https:\\\/\\\/www.atlanticraftboats.com\\\/produit\\\/taud-dhivernage-semi-mesures-condor-4-30\\\/\",\"url\":\"https:\\\/\\\/www.atlanticraftboats.com\\\/produit\\\/taud-dhivernage-semi-mesures-condor-4-30\\\/\",\"name\":\"Taud d'hivernage adaptable Condor et Ocean 5.00 - AtlantiCraft\",\"isPartOf\":{\"@id\":\"https:\\\/\\\/www.atlanticraftboats.com\\\/en\\\/#website\"},\"primaryImageOfPage\":{\"@id\":\"https:\\\/\\\/www.atlanticraftboats.com\\\/produit\\\/taud-dhivernage-semi-mesures-condor-4-30\\\/#primaryimage\"},\"image\":{\"@id\":\"https:\\\/\\\/www.atlanticraftboats.com\\\/produit\\\/taud-dhivernage-semi-mesures-condor-4-30\\\/#primaryimage\"},\"thumbnailUrl\":\"https:\\\/\\\/www.atlanticraftboats.com\\\/wp-content\\\/uploads\\\/2022\\\/08\\\/taud-semi-mesures.jpg\",\"datePublished\":\"2022-08-31T10:29:54+00:00\",\"dateModified\":\"2025-10-16T08:14:48+00:00\",\"breadcrumb\":{\"@id\":\"https:\\\/\\\/www.atlanticraftboats.com\\\/produit\\\/taud-dhivernage-semi-mesures-condor-4-30\\\/#breadcrumb\"},\"inLanguage\":\"en-GB\",\"potentialAction\":[{\"@type\":\"ReadAction\",\"target\":[\"https:\\\/\\\/www.atlanticraftboats.com\\\/produit\\\/taud-dhivernage-semi-mesures-condor-4-30\\\/\"]}]},{\"@type\":\"ImageObject\",\"inLanguage\":\"en-GB\",\"@id\":\"https:\\\/\\\/www.atlanticraftboats.com\\\/produit\\\/taud-dhivernage-semi-mesures-condor-4-30\\\/#primaryimage\",\"url\":\"https:\\\/\\\/www.atlanticraftboats.com\\\/wp-content\\\/uploads\\\/2022\\\/08\\\/taud-semi-mesures.jpg\",\"contentUrl\":\"https:\\\/\\\/www.atlanticraftboats.com\\\/wp-content\\\/uploads\\\/2022\\\/08\\\/taud-semi-mesures.jpg\",\"width\":810,\"height\":810},{\"@type\":\"BreadcrumbList\",\"@id\":\"https:\\\/\\\/www.atlanticraftboats.com\\\/produit\\\/taud-dhivernage-semi-mesures-condor-4-30\\\/#breadcrumb\",\"itemListElement\":[{\"@type\":\"ListItem\",\"position\":1,\"name\":\"Accueil\",\"item\":\"https:\\\/\\\/www.atlanticraftboats.com\\\/\"},{\"@type\":\"ListItem\",\"position\":2,\"name\":\"Les bateaux semi-rigides AtlantiCraft\",\"item\":\"https:\\\/\\\/www.atlanticraftboats.com\\\/bateaux-semi-rigide\\\/\"},{\"@type\":\"ListItem\",\"position\":3,\"name\":\"Taud d&rsquo;hivernage adaptable Condor et Ocean 5.00\"}]},{\"@type\":\"WebSite\",\"@id\":\"https:\\\/\\\/www.atlanticraftboats.com\\\/en\\\/#website\",\"url\":\"https:\\\/\\\/www.atlanticraftboats.com\\\/en\\\/\",\"name\":\"AtlantiCraft\",\"description\":\"Marque fran\u00e7aise de bateaux semi rigides en coque aluminium\",\"publisher\":{\"@id\":\"https:\\\/\\\/www.atlanticraftboats.com\\\/en\\\/#organization\"},\"potentialAction\":[{\"@type\":\"SearchAction\",\"target\":{\"@type\":\"EntryPoint\",\"urlTemplate\":\"https:\\\/\\\/www.atlanticraftboats.com\\\/en\\\/?s={search_term_string}\"},\"query-input\":{\"@type\":\"PropertyValueSpecification\",\"valueRequired\":true,\"valueName\":\"search_term_string\"}}],\"inLanguage\":\"en-GB\"},{\"@type\":\"Organization\",\"@id\":\"https:\\\/\\\/www.atlanticraftboats.com\\\/en\\\/#organization\",\"name\":\"Atlanticraft\",\"url\":\"https:\\\/\\\/www.atlanticraftboats.com\\\/en\\\/\",\"logo\":{\"@type\":\"ImageObject\",\"inLanguage\":\"en-GB\",\"@id\":\"https:\\\/\\\/www.atlanticraftboats.com\\\/en\\\/#\\\/schema\\\/logo\\\/image\\\/\",\"url\":\"https:\\\/\\\/www.atlanticraftboats.com\\\/wp-content\\\/uploads\\\/2022\\\/04\\\/logo-atlanticraft.svg\",\"contentUrl\":\"https:\\\/\\\/www.atlanticraftboats.com\\\/wp-content\\\/uploads\\\/2022\\\/04\\\/logo-atlanticraft.svg\",\"width\":215,\"height\":51,\"caption\":\"Atlanticraft\"},\"image\":{\"@id\":\"https:\\\/\\\/www.atlanticraftboats.com\\\/en\\\/#\\\/schema\\\/logo\\\/image\\\/\"},\"sameAs\":[\"https:\\\/\\\/www.facebook.com\\\/AtlanticraftFrance\",\"https:\\\/\\\/www.instagram.com\\\/atlanticraft_france\\\/\",\"https:\\\/\\\/www.linkedin.com\\\/company\\\/82927401\\\/admin\\\/dashboard\\\/\"]}]}<\/script>\n<!-- \/ Yoast SEO plugin. -->","yoast_head_json":{"title":"Adaptable winter cover for Condor and Ocean 5.00 - AtlantiCraft","robots":{"index":"index","follow":"follow","max-snippet":"max-snippet:-1","max-image-preview":"max-image-preview:large","max-video-preview":"max-video-preview:-1"},"canonical":"https:\/\/www.atlanticraftboats.com\/en\/product\/taud-dhivernage-semi-mesures-condor-4-30\/","og_locale":"en_GB","og_type":"article","og_title":"Taud d'hivernage adaptable Condor et Ocean 5.00 - AtlantiCraft","og_description":"D'un excellent rapport qualit\u00e9 prix, le taud d'hivernage semi-mesures est id\u00e9al pour prot\u00e9ger votre bateau contre la pluie, la poussi\u00e8re, le sel et le soleil.  Informations techniques :   Toile : nylon 3000 avec recouvrement polyamide pour l\u2019\u00e9tanch\u00e9it\u00e9,  \u0152illets con\u00e7us pour ne pas rayer la coque,  Bord \u00e9lastiqu\u00e9 pour tendre la b\u00e2che - Cordage pour l'ajustement,  Livr\u00e9 avec sac de rangement,  Le taud dispose de bords \u00e9lastiques et d'un cordage permettant un ajustement et une utilisation ais\u00e9e.  Tous nos tauds semi-mesures sont propos\u00e9es dans le coloris Gris clair. La mati\u00e8re est un\u00a0support polyamide avec enduction polyester.","og_url":"https:\/\/www.atlanticraftboats.com\/en\/product\/taud-dhivernage-semi-mesures-condor-4-30\/","og_site_name":"AtlantiCraft","article_publisher":"https:\/\/www.facebook.com\/AtlanticraftFrance","article_modified_time":"2025-10-16T08:14:48+00:00","og_image":[{"width":810,"height":810,"url":"https:\/\/www.atlanticraftboats.com\/wp-content\/uploads\/2022\/08\/taud-semi-mesures.jpg","type":"image\/jpeg"}],"twitter_card":"summary_large_image","schema":{"@context":"https:\/\/schema.org","@graph":[{"@type":"WebPage","@id":"https:\/\/www.atlanticraftboats.com\/produit\/taud-dhivernage-semi-mesures-condor-4-30\/","url":"https:\/\/www.atlanticraftboats.com\/produit\/taud-dhivernage-semi-mesures-condor-4-30\/","name":"Adaptable winter cover for Condor and Ocean 5.00 - AtlantiCraft","isPartOf":{"@id":"https:\/\/www.atlanticraftboats.com\/en\/#website"},"primaryImageOfPage":{"@id":"https:\/\/www.atlanticraftboats.com\/produit\/taud-dhivernage-semi-mesures-condor-4-30\/#primaryimage"},"image":{"@id":"https:\/\/www.atlanticraftboats.com\/produit\/taud-dhivernage-semi-mesures-condor-4-30\/#primaryimage"},"thumbnailUrl":"https:\/\/www.atlanticraftboats.com\/wp-content\/uploads\/2022\/08\/taud-semi-mesures.jpg","datePublished":"2022-08-31T10:29:54+00:00","dateModified":"2025-10-16T08:14:48+00:00","breadcrumb":{"@id":"https:\/\/www.atlanticraftboats.com\/produit\/taud-dhivernage-semi-mesures-condor-4-30\/#breadcrumb"},"inLanguage":"en-GB","potentialAction":[{"@type":"ReadAction","target":["https:\/\/www.atlanticraftboats.com\/produit\/taud-dhivernage-semi-mesures-condor-4-30\/"]}]},{"@type":"ImageObject","inLanguage":"en-GB","@id":"https:\/\/www.atlanticraftboats.com\/produit\/taud-dhivernage-semi-mesures-condor-4-30\/#primaryimage","url":"https:\/\/www.atlanticraftboats.com\/wp-content\/uploads\/2022\/08\/taud-semi-mesures.jpg","contentUrl":"https:\/\/www.atlanticraftboats.com\/wp-content\/uploads\/2022\/08\/taud-semi-mesures.jpg","width":810,"height":810},{"@type":"BreadcrumbList","@id":"https:\/\/www.atlanticraftboats.com\/produit\/taud-dhivernage-semi-mesures-condor-4-30\/#breadcrumb","itemListElement":[{"@type":"ListItem","position":1,"name":"Accueil","item":"https:\/\/www.atlanticraftboats.com\/"},{"@type":"ListItem","position":2,"name":"Les bateaux semi-rigides AtlantiCraft","item":"https:\/\/www.atlanticraftboats.com\/bateaux-semi-rigide\/"},{"@type":"ListItem","position":3,"name":"Taud d&rsquo;hivernage adaptable Condor et Ocean 5.00"}]},{"@type":"WebSite","@id":"https:\/\/www.atlanticraftboats.com\/en\/#website","url":"https:\/\/www.atlanticraftboats.com\/en\/","name":"AtlantiCraft","description":"French brand of semi-rigid boats with aluminum hulls","publisher":{"@id":"https:\/\/www.atlanticraftboats.com\/en\/#organization"},"potentialAction":[{"@type":"SearchAction","target":{"@type":"EntryPoint","urlTemplate":"https:\/\/www.atlanticraftboats.com\/en\/?s={search_term_string}"},"query-input":{"@type":"PropertyValueSpecification","valueRequired":true,"valueName":"search_term_string"}}],"inLanguage":"en-GB"},{"@type":"Organization","@id":"https:\/\/www.atlanticraftboats.com\/en\/#organization","name":"Atlanticraft","url":"https:\/\/www.atlanticraftboats.com\/en\/","logo":{"@type":"ImageObject","inLanguage":"en-GB","@id":"https:\/\/www.atlanticraftboats.com\/en\/#\/schema\/logo\/image\/","url":"https:\/\/www.atlanticraftboats.com\/wp-content\/uploads\/2022\/04\/logo-atlanticraft.svg","contentUrl":"https:\/\/www.atlanticraftboats.com\/wp-content\/uploads\/2022\/04\/logo-atlanticraft.svg","width":215,"height":51,"caption":"Atlanticraft"},"image":{"@id":"https:\/\/www.atlanticraftboats.com\/en\/#\/schema\/logo\/image\/"},"sameAs":["https:\/\/www.facebook.com\/AtlanticraftFrance","https:\/\/www.instagram.com\/atlanticraft_france\/","https:\/\/www.linkedin.com\/company\/82927401\/admin\/dashboard\/"]}]}},"jetpack_sharing_enabled":true,"_links":{"self":[{"href":"https:\/\/www.atlanticraftboats.com\/en\/wp-json\/wp\/v2\/product\/2112","targetHints":{"allow":["GET"]}}],"collection":[{"href":"https:\/\/www.atlanticraftboats.com\/en\/wp-json\/wp\/v2\/product"}],"about":[{"href":"https:\/\/www.atlanticraftboats.com\/en\/wp-json\/wp\/v2\/types\/product"}],"wp:featuredmedia":[{"embeddable":true,"href":"https:\/\/www.atlanticraftboats.com\/en\/wp-json\/wp\/v2\/media\/2109"}],"wp:attachment":[{"href":"https:\/\/www.atlanticraftboats.com\/en\/wp-json\/wp\/v2\/media?parent=2112"}],"wp:term":[{"taxonomy":"product_brand","embeddable":true,"href":"https:\/\/www.atlanticraftboats.com\/en\/wp-json\/wp\/v2\/product_brand?post=2112"},{"taxonomy":"product_cat","embeddable":true,"href":"https:\/\/www.atlanticraftboats.com\/en\/wp-json\/wp\/v2\/product_cat?post=2112"},{"taxonomy":"product_tag","embeddable":true,"href":"https:\/\/www.atlanticraftboats.com\/en\/wp-json\/wp\/v2\/product_tag?post=2112"}],"curies":[{"name":"wp","href":"https:\/\/api.w.org\/{rel}","templated":true}]}}