{"id":2141,"date":"2022-08-31T22:16:53","date_gmt":"2022-08-31T20:16:53","guid":{"rendered":"https:\/\/www.atlanticraft.fr\/?post_type=product&#038;p=2141"},"modified":"2022-08-31T22:31:17","modified_gmt":"2022-08-31T20:31:17","slug":"garde-damarrage-polyester-noir-24-fuseaux-o-12mm-x-8-metres-avec-boucle-1-metre","status":"publish","type":"product","link":"https:\/\/www.atlanticraftboats.com\/en\/product\/garde-damarrage-polyester-noir-24-fuseaux-o-12mm-x-8-metres-avec-boucle-1-metre\/","title":{"rendered":"Black polyester mooring guard 24 spindles \u00d8 12mm x 8 meters with 1 meter loop"},"content":{"rendered":"","protected":false},"excerpt":{"rendered":"<p>Black mooring line \u00d8 12mm, length 8m, 24-ply polyester rope with splice. The polyester mooring line offers reduced stretch and excellent abrasion resistance. Spliced loop length 1 meter, with whipping at the end of the rope.<\/p>\n<p>Ideal for making a rising guard.<\/p>","protected":false},"featured_media":2143,"template":"","meta":{"inline_featured_image":false},"product_brand":[],"product_cat":[31,45],"product_tag":[],"class_list":{"0":"post-2141","1":"product","2":"type-product","3":"status-publish","4":"has-post-thumbnail","6":"product_cat-accessoires","7":"product_cat-equipements","9":"first","10":"instock","11":"taxable","12":"shipping-taxable","13":"purchasable","14":"product-type-simple"},"yoast_head":"<!-- This site is optimized with the Yoast SEO plugin v27.3 - https:\/\/yoast.com\/product\/yoast-seo-wordpress\/ -->\n<title>Garde d&#039;amarrage polyester noir 24 fuseaux \u00d8 12mm x 8 m\u00e8tres avec boucle 1 m\u00e8tre - AtlantiCraft<\/title>\n<meta name=\"robots\" content=\"index, follow, max-snippet:-1, max-image-preview:large, max-video-preview:-1\" \/>\n<link rel=\"canonical\" href=\"https:\/\/www.atlanticraftboats.com\/en\/product\/garde-damarrage-polyester-noir-24-fuseaux-o-12mm-x-8-metres-avec-boucle-1-metre\/\" \/>\n<meta property=\"og:locale\" content=\"en_GB\" \/>\n<meta property=\"og:type\" content=\"article\" \/>\n<meta property=\"og:title\" content=\"Garde d&#039;amarrage polyester noir 24 fuseaux \u00d8 12mm x 8 m\u00e8tres avec boucle 1 m\u00e8tre - AtlantiCraft\" \/>\n<meta property=\"og:description\" content=\"Bosse d&#039;amarrage noir \u00d8 12mm, longueur 8 m, cordage polyester 24 fuseaux avec \u00e9pissure. La bosse d&#039;amarrage en polyester offre un allongement r\u00e9duit, et une excellente r\u00e9sistance \u00e0 l&#039;abrasion. Boucle \u00e9piss\u00e9e longueur 1 m\u00e8tre, avec surliure \u00e0 l\u2019extr\u00e9mit\u00e9 du cordage.  Id\u00e9ale pour faire une garde montante.\" \/>\n<meta property=\"og:url\" content=\"https:\/\/www.atlanticraftboats.com\/en\/product\/garde-damarrage-polyester-noir-24-fuseaux-o-12mm-x-8-metres-avec-boucle-1-metre\/\" \/>\n<meta property=\"og:site_name\" content=\"AtlantiCraft\" \/>\n<meta property=\"article:publisher\" content=\"https:\/\/www.facebook.com\/AtlanticraftFrance\" \/>\n<meta property=\"article:modified_time\" content=\"2022-08-31T20:31:17+00:00\" \/>\n<meta property=\"og:image\" content=\"https:\/\/www.atlanticraftboats.com\/wp-content\/uploads\/2022\/08\/Bosse-damarrage-polyester-noir-24-fuseaux-O-12mm-x-8-metres-avec-boucle-1-metre-1.jpeg\" \/>\n\t<meta property=\"og:image:width\" content=\"610\" \/>\n\t<meta property=\"og:image:height\" content=\"610\" \/>\n\t<meta property=\"og:image:type\" content=\"image\/jpeg\" \/>\n<meta name=\"twitter:card\" content=\"summary_large_image\" \/>\n<script type=\"application\/ld+json\" class=\"yoast-schema-graph\">{\"@context\":\"https:\\\/\\\/schema.org\",\"@graph\":[{\"@type\":\"WebPage\",\"@id\":\"https:\\\/\\\/www.atlanticraftboats.com\\\/produit\\\/garde-damarrage-polyester-noir-24-fuseaux-o-12mm-x-8-metres-avec-boucle-1-metre\\\/\",\"url\":\"https:\\\/\\\/www.atlanticraftboats.com\\\/produit\\\/garde-damarrage-polyester-noir-24-fuseaux-o-12mm-x-8-metres-avec-boucle-1-metre\\\/\",\"name\":\"Garde d'amarrage polyester noir 24 fuseaux \u00d8 12mm x 8 m\u00e8tres avec boucle 1 m\u00e8tre - AtlantiCraft\",\"isPartOf\":{\"@id\":\"https:\\\/\\\/www.atlanticraftboats.com\\\/en\\\/#website\"},\"primaryImageOfPage\":{\"@id\":\"https:\\\/\\\/www.atlanticraftboats.com\\\/produit\\\/garde-damarrage-polyester-noir-24-fuseaux-o-12mm-x-8-metres-avec-boucle-1-metre\\\/#primaryimage\"},\"image\":{\"@id\":\"https:\\\/\\\/www.atlanticraftboats.com\\\/produit\\\/garde-damarrage-polyester-noir-24-fuseaux-o-12mm-x-8-metres-avec-boucle-1-metre\\\/#primaryimage\"},\"thumbnailUrl\":\"https:\\\/\\\/www.atlanticraftboats.com\\\/wp-content\\\/uploads\\\/2022\\\/08\\\/Bosse-damarrage-polyester-noir-24-fuseaux-O-12mm-x-8-metres-avec-boucle-1-metre-1.jpeg\",\"datePublished\":\"2022-08-31T20:16:53+00:00\",\"dateModified\":\"2022-08-31T20:31:17+00:00\",\"breadcrumb\":{\"@id\":\"https:\\\/\\\/www.atlanticraftboats.com\\\/produit\\\/garde-damarrage-polyester-noir-24-fuseaux-o-12mm-x-8-metres-avec-boucle-1-metre\\\/#breadcrumb\"},\"inLanguage\":\"en-GB\",\"potentialAction\":[{\"@type\":\"ReadAction\",\"target\":[\"https:\\\/\\\/www.atlanticraftboats.com\\\/produit\\\/garde-damarrage-polyester-noir-24-fuseaux-o-12mm-x-8-metres-avec-boucle-1-metre\\\/\"]}]},{\"@type\":\"ImageObject\",\"inLanguage\":\"en-GB\",\"@id\":\"https:\\\/\\\/www.atlanticraftboats.com\\\/produit\\\/garde-damarrage-polyester-noir-24-fuseaux-o-12mm-x-8-metres-avec-boucle-1-metre\\\/#primaryimage\",\"url\":\"https:\\\/\\\/www.atlanticraftboats.com\\\/wp-content\\\/uploads\\\/2022\\\/08\\\/Bosse-damarrage-polyester-noir-24-fuseaux-O-12mm-x-8-metres-avec-boucle-1-metre-1.jpeg\",\"contentUrl\":\"https:\\\/\\\/www.atlanticraftboats.com\\\/wp-content\\\/uploads\\\/2022\\\/08\\\/Bosse-damarrage-polyester-noir-24-fuseaux-O-12mm-x-8-metres-avec-boucle-1-metre-1.jpeg\",\"width\":610,\"height\":610},{\"@type\":\"BreadcrumbList\",\"@id\":\"https:\\\/\\\/www.atlanticraftboats.com\\\/produit\\\/garde-damarrage-polyester-noir-24-fuseaux-o-12mm-x-8-metres-avec-boucle-1-metre\\\/#breadcrumb\",\"itemListElement\":[{\"@type\":\"ListItem\",\"position\":1,\"name\":\"Accueil\",\"item\":\"https:\\\/\\\/www.atlanticraftboats.com\\\/\"},{\"@type\":\"ListItem\",\"position\":2,\"name\":\"Les bateaux semi-rigides AtlantiCraft\",\"item\":\"https:\\\/\\\/www.atlanticraftboats.com\\\/bateaux-semi-rigide\\\/\"},{\"@type\":\"ListItem\",\"position\":3,\"name\":\"Garde d&rsquo;amarrage polyester noir 24 fuseaux \u00d8 12mm x 8 m\u00e8tres avec boucle 1 m\u00e8tre\"}]},{\"@type\":\"WebSite\",\"@id\":\"https:\\\/\\\/www.atlanticraftboats.com\\\/en\\\/#website\",\"url\":\"https:\\\/\\\/www.atlanticraftboats.com\\\/en\\\/\",\"name\":\"AtlantiCraft\",\"description\":\"Marque fran\u00e7aise de bateaux semi rigides en coque aluminium\",\"publisher\":{\"@id\":\"https:\\\/\\\/www.atlanticraftboats.com\\\/en\\\/#organization\"},\"potentialAction\":[{\"@type\":\"SearchAction\",\"target\":{\"@type\":\"EntryPoint\",\"urlTemplate\":\"https:\\\/\\\/www.atlanticraftboats.com\\\/en\\\/?s={search_term_string}\"},\"query-input\":{\"@type\":\"PropertyValueSpecification\",\"valueRequired\":true,\"valueName\":\"search_term_string\"}}],\"inLanguage\":\"en-GB\"},{\"@type\":\"Organization\",\"@id\":\"https:\\\/\\\/www.atlanticraftboats.com\\\/en\\\/#organization\",\"name\":\"Atlanticraft\",\"url\":\"https:\\\/\\\/www.atlanticraftboats.com\\\/en\\\/\",\"logo\":{\"@type\":\"ImageObject\",\"inLanguage\":\"en-GB\",\"@id\":\"https:\\\/\\\/www.atlanticraftboats.com\\\/en\\\/#\\\/schema\\\/logo\\\/image\\\/\",\"url\":\"https:\\\/\\\/www.atlanticraftboats.com\\\/wp-content\\\/uploads\\\/2022\\\/04\\\/logo-atlanticraft.svg\",\"contentUrl\":\"https:\\\/\\\/www.atlanticraftboats.com\\\/wp-content\\\/uploads\\\/2022\\\/04\\\/logo-atlanticraft.svg\",\"width\":215,\"height\":51,\"caption\":\"Atlanticraft\"},\"image\":{\"@id\":\"https:\\\/\\\/www.atlanticraftboats.com\\\/en\\\/#\\\/schema\\\/logo\\\/image\\\/\"},\"sameAs\":[\"https:\\\/\\\/www.facebook.com\\\/AtlanticraftFrance\",\"https:\\\/\\\/www.instagram.com\\\/atlanticraft_france\\\/\",\"https:\\\/\\\/www.linkedin.com\\\/company\\\/82927401\\\/admin\\\/dashboard\\\/\"]}]}<\/script>\n<!-- \/ Yoast SEO plugin. -->","yoast_head_json":{"title":"Garde d'amarrage polyester noir 24 fuseaux \u00d8 12mm x 8 m\u00e8tres avec boucle 1 m\u00e8tre - AtlantiCraft","robots":{"index":"index","follow":"follow","max-snippet":"max-snippet:-1","max-image-preview":"max-image-preview:large","max-video-preview":"max-video-preview:-1"},"canonical":"https:\/\/www.atlanticraftboats.com\/en\/product\/garde-damarrage-polyester-noir-24-fuseaux-o-12mm-x-8-metres-avec-boucle-1-metre\/","og_locale":"en_GB","og_type":"article","og_title":"Garde d'amarrage polyester noir 24 fuseaux \u00d8 12mm x 8 m\u00e8tres avec boucle 1 m\u00e8tre - AtlantiCraft","og_description":"Bosse d'amarrage noir \u00d8 12mm, longueur 8 m, cordage polyester 24 fuseaux avec \u00e9pissure. La bosse d'amarrage en polyester offre un allongement r\u00e9duit, et une excellente r\u00e9sistance \u00e0 l'abrasion. Boucle \u00e9piss\u00e9e longueur 1 m\u00e8tre, avec surliure \u00e0 l\u2019extr\u00e9mit\u00e9 du cordage.  Id\u00e9ale pour faire une garde montante.","og_url":"https:\/\/www.atlanticraftboats.com\/en\/product\/garde-damarrage-polyester-noir-24-fuseaux-o-12mm-x-8-metres-avec-boucle-1-metre\/","og_site_name":"AtlantiCraft","article_publisher":"https:\/\/www.facebook.com\/AtlanticraftFrance","article_modified_time":"2022-08-31T20:31:17+00:00","og_image":[{"width":610,"height":610,"url":"https:\/\/www.atlanticraftboats.com\/wp-content\/uploads\/2022\/08\/Bosse-damarrage-polyester-noir-24-fuseaux-O-12mm-x-8-metres-avec-boucle-1-metre-1.jpeg","type":"image\/jpeg"}],"twitter_card":"summary_large_image","schema":{"@context":"https:\/\/schema.org","@graph":[{"@type":"WebPage","@id":"https:\/\/www.atlanticraftboats.com\/produit\/garde-damarrage-polyester-noir-24-fuseaux-o-12mm-x-8-metres-avec-boucle-1-metre\/","url":"https:\/\/www.atlanticraftboats.com\/produit\/garde-damarrage-polyester-noir-24-fuseaux-o-12mm-x-8-metres-avec-boucle-1-metre\/","name":"Garde d'amarrage polyester noir 24 fuseaux \u00d8 12mm x 8 m\u00e8tres avec boucle 1 m\u00e8tre - AtlantiCraft","isPartOf":{"@id":"https:\/\/www.atlanticraftboats.com\/en\/#website"},"primaryImageOfPage":{"@id":"https:\/\/www.atlanticraftboats.com\/produit\/garde-damarrage-polyester-noir-24-fuseaux-o-12mm-x-8-metres-avec-boucle-1-metre\/#primaryimage"},"image":{"@id":"https:\/\/www.atlanticraftboats.com\/produit\/garde-damarrage-polyester-noir-24-fuseaux-o-12mm-x-8-metres-avec-boucle-1-metre\/#primaryimage"},"thumbnailUrl":"https:\/\/www.atlanticraftboats.com\/wp-content\/uploads\/2022\/08\/Bosse-damarrage-polyester-noir-24-fuseaux-O-12mm-x-8-metres-avec-boucle-1-metre-1.jpeg","datePublished":"2022-08-31T20:16:53+00:00","dateModified":"2022-08-31T20:31:17+00:00","breadcrumb":{"@id":"https:\/\/www.atlanticraftboats.com\/produit\/garde-damarrage-polyester-noir-24-fuseaux-o-12mm-x-8-metres-avec-boucle-1-metre\/#breadcrumb"},"inLanguage":"en-GB","potentialAction":[{"@type":"ReadAction","target":["https:\/\/www.atlanticraftboats.com\/produit\/garde-damarrage-polyester-noir-24-fuseaux-o-12mm-x-8-metres-avec-boucle-1-metre\/"]}]},{"@type":"ImageObject","inLanguage":"en-GB","@id":"https:\/\/www.atlanticraftboats.com\/produit\/garde-damarrage-polyester-noir-24-fuseaux-o-12mm-x-8-metres-avec-boucle-1-metre\/#primaryimage","url":"https:\/\/www.atlanticraftboats.com\/wp-content\/uploads\/2022\/08\/Bosse-damarrage-polyester-noir-24-fuseaux-O-12mm-x-8-metres-avec-boucle-1-metre-1.jpeg","contentUrl":"https:\/\/www.atlanticraftboats.com\/wp-content\/uploads\/2022\/08\/Bosse-damarrage-polyester-noir-24-fuseaux-O-12mm-x-8-metres-avec-boucle-1-metre-1.jpeg","width":610,"height":610},{"@type":"BreadcrumbList","@id":"https:\/\/www.atlanticraftboats.com\/produit\/garde-damarrage-polyester-noir-24-fuseaux-o-12mm-x-8-metres-avec-boucle-1-metre\/#breadcrumb","itemListElement":[{"@type":"ListItem","position":1,"name":"Accueil","item":"https:\/\/www.atlanticraftboats.com\/"},{"@type":"ListItem","position":2,"name":"Les bateaux semi-rigides AtlantiCraft","item":"https:\/\/www.atlanticraftboats.com\/bateaux-semi-rigide\/"},{"@type":"ListItem","position":3,"name":"Garde d&rsquo;amarrage polyester noir 24 fuseaux \u00d8 12mm x 8 m\u00e8tres avec boucle 1 m\u00e8tre"}]},{"@type":"WebSite","@id":"https:\/\/www.atlanticraftboats.com\/en\/#website","url":"https:\/\/www.atlanticraftboats.com\/en\/","name":"AtlantiCraft","description":"French brand of semi-rigid boats with aluminum hulls","publisher":{"@id":"https:\/\/www.atlanticraftboats.com\/en\/#organization"},"potentialAction":[{"@type":"SearchAction","target":{"@type":"EntryPoint","urlTemplate":"https:\/\/www.atlanticraftboats.com\/en\/?s={search_term_string}"},"query-input":{"@type":"PropertyValueSpecification","valueRequired":true,"valueName":"search_term_string"}}],"inLanguage":"en-GB"},{"@type":"Organization","@id":"https:\/\/www.atlanticraftboats.com\/en\/#organization","name":"Atlanticraft","url":"https:\/\/www.atlanticraftboats.com\/en\/","logo":{"@type":"ImageObject","inLanguage":"en-GB","@id":"https:\/\/www.atlanticraftboats.com\/en\/#\/schema\/logo\/image\/","url":"https:\/\/www.atlanticraftboats.com\/wp-content\/uploads\/2022\/04\/logo-atlanticraft.svg","contentUrl":"https:\/\/www.atlanticraftboats.com\/wp-content\/uploads\/2022\/04\/logo-atlanticraft.svg","width":215,"height":51,"caption":"Atlanticraft"},"image":{"@id":"https:\/\/www.atlanticraftboats.com\/en\/#\/schema\/logo\/image\/"},"sameAs":["https:\/\/www.facebook.com\/AtlanticraftFrance","https:\/\/www.instagram.com\/atlanticraft_france\/","https:\/\/www.linkedin.com\/company\/82927401\/admin\/dashboard\/"]}]}},"jetpack_sharing_enabled":true,"_links":{"self":[{"href":"https:\/\/www.atlanticraftboats.com\/en\/wp-json\/wp\/v2\/product\/2141","targetHints":{"allow":["GET"]}}],"collection":[{"href":"https:\/\/www.atlanticraftboats.com\/en\/wp-json\/wp\/v2\/product"}],"about":[{"href":"https:\/\/www.atlanticraftboats.com\/en\/wp-json\/wp\/v2\/types\/product"}],"wp:featuredmedia":[{"embeddable":true,"href":"https:\/\/www.atlanticraftboats.com\/en\/wp-json\/wp\/v2\/media\/2143"}],"wp:attachment":[{"href":"https:\/\/www.atlanticraftboats.com\/en\/wp-json\/wp\/v2\/media?parent=2141"}],"wp:term":[{"taxonomy":"product_brand","embeddable":true,"href":"https:\/\/www.atlanticraftboats.com\/en\/wp-json\/wp\/v2\/product_brand?post=2141"},{"taxonomy":"product_cat","embeddable":true,"href":"https:\/\/www.atlanticraftboats.com\/en\/wp-json\/wp\/v2\/product_cat?post=2141"},{"taxonomy":"product_tag","embeddable":true,"href":"https:\/\/www.atlanticraftboats.com\/en\/wp-json\/wp\/v2\/product_tag?post=2141"}],"curies":[{"name":"wp","href":"https:\/\/api.w.org\/{rel}","templated":true}]}}