{"id":2750,"date":"2024-03-14T14:04:02","date_gmt":"2024-03-14T13:04:02","guid":{"rendered":"https:\/\/www.atlanticraft.fr\/?post_type=product&#038;p=2750"},"modified":"2025-09-17T14:05:21","modified_gmt":"2025-09-17T12:05:21","slug":"mercury-2600-v12-verado","status":"publish","type":"product","link":"https:\/\/www.atlanticraftboats.com\/en\/product\/mercury-2600-v12-verado\/","title":{"rendered":"Mercury 2*600 HP V12 Verado"},"content":{"rendered":"","protected":false},"excerpt":{"rendered":"<h3><strong>Verado 600hp 7.6L V12<\/strong><\/h3>\n<p>Building on the legacy of the Verado\u00ae engine family, Mercury has reimagined outboard performance to deliver the ultimate boating experience. With the unwavering power of a V12 powerhead, the 600 hp Verado outboard delivers extraordinary range and performance that will take you to new destinations. Revolutionary advances in handling and control are made possible by the outboard segment&#039;s first tilting gear and a two-speed transmission\u2014a first in the marine industry. It&#039;s quiet, refined, and smooth-running that raises the bar for advanced design and engineering.<\/p>","protected":false},"featured_media":2742,"template":"","meta":{"inline_featured_image":false},"product_brand":[],"product_cat":[28],"product_tag":[],"class_list":{"0":"post-2750","1":"product","2":"type-product","3":"status-publish","4":"has-post-thumbnail","6":"product_cat-moteurs","8":"first","9":"instock","10":"taxable","11":"shipping-taxable","12":"purchasable","13":"product-type-simple"},"yoast_head":"<!-- This site is optimized with the Yoast SEO plugin v27.3 - https:\/\/yoast.com\/product\/yoast-seo-wordpress\/ -->\n<title>Mercury 2*600 HP V12 Verado - AtlantiCraft<\/title>\n<meta name=\"robots\" content=\"index, follow, max-snippet:-1, max-image-preview:large, max-video-preview:-1\" \/>\n<link rel=\"canonical\" href=\"https:\/\/www.atlanticraftboats.com\/en\/product\/mercury-2600-v12-verado\/\" \/>\n<meta property=\"og:locale\" content=\"en_GB\" \/>\n<meta property=\"og:type\" content=\"article\" \/>\n<meta property=\"og:title\" content=\"Mercury 2*600 HP V12 Verado - AtlantiCraft\" \/>\n<meta property=\"og:description\" content=\"Verado 600ch 7,6L V12 Promouvant l\u2019h\u00e9ritage de la famille des moteurs Verado\u00ae , Mercury a repens\u00e9 les performances du moteur hors-bord afin d\u2019offrir une exp\u00e9rience de navigation ultime. Avec la puissance ind\u00e9fectible d&#039;une t\u00eate motrice V12, le moteur hors-bord Verado de 600 ch offre une autonomie et des performances extraordinaires qui vous permettront de vous aventurer vers de nouvelles destinations. Des avanc\u00e9es r\u00e9volutionnaires en mati\u00e8re de maniabilit\u00e9 et de contr\u00f4le sont rendues possibles gr\u00e2ce \u00e0 la premi\u00e8re embase orientable du segment des moteurs hors-bord et une transmission \u00e0 deux vitesses, une premi\u00e8re dans l\u2019industrie nautique. C\u2019est un moteur silencieux, raffin\u00e9 et tout en douceur qui rehausse les standards de la conception et de l\u2019ing\u00e9nierie de\u00a0pointe.\" \/>\n<meta property=\"og:url\" content=\"https:\/\/www.atlanticraftboats.com\/en\/product\/mercury-2600-v12-verado\/\" \/>\n<meta property=\"og:site_name\" content=\"AtlantiCraft\" \/>\n<meta property=\"article:publisher\" content=\"https:\/\/www.facebook.com\/AtlanticraftFrance\" \/>\n<meta property=\"article:modified_time\" content=\"2025-09-17T12:05:21+00:00\" \/>\n<meta property=\"og:image\" content=\"https:\/\/www.atlanticraftboats.com\/wp-content\/uploads\/2024\/03\/Verado-600-Noir-double.jpg\" \/>\n\t<meta property=\"og:image:width\" content=\"1000\" \/>\n\t<meta property=\"og:image:height\" content=\"1000\" \/>\n\t<meta property=\"og:image:type\" content=\"image\/jpeg\" \/>\n<meta name=\"twitter:card\" content=\"summary_large_image\" \/>\n<script type=\"application\/ld+json\" class=\"yoast-schema-graph\">{\"@context\":\"https:\\\/\\\/schema.org\",\"@graph\":[{\"@type\":\"WebPage\",\"@id\":\"https:\\\/\\\/www.atlanticraftboats.com\\\/produit\\\/mercury-2600-v12-verado\\\/\",\"url\":\"https:\\\/\\\/www.atlanticraftboats.com\\\/produit\\\/mercury-2600-v12-verado\\\/\",\"name\":\"Mercury 2*600 HP V12 Verado - AtlantiCraft\",\"isPartOf\":{\"@id\":\"https:\\\/\\\/www.atlanticraftboats.com\\\/en\\\/#website\"},\"primaryImageOfPage\":{\"@id\":\"https:\\\/\\\/www.atlanticraftboats.com\\\/produit\\\/mercury-2600-v12-verado\\\/#primaryimage\"},\"image\":{\"@id\":\"https:\\\/\\\/www.atlanticraftboats.com\\\/produit\\\/mercury-2600-v12-verado\\\/#primaryimage\"},\"thumbnailUrl\":\"https:\\\/\\\/www.atlanticraftboats.com\\\/wp-content\\\/uploads\\\/2024\\\/03\\\/Verado-600-Noir-double.jpg\",\"datePublished\":\"2024-03-14T13:04:02+00:00\",\"dateModified\":\"2025-09-17T12:05:21+00:00\",\"breadcrumb\":{\"@id\":\"https:\\\/\\\/www.atlanticraftboats.com\\\/produit\\\/mercury-2600-v12-verado\\\/#breadcrumb\"},\"inLanguage\":\"en-GB\",\"potentialAction\":[{\"@type\":\"ReadAction\",\"target\":[\"https:\\\/\\\/www.atlanticraftboats.com\\\/produit\\\/mercury-2600-v12-verado\\\/\"]}]},{\"@type\":\"ImageObject\",\"inLanguage\":\"en-GB\",\"@id\":\"https:\\\/\\\/www.atlanticraftboats.com\\\/produit\\\/mercury-2600-v12-verado\\\/#primaryimage\",\"url\":\"https:\\\/\\\/www.atlanticraftboats.com\\\/wp-content\\\/uploads\\\/2024\\\/03\\\/Verado-600-Noir-double.jpg\",\"contentUrl\":\"https:\\\/\\\/www.atlanticraftboats.com\\\/wp-content\\\/uploads\\\/2024\\\/03\\\/Verado-600-Noir-double.jpg\",\"width\":1000,\"height\":1000},{\"@type\":\"BreadcrumbList\",\"@id\":\"https:\\\/\\\/www.atlanticraftboats.com\\\/produit\\\/mercury-2600-v12-verado\\\/#breadcrumb\",\"itemListElement\":[{\"@type\":\"ListItem\",\"position\":1,\"name\":\"Accueil\",\"item\":\"https:\\\/\\\/www.atlanticraftboats.com\\\/\"},{\"@type\":\"ListItem\",\"position\":2,\"name\":\"Les bateaux semi-rigides AtlantiCraft\",\"item\":\"https:\\\/\\\/www.atlanticraftboats.com\\\/bateaux-semi-rigide\\\/\"},{\"@type\":\"ListItem\",\"position\":3,\"name\":\"Mercury 2*600 HP V12 Verado\"}]},{\"@type\":\"WebSite\",\"@id\":\"https:\\\/\\\/www.atlanticraftboats.com\\\/en\\\/#website\",\"url\":\"https:\\\/\\\/www.atlanticraftboats.com\\\/en\\\/\",\"name\":\"AtlantiCraft\",\"description\":\"Marque fran\u00e7aise de bateaux semi rigides en coque aluminium\",\"publisher\":{\"@id\":\"https:\\\/\\\/www.atlanticraftboats.com\\\/en\\\/#organization\"},\"potentialAction\":[{\"@type\":\"SearchAction\",\"target\":{\"@type\":\"EntryPoint\",\"urlTemplate\":\"https:\\\/\\\/www.atlanticraftboats.com\\\/en\\\/?s={search_term_string}\"},\"query-input\":{\"@type\":\"PropertyValueSpecification\",\"valueRequired\":true,\"valueName\":\"search_term_string\"}}],\"inLanguage\":\"en-GB\"},{\"@type\":\"Organization\",\"@id\":\"https:\\\/\\\/www.atlanticraftboats.com\\\/en\\\/#organization\",\"name\":\"Atlanticraft\",\"url\":\"https:\\\/\\\/www.atlanticraftboats.com\\\/en\\\/\",\"logo\":{\"@type\":\"ImageObject\",\"inLanguage\":\"en-GB\",\"@id\":\"https:\\\/\\\/www.atlanticraftboats.com\\\/en\\\/#\\\/schema\\\/logo\\\/image\\\/\",\"url\":\"https:\\\/\\\/www.atlanticraftboats.com\\\/wp-content\\\/uploads\\\/2022\\\/04\\\/logo-atlanticraft.svg\",\"contentUrl\":\"https:\\\/\\\/www.atlanticraftboats.com\\\/wp-content\\\/uploads\\\/2022\\\/04\\\/logo-atlanticraft.svg\",\"width\":215,\"height\":51,\"caption\":\"Atlanticraft\"},\"image\":{\"@id\":\"https:\\\/\\\/www.atlanticraftboats.com\\\/en\\\/#\\\/schema\\\/logo\\\/image\\\/\"},\"sameAs\":[\"https:\\\/\\\/www.facebook.com\\\/AtlanticraftFrance\",\"https:\\\/\\\/www.instagram.com\\\/atlanticraft_france\\\/\",\"https:\\\/\\\/www.linkedin.com\\\/company\\\/82927401\\\/admin\\\/dashboard\\\/\"]}]}<\/script>\n<!-- \/ Yoast SEO plugin. -->","yoast_head_json":{"title":"Mercury 2*600 HP V12 Verado - AtlantiCraft","robots":{"index":"index","follow":"follow","max-snippet":"max-snippet:-1","max-image-preview":"max-image-preview:large","max-video-preview":"max-video-preview:-1"},"canonical":"https:\/\/www.atlanticraftboats.com\/en\/product\/mercury-2600-v12-verado\/","og_locale":"en_GB","og_type":"article","og_title":"Mercury 2*600 HP V12 Verado - AtlantiCraft","og_description":"Verado 600ch 7,6L V12 Promouvant l\u2019h\u00e9ritage de la famille des moteurs Verado\u00ae , Mercury a repens\u00e9 les performances du moteur hors-bord afin d\u2019offrir une exp\u00e9rience de navigation ultime. Avec la puissance ind\u00e9fectible d'une t\u00eate motrice V12, le moteur hors-bord Verado de 600 ch offre une autonomie et des performances extraordinaires qui vous permettront de vous aventurer vers de nouvelles destinations. Des avanc\u00e9es r\u00e9volutionnaires en mati\u00e8re de maniabilit\u00e9 et de contr\u00f4le sont rendues possibles gr\u00e2ce \u00e0 la premi\u00e8re embase orientable du segment des moteurs hors-bord et une transmission \u00e0 deux vitesses, une premi\u00e8re dans l\u2019industrie nautique. C\u2019est un moteur silencieux, raffin\u00e9 et tout en douceur qui rehausse les standards de la conception et de l\u2019ing\u00e9nierie de\u00a0pointe.","og_url":"https:\/\/www.atlanticraftboats.com\/en\/product\/mercury-2600-v12-verado\/","og_site_name":"AtlantiCraft","article_publisher":"https:\/\/www.facebook.com\/AtlanticraftFrance","article_modified_time":"2025-09-17T12:05:21+00:00","og_image":[{"width":1000,"height":1000,"url":"https:\/\/www.atlanticraftboats.com\/wp-content\/uploads\/2024\/03\/Verado-600-Noir-double.jpg","type":"image\/jpeg"}],"twitter_card":"summary_large_image","schema":{"@context":"https:\/\/schema.org","@graph":[{"@type":"WebPage","@id":"https:\/\/www.atlanticraftboats.com\/produit\/mercury-2600-v12-verado\/","url":"https:\/\/www.atlanticraftboats.com\/produit\/mercury-2600-v12-verado\/","name":"Mercury 2*600 HP V12 Verado - AtlantiCraft","isPartOf":{"@id":"https:\/\/www.atlanticraftboats.com\/en\/#website"},"primaryImageOfPage":{"@id":"https:\/\/www.atlanticraftboats.com\/produit\/mercury-2600-v12-verado\/#primaryimage"},"image":{"@id":"https:\/\/www.atlanticraftboats.com\/produit\/mercury-2600-v12-verado\/#primaryimage"},"thumbnailUrl":"https:\/\/www.atlanticraftboats.com\/wp-content\/uploads\/2024\/03\/Verado-600-Noir-double.jpg","datePublished":"2024-03-14T13:04:02+00:00","dateModified":"2025-09-17T12:05:21+00:00","breadcrumb":{"@id":"https:\/\/www.atlanticraftboats.com\/produit\/mercury-2600-v12-verado\/#breadcrumb"},"inLanguage":"en-GB","potentialAction":[{"@type":"ReadAction","target":["https:\/\/www.atlanticraftboats.com\/produit\/mercury-2600-v12-verado\/"]}]},{"@type":"ImageObject","inLanguage":"en-GB","@id":"https:\/\/www.atlanticraftboats.com\/produit\/mercury-2600-v12-verado\/#primaryimage","url":"https:\/\/www.atlanticraftboats.com\/wp-content\/uploads\/2024\/03\/Verado-600-Noir-double.jpg","contentUrl":"https:\/\/www.atlanticraftboats.com\/wp-content\/uploads\/2024\/03\/Verado-600-Noir-double.jpg","width":1000,"height":1000},{"@type":"BreadcrumbList","@id":"https:\/\/www.atlanticraftboats.com\/produit\/mercury-2600-v12-verado\/#breadcrumb","itemListElement":[{"@type":"ListItem","position":1,"name":"Accueil","item":"https:\/\/www.atlanticraftboats.com\/"},{"@type":"ListItem","position":2,"name":"Les bateaux semi-rigides AtlantiCraft","item":"https:\/\/www.atlanticraftboats.com\/bateaux-semi-rigide\/"},{"@type":"ListItem","position":3,"name":"Mercury 2*600 HP V12 Verado"}]},{"@type":"WebSite","@id":"https:\/\/www.atlanticraftboats.com\/en\/#website","url":"https:\/\/www.atlanticraftboats.com\/en\/","name":"AtlantiCraft","description":"French brand of semi-rigid boats with aluminum hulls","publisher":{"@id":"https:\/\/www.atlanticraftboats.com\/en\/#organization"},"potentialAction":[{"@type":"SearchAction","target":{"@type":"EntryPoint","urlTemplate":"https:\/\/www.atlanticraftboats.com\/en\/?s={search_term_string}"},"query-input":{"@type":"PropertyValueSpecification","valueRequired":true,"valueName":"search_term_string"}}],"inLanguage":"en-GB"},{"@type":"Organization","@id":"https:\/\/www.atlanticraftboats.com\/en\/#organization","name":"Atlanticraft","url":"https:\/\/www.atlanticraftboats.com\/en\/","logo":{"@type":"ImageObject","inLanguage":"en-GB","@id":"https:\/\/www.atlanticraftboats.com\/en\/#\/schema\/logo\/image\/","url":"https:\/\/www.atlanticraftboats.com\/wp-content\/uploads\/2022\/04\/logo-atlanticraft.svg","contentUrl":"https:\/\/www.atlanticraftboats.com\/wp-content\/uploads\/2022\/04\/logo-atlanticraft.svg","width":215,"height":51,"caption":"Atlanticraft"},"image":{"@id":"https:\/\/www.atlanticraftboats.com\/en\/#\/schema\/logo\/image\/"},"sameAs":["https:\/\/www.facebook.com\/AtlanticraftFrance","https:\/\/www.instagram.com\/atlanticraft_france\/","https:\/\/www.linkedin.com\/company\/82927401\/admin\/dashboard\/"]}]}},"jetpack_sharing_enabled":true,"_links":{"self":[{"href":"https:\/\/www.atlanticraftboats.com\/en\/wp-json\/wp\/v2\/product\/2750","targetHints":{"allow":["GET"]}}],"collection":[{"href":"https:\/\/www.atlanticraftboats.com\/en\/wp-json\/wp\/v2\/product"}],"about":[{"href":"https:\/\/www.atlanticraftboats.com\/en\/wp-json\/wp\/v2\/types\/product"}],"wp:featuredmedia":[{"embeddable":true,"href":"https:\/\/www.atlanticraftboats.com\/en\/wp-json\/wp\/v2\/media\/2742"}],"wp:attachment":[{"href":"https:\/\/www.atlanticraftboats.com\/en\/wp-json\/wp\/v2\/media?parent=2750"}],"wp:term":[{"taxonomy":"product_brand","embeddable":true,"href":"https:\/\/www.atlanticraftboats.com\/en\/wp-json\/wp\/v2\/product_brand?post=2750"},{"taxonomy":"product_cat","embeddable":true,"href":"https:\/\/www.atlanticraftboats.com\/en\/wp-json\/wp\/v2\/product_cat?post=2750"},{"taxonomy":"product_tag","embeddable":true,"href":"https:\/\/www.atlanticraftboats.com\/en\/wp-json\/wp\/v2\/product_tag?post=2750"}],"curies":[{"name":"wp","href":"https:\/\/api.w.org\/{rel}","templated":true}]}}