{"id":2847,"date":"2024-03-28T14:39:24","date_gmt":"2024-03-28T13:39:24","guid":{"rendered":"https:\/\/www.atlanticraft.fr\/?post_type=product&#038;p=2847"},"modified":"2026-02-11T11:07:37","modified_gmt":"2026-02-11T10:07:37","slug":"blackpearl-7-60","status":"publish","type":"product","link":"https:\/\/www.atlanticraftboats.com\/en\/product\/blackpearl-7-60\/","title":{"rendered":"BLACKPEARL 7.60 &#8211; \u00e0 partir de :"},"content":{"rendered":"","protected":false},"excerpt":{"rendered":"<h3 class=\"\" data-start=\"218\" data-end=\"266\">BLACKPEARL 7.60 \u2013 Demand in large format<\/h3>\n<p class=\"\" data-start=\"268\" data-end=\"511\">The BLACKPEARL 7.60 from AtlantiCraft embodies the rise of the range: a spacious, powerful semi-rigid boat perfectly suited to fishermen who want to combine carrying capacity, autonomy and impeccable seakeeping.<\/p>\n<p class=\"\" data-start=\"513\" data-end=\"766\">At 7.60 meters, this model offers an ultra-functional deck, designed for sport or professional fishing. Movement is fluid, even with several people, and the space on board allows you to take on board all the necessary equipment, without compromise.<\/p>\n<p class=\"\" data-start=\"768\" data-end=\"1054\">Its deep V-shaped hull, typical of the brand, guarantees exemplary behavior, both at high speeds and in difficult conditions. Its stability when stationary and its excellent course holding make it a reliable ally for long sessions at sea, including in offshore areas.<\/p>\n<p class=\"\" data-start=\"1056\" data-end=\"1124\">In terms of equipment, the BLACKPEARL 7.60 lives up to expectations:<\/p>\n<ul data-start=\"1125\" data-end=\"1307\">\n<li class=\"\" data-start=\"1125\" data-end=\"1153\">\n<p class=\"\" data-start=\"1127\" data-end=\"1153\">large format fishpond,<\/p>\n<\/li>\n<li class=\"\" data-start=\"1154\" data-end=\"1190\">\n<p class=\"\" data-start=\"1156\" data-end=\"1190\">numerous technical chests,<\/p>\n<\/li>\n<li class=\"\" data-start=\"1191\" data-end=\"1224\">\n<p class=\"\" data-start=\"1193\" data-end=\"1224\">enlarged central console,<\/p>\n<\/li>\n<li class=\"\" data-start=\"1225\" data-end=\"1256\">\n<p class=\"\" data-start=\"1227\" data-end=\"1256\">reinforced rod holders,<\/p>\n<\/li>\n<li class=\"\" data-start=\"1257\" data-end=\"1307\">\n<p class=\"\" data-start=\"1259\" data-end=\"1307\">and ergonomic cockpit.<\/p>\n<\/li>\n<\/ul>\n<p class=\"\" data-start=\"1309\" data-end=\"1584\">Resolutely built for action, this RIB is made for enthusiasts who want a boat that&#039;s high-performance, versatile, and durable. Whether for intensive fishing, long-distance exploration, or demanding outings, the BLACKPEARL 7.60 is there for you.<\/p>","protected":false},"featured_media":3093,"template":"","meta":{"inline_featured_image":false},"product_brand":[],"product_cat":[48],"product_tag":[],"class_list":{"0":"post-2847","1":"product","2":"type-product","3":"status-publish","4":"has-post-thumbnail","6":"product_cat-blackpearl","8":"first","9":"instock","10":"taxable","11":"shipping-taxable","12":"purchasable","13":"product-type-simple"},"yoast_head":"<!-- This site is optimized with the Yoast SEO plugin v27.3 - https:\/\/yoast.com\/product\/yoast-seo-wordpress\/ -->\n<title>BLACKPEARL 7.60 - \u00e0 partir de : - AtlantiCraft<\/title>\n<meta name=\"robots\" content=\"index, follow, max-snippet:-1, max-image-preview:large, max-video-preview:-1\" \/>\n<link rel=\"canonical\" href=\"https:\/\/www.atlanticraftboats.com\/en\/product\/blackpearl-7-60\/\" \/>\n<meta property=\"og:locale\" content=\"en_GB\" \/>\n<meta property=\"og:type\" content=\"article\" \/>\n<meta property=\"og:title\" content=\"BLACKPEARL 7.60 - \u00e0 partir de : - AtlantiCraft\" \/>\n<meta property=\"og:description\" content=\"BLACKPEARL 7.60 \u2013 L\u2019exigence en grand format Le BLACKPEARL 7.60 d\u2019AtlantiCraft incarne la mont\u00e9e en puissance de la gamme : un semi-rigide spacieux, puissant et parfaitement adapt\u00e9 aux p\u00eacheurs qui veulent allier capacit\u00e9 d\u2019emport, autonomie et tenue en mer irr\u00e9prochable. Avec ses 7,60 m\u00e8tres, ce mod\u00e8le offre un pont ultra fonctionnel, pens\u00e9 pour la p\u00eache sportive ou professionnelle. La circulation est fluide, m\u00eame \u00e0 plusieurs, et l\u2019espace \u00e0 bord permet d\u2019embarquer tout le mat\u00e9riel n\u00e9cessaire, sans compromis. Sa car\u00e8ne en V profond, typique de la marque, garantit un comportement exemplaire, aussi bien \u00e0 vitesse \u00e9lev\u00e9e qu\u2019en conditions difficiles. Sa stabilit\u00e9 \u00e0 l\u2019arr\u00eat et son excellente tenue de cap en font un alli\u00e9 s\u00fbr pour les longues sessions en mer, y compris en zone hauturi\u00e8re. C\u00f4t\u00e9 \u00e9quipements, le BLACKPEARL 7.60 est \u00e0 la hauteur des attentes :     vivier grand format,    nombreux coffres techniques,    console centrale \u00e9largie,    porte-cannes renforc\u00e9s,    et poste de pilotage ergonomique.   R\u00e9solument taill\u00e9 pour l\u2019action, ce semi-rigide est fait pour les passionn\u00e9s qui veulent un bateau \u00e0 la fois performant, polyvalent et endurant. Que ce soit pour la p\u00eache intensive, les prospections lointaines ou les sorties exigeantes, le BLACKPEARL 7.60 r\u00e9pond pr\u00e9sent.\" \/>\n<meta property=\"og:url\" content=\"https:\/\/www.atlanticraftboats.com\/en\/product\/blackpearl-7-60\/\" \/>\n<meta property=\"og:site_name\" content=\"AtlantiCraft\" \/>\n<meta property=\"article:publisher\" content=\"https:\/\/www.facebook.com\/AtlanticraftFrance\" \/>\n<meta property=\"article:modified_time\" content=\"2026-02-11T10:07:37+00:00\" \/>\n<meta property=\"og:image\" content=\"https:\/\/www.atlanticraftboats.com\/wp-content\/uploads\/2024\/03\/760-1.jpg\" \/>\n\t<meta property=\"og:image:width\" content=\"1000\" \/>\n\t<meta property=\"og:image:height\" content=\"1000\" \/>\n\t<meta property=\"og:image:type\" content=\"image\/jpeg\" \/>\n<meta name=\"twitter:card\" content=\"summary_large_image\" \/>\n<script type=\"application\/ld+json\" class=\"yoast-schema-graph\">{\"@context\":\"https:\\\/\\\/schema.org\",\"@graph\":[{\"@type\":\"WebPage\",\"@id\":\"https:\\\/\\\/www.atlanticraftboats.com\\\/produit\\\/blackpearl-7-60\\\/\",\"url\":\"https:\\\/\\\/www.atlanticraftboats.com\\\/produit\\\/blackpearl-7-60\\\/\",\"name\":\"BLACKPEARL 7.60 - \u00e0 partir de : - AtlantiCraft\",\"isPartOf\":{\"@id\":\"https:\\\/\\\/www.atlanticraftboats.com\\\/en\\\/#website\"},\"primaryImageOfPage\":{\"@id\":\"https:\\\/\\\/www.atlanticraftboats.com\\\/produit\\\/blackpearl-7-60\\\/#primaryimage\"},\"image\":{\"@id\":\"https:\\\/\\\/www.atlanticraftboats.com\\\/produit\\\/blackpearl-7-60\\\/#primaryimage\"},\"thumbnailUrl\":\"https:\\\/\\\/www.atlanticraftboats.com\\\/wp-content\\\/uploads\\\/2024\\\/03\\\/760-1.jpg\",\"datePublished\":\"2024-03-28T13:39:24+00:00\",\"dateModified\":\"2026-02-11T10:07:37+00:00\",\"breadcrumb\":{\"@id\":\"https:\\\/\\\/www.atlanticraftboats.com\\\/produit\\\/blackpearl-7-60\\\/#breadcrumb\"},\"inLanguage\":\"en-GB\",\"potentialAction\":[{\"@type\":\"ReadAction\",\"target\":[\"https:\\\/\\\/www.atlanticraftboats.com\\\/produit\\\/blackpearl-7-60\\\/\"]}]},{\"@type\":\"ImageObject\",\"inLanguage\":\"en-GB\",\"@id\":\"https:\\\/\\\/www.atlanticraftboats.com\\\/produit\\\/blackpearl-7-60\\\/#primaryimage\",\"url\":\"https:\\\/\\\/www.atlanticraftboats.com\\\/wp-content\\\/uploads\\\/2024\\\/03\\\/760-1.jpg\",\"contentUrl\":\"https:\\\/\\\/www.atlanticraftboats.com\\\/wp-content\\\/uploads\\\/2024\\\/03\\\/760-1.jpg\",\"width\":1000,\"height\":1000},{\"@type\":\"BreadcrumbList\",\"@id\":\"https:\\\/\\\/www.atlanticraftboats.com\\\/produit\\\/blackpearl-7-60\\\/#breadcrumb\",\"itemListElement\":[{\"@type\":\"ListItem\",\"position\":1,\"name\":\"Accueil\",\"item\":\"https:\\\/\\\/www.atlanticraftboats.com\\\/\"},{\"@type\":\"ListItem\",\"position\":2,\"name\":\"Les bateaux semi-rigides AtlantiCraft\",\"item\":\"https:\\\/\\\/www.atlanticraftboats.com\\\/bateaux-semi-rigide\\\/\"},{\"@type\":\"ListItem\",\"position\":3,\"name\":\"BLACKPEARL 7.60 &#8211; \u00e0 partir de :\"}]},{\"@type\":\"WebSite\",\"@id\":\"https:\\\/\\\/www.atlanticraftboats.com\\\/en\\\/#website\",\"url\":\"https:\\\/\\\/www.atlanticraftboats.com\\\/en\\\/\",\"name\":\"AtlantiCraft\",\"description\":\"Marque fran\u00e7aise de bateaux semi rigides en coque aluminium\",\"publisher\":{\"@id\":\"https:\\\/\\\/www.atlanticraftboats.com\\\/en\\\/#organization\"},\"potentialAction\":[{\"@type\":\"SearchAction\",\"target\":{\"@type\":\"EntryPoint\",\"urlTemplate\":\"https:\\\/\\\/www.atlanticraftboats.com\\\/en\\\/?s={search_term_string}\"},\"query-input\":{\"@type\":\"PropertyValueSpecification\",\"valueRequired\":true,\"valueName\":\"search_term_string\"}}],\"inLanguage\":\"en-GB\"},{\"@type\":\"Organization\",\"@id\":\"https:\\\/\\\/www.atlanticraftboats.com\\\/en\\\/#organization\",\"name\":\"Atlanticraft\",\"url\":\"https:\\\/\\\/www.atlanticraftboats.com\\\/en\\\/\",\"logo\":{\"@type\":\"ImageObject\",\"inLanguage\":\"en-GB\",\"@id\":\"https:\\\/\\\/www.atlanticraftboats.com\\\/en\\\/#\\\/schema\\\/logo\\\/image\\\/\",\"url\":\"https:\\\/\\\/www.atlanticraftboats.com\\\/wp-content\\\/uploads\\\/2022\\\/04\\\/logo-atlanticraft.svg\",\"contentUrl\":\"https:\\\/\\\/www.atlanticraftboats.com\\\/wp-content\\\/uploads\\\/2022\\\/04\\\/logo-atlanticraft.svg\",\"width\":215,\"height\":51,\"caption\":\"Atlanticraft\"},\"image\":{\"@id\":\"https:\\\/\\\/www.atlanticraftboats.com\\\/en\\\/#\\\/schema\\\/logo\\\/image\\\/\"},\"sameAs\":[\"https:\\\/\\\/www.facebook.com\\\/AtlanticraftFrance\",\"https:\\\/\\\/www.instagram.com\\\/atlanticraft_france\\\/\",\"https:\\\/\\\/www.linkedin.com\\\/company\\\/82927401\\\/admin\\\/dashboard\\\/\"]}]}<\/script>\n<!-- \/ Yoast SEO plugin. -->","yoast_head_json":{"title":"BLACKPEARL 7.60 - \u00e0 partir de : - AtlantiCraft","robots":{"index":"index","follow":"follow","max-snippet":"max-snippet:-1","max-image-preview":"max-image-preview:large","max-video-preview":"max-video-preview:-1"},"canonical":"https:\/\/www.atlanticraftboats.com\/en\/product\/blackpearl-7-60\/","og_locale":"en_GB","og_type":"article","og_title":"BLACKPEARL 7.60 - \u00e0 partir de : - AtlantiCraft","og_description":"BLACKPEARL 7.60 \u2013 L\u2019exigence en grand format Le BLACKPEARL 7.60 d\u2019AtlantiCraft incarne la mont\u00e9e en puissance de la gamme : un semi-rigide spacieux, puissant et parfaitement adapt\u00e9 aux p\u00eacheurs qui veulent allier capacit\u00e9 d\u2019emport, autonomie et tenue en mer irr\u00e9prochable. Avec ses 7,60 m\u00e8tres, ce mod\u00e8le offre un pont ultra fonctionnel, pens\u00e9 pour la p\u00eache sportive ou professionnelle. La circulation est fluide, m\u00eame \u00e0 plusieurs, et l\u2019espace \u00e0 bord permet d\u2019embarquer tout le mat\u00e9riel n\u00e9cessaire, sans compromis. Sa car\u00e8ne en V profond, typique de la marque, garantit un comportement exemplaire, aussi bien \u00e0 vitesse \u00e9lev\u00e9e qu\u2019en conditions difficiles. Sa stabilit\u00e9 \u00e0 l\u2019arr\u00eat et son excellente tenue de cap en font un alli\u00e9 s\u00fbr pour les longues sessions en mer, y compris en zone hauturi\u00e8re. C\u00f4t\u00e9 \u00e9quipements, le BLACKPEARL 7.60 est \u00e0 la hauteur des attentes :     vivier grand format,    nombreux coffres techniques,    console centrale \u00e9largie,    porte-cannes renforc\u00e9s,    et poste de pilotage ergonomique.   R\u00e9solument taill\u00e9 pour l\u2019action, ce semi-rigide est fait pour les passionn\u00e9s qui veulent un bateau \u00e0 la fois performant, polyvalent et endurant. Que ce soit pour la p\u00eache intensive, les prospections lointaines ou les sorties exigeantes, le BLACKPEARL 7.60 r\u00e9pond pr\u00e9sent.","og_url":"https:\/\/www.atlanticraftboats.com\/en\/product\/blackpearl-7-60\/","og_site_name":"AtlantiCraft","article_publisher":"https:\/\/www.facebook.com\/AtlanticraftFrance","article_modified_time":"2026-02-11T10:07:37+00:00","og_image":[{"width":1000,"height":1000,"url":"https:\/\/www.atlanticraftboats.com\/wp-content\/uploads\/2024\/03\/760-1.jpg","type":"image\/jpeg"}],"twitter_card":"summary_large_image","schema":{"@context":"https:\/\/schema.org","@graph":[{"@type":"WebPage","@id":"https:\/\/www.atlanticraftboats.com\/produit\/blackpearl-7-60\/","url":"https:\/\/www.atlanticraftboats.com\/produit\/blackpearl-7-60\/","name":"BLACKPEARL 7.60 - \u00e0 partir de : - AtlantiCraft","isPartOf":{"@id":"https:\/\/www.atlanticraftboats.com\/en\/#website"},"primaryImageOfPage":{"@id":"https:\/\/www.atlanticraftboats.com\/produit\/blackpearl-7-60\/#primaryimage"},"image":{"@id":"https:\/\/www.atlanticraftboats.com\/produit\/blackpearl-7-60\/#primaryimage"},"thumbnailUrl":"https:\/\/www.atlanticraftboats.com\/wp-content\/uploads\/2024\/03\/760-1.jpg","datePublished":"2024-03-28T13:39:24+00:00","dateModified":"2026-02-11T10:07:37+00:00","breadcrumb":{"@id":"https:\/\/www.atlanticraftboats.com\/produit\/blackpearl-7-60\/#breadcrumb"},"inLanguage":"en-GB","potentialAction":[{"@type":"ReadAction","target":["https:\/\/www.atlanticraftboats.com\/produit\/blackpearl-7-60\/"]}]},{"@type":"ImageObject","inLanguage":"en-GB","@id":"https:\/\/www.atlanticraftboats.com\/produit\/blackpearl-7-60\/#primaryimage","url":"https:\/\/www.atlanticraftboats.com\/wp-content\/uploads\/2024\/03\/760-1.jpg","contentUrl":"https:\/\/www.atlanticraftboats.com\/wp-content\/uploads\/2024\/03\/760-1.jpg","width":1000,"height":1000},{"@type":"BreadcrumbList","@id":"https:\/\/www.atlanticraftboats.com\/produit\/blackpearl-7-60\/#breadcrumb","itemListElement":[{"@type":"ListItem","position":1,"name":"Accueil","item":"https:\/\/www.atlanticraftboats.com\/"},{"@type":"ListItem","position":2,"name":"Les bateaux semi-rigides AtlantiCraft","item":"https:\/\/www.atlanticraftboats.com\/bateaux-semi-rigide\/"},{"@type":"ListItem","position":3,"name":"BLACKPEARL 7.60 &#8211; \u00e0 partir de :"}]},{"@type":"WebSite","@id":"https:\/\/www.atlanticraftboats.com\/en\/#website","url":"https:\/\/www.atlanticraftboats.com\/en\/","name":"AtlantiCraft","description":"French brand of semi-rigid boats with aluminum hulls","publisher":{"@id":"https:\/\/www.atlanticraftboats.com\/en\/#organization"},"potentialAction":[{"@type":"SearchAction","target":{"@type":"EntryPoint","urlTemplate":"https:\/\/www.atlanticraftboats.com\/en\/?s={search_term_string}"},"query-input":{"@type":"PropertyValueSpecification","valueRequired":true,"valueName":"search_term_string"}}],"inLanguage":"en-GB"},{"@type":"Organization","@id":"https:\/\/www.atlanticraftboats.com\/en\/#organization","name":"Atlanticraft","url":"https:\/\/www.atlanticraftboats.com\/en\/","logo":{"@type":"ImageObject","inLanguage":"en-GB","@id":"https:\/\/www.atlanticraftboats.com\/en\/#\/schema\/logo\/image\/","url":"https:\/\/www.atlanticraftboats.com\/wp-content\/uploads\/2022\/04\/logo-atlanticraft.svg","contentUrl":"https:\/\/www.atlanticraftboats.com\/wp-content\/uploads\/2022\/04\/logo-atlanticraft.svg","width":215,"height":51,"caption":"Atlanticraft"},"image":{"@id":"https:\/\/www.atlanticraftboats.com\/en\/#\/schema\/logo\/image\/"},"sameAs":["https:\/\/www.facebook.com\/AtlanticraftFrance","https:\/\/www.instagram.com\/atlanticraft_france\/","https:\/\/www.linkedin.com\/company\/82927401\/admin\/dashboard\/"]}]}},"jetpack_sharing_enabled":true,"_links":{"self":[{"href":"https:\/\/www.atlanticraftboats.com\/en\/wp-json\/wp\/v2\/product\/2847","targetHints":{"allow":["GET"]}}],"collection":[{"href":"https:\/\/www.atlanticraftboats.com\/en\/wp-json\/wp\/v2\/product"}],"about":[{"href":"https:\/\/www.atlanticraftboats.com\/en\/wp-json\/wp\/v2\/types\/product"}],"wp:featuredmedia":[{"embeddable":true,"href":"https:\/\/www.atlanticraftboats.com\/en\/wp-json\/wp\/v2\/media\/3093"}],"wp:attachment":[{"href":"https:\/\/www.atlanticraftboats.com\/en\/wp-json\/wp\/v2\/media?parent=2847"}],"wp:term":[{"taxonomy":"product_brand","embeddable":true,"href":"https:\/\/www.atlanticraftboats.com\/en\/wp-json\/wp\/v2\/product_brand?post=2847"},{"taxonomy":"product_cat","embeddable":true,"href":"https:\/\/www.atlanticraftboats.com\/en\/wp-json\/wp\/v2\/product_cat?post=2847"},{"taxonomy":"product_tag","embeddable":true,"href":"https:\/\/www.atlanticraftboats.com\/en\/wp-json\/wp\/v2\/product_tag?post=2847"}],"curies":[{"name":"wp","href":"https:\/\/api.w.org\/{rel}","templated":true}]}}