{"id":474,"date":"2022-05-31T05:00:19","date_gmt":"2022-05-31T03:00:19","guid":{"rendered":"https:\/\/www.atlanticraftfrance.com\/?post_type=product&#038;p=474"},"modified":"2023-05-06T22:47:29","modified_gmt":"2023-05-06T20:47:29","slug":"susuki-df350a","status":"publish","type":"product","link":"https:\/\/www.atlanticraftboats.com\/en\/product\/susuki-df350a\/","title":{"rendered":"Suzuki DF350AMD"},"content":{"rendered":"","protected":false},"excerpt":{"rendered":"<h3>Double Helix (GEKI)<\/h3>\n<p>Since the introduction of the DF350A and DF325A in 2017, Suzuki has continued to refine its technical developments, with the aim of offering its customers the ultimate marine experience.\u00a0<strong>The new DF350AMD<\/strong>\u00a0adopts:<br \/>\n\u2022 THE\u00a0<strong>first integrated steering system<\/strong>\u00a0from Suzuki, a solution that no longer clutters the rear basin; no additional equipment is necessary<br \/>\n\u2022 A\u00a0<strong>new improved base housing<\/strong>\u00a0; the transmission oil path has been redesigned, reducing the rise in oil temperature and thus improving reliability. Reduced by approximately 4 %, the frontal width of the new housing allows a significant increase in top speed (+2 %) without increasing fuel consumption. This new base housing is available in 2 shaft lengths: extra long (X \u2013 25&#039;&#039; \u2013 635 mm) and ultra long (XX \u2013 30&#039;&#039; \u2013 762 mm).<br \/>\n\u2022 A\u00a0<strong>new transmission oil change system<\/strong>\u00a0which facilitates maintenance and guarantees better energy efficiency, further enhanced by the reduction in oil volume from 3.2l to 2.8l.<\/p>\n<p>\u2022 Optionally a\u00a0<strong>electric power steering \u201csteer-by-wire\u201d which can be combined with a joystick<\/strong>\u00a0making docking maneuvers much easier!<\/p>","protected":false},"featured_media":1081,"template":"","meta":{"inline_featured_image":false},"product_brand":[],"product_cat":[28],"product_tag":[],"class_list":{"0":"post-474","1":"product","2":"type-product","3":"status-publish","4":"has-post-thumbnail","6":"product_cat-moteurs","8":"first","9":"instock","10":"taxable","11":"shipping-taxable","12":"purchasable","13":"product-type-simple"},"yoast_head":"<!-- This site is optimized with the Yoast SEO plugin v27.3 - https:\/\/yoast.com\/product\/yoast-seo-wordpress\/ -->\n<title>Suzuki DF350AMD - AtlantiCraft<\/title>\n<meta name=\"robots\" content=\"index, follow, max-snippet:-1, max-image-preview:large, max-video-preview:-1\" \/>\n<link rel=\"canonical\" href=\"https:\/\/www.atlanticraftboats.com\/en\/product\/susuki-df350a\/\" \/>\n<meta property=\"og:locale\" content=\"en_GB\" \/>\n<meta property=\"og:type\" content=\"article\" \/>\n<meta property=\"og:title\" content=\"Suzuki DF350AMD - AtlantiCraft\" \/>\n<meta property=\"og:description\" content=\"Double H\u00e9lice (GEKI) Depuis l\u2019introduction des DF350A et DF325A en 2017, Suzuki n\u2019a cess\u00e9 de perfectionner ses \u00e9volutions techniques, dans le but d\u2019offrir \u00e0 ses clients une exp\u00e9rience marine ultime.\u00a0Le nouveau DF350AMD\u00a0adopte : \u2022 Le\u00a0premier syst\u00e8me de direction int\u00e9gr\u00e9\u00a0de Suzuki, solution qui permet de ne plus encombrer la bassine arri\u00e8re ; aucun \u00e9quipement suppl\u00e9mentaire n\u2019est n\u00e9cessaire \u2022 Un\u00a0nouveau carter d\u2019embase perfectionn\u00e9\u00a0; le trajet de l\u2019huile de transmission a \u00e9t\u00e9 repens\u00e9 permettant ainsi de r\u00e9duire la hausse de temp\u00e9rature de l\u2019huile et d\u2019am\u00e9liorer ainsi la fiabilit\u00e9. R\u00e9duite d\u2019environ 4 %, la largeur frontale du nouveau carter permet une augmentation significative de la vitesse de pointe (+2 %) sans consommer plus. Ce nouveau carter d\u2019embase est disponible en 2 longueurs d\u2019arbre : extra long ( X - 25\u2019\u2019 \u2013 635 mm) et ultra long (XX - 30\u2019\u2019 \u2013 762 mm). \u2022 Un\u00a0nouveau syst\u00e8me de changement d\u2019huile de transmission\u00a0qui permet de faciliter l\u2019entretien et de garantir une meilleure efficacit\u00e9 \u00e9nerg\u00e9tique, encore renforc\u00e9e par la r\u00e9duction du volume d\u2019huile qui passe de 3,2l \u00e0 2,8l.  \u2022 En option une\u00a0direction assist\u00e9e \u00e9lectrique \u00ab steer-by-wire \u00bb pouvant \u00eatre associ\u00e9e \u00e0 un Joystick\u00a0facilitant grandement les manoeuvres d&#039;accostage !\" \/>\n<meta property=\"og:url\" content=\"https:\/\/www.atlanticraftboats.com\/en\/product\/susuki-df350a\/\" \/>\n<meta property=\"og:site_name\" content=\"AtlantiCraft\" \/>\n<meta property=\"article:publisher\" content=\"https:\/\/www.facebook.com\/AtlanticraftFrance\" \/>\n<meta property=\"article:modified_time\" content=\"2023-05-06T20:47:29+00:00\" \/>\n<meta property=\"og:image\" content=\"https:\/\/www.atlanticraftboats.com\/wp-content\/uploads\/2022\/06\/Suzuki_DF350A_E01.jpg\" \/>\n\t<meta property=\"og:image:width\" content=\"800\" \/>\n\t<meta property=\"og:image:height\" content=\"800\" \/>\n\t<meta property=\"og:image:type\" content=\"image\/jpeg\" \/>\n<meta name=\"twitter:card\" content=\"summary_large_image\" \/>\n<script type=\"application\/ld+json\" class=\"yoast-schema-graph\">{\"@context\":\"https:\\\/\\\/schema.org\",\"@graph\":[{\"@type\":\"WebPage\",\"@id\":\"https:\\\/\\\/www.atlanticraftboats.com\\\/produit\\\/susuki-df350a\\\/\",\"url\":\"https:\\\/\\\/www.atlanticraftboats.com\\\/produit\\\/susuki-df350a\\\/\",\"name\":\"Suzuki DF350AMD - AtlantiCraft\",\"isPartOf\":{\"@id\":\"https:\\\/\\\/www.atlanticraftboats.com\\\/en\\\/#website\"},\"primaryImageOfPage\":{\"@id\":\"https:\\\/\\\/www.atlanticraftboats.com\\\/produit\\\/susuki-df350a\\\/#primaryimage\"},\"image\":{\"@id\":\"https:\\\/\\\/www.atlanticraftboats.com\\\/produit\\\/susuki-df350a\\\/#primaryimage\"},\"thumbnailUrl\":\"https:\\\/\\\/www.atlanticraftboats.com\\\/wp-content\\\/uploads\\\/2022\\\/06\\\/Suzuki_DF350A_E01.jpg\",\"datePublished\":\"2022-05-31T03:00:19+00:00\",\"dateModified\":\"2023-05-06T20:47:29+00:00\",\"breadcrumb\":{\"@id\":\"https:\\\/\\\/www.atlanticraftboats.com\\\/produit\\\/susuki-df350a\\\/#breadcrumb\"},\"inLanguage\":\"en-GB\",\"potentialAction\":[{\"@type\":\"ReadAction\",\"target\":[\"https:\\\/\\\/www.atlanticraftboats.com\\\/produit\\\/susuki-df350a\\\/\"]}]},{\"@type\":\"ImageObject\",\"inLanguage\":\"en-GB\",\"@id\":\"https:\\\/\\\/www.atlanticraftboats.com\\\/produit\\\/susuki-df350a\\\/#primaryimage\",\"url\":\"https:\\\/\\\/www.atlanticraftboats.com\\\/wp-content\\\/uploads\\\/2022\\\/06\\\/Suzuki_DF350A_E01.jpg\",\"contentUrl\":\"https:\\\/\\\/www.atlanticraftboats.com\\\/wp-content\\\/uploads\\\/2022\\\/06\\\/Suzuki_DF350A_E01.jpg\",\"width\":800,\"height\":800},{\"@type\":\"BreadcrumbList\",\"@id\":\"https:\\\/\\\/www.atlanticraftboats.com\\\/produit\\\/susuki-df350a\\\/#breadcrumb\",\"itemListElement\":[{\"@type\":\"ListItem\",\"position\":1,\"name\":\"Accueil\",\"item\":\"https:\\\/\\\/www.atlanticraftboats.com\\\/\"},{\"@type\":\"ListItem\",\"position\":2,\"name\":\"Les bateaux semi-rigides AtlantiCraft\",\"item\":\"https:\\\/\\\/www.atlanticraftboats.com\\\/bateaux-semi-rigide\\\/\"},{\"@type\":\"ListItem\",\"position\":3,\"name\":\"Suzuki DF350AMD\"}]},{\"@type\":\"WebSite\",\"@id\":\"https:\\\/\\\/www.atlanticraftboats.com\\\/en\\\/#website\",\"url\":\"https:\\\/\\\/www.atlanticraftboats.com\\\/en\\\/\",\"name\":\"AtlantiCraft\",\"description\":\"Marque fran\u00e7aise de bateaux semi rigides en coque aluminium\",\"publisher\":{\"@id\":\"https:\\\/\\\/www.atlanticraftboats.com\\\/en\\\/#organization\"},\"potentialAction\":[{\"@type\":\"SearchAction\",\"target\":{\"@type\":\"EntryPoint\",\"urlTemplate\":\"https:\\\/\\\/www.atlanticraftboats.com\\\/en\\\/?s={search_term_string}\"},\"query-input\":{\"@type\":\"PropertyValueSpecification\",\"valueRequired\":true,\"valueName\":\"search_term_string\"}}],\"inLanguage\":\"en-GB\"},{\"@type\":\"Organization\",\"@id\":\"https:\\\/\\\/www.atlanticraftboats.com\\\/en\\\/#organization\",\"name\":\"Atlanticraft\",\"url\":\"https:\\\/\\\/www.atlanticraftboats.com\\\/en\\\/\",\"logo\":{\"@type\":\"ImageObject\",\"inLanguage\":\"en-GB\",\"@id\":\"https:\\\/\\\/www.atlanticraftboats.com\\\/en\\\/#\\\/schema\\\/logo\\\/image\\\/\",\"url\":\"https:\\\/\\\/www.atlanticraftboats.com\\\/wp-content\\\/uploads\\\/2022\\\/04\\\/logo-atlanticraft.svg\",\"contentUrl\":\"https:\\\/\\\/www.atlanticraftboats.com\\\/wp-content\\\/uploads\\\/2022\\\/04\\\/logo-atlanticraft.svg\",\"width\":215,\"height\":51,\"caption\":\"Atlanticraft\"},\"image\":{\"@id\":\"https:\\\/\\\/www.atlanticraftboats.com\\\/en\\\/#\\\/schema\\\/logo\\\/image\\\/\"},\"sameAs\":[\"https:\\\/\\\/www.facebook.com\\\/AtlanticraftFrance\",\"https:\\\/\\\/www.instagram.com\\\/atlanticraft_france\\\/\",\"https:\\\/\\\/www.linkedin.com\\\/company\\\/82927401\\\/admin\\\/dashboard\\\/\"]}]}<\/script>\n<!-- \/ Yoast SEO plugin. -->","yoast_head_json":{"title":"Suzuki DF350AMD - AtlantiCraft","robots":{"index":"index","follow":"follow","max-snippet":"max-snippet:-1","max-image-preview":"max-image-preview:large","max-video-preview":"max-video-preview:-1"},"canonical":"https:\/\/www.atlanticraftboats.com\/en\/product\/susuki-df350a\/","og_locale":"en_GB","og_type":"article","og_title":"Suzuki DF350AMD - AtlantiCraft","og_description":"Double H\u00e9lice (GEKI) Depuis l\u2019introduction des DF350A et DF325A en 2017, Suzuki n\u2019a cess\u00e9 de perfectionner ses \u00e9volutions techniques, dans le but d\u2019offrir \u00e0 ses clients une exp\u00e9rience marine ultime.\u00a0Le nouveau DF350AMD\u00a0adopte : \u2022 Le\u00a0premier syst\u00e8me de direction int\u00e9gr\u00e9\u00a0de Suzuki, solution qui permet de ne plus encombrer la bassine arri\u00e8re ; aucun \u00e9quipement suppl\u00e9mentaire n\u2019est n\u00e9cessaire \u2022 Un\u00a0nouveau carter d\u2019embase perfectionn\u00e9\u00a0; le trajet de l\u2019huile de transmission a \u00e9t\u00e9 repens\u00e9 permettant ainsi de r\u00e9duire la hausse de temp\u00e9rature de l\u2019huile et d\u2019am\u00e9liorer ainsi la fiabilit\u00e9. R\u00e9duite d\u2019environ 4 %, la largeur frontale du nouveau carter permet une augmentation significative de la vitesse de pointe (+2 %) sans consommer plus. Ce nouveau carter d\u2019embase est disponible en 2 longueurs d\u2019arbre : extra long ( X - 25\u2019\u2019 \u2013 635 mm) et ultra long (XX - 30\u2019\u2019 \u2013 762 mm). \u2022 Un\u00a0nouveau syst\u00e8me de changement d\u2019huile de transmission\u00a0qui permet de faciliter l\u2019entretien et de garantir une meilleure efficacit\u00e9 \u00e9nerg\u00e9tique, encore renforc\u00e9e par la r\u00e9duction du volume d\u2019huile qui passe de 3,2l \u00e0 2,8l.  \u2022 En option une\u00a0direction assist\u00e9e \u00e9lectrique \u00ab steer-by-wire \u00bb pouvant \u00eatre associ\u00e9e \u00e0 un Joystick\u00a0facilitant grandement les manoeuvres d'accostage !","og_url":"https:\/\/www.atlanticraftboats.com\/en\/product\/susuki-df350a\/","og_site_name":"AtlantiCraft","article_publisher":"https:\/\/www.facebook.com\/AtlanticraftFrance","article_modified_time":"2023-05-06T20:47:29+00:00","og_image":[{"width":800,"height":800,"url":"https:\/\/www.atlanticraftboats.com\/wp-content\/uploads\/2022\/06\/Suzuki_DF350A_E01.jpg","type":"image\/jpeg"}],"twitter_card":"summary_large_image","schema":{"@context":"https:\/\/schema.org","@graph":[{"@type":"WebPage","@id":"https:\/\/www.atlanticraftboats.com\/produit\/susuki-df350a\/","url":"https:\/\/www.atlanticraftboats.com\/produit\/susuki-df350a\/","name":"Suzuki DF350AMD - AtlantiCraft","isPartOf":{"@id":"https:\/\/www.atlanticraftboats.com\/en\/#website"},"primaryImageOfPage":{"@id":"https:\/\/www.atlanticraftboats.com\/produit\/susuki-df350a\/#primaryimage"},"image":{"@id":"https:\/\/www.atlanticraftboats.com\/produit\/susuki-df350a\/#primaryimage"},"thumbnailUrl":"https:\/\/www.atlanticraftboats.com\/wp-content\/uploads\/2022\/06\/Suzuki_DF350A_E01.jpg","datePublished":"2022-05-31T03:00:19+00:00","dateModified":"2023-05-06T20:47:29+00:00","breadcrumb":{"@id":"https:\/\/www.atlanticraftboats.com\/produit\/susuki-df350a\/#breadcrumb"},"inLanguage":"en-GB","potentialAction":[{"@type":"ReadAction","target":["https:\/\/www.atlanticraftboats.com\/produit\/susuki-df350a\/"]}]},{"@type":"ImageObject","inLanguage":"en-GB","@id":"https:\/\/www.atlanticraftboats.com\/produit\/susuki-df350a\/#primaryimage","url":"https:\/\/www.atlanticraftboats.com\/wp-content\/uploads\/2022\/06\/Suzuki_DF350A_E01.jpg","contentUrl":"https:\/\/www.atlanticraftboats.com\/wp-content\/uploads\/2022\/06\/Suzuki_DF350A_E01.jpg","width":800,"height":800},{"@type":"BreadcrumbList","@id":"https:\/\/www.atlanticraftboats.com\/produit\/susuki-df350a\/#breadcrumb","itemListElement":[{"@type":"ListItem","position":1,"name":"Accueil","item":"https:\/\/www.atlanticraftboats.com\/"},{"@type":"ListItem","position":2,"name":"Les bateaux semi-rigides AtlantiCraft","item":"https:\/\/www.atlanticraftboats.com\/bateaux-semi-rigide\/"},{"@type":"ListItem","position":3,"name":"Suzuki DF350AMD"}]},{"@type":"WebSite","@id":"https:\/\/www.atlanticraftboats.com\/en\/#website","url":"https:\/\/www.atlanticraftboats.com\/en\/","name":"AtlantiCraft","description":"French brand of semi-rigid boats with aluminum hulls","publisher":{"@id":"https:\/\/www.atlanticraftboats.com\/en\/#organization"},"potentialAction":[{"@type":"SearchAction","target":{"@type":"EntryPoint","urlTemplate":"https:\/\/www.atlanticraftboats.com\/en\/?s={search_term_string}"},"query-input":{"@type":"PropertyValueSpecification","valueRequired":true,"valueName":"search_term_string"}}],"inLanguage":"en-GB"},{"@type":"Organization","@id":"https:\/\/www.atlanticraftboats.com\/en\/#organization","name":"Atlanticraft","url":"https:\/\/www.atlanticraftboats.com\/en\/","logo":{"@type":"ImageObject","inLanguage":"en-GB","@id":"https:\/\/www.atlanticraftboats.com\/en\/#\/schema\/logo\/image\/","url":"https:\/\/www.atlanticraftboats.com\/wp-content\/uploads\/2022\/04\/logo-atlanticraft.svg","contentUrl":"https:\/\/www.atlanticraftboats.com\/wp-content\/uploads\/2022\/04\/logo-atlanticraft.svg","width":215,"height":51,"caption":"Atlanticraft"},"image":{"@id":"https:\/\/www.atlanticraftboats.com\/en\/#\/schema\/logo\/image\/"},"sameAs":["https:\/\/www.facebook.com\/AtlanticraftFrance","https:\/\/www.instagram.com\/atlanticraft_france\/","https:\/\/www.linkedin.com\/company\/82927401\/admin\/dashboard\/"]}]}},"jetpack_sharing_enabled":true,"_links":{"self":[{"href":"https:\/\/www.atlanticraftboats.com\/en\/wp-json\/wp\/v2\/product\/474","targetHints":{"allow":["GET"]}}],"collection":[{"href":"https:\/\/www.atlanticraftboats.com\/en\/wp-json\/wp\/v2\/product"}],"about":[{"href":"https:\/\/www.atlanticraftboats.com\/en\/wp-json\/wp\/v2\/types\/product"}],"wp:featuredmedia":[{"embeddable":true,"href":"https:\/\/www.atlanticraftboats.com\/en\/wp-json\/wp\/v2\/media\/1081"}],"wp:attachment":[{"href":"https:\/\/www.atlanticraftboats.com\/en\/wp-json\/wp\/v2\/media?parent=474"}],"wp:term":[{"taxonomy":"product_brand","embeddable":true,"href":"https:\/\/www.atlanticraftboats.com\/en\/wp-json\/wp\/v2\/product_brand?post=474"},{"taxonomy":"product_cat","embeddable":true,"href":"https:\/\/www.atlanticraftboats.com\/en\/wp-json\/wp\/v2\/product_cat?post=474"},{"taxonomy":"product_tag","embeddable":true,"href":"https:\/\/www.atlanticraftboats.com\/en\/wp-json\/wp\/v2\/product_tag?post=474"}],"curies":[{"name":"wp","href":"https:\/\/api.w.org\/{rel}","templated":true}]}}