{"id":545,"date":"2022-06-01T03:26:14","date_gmt":"2022-06-01T01:26:14","guid":{"rendered":"https:\/\/www.atlanticraftfrance.com\/?post_type=product&#038;p=545"},"modified":"2022-10-23T14:21:53","modified_gmt":"2022-10-23T12:21:53","slug":"suzuki-df200ap-4cyl","status":"publish","type":"product","link":"https:\/\/www.atlanticraftboats.com\/en\/product\/suzuki-df200ap-4cyl\/","title":{"rendered":"Suzuki DF200AP 4Cyl"},"content":{"rendered":"","protected":false},"excerpt":{"rendered":"<h3>4 Cylinder \u201cBig Block\u201d: they can do everything<\/h3>\n<p>Main differences with the DF200A:<\/p>\n<p>Our new DF200AP engine is equipped with a revolutionary &quot;hands-free&quot; starting system: a coded contactless key transmits an access code to the engine starting system. When the contactless key is within one meter of the main unit, simply turn on the system, insert the kill switch, and start the engine with the push of a button. Back at the port, simply turn off the engine and de-energize the system.<\/p>\n<p>The DF200AP is the first 200HP (147kW) outboard engine on the market to feature an electronic control system (Suzuki Precision Control) and Suzuki&#039;s Selective Rotation system, which allows the engine to be configured for normal or counter-rotation, thanks to a specially designed mechanism located in the lower unit (the sterndrive), and an innovative electronic gearshift system.<\/p>","protected":false},"featured_media":1040,"template":"","meta":{"inline_featured_image":false},"product_brand":[],"product_cat":[28],"product_tag":[],"class_list":{"0":"post-545","1":"product","2":"type-product","3":"status-publish","4":"has-post-thumbnail","6":"product_cat-moteurs","8":"first","9":"instock","10":"taxable","11":"shipping-taxable","12":"purchasable","13":"product-type-simple"},"yoast_head":"<!-- This site is optimized with the Yoast SEO plugin v27.3 - https:\/\/yoast.com\/product\/yoast-seo-wordpress\/ -->\n<title>Suzuki DF200AP 4Cyl - AtlantiCraft<\/title>\n<meta name=\"robots\" content=\"index, follow, max-snippet:-1, max-image-preview:large, max-video-preview:-1\" \/>\n<link rel=\"canonical\" href=\"https:\/\/www.atlanticraftboats.com\/en\/product\/suzuki-df200ap-4cyl\/\" \/>\n<meta property=\"og:locale\" content=\"en_GB\" \/>\n<meta property=\"og:type\" content=\"article\" \/>\n<meta property=\"og:title\" content=\"Suzuki DF200AP 4Cyl - AtlantiCraft\" \/>\n<meta property=\"og:description\" content=\"4 Cylindres &quot;Big Block&quot; : ils savent tout faire Principales diff\u00e9rences avec le DF200A :  Notre nouveau moteur DF200AP est \u00e9quip\u00e9 d&#039;un syst\u00e8me r\u00e9volutionnaire de d\u00e9marrage &quot;mains libres&quot;: une cl\u00e9 sans contact cod\u00e9e transmet un code d&#039;acc\u00e8s au syst\u00e8me de d\u00e9marrage du moteur. Lorsque la cl\u00e9 sans contact se trouve \u00e0 moins d&#039;un m\u00e8tre de l&#039;unit\u00e9 principale, il suffit de mettre le syst\u00e8me sous tension, d&#039;ins\u00e9rer le cordon coupe-circuit et de d\u00e9marrer le moteur en appuyant sur un simple bouton. De retour au port, il suffit d&#039;\u00e9teindre le moteur et de mettre le syst\u00e8me hors-tension.  Le DF200AP est le premier moteur hors-bord 200CV (147kW) du march\u00e9 \u00e0 \u00eatre dot\u00e9 d&#039;un syst\u00e8me de commande \u00e9lectronique (Suzuki Precision Control) et du syst\u00e8me de rotation s\u00e9lective de Suzuki (Suzuki Selective Rotation), qui permet de configurer le moteur en rotation normale ou en contre-rotation, gr\u00e2ce \u00e0 un m\u00e9canisme sp\u00e9cialement con\u00e7u, situ\u00e9 dans l&#039;unit\u00e9 inf\u00e9rieure (l&#039;embase), et \u00e0 un syst\u00e8me de changement de rapports \u00e9lectroniques innovant.\" \/>\n<meta property=\"og:url\" content=\"https:\/\/www.atlanticraftboats.com\/en\/product\/suzuki-df200ap-4cyl\/\" \/>\n<meta property=\"og:site_name\" content=\"AtlantiCraft\" \/>\n<meta property=\"article:publisher\" content=\"https:\/\/www.facebook.com\/AtlanticraftFrance\" \/>\n<meta property=\"article:modified_time\" content=\"2022-10-23T12:21:53+00:00\" \/>\n<meta property=\"og:image\" content=\"https:\/\/www.atlanticraftboats.com\/wp-content\/uploads\/2022\/06\/Suzuki_DF200APX_RC_Black_Diagonal_from2021MY.jpg\" \/>\n\t<meta property=\"og:image:width\" content=\"800\" \/>\n\t<meta property=\"og:image:height\" content=\"800\" \/>\n\t<meta property=\"og:image:type\" content=\"image\/jpeg\" \/>\n<meta name=\"twitter:card\" content=\"summary_large_image\" \/>\n<script type=\"application\/ld+json\" class=\"yoast-schema-graph\">{\"@context\":\"https:\\\/\\\/schema.org\",\"@graph\":[{\"@type\":\"WebPage\",\"@id\":\"https:\\\/\\\/www.atlanticraftboats.com\\\/produit\\\/suzuki-df200ap-4cyl\\\/\",\"url\":\"https:\\\/\\\/www.atlanticraftboats.com\\\/produit\\\/suzuki-df200ap-4cyl\\\/\",\"name\":\"Suzuki DF200AP 4Cyl - AtlantiCraft\",\"isPartOf\":{\"@id\":\"https:\\\/\\\/www.atlanticraftboats.com\\\/en\\\/#website\"},\"primaryImageOfPage\":{\"@id\":\"https:\\\/\\\/www.atlanticraftboats.com\\\/produit\\\/suzuki-df200ap-4cyl\\\/#primaryimage\"},\"image\":{\"@id\":\"https:\\\/\\\/www.atlanticraftboats.com\\\/produit\\\/suzuki-df200ap-4cyl\\\/#primaryimage\"},\"thumbnailUrl\":\"https:\\\/\\\/www.atlanticraftboats.com\\\/wp-content\\\/uploads\\\/2022\\\/06\\\/Suzuki_DF200APX_RC_Black_Diagonal_from2021MY.jpg\",\"datePublished\":\"2022-06-01T01:26:14+00:00\",\"dateModified\":\"2022-10-23T12:21:53+00:00\",\"breadcrumb\":{\"@id\":\"https:\\\/\\\/www.atlanticraftboats.com\\\/produit\\\/suzuki-df200ap-4cyl\\\/#breadcrumb\"},\"inLanguage\":\"en-GB\",\"potentialAction\":[{\"@type\":\"ReadAction\",\"target\":[\"https:\\\/\\\/www.atlanticraftboats.com\\\/produit\\\/suzuki-df200ap-4cyl\\\/\"]}]},{\"@type\":\"ImageObject\",\"inLanguage\":\"en-GB\",\"@id\":\"https:\\\/\\\/www.atlanticraftboats.com\\\/produit\\\/suzuki-df200ap-4cyl\\\/#primaryimage\",\"url\":\"https:\\\/\\\/www.atlanticraftboats.com\\\/wp-content\\\/uploads\\\/2022\\\/06\\\/Suzuki_DF200APX_RC_Black_Diagonal_from2021MY.jpg\",\"contentUrl\":\"https:\\\/\\\/www.atlanticraftboats.com\\\/wp-content\\\/uploads\\\/2022\\\/06\\\/Suzuki_DF200APX_RC_Black_Diagonal_from2021MY.jpg\",\"width\":800,\"height\":800},{\"@type\":\"BreadcrumbList\",\"@id\":\"https:\\\/\\\/www.atlanticraftboats.com\\\/produit\\\/suzuki-df200ap-4cyl\\\/#breadcrumb\",\"itemListElement\":[{\"@type\":\"ListItem\",\"position\":1,\"name\":\"Accueil\",\"item\":\"https:\\\/\\\/www.atlanticraftboats.com\\\/\"},{\"@type\":\"ListItem\",\"position\":2,\"name\":\"Les bateaux semi-rigides AtlantiCraft\",\"item\":\"https:\\\/\\\/www.atlanticraftboats.com\\\/bateaux-semi-rigide\\\/\"},{\"@type\":\"ListItem\",\"position\":3,\"name\":\"Suzuki DF200AP 4Cyl\"}]},{\"@type\":\"WebSite\",\"@id\":\"https:\\\/\\\/www.atlanticraftboats.com\\\/en\\\/#website\",\"url\":\"https:\\\/\\\/www.atlanticraftboats.com\\\/en\\\/\",\"name\":\"AtlantiCraft\",\"description\":\"Marque fran\u00e7aise de bateaux semi rigides en coque aluminium\",\"publisher\":{\"@id\":\"https:\\\/\\\/www.atlanticraftboats.com\\\/en\\\/#organization\"},\"potentialAction\":[{\"@type\":\"SearchAction\",\"target\":{\"@type\":\"EntryPoint\",\"urlTemplate\":\"https:\\\/\\\/www.atlanticraftboats.com\\\/en\\\/?s={search_term_string}\"},\"query-input\":{\"@type\":\"PropertyValueSpecification\",\"valueRequired\":true,\"valueName\":\"search_term_string\"}}],\"inLanguage\":\"en-GB\"},{\"@type\":\"Organization\",\"@id\":\"https:\\\/\\\/www.atlanticraftboats.com\\\/en\\\/#organization\",\"name\":\"Atlanticraft\",\"url\":\"https:\\\/\\\/www.atlanticraftboats.com\\\/en\\\/\",\"logo\":{\"@type\":\"ImageObject\",\"inLanguage\":\"en-GB\",\"@id\":\"https:\\\/\\\/www.atlanticraftboats.com\\\/en\\\/#\\\/schema\\\/logo\\\/image\\\/\",\"url\":\"https:\\\/\\\/www.atlanticraftboats.com\\\/wp-content\\\/uploads\\\/2022\\\/04\\\/logo-atlanticraft.svg\",\"contentUrl\":\"https:\\\/\\\/www.atlanticraftboats.com\\\/wp-content\\\/uploads\\\/2022\\\/04\\\/logo-atlanticraft.svg\",\"width\":215,\"height\":51,\"caption\":\"Atlanticraft\"},\"image\":{\"@id\":\"https:\\\/\\\/www.atlanticraftboats.com\\\/en\\\/#\\\/schema\\\/logo\\\/image\\\/\"},\"sameAs\":[\"https:\\\/\\\/www.facebook.com\\\/AtlanticraftFrance\",\"https:\\\/\\\/www.instagram.com\\\/atlanticraft_france\\\/\",\"https:\\\/\\\/www.linkedin.com\\\/company\\\/82927401\\\/admin\\\/dashboard\\\/\"]}]}<\/script>\n<!-- \/ Yoast SEO plugin. -->","yoast_head_json":{"title":"Suzuki DF200AP 4Cyl - AtlantiCraft","robots":{"index":"index","follow":"follow","max-snippet":"max-snippet:-1","max-image-preview":"max-image-preview:large","max-video-preview":"max-video-preview:-1"},"canonical":"https:\/\/www.atlanticraftboats.com\/en\/product\/suzuki-df200ap-4cyl\/","og_locale":"en_GB","og_type":"article","og_title":"Suzuki DF200AP 4Cyl - AtlantiCraft","og_description":"4 Cylindres \"Big Block\" : ils savent tout faire Principales diff\u00e9rences avec le DF200A :  Notre nouveau moteur DF200AP est \u00e9quip\u00e9 d'un syst\u00e8me r\u00e9volutionnaire de d\u00e9marrage \"mains libres\": une cl\u00e9 sans contact cod\u00e9e transmet un code d'acc\u00e8s au syst\u00e8me de d\u00e9marrage du moteur. Lorsque la cl\u00e9 sans contact se trouve \u00e0 moins d'un m\u00e8tre de l'unit\u00e9 principale, il suffit de mettre le syst\u00e8me sous tension, d'ins\u00e9rer le cordon coupe-circuit et de d\u00e9marrer le moteur en appuyant sur un simple bouton. De retour au port, il suffit d'\u00e9teindre le moteur et de mettre le syst\u00e8me hors-tension.  Le DF200AP est le premier moteur hors-bord 200CV (147kW) du march\u00e9 \u00e0 \u00eatre dot\u00e9 d'un syst\u00e8me de commande \u00e9lectronique (Suzuki Precision Control) et du syst\u00e8me de rotation s\u00e9lective de Suzuki (Suzuki Selective Rotation), qui permet de configurer le moteur en rotation normale ou en contre-rotation, gr\u00e2ce \u00e0 un m\u00e9canisme sp\u00e9cialement con\u00e7u, situ\u00e9 dans l'unit\u00e9 inf\u00e9rieure (l'embase), et \u00e0 un syst\u00e8me de changement de rapports \u00e9lectroniques innovant.","og_url":"https:\/\/www.atlanticraftboats.com\/en\/product\/suzuki-df200ap-4cyl\/","og_site_name":"AtlantiCraft","article_publisher":"https:\/\/www.facebook.com\/AtlanticraftFrance","article_modified_time":"2022-10-23T12:21:53+00:00","og_image":[{"width":800,"height":800,"url":"https:\/\/www.atlanticraftboats.com\/wp-content\/uploads\/2022\/06\/Suzuki_DF200APX_RC_Black_Diagonal_from2021MY.jpg","type":"image\/jpeg"}],"twitter_card":"summary_large_image","schema":{"@context":"https:\/\/schema.org","@graph":[{"@type":"WebPage","@id":"https:\/\/www.atlanticraftboats.com\/produit\/suzuki-df200ap-4cyl\/","url":"https:\/\/www.atlanticraftboats.com\/produit\/suzuki-df200ap-4cyl\/","name":"Suzuki DF200AP 4Cyl - AtlantiCraft","isPartOf":{"@id":"https:\/\/www.atlanticraftboats.com\/en\/#website"},"primaryImageOfPage":{"@id":"https:\/\/www.atlanticraftboats.com\/produit\/suzuki-df200ap-4cyl\/#primaryimage"},"image":{"@id":"https:\/\/www.atlanticraftboats.com\/produit\/suzuki-df200ap-4cyl\/#primaryimage"},"thumbnailUrl":"https:\/\/www.atlanticraftboats.com\/wp-content\/uploads\/2022\/06\/Suzuki_DF200APX_RC_Black_Diagonal_from2021MY.jpg","datePublished":"2022-06-01T01:26:14+00:00","dateModified":"2022-10-23T12:21:53+00:00","breadcrumb":{"@id":"https:\/\/www.atlanticraftboats.com\/produit\/suzuki-df200ap-4cyl\/#breadcrumb"},"inLanguage":"en-GB","potentialAction":[{"@type":"ReadAction","target":["https:\/\/www.atlanticraftboats.com\/produit\/suzuki-df200ap-4cyl\/"]}]},{"@type":"ImageObject","inLanguage":"en-GB","@id":"https:\/\/www.atlanticraftboats.com\/produit\/suzuki-df200ap-4cyl\/#primaryimage","url":"https:\/\/www.atlanticraftboats.com\/wp-content\/uploads\/2022\/06\/Suzuki_DF200APX_RC_Black_Diagonal_from2021MY.jpg","contentUrl":"https:\/\/www.atlanticraftboats.com\/wp-content\/uploads\/2022\/06\/Suzuki_DF200APX_RC_Black_Diagonal_from2021MY.jpg","width":800,"height":800},{"@type":"BreadcrumbList","@id":"https:\/\/www.atlanticraftboats.com\/produit\/suzuki-df200ap-4cyl\/#breadcrumb","itemListElement":[{"@type":"ListItem","position":1,"name":"Accueil","item":"https:\/\/www.atlanticraftboats.com\/"},{"@type":"ListItem","position":2,"name":"Les bateaux semi-rigides AtlantiCraft","item":"https:\/\/www.atlanticraftboats.com\/bateaux-semi-rigide\/"},{"@type":"ListItem","position":3,"name":"Suzuki DF200AP 4Cyl"}]},{"@type":"WebSite","@id":"https:\/\/www.atlanticraftboats.com\/en\/#website","url":"https:\/\/www.atlanticraftboats.com\/en\/","name":"AtlantiCraft","description":"French brand of semi-rigid boats with aluminum hulls","publisher":{"@id":"https:\/\/www.atlanticraftboats.com\/en\/#organization"},"potentialAction":[{"@type":"SearchAction","target":{"@type":"EntryPoint","urlTemplate":"https:\/\/www.atlanticraftboats.com\/en\/?s={search_term_string}"},"query-input":{"@type":"PropertyValueSpecification","valueRequired":true,"valueName":"search_term_string"}}],"inLanguage":"en-GB"},{"@type":"Organization","@id":"https:\/\/www.atlanticraftboats.com\/en\/#organization","name":"Atlanticraft","url":"https:\/\/www.atlanticraftboats.com\/en\/","logo":{"@type":"ImageObject","inLanguage":"en-GB","@id":"https:\/\/www.atlanticraftboats.com\/en\/#\/schema\/logo\/image\/","url":"https:\/\/www.atlanticraftboats.com\/wp-content\/uploads\/2022\/04\/logo-atlanticraft.svg","contentUrl":"https:\/\/www.atlanticraftboats.com\/wp-content\/uploads\/2022\/04\/logo-atlanticraft.svg","width":215,"height":51,"caption":"Atlanticraft"},"image":{"@id":"https:\/\/www.atlanticraftboats.com\/en\/#\/schema\/logo\/image\/"},"sameAs":["https:\/\/www.facebook.com\/AtlanticraftFrance","https:\/\/www.instagram.com\/atlanticraft_france\/","https:\/\/www.linkedin.com\/company\/82927401\/admin\/dashboard\/"]}]}},"jetpack_sharing_enabled":true,"_links":{"self":[{"href":"https:\/\/www.atlanticraftboats.com\/en\/wp-json\/wp\/v2\/product\/545","targetHints":{"allow":["GET"]}}],"collection":[{"href":"https:\/\/www.atlanticraftboats.com\/en\/wp-json\/wp\/v2\/product"}],"about":[{"href":"https:\/\/www.atlanticraftboats.com\/en\/wp-json\/wp\/v2\/types\/product"}],"wp:featuredmedia":[{"embeddable":true,"href":"https:\/\/www.atlanticraftboats.com\/en\/wp-json\/wp\/v2\/media\/1040"}],"wp:attachment":[{"href":"https:\/\/www.atlanticraftboats.com\/en\/wp-json\/wp\/v2\/media?parent=545"}],"wp:term":[{"taxonomy":"product_brand","embeddable":true,"href":"https:\/\/www.atlanticraftboats.com\/en\/wp-json\/wp\/v2\/product_brand?post=545"},{"taxonomy":"product_cat","embeddable":true,"href":"https:\/\/www.atlanticraftboats.com\/en\/wp-json\/wp\/v2\/product_cat?post=545"},{"taxonomy":"product_tag","embeddable":true,"href":"https:\/\/www.atlanticraftboats.com\/en\/wp-json\/wp\/v2\/product_tag?post=545"}],"curies":[{"name":"wp","href":"https:\/\/api.w.org\/{rel}","templated":true}]}}