{"id":547,"date":"2022-06-01T03:29:07","date_gmt":"2022-06-01T01:29:07","guid":{"rendered":"https:\/\/www.atlanticraftfrance.com\/?post_type=product&#038;p=547"},"modified":"2022-10-23T14:23:11","modified_gmt":"2022-10-23T12:23:11","slug":"suzuki-df175ap-4cyl","status":"publish","type":"product","link":"https:\/\/www.atlanticraftboats.com\/en\/product\/suzuki-df175ap-4cyl\/","title":{"rendered":"Suzuki DF175AP"},"content":{"rendered":"","protected":false},"excerpt":{"rendered":"<h3>4 Cylinder \u201cBig Block\u201d: they can do everything<\/h3>\n<p>Direct intake and variable valve timing for improved efficiency and exceptional performance.<br \/>\nBig block with a displacement of 2,867 cm3. Higher compression ratio for optimized acceleration and remarkable torque.<\/p>\n<p>Lean Burn technology to save fuel and emissions.<br \/>\nImproved combustion with knock, oxygen level and water detection sensors.<\/p>\n<p>New engine hood design with semi-direct opening appendages that provide cooler air to the intake system.<\/p>\n<p>Lean Burn Control technology optimizes the air-fuel mixture by anticipating fuel needs based on operating conditions, thus reducing fuel consumption. On this engine, it can achieve savings of up to 16%.<\/p>\n<p>Our new DF175AP engine features a revolutionary hands-free starting system: a coded contactless key transmits an access code to the engine starting system. When the contactless key is within one meter of the main unit, simply power up the system, insert the kill switch, and start the engine with the push of a button. Back at port, simply turn off the engine and de-energize the system.<\/p>\n<p>The DF175AP is the first 175HP (129kW) outboard engine on the market to feature an electronic control system (Suzuki Precision Control) and Suzuki&#039;s Selective Rotation system, which allows the engine to be configured for normal or counter-rotation, thanks to a specially designed mechanism located in the lower unit (the sterndrive), and an innovative electronic gearshift system.<\/p>","protected":false},"featured_media":1034,"template":"","meta":{"inline_featured_image":false},"product_brand":[],"product_cat":[28],"product_tag":[],"class_list":{"0":"post-547","1":"product","2":"type-product","3":"status-publish","4":"has-post-thumbnail","6":"product_cat-moteurs","8":"first","9":"instock","10":"taxable","11":"shipping-taxable","12":"purchasable","13":"product-type-simple"},"yoast_head":"<!-- This site is optimized with the Yoast SEO plugin v27.3 - https:\/\/yoast.com\/product\/yoast-seo-wordpress\/ -->\n<title>Suzuki DF175AP - AtlantiCraft<\/title>\n<meta name=\"robots\" content=\"index, follow, max-snippet:-1, max-image-preview:large, max-video-preview:-1\" \/>\n<link rel=\"canonical\" href=\"https:\/\/www.atlanticraftboats.com\/en\/product\/suzuki-df175ap-4cyl\/\" \/>\n<meta property=\"og:locale\" content=\"en_GB\" \/>\n<meta property=\"og:type\" content=\"article\" \/>\n<meta property=\"og:title\" content=\"Suzuki DF175AP - AtlantiCraft\" \/>\n<meta property=\"og:description\" content=\"4 Cylindres &quot;Big Block&quot; : ils savent tout faire Admission directe et distribution variable pour un meilleur rendement et des performances exceptionnelles. \u00abBig bloc\u00bb d\u2019une cylindr\u00e9e de 2 867 cm3. Taux de compression plus important pour une acc\u00e9l\u00e9ration optimis\u00e9e et un couple remarquable.  Technologie \u00abLean Burn\u00bb permettant d\u2019\u00e9conomiser carburant et \u00e9missions.. Am\u00e9lioration de la combustion gr\u00e2ce aux sondes de cliquetis, de taux d\u2019oxyg\u00e8ne et de d\u00e9tection d\u2019eau.  Nouvelle conception de capot moteur avec appendices d\u2019ouverture semi-directs qui fournissent un air plus frais au syst\u00e8me d\u2019admission.  La technologie Lean Burn Control permet d\u2019optimiser le me\u0301lange air-essence en anticipant les besoins en carburant selon les conditions d\u2019utilisation et donc de re\u0301duire la consommation. Sur ce moteur, elle permet d&#039;atteindre jusqu&#039;\u00e0 16% d&#039;\u00e9conomie.  Notre nouveau moteur DF175AP est \u00e9quip\u00e9 d&#039;un syst\u00e8me r\u00e9volutionnaire de d\u00e9marrage &quot;mains libres&quot;: une cl\u00e9 sans contact cod\u00e9e transmet un code d&#039;acc\u00e8s au syst\u00e8me de d\u00e9marrage du moteur. Lorsque la cl\u00e9 sans contact se trouve \u00e0 moins d&#039;un m\u00e8tre de l&#039;unit\u00e9 principale, il suffit de mettre le syst\u00e8me sous tension, d&#039;ins\u00e9rer le cordon coupe-circuit et de d\u00e9marrer le moteur en appuyant sur un simple bouton. De retour au port, il suffit d&#039;\u00e9teindre le moteur et de mettre le syst\u00e8me hors-tension.  Le DF175AP est le premier moteur hors-bord 175CV (129kW) du march\u00e9 \u00e0 \u00eatre dot\u00e9 d&#039;un syst\u00e8me de commande \u00e9lectronique (Suzuki Precision Control) et du syst\u00e8me de rotation s\u00e9lective de Suzuki (Suzuki Selective Rotation), qui permet de configurer le moteur en rotation normale ou en contre-rotation, gr\u00e2ce \u00e0 un m\u00e9canisme sp\u00e9cialement con\u00e7u, situ\u00e9 dans l&#039;unit\u00e9 inf\u00e9rieure (l&#039;embase), et \u00e0 un syst\u00e8me de changement de rapports \u00e9lectroniques innovant.\" \/>\n<meta property=\"og:url\" content=\"https:\/\/www.atlanticraftboats.com\/en\/product\/suzuki-df175ap-4cyl\/\" \/>\n<meta property=\"og:site_name\" content=\"AtlantiCraft\" \/>\n<meta property=\"article:publisher\" content=\"https:\/\/www.facebook.com\/AtlanticraftFrance\" \/>\n<meta property=\"article:modified_time\" content=\"2022-10-23T12:23:11+00:00\" \/>\n<meta property=\"og:image\" content=\"https:\/\/www.atlanticraftboats.com\/wp-content\/uploads\/2022\/06\/Suzuki_DF175APX_RC_Black_Diagonal_from2021MY.jpg\" \/>\n\t<meta property=\"og:image:width\" content=\"800\" \/>\n\t<meta property=\"og:image:height\" content=\"800\" \/>\n\t<meta property=\"og:image:type\" content=\"image\/jpeg\" \/>\n<meta name=\"twitter:card\" content=\"summary_large_image\" \/>\n<script type=\"application\/ld+json\" class=\"yoast-schema-graph\">{\"@context\":\"https:\\\/\\\/schema.org\",\"@graph\":[{\"@type\":\"WebPage\",\"@id\":\"https:\\\/\\\/www.atlanticraftboats.com\\\/produit\\\/suzuki-df175ap-4cyl\\\/\",\"url\":\"https:\\\/\\\/www.atlanticraftboats.com\\\/produit\\\/suzuki-df175ap-4cyl\\\/\",\"name\":\"Suzuki DF175AP - AtlantiCraft\",\"isPartOf\":{\"@id\":\"https:\\\/\\\/www.atlanticraftboats.com\\\/en\\\/#website\"},\"primaryImageOfPage\":{\"@id\":\"https:\\\/\\\/www.atlanticraftboats.com\\\/produit\\\/suzuki-df175ap-4cyl\\\/#primaryimage\"},\"image\":{\"@id\":\"https:\\\/\\\/www.atlanticraftboats.com\\\/produit\\\/suzuki-df175ap-4cyl\\\/#primaryimage\"},\"thumbnailUrl\":\"https:\\\/\\\/www.atlanticraftboats.com\\\/wp-content\\\/uploads\\\/2022\\\/06\\\/Suzuki_DF175APX_RC_Black_Diagonal_from2021MY.jpg\",\"datePublished\":\"2022-06-01T01:29:07+00:00\",\"dateModified\":\"2022-10-23T12:23:11+00:00\",\"breadcrumb\":{\"@id\":\"https:\\\/\\\/www.atlanticraftboats.com\\\/produit\\\/suzuki-df175ap-4cyl\\\/#breadcrumb\"},\"inLanguage\":\"en-GB\",\"potentialAction\":[{\"@type\":\"ReadAction\",\"target\":[\"https:\\\/\\\/www.atlanticraftboats.com\\\/produit\\\/suzuki-df175ap-4cyl\\\/\"]}]},{\"@type\":\"ImageObject\",\"inLanguage\":\"en-GB\",\"@id\":\"https:\\\/\\\/www.atlanticraftboats.com\\\/produit\\\/suzuki-df175ap-4cyl\\\/#primaryimage\",\"url\":\"https:\\\/\\\/www.atlanticraftboats.com\\\/wp-content\\\/uploads\\\/2022\\\/06\\\/Suzuki_DF175APX_RC_Black_Diagonal_from2021MY.jpg\",\"contentUrl\":\"https:\\\/\\\/www.atlanticraftboats.com\\\/wp-content\\\/uploads\\\/2022\\\/06\\\/Suzuki_DF175APX_RC_Black_Diagonal_from2021MY.jpg\",\"width\":800,\"height\":800},{\"@type\":\"BreadcrumbList\",\"@id\":\"https:\\\/\\\/www.atlanticraftboats.com\\\/produit\\\/suzuki-df175ap-4cyl\\\/#breadcrumb\",\"itemListElement\":[{\"@type\":\"ListItem\",\"position\":1,\"name\":\"Accueil\",\"item\":\"https:\\\/\\\/www.atlanticraftboats.com\\\/\"},{\"@type\":\"ListItem\",\"position\":2,\"name\":\"Les bateaux semi-rigides AtlantiCraft\",\"item\":\"https:\\\/\\\/www.atlanticraftboats.com\\\/bateaux-semi-rigide\\\/\"},{\"@type\":\"ListItem\",\"position\":3,\"name\":\"Suzuki DF175AP\"}]},{\"@type\":\"WebSite\",\"@id\":\"https:\\\/\\\/www.atlanticraftboats.com\\\/en\\\/#website\",\"url\":\"https:\\\/\\\/www.atlanticraftboats.com\\\/en\\\/\",\"name\":\"AtlantiCraft\",\"description\":\"Marque fran\u00e7aise de bateaux semi rigides en coque aluminium\",\"publisher\":{\"@id\":\"https:\\\/\\\/www.atlanticraftboats.com\\\/en\\\/#organization\"},\"potentialAction\":[{\"@type\":\"SearchAction\",\"target\":{\"@type\":\"EntryPoint\",\"urlTemplate\":\"https:\\\/\\\/www.atlanticraftboats.com\\\/en\\\/?s={search_term_string}\"},\"query-input\":{\"@type\":\"PropertyValueSpecification\",\"valueRequired\":true,\"valueName\":\"search_term_string\"}}],\"inLanguage\":\"en-GB\"},{\"@type\":\"Organization\",\"@id\":\"https:\\\/\\\/www.atlanticraftboats.com\\\/en\\\/#organization\",\"name\":\"Atlanticraft\",\"url\":\"https:\\\/\\\/www.atlanticraftboats.com\\\/en\\\/\",\"logo\":{\"@type\":\"ImageObject\",\"inLanguage\":\"en-GB\",\"@id\":\"https:\\\/\\\/www.atlanticraftboats.com\\\/en\\\/#\\\/schema\\\/logo\\\/image\\\/\",\"url\":\"https:\\\/\\\/www.atlanticraftboats.com\\\/wp-content\\\/uploads\\\/2022\\\/04\\\/logo-atlanticraft.svg\",\"contentUrl\":\"https:\\\/\\\/www.atlanticraftboats.com\\\/wp-content\\\/uploads\\\/2022\\\/04\\\/logo-atlanticraft.svg\",\"width\":215,\"height\":51,\"caption\":\"Atlanticraft\"},\"image\":{\"@id\":\"https:\\\/\\\/www.atlanticraftboats.com\\\/en\\\/#\\\/schema\\\/logo\\\/image\\\/\"},\"sameAs\":[\"https:\\\/\\\/www.facebook.com\\\/AtlanticraftFrance\",\"https:\\\/\\\/www.instagram.com\\\/atlanticraft_france\\\/\",\"https:\\\/\\\/www.linkedin.com\\\/company\\\/82927401\\\/admin\\\/dashboard\\\/\"]}]}<\/script>\n<!-- \/ Yoast SEO plugin. -->","yoast_head_json":{"title":"Suzuki DF175AP - AtlantiCraft","robots":{"index":"index","follow":"follow","max-snippet":"max-snippet:-1","max-image-preview":"max-image-preview:large","max-video-preview":"max-video-preview:-1"},"canonical":"https:\/\/www.atlanticraftboats.com\/en\/product\/suzuki-df175ap-4cyl\/","og_locale":"en_GB","og_type":"article","og_title":"Suzuki DF175AP - AtlantiCraft","og_description":"4 Cylindres \"Big Block\" : ils savent tout faire Admission directe et distribution variable pour un meilleur rendement et des performances exceptionnelles. \u00abBig bloc\u00bb d\u2019une cylindr\u00e9e de 2 867 cm3. Taux de compression plus important pour une acc\u00e9l\u00e9ration optimis\u00e9e et un couple remarquable.  Technologie \u00abLean Burn\u00bb permettant d\u2019\u00e9conomiser carburant et \u00e9missions.. Am\u00e9lioration de la combustion gr\u00e2ce aux sondes de cliquetis, de taux d\u2019oxyg\u00e8ne et de d\u00e9tection d\u2019eau.  Nouvelle conception de capot moteur avec appendices d\u2019ouverture semi-directs qui fournissent un air plus frais au syst\u00e8me d\u2019admission.  La technologie Lean Burn Control permet d\u2019optimiser le me\u0301lange air-essence en anticipant les besoins en carburant selon les conditions d\u2019utilisation et donc de re\u0301duire la consommation. Sur ce moteur, elle permet d'atteindre jusqu'\u00e0 16% d'\u00e9conomie.  Notre nouveau moteur DF175AP est \u00e9quip\u00e9 d'un syst\u00e8me r\u00e9volutionnaire de d\u00e9marrage \"mains libres\": une cl\u00e9 sans contact cod\u00e9e transmet un code d'acc\u00e8s au syst\u00e8me de d\u00e9marrage du moteur. Lorsque la cl\u00e9 sans contact se trouve \u00e0 moins d'un m\u00e8tre de l'unit\u00e9 principale, il suffit de mettre le syst\u00e8me sous tension, d'ins\u00e9rer le cordon coupe-circuit et de d\u00e9marrer le moteur en appuyant sur un simple bouton. De retour au port, il suffit d'\u00e9teindre le moteur et de mettre le syst\u00e8me hors-tension.  Le DF175AP est le premier moteur hors-bord 175CV (129kW) du march\u00e9 \u00e0 \u00eatre dot\u00e9 d'un syst\u00e8me de commande \u00e9lectronique (Suzuki Precision Control) et du syst\u00e8me de rotation s\u00e9lective de Suzuki (Suzuki Selective Rotation), qui permet de configurer le moteur en rotation normale ou en contre-rotation, gr\u00e2ce \u00e0 un m\u00e9canisme sp\u00e9cialement con\u00e7u, situ\u00e9 dans l'unit\u00e9 inf\u00e9rieure (l'embase), et \u00e0 un syst\u00e8me de changement de rapports \u00e9lectroniques innovant.","og_url":"https:\/\/www.atlanticraftboats.com\/en\/product\/suzuki-df175ap-4cyl\/","og_site_name":"AtlantiCraft","article_publisher":"https:\/\/www.facebook.com\/AtlanticraftFrance","article_modified_time":"2022-10-23T12:23:11+00:00","og_image":[{"width":800,"height":800,"url":"https:\/\/www.atlanticraftboats.com\/wp-content\/uploads\/2022\/06\/Suzuki_DF175APX_RC_Black_Diagonal_from2021MY.jpg","type":"image\/jpeg"}],"twitter_card":"summary_large_image","schema":{"@context":"https:\/\/schema.org","@graph":[{"@type":"WebPage","@id":"https:\/\/www.atlanticraftboats.com\/produit\/suzuki-df175ap-4cyl\/","url":"https:\/\/www.atlanticraftboats.com\/produit\/suzuki-df175ap-4cyl\/","name":"Suzuki DF175AP - AtlantiCraft","isPartOf":{"@id":"https:\/\/www.atlanticraftboats.com\/en\/#website"},"primaryImageOfPage":{"@id":"https:\/\/www.atlanticraftboats.com\/produit\/suzuki-df175ap-4cyl\/#primaryimage"},"image":{"@id":"https:\/\/www.atlanticraftboats.com\/produit\/suzuki-df175ap-4cyl\/#primaryimage"},"thumbnailUrl":"https:\/\/www.atlanticraftboats.com\/wp-content\/uploads\/2022\/06\/Suzuki_DF175APX_RC_Black_Diagonal_from2021MY.jpg","datePublished":"2022-06-01T01:29:07+00:00","dateModified":"2022-10-23T12:23:11+00:00","breadcrumb":{"@id":"https:\/\/www.atlanticraftboats.com\/produit\/suzuki-df175ap-4cyl\/#breadcrumb"},"inLanguage":"en-GB","potentialAction":[{"@type":"ReadAction","target":["https:\/\/www.atlanticraftboats.com\/produit\/suzuki-df175ap-4cyl\/"]}]},{"@type":"ImageObject","inLanguage":"en-GB","@id":"https:\/\/www.atlanticraftboats.com\/produit\/suzuki-df175ap-4cyl\/#primaryimage","url":"https:\/\/www.atlanticraftboats.com\/wp-content\/uploads\/2022\/06\/Suzuki_DF175APX_RC_Black_Diagonal_from2021MY.jpg","contentUrl":"https:\/\/www.atlanticraftboats.com\/wp-content\/uploads\/2022\/06\/Suzuki_DF175APX_RC_Black_Diagonal_from2021MY.jpg","width":800,"height":800},{"@type":"BreadcrumbList","@id":"https:\/\/www.atlanticraftboats.com\/produit\/suzuki-df175ap-4cyl\/#breadcrumb","itemListElement":[{"@type":"ListItem","position":1,"name":"Accueil","item":"https:\/\/www.atlanticraftboats.com\/"},{"@type":"ListItem","position":2,"name":"Les bateaux semi-rigides AtlantiCraft","item":"https:\/\/www.atlanticraftboats.com\/bateaux-semi-rigide\/"},{"@type":"ListItem","position":3,"name":"Suzuki DF175AP"}]},{"@type":"WebSite","@id":"https:\/\/www.atlanticraftboats.com\/en\/#website","url":"https:\/\/www.atlanticraftboats.com\/en\/","name":"AtlantiCraft","description":"French brand of semi-rigid boats with aluminum hulls","publisher":{"@id":"https:\/\/www.atlanticraftboats.com\/en\/#organization"},"potentialAction":[{"@type":"SearchAction","target":{"@type":"EntryPoint","urlTemplate":"https:\/\/www.atlanticraftboats.com\/en\/?s={search_term_string}"},"query-input":{"@type":"PropertyValueSpecification","valueRequired":true,"valueName":"search_term_string"}}],"inLanguage":"en-GB"},{"@type":"Organization","@id":"https:\/\/www.atlanticraftboats.com\/en\/#organization","name":"Atlanticraft","url":"https:\/\/www.atlanticraftboats.com\/en\/","logo":{"@type":"ImageObject","inLanguage":"en-GB","@id":"https:\/\/www.atlanticraftboats.com\/en\/#\/schema\/logo\/image\/","url":"https:\/\/www.atlanticraftboats.com\/wp-content\/uploads\/2022\/04\/logo-atlanticraft.svg","contentUrl":"https:\/\/www.atlanticraftboats.com\/wp-content\/uploads\/2022\/04\/logo-atlanticraft.svg","width":215,"height":51,"caption":"Atlanticraft"},"image":{"@id":"https:\/\/www.atlanticraftboats.com\/en\/#\/schema\/logo\/image\/"},"sameAs":["https:\/\/www.facebook.com\/AtlanticraftFrance","https:\/\/www.instagram.com\/atlanticraft_france\/","https:\/\/www.linkedin.com\/company\/82927401\/admin\/dashboard\/"]}]}},"jetpack_sharing_enabled":true,"_links":{"self":[{"href":"https:\/\/www.atlanticraftboats.com\/en\/wp-json\/wp\/v2\/product\/547","targetHints":{"allow":["GET"]}}],"collection":[{"href":"https:\/\/www.atlanticraftboats.com\/en\/wp-json\/wp\/v2\/product"}],"about":[{"href":"https:\/\/www.atlanticraftboats.com\/en\/wp-json\/wp\/v2\/types\/product"}],"wp:featuredmedia":[{"embeddable":true,"href":"https:\/\/www.atlanticraftboats.com\/en\/wp-json\/wp\/v2\/media\/1034"}],"wp:attachment":[{"href":"https:\/\/www.atlanticraftboats.com\/en\/wp-json\/wp\/v2\/media?parent=547"}],"wp:term":[{"taxonomy":"product_brand","embeddable":true,"href":"https:\/\/www.atlanticraftboats.com\/en\/wp-json\/wp\/v2\/product_brand?post=547"},{"taxonomy":"product_cat","embeddable":true,"href":"https:\/\/www.atlanticraftboats.com\/en\/wp-json\/wp\/v2\/product_cat?post=547"},{"taxonomy":"product_tag","embeddable":true,"href":"https:\/\/www.atlanticraftboats.com\/en\/wp-json\/wp\/v2\/product_tag?post=547"}],"curies":[{"name":"wp","href":"https:\/\/api.w.org\/{rel}","templated":true}]}}