{"id":555,"date":"2022-06-01T03:35:33","date_gmt":"2022-06-01T01:35:33","guid":{"rendered":"https:\/\/www.atlanticraftfrance.com\/?post_type=product&#038;p=555"},"modified":"2022-10-23T14:29:58","modified_gmt":"2022-10-23T12:29:58","slug":"suzuki-df150ap-4cyl","status":"publish","type":"product","link":"https:\/\/www.atlanticraftboats.com\/en\/product\/suzuki-df150ap-4cyl\/","title":{"rendered":"Suzuki DF150A"},"content":{"rendered":"","protected":false},"excerpt":{"rendered":"<h3>4 Cylinder \u201cBig Block\u201d: they can do everything<\/h3>\n<p>Combining Lean Burn technology, a semi-direct air intake, and a high-performance 10.2:1 compression ratio, this new outboard is powerful, clean, and efficient. Compared to its predecessor, the DF150A boasts a 7% improvement in fuel consumption.<\/p>\n<p>With more torque (3.1 % more), combined with the offset 2-stage reduction powerhead, this new engine generates more power throughout the entire rpm range. Even on heavier or more loaded boats, the DF150A pushes performance a step further.<\/p>\n<p>The DF150A now shares the same engine block as the renowned DF200A. Large displacement and precision engineering deliver improved acceleration at low and mid-range speeds. This is a response to our customers&#039; desire for high performance combined with fuel efficiency.<\/p>\n<p>This new outboard benefits from the technologies proven on Suzuki&#039;s &quot;Ultimate&quot; 4-strokes, ensuring even greater reliability year after year. A knock sensor preserves the engine&#039;s flexibility to improve its lifespan. An oxygen sensor improves the block&#039;s efficiency and the Suzuki water detection system protects the engine from the effects of poor combustion, stalling and corrosion.<\/p>","protected":false},"featured_media":1046,"template":"","meta":{"inline_featured_image":false},"product_brand":[],"product_cat":[28],"product_tag":[],"class_list":{"0":"post-555","1":"product","2":"type-product","3":"status-publish","4":"has-post-thumbnail","6":"product_cat-moteurs","8":"first","9":"instock","10":"taxable","11":"shipping-taxable","12":"purchasable","13":"product-type-simple"},"yoast_head":"<!-- This site is optimized with the Yoast SEO plugin v27.3 - https:\/\/yoast.com\/product\/yoast-seo-wordpress\/ -->\n<title>Suzuki DF150A - AtlantiCraft<\/title>\n<meta name=\"robots\" content=\"index, follow, max-snippet:-1, max-image-preview:large, max-video-preview:-1\" \/>\n<link rel=\"canonical\" href=\"https:\/\/www.atlanticraftboats.com\/en\/product\/suzuki-df150ap-4cyl\/\" \/>\n<meta property=\"og:locale\" content=\"en_GB\" \/>\n<meta property=\"og:type\" content=\"article\" \/>\n<meta property=\"og:title\" content=\"Suzuki DF150A - AtlantiCraft\" \/>\n<meta property=\"og:description\" content=\"4 Cylindres &quot;Big Block&quot; : ils savent tout faire Combinant la technologie Lean Burn, une admission d&#039;air semi-directe et un taux de compression haute performance de 10.2 \u00e0 1, ce nouveau hors-bord est \u00e0 la fois puissant, propre et efficace. Compar\u00e9 \u00e0 son pr\u00e9d\u00e9cesseur, le DF150A montre une am\u00e9lioration de 7% de la consommation \u00e0 la pompe.  Avec plus de couple (3.1 % de plus), combin\u00e9 \u00e0 la t\u00eate motrice d\u00e9cal\u00e9e \u00e0 2 \u00e9tages de r\u00e9duction, ce nouveau moteur g\u00e9n\u00e8re plus de puissance sur toute la plage de r\u00e9gimes. M\u00eame sur des bateaux plus lourds ou plus charg\u00e9s, le DF150A pousse les performances un cran plus loin.  Le DF150A partage aujourd&#039;hui le m\u00eame bloc que le c\u00e9l\u00e8bre DF200A. Grosse cylindr\u00e9e et m\u00e9canique de pr\u00e9cision offrent de meilleures acc\u00e9l\u00e9rations, \u00e0 bas et moyen-r\u00e9gime. Nous r\u00e9pondons ainsi aux d\u00e9sirs de nos clients sur les hautes performances combin\u00e9es \u00e0 la sobri\u00e9t\u00e9.  Ce nouveau hors-bord b\u00e9n\u00e9ficie des technologies \u00e9prouv\u00e9es sur les 4-temps &quot;Ultimes&quot; de Suzuki, pour assurer ann\u00e9e apr\u00e8s ann\u00e9e toujours plus de fiabilit\u00e9. Un capteur de cliquetis pr\u00e9serve la souplesse du moteur pour am\u00e9liorer sa dur\u00e9e de vie. Un capteur d&#039;oxyg\u00e8ne am\u00e9liore l&#039;efficacit\u00e9 du bloc et le syst\u00e8me de d\u00e9tection d&#039;eau Suzuki prot\u00e8ge le moteur des effets de mauvaise combustion, de calage et de corrosion.\" \/>\n<meta property=\"og:url\" content=\"https:\/\/www.atlanticraftboats.com\/en\/product\/suzuki-df150ap-4cyl\/\" \/>\n<meta property=\"og:site_name\" content=\"AtlantiCraft\" \/>\n<meta property=\"article:publisher\" content=\"https:\/\/www.facebook.com\/AtlanticraftFrance\" \/>\n<meta property=\"article:modified_time\" content=\"2022-10-23T12:29:58+00:00\" \/>\n<meta property=\"og:image\" content=\"https:\/\/www.atlanticraftboats.com\/wp-content\/uploads\/2022\/06\/Suzuki_DF150APX_RC_Black_Diagonal_from2021MY.jpg\" \/>\n\t<meta property=\"og:image:width\" content=\"800\" \/>\n\t<meta property=\"og:image:height\" content=\"800\" \/>\n\t<meta property=\"og:image:type\" content=\"image\/jpeg\" \/>\n<meta name=\"twitter:card\" content=\"summary_large_image\" \/>\n<script type=\"application\/ld+json\" class=\"yoast-schema-graph\">{\"@context\":\"https:\\\/\\\/schema.org\",\"@graph\":[{\"@type\":\"WebPage\",\"@id\":\"https:\\\/\\\/www.atlanticraftboats.com\\\/produit\\\/suzuki-df150ap-4cyl\\\/\",\"url\":\"https:\\\/\\\/www.atlanticraftboats.com\\\/produit\\\/suzuki-df150ap-4cyl\\\/\",\"name\":\"Suzuki DF150A - AtlantiCraft\",\"isPartOf\":{\"@id\":\"https:\\\/\\\/www.atlanticraftboats.com\\\/en\\\/#website\"},\"primaryImageOfPage\":{\"@id\":\"https:\\\/\\\/www.atlanticraftboats.com\\\/produit\\\/suzuki-df150ap-4cyl\\\/#primaryimage\"},\"image\":{\"@id\":\"https:\\\/\\\/www.atlanticraftboats.com\\\/produit\\\/suzuki-df150ap-4cyl\\\/#primaryimage\"},\"thumbnailUrl\":\"https:\\\/\\\/www.atlanticraftboats.com\\\/wp-content\\\/uploads\\\/2022\\\/06\\\/Suzuki_DF150APX_RC_Black_Diagonal_from2021MY.jpg\",\"datePublished\":\"2022-06-01T01:35:33+00:00\",\"dateModified\":\"2022-10-23T12:29:58+00:00\",\"breadcrumb\":{\"@id\":\"https:\\\/\\\/www.atlanticraftboats.com\\\/produit\\\/suzuki-df150ap-4cyl\\\/#breadcrumb\"},\"inLanguage\":\"en-GB\",\"potentialAction\":[{\"@type\":\"ReadAction\",\"target\":[\"https:\\\/\\\/www.atlanticraftboats.com\\\/produit\\\/suzuki-df150ap-4cyl\\\/\"]}]},{\"@type\":\"ImageObject\",\"inLanguage\":\"en-GB\",\"@id\":\"https:\\\/\\\/www.atlanticraftboats.com\\\/produit\\\/suzuki-df150ap-4cyl\\\/#primaryimage\",\"url\":\"https:\\\/\\\/www.atlanticraftboats.com\\\/wp-content\\\/uploads\\\/2022\\\/06\\\/Suzuki_DF150APX_RC_Black_Diagonal_from2021MY.jpg\",\"contentUrl\":\"https:\\\/\\\/www.atlanticraftboats.com\\\/wp-content\\\/uploads\\\/2022\\\/06\\\/Suzuki_DF150APX_RC_Black_Diagonal_from2021MY.jpg\",\"width\":800,\"height\":800},{\"@type\":\"BreadcrumbList\",\"@id\":\"https:\\\/\\\/www.atlanticraftboats.com\\\/produit\\\/suzuki-df150ap-4cyl\\\/#breadcrumb\",\"itemListElement\":[{\"@type\":\"ListItem\",\"position\":1,\"name\":\"Accueil\",\"item\":\"https:\\\/\\\/www.atlanticraftboats.com\\\/\"},{\"@type\":\"ListItem\",\"position\":2,\"name\":\"Les bateaux semi-rigides AtlantiCraft\",\"item\":\"https:\\\/\\\/www.atlanticraftboats.com\\\/bateaux-semi-rigide\\\/\"},{\"@type\":\"ListItem\",\"position\":3,\"name\":\"Suzuki DF150A\"}]},{\"@type\":\"WebSite\",\"@id\":\"https:\\\/\\\/www.atlanticraftboats.com\\\/en\\\/#website\",\"url\":\"https:\\\/\\\/www.atlanticraftboats.com\\\/en\\\/\",\"name\":\"AtlantiCraft\",\"description\":\"Marque fran\u00e7aise de bateaux semi rigides en coque aluminium\",\"publisher\":{\"@id\":\"https:\\\/\\\/www.atlanticraftboats.com\\\/en\\\/#organization\"},\"potentialAction\":[{\"@type\":\"SearchAction\",\"target\":{\"@type\":\"EntryPoint\",\"urlTemplate\":\"https:\\\/\\\/www.atlanticraftboats.com\\\/en\\\/?s={search_term_string}\"},\"query-input\":{\"@type\":\"PropertyValueSpecification\",\"valueRequired\":true,\"valueName\":\"search_term_string\"}}],\"inLanguage\":\"en-GB\"},{\"@type\":\"Organization\",\"@id\":\"https:\\\/\\\/www.atlanticraftboats.com\\\/en\\\/#organization\",\"name\":\"Atlanticraft\",\"url\":\"https:\\\/\\\/www.atlanticraftboats.com\\\/en\\\/\",\"logo\":{\"@type\":\"ImageObject\",\"inLanguage\":\"en-GB\",\"@id\":\"https:\\\/\\\/www.atlanticraftboats.com\\\/en\\\/#\\\/schema\\\/logo\\\/image\\\/\",\"url\":\"https:\\\/\\\/www.atlanticraftboats.com\\\/wp-content\\\/uploads\\\/2022\\\/04\\\/logo-atlanticraft.svg\",\"contentUrl\":\"https:\\\/\\\/www.atlanticraftboats.com\\\/wp-content\\\/uploads\\\/2022\\\/04\\\/logo-atlanticraft.svg\",\"width\":215,\"height\":51,\"caption\":\"Atlanticraft\"},\"image\":{\"@id\":\"https:\\\/\\\/www.atlanticraftboats.com\\\/en\\\/#\\\/schema\\\/logo\\\/image\\\/\"},\"sameAs\":[\"https:\\\/\\\/www.facebook.com\\\/AtlanticraftFrance\",\"https:\\\/\\\/www.instagram.com\\\/atlanticraft_france\\\/\",\"https:\\\/\\\/www.linkedin.com\\\/company\\\/82927401\\\/admin\\\/dashboard\\\/\"]}]}<\/script>\n<!-- \/ Yoast SEO plugin. -->","yoast_head_json":{"title":"Suzuki DF150A - AtlantiCraft","robots":{"index":"index","follow":"follow","max-snippet":"max-snippet:-1","max-image-preview":"max-image-preview:large","max-video-preview":"max-video-preview:-1"},"canonical":"https:\/\/www.atlanticraftboats.com\/en\/product\/suzuki-df150ap-4cyl\/","og_locale":"en_GB","og_type":"article","og_title":"Suzuki DF150A - AtlantiCraft","og_description":"4 Cylindres \"Big Block\" : ils savent tout faire Combinant la technologie Lean Burn, une admission d'air semi-directe et un taux de compression haute performance de 10.2 \u00e0 1, ce nouveau hors-bord est \u00e0 la fois puissant, propre et efficace. Compar\u00e9 \u00e0 son pr\u00e9d\u00e9cesseur, le DF150A montre une am\u00e9lioration de 7% de la consommation \u00e0 la pompe.  Avec plus de couple (3.1 % de plus), combin\u00e9 \u00e0 la t\u00eate motrice d\u00e9cal\u00e9e \u00e0 2 \u00e9tages de r\u00e9duction, ce nouveau moteur g\u00e9n\u00e8re plus de puissance sur toute la plage de r\u00e9gimes. M\u00eame sur des bateaux plus lourds ou plus charg\u00e9s, le DF150A pousse les performances un cran plus loin.  Le DF150A partage aujourd'hui le m\u00eame bloc que le c\u00e9l\u00e8bre DF200A. Grosse cylindr\u00e9e et m\u00e9canique de pr\u00e9cision offrent de meilleures acc\u00e9l\u00e9rations, \u00e0 bas et moyen-r\u00e9gime. Nous r\u00e9pondons ainsi aux d\u00e9sirs de nos clients sur les hautes performances combin\u00e9es \u00e0 la sobri\u00e9t\u00e9.  Ce nouveau hors-bord b\u00e9n\u00e9ficie des technologies \u00e9prouv\u00e9es sur les 4-temps \"Ultimes\" de Suzuki, pour assurer ann\u00e9e apr\u00e8s ann\u00e9e toujours plus de fiabilit\u00e9. Un capteur de cliquetis pr\u00e9serve la souplesse du moteur pour am\u00e9liorer sa dur\u00e9e de vie. Un capteur d'oxyg\u00e8ne am\u00e9liore l'efficacit\u00e9 du bloc et le syst\u00e8me de d\u00e9tection d'eau Suzuki prot\u00e8ge le moteur des effets de mauvaise combustion, de calage et de corrosion.","og_url":"https:\/\/www.atlanticraftboats.com\/en\/product\/suzuki-df150ap-4cyl\/","og_site_name":"AtlantiCraft","article_publisher":"https:\/\/www.facebook.com\/AtlanticraftFrance","article_modified_time":"2022-10-23T12:29:58+00:00","og_image":[{"width":800,"height":800,"url":"https:\/\/www.atlanticraftboats.com\/wp-content\/uploads\/2022\/06\/Suzuki_DF150APX_RC_Black_Diagonal_from2021MY.jpg","type":"image\/jpeg"}],"twitter_card":"summary_large_image","schema":{"@context":"https:\/\/schema.org","@graph":[{"@type":"WebPage","@id":"https:\/\/www.atlanticraftboats.com\/produit\/suzuki-df150ap-4cyl\/","url":"https:\/\/www.atlanticraftboats.com\/produit\/suzuki-df150ap-4cyl\/","name":"Suzuki DF150A - AtlantiCraft","isPartOf":{"@id":"https:\/\/www.atlanticraftboats.com\/en\/#website"},"primaryImageOfPage":{"@id":"https:\/\/www.atlanticraftboats.com\/produit\/suzuki-df150ap-4cyl\/#primaryimage"},"image":{"@id":"https:\/\/www.atlanticraftboats.com\/produit\/suzuki-df150ap-4cyl\/#primaryimage"},"thumbnailUrl":"https:\/\/www.atlanticraftboats.com\/wp-content\/uploads\/2022\/06\/Suzuki_DF150APX_RC_Black_Diagonal_from2021MY.jpg","datePublished":"2022-06-01T01:35:33+00:00","dateModified":"2022-10-23T12:29:58+00:00","breadcrumb":{"@id":"https:\/\/www.atlanticraftboats.com\/produit\/suzuki-df150ap-4cyl\/#breadcrumb"},"inLanguage":"en-GB","potentialAction":[{"@type":"ReadAction","target":["https:\/\/www.atlanticraftboats.com\/produit\/suzuki-df150ap-4cyl\/"]}]},{"@type":"ImageObject","inLanguage":"en-GB","@id":"https:\/\/www.atlanticraftboats.com\/produit\/suzuki-df150ap-4cyl\/#primaryimage","url":"https:\/\/www.atlanticraftboats.com\/wp-content\/uploads\/2022\/06\/Suzuki_DF150APX_RC_Black_Diagonal_from2021MY.jpg","contentUrl":"https:\/\/www.atlanticraftboats.com\/wp-content\/uploads\/2022\/06\/Suzuki_DF150APX_RC_Black_Diagonal_from2021MY.jpg","width":800,"height":800},{"@type":"BreadcrumbList","@id":"https:\/\/www.atlanticraftboats.com\/produit\/suzuki-df150ap-4cyl\/#breadcrumb","itemListElement":[{"@type":"ListItem","position":1,"name":"Accueil","item":"https:\/\/www.atlanticraftboats.com\/"},{"@type":"ListItem","position":2,"name":"Les bateaux semi-rigides AtlantiCraft","item":"https:\/\/www.atlanticraftboats.com\/bateaux-semi-rigide\/"},{"@type":"ListItem","position":3,"name":"Suzuki DF150A"}]},{"@type":"WebSite","@id":"https:\/\/www.atlanticraftboats.com\/en\/#website","url":"https:\/\/www.atlanticraftboats.com\/en\/","name":"AtlantiCraft","description":"French brand of semi-rigid boats with aluminum hulls","publisher":{"@id":"https:\/\/www.atlanticraftboats.com\/en\/#organization"},"potentialAction":[{"@type":"SearchAction","target":{"@type":"EntryPoint","urlTemplate":"https:\/\/www.atlanticraftboats.com\/en\/?s={search_term_string}"},"query-input":{"@type":"PropertyValueSpecification","valueRequired":true,"valueName":"search_term_string"}}],"inLanguage":"en-GB"},{"@type":"Organization","@id":"https:\/\/www.atlanticraftboats.com\/en\/#organization","name":"Atlanticraft","url":"https:\/\/www.atlanticraftboats.com\/en\/","logo":{"@type":"ImageObject","inLanguage":"en-GB","@id":"https:\/\/www.atlanticraftboats.com\/en\/#\/schema\/logo\/image\/","url":"https:\/\/www.atlanticraftboats.com\/wp-content\/uploads\/2022\/04\/logo-atlanticraft.svg","contentUrl":"https:\/\/www.atlanticraftboats.com\/wp-content\/uploads\/2022\/04\/logo-atlanticraft.svg","width":215,"height":51,"caption":"Atlanticraft"},"image":{"@id":"https:\/\/www.atlanticraftboats.com\/en\/#\/schema\/logo\/image\/"},"sameAs":["https:\/\/www.facebook.com\/AtlanticraftFrance","https:\/\/www.instagram.com\/atlanticraft_france\/","https:\/\/www.linkedin.com\/company\/82927401\/admin\/dashboard\/"]}]}},"jetpack_sharing_enabled":true,"_links":{"self":[{"href":"https:\/\/www.atlanticraftboats.com\/en\/wp-json\/wp\/v2\/product\/555","targetHints":{"allow":["GET"]}}],"collection":[{"href":"https:\/\/www.atlanticraftboats.com\/en\/wp-json\/wp\/v2\/product"}],"about":[{"href":"https:\/\/www.atlanticraftboats.com\/en\/wp-json\/wp\/v2\/types\/product"}],"wp:featuredmedia":[{"embeddable":true,"href":"https:\/\/www.atlanticraftboats.com\/en\/wp-json\/wp\/v2\/media\/1046"}],"wp:attachment":[{"href":"https:\/\/www.atlanticraftboats.com\/en\/wp-json\/wp\/v2\/media?parent=555"}],"wp:term":[{"taxonomy":"product_brand","embeddable":true,"href":"https:\/\/www.atlanticraftboats.com\/en\/wp-json\/wp\/v2\/product_brand?post=555"},{"taxonomy":"product_cat","embeddable":true,"href":"https:\/\/www.atlanticraftboats.com\/en\/wp-json\/wp\/v2\/product_cat?post=555"},{"taxonomy":"product_tag","embeddable":true,"href":"https:\/\/www.atlanticraftboats.com\/en\/wp-json\/wp\/v2\/product_tag?post=555"}],"curies":[{"name":"wp","href":"https:\/\/api.w.org\/{rel}","templated":true}]}}