{"id":563,"date":"2022-06-01T03:40:56","date_gmt":"2022-06-01T01:40:56","guid":{"rendered":"https:\/\/www.atlanticraftfrance.com\/?post_type=product&#038;p=563"},"modified":"2022-10-23T14:28:46","modified_gmt":"2022-10-23T12:28:46","slug":"suzuki-df150ap-4cyl-copie","status":"publish","type":"product","link":"https:\/\/www.atlanticraftboats.com\/en\/product\/suzuki-df150ap-4cyl-copie\/","title":{"rendered":"Suzuki DF140B"},"content":{"rendered":"","protected":false},"excerpt":{"rendered":"<h3>Sport Range<\/h3>\n<p align=\"left\">Suzuki&#039;s new DF140B outboard engine benefits from developments that further improve its overall performance. The compression ratio has been increased to 10.6:1, allowing this 2-liter outboard engine to further improve top speed and achieve better acceleration while optimizing thermal efficiency.<\/p>\n<p align=\"left\">Fuel efficiency has also been improved compared to the DF140A model, which is well known to the brand&#039;s customers. Tests have shown a 5 to 6 % improvement in fuel consumption for the DF140A over a medium to high speed range.<\/p>\n<p>The new fairing adopts a special air intake that optimizes water separation while reducing the intake air temperature, which allows for higher power delivery at mid-range speeds. A resonator system further reduces engine noise at all speeds.<\/p>\n<p>The new direct ignition reduces the number of parts and wiring, which allows for better ignition spark generation and improved combustion efficiency.<\/p>\n<p>The main difference with its \u201clittle brother\u201d DF115B is that it gets its power from a higher rev range.<\/p>","protected":false},"featured_media":1134,"template":"","meta":{"inline_featured_image":false},"product_brand":[],"product_cat":[28],"product_tag":[],"class_list":{"0":"post-563","1":"product","2":"type-product","3":"status-publish","4":"has-post-thumbnail","6":"product_cat-moteurs","8":"first","9":"instock","10":"taxable","11":"shipping-taxable","12":"purchasable","13":"product-type-simple"},"yoast_head":"<!-- This site is optimized with the Yoast SEO plugin v27.3 - https:\/\/yoast.com\/product\/yoast-seo-wordpress\/ -->\n<title>Suzuki DF140B - AtlantiCraft<\/title>\n<meta name=\"robots\" content=\"index, follow, max-snippet:-1, max-image-preview:large, max-video-preview:-1\" \/>\n<link rel=\"canonical\" href=\"https:\/\/www.atlanticraftboats.com\/en\/product\/suzuki-df150ap-4cyl-copie\/\" \/>\n<meta property=\"og:locale\" content=\"en_GB\" \/>\n<meta property=\"og:type\" content=\"article\" \/>\n<meta property=\"og:title\" content=\"Suzuki DF140B - AtlantiCraft\" \/>\n<meta property=\"og:description\" content=\"Gamme Sport Le nouveau moteur hors-bord de Suzuki, le DF140B b\u00e9n\u00e9ficie d&#039;\u00e9volutions qui am\u00e9liorent encore son comportement g\u00e9n\u00e9ral. Le taux de compression passe en effet \u00e0 10,6\/1, ce qui permet \u00e0 ce moteur hors-bord de plus de 2 litres d\u2019am\u00e9liorer encore la vitesse maximale et d&#039;obtenir de meilleures acc\u00e9l\u00e9rations tout en optimisant l&#039;efficacit\u00e9 thermique. Le rendement \u00e9nerg\u00e9tique a aussi \u00e9t\u00e9 am\u00e9lior\u00e9 par rapport au mod\u00e8le DF140A bien connu des clients de la marque. Des essais ont prouv\u00e9 une am\u00e9lioration de 5 \u00e0 6 % du dela consommation d&#039;essence pour le DF140A sur une plage de vitesses moyennes \u00e0 hautes. Le nouveau car\u00e9nage adopte une prise d\u2019air sp\u00e9ciale optimisant la s\u00e9paration d\u2019eau tout en r\u00e9duisant la temp\u00e9rature de l&#039;air d&#039;admission, ce qui permet de d\u00e9livrer une puissance plus \u00e9lev\u00e9e \u00e0 sur les r\u00e9gimes interm\u00e9diaires. Un syst\u00e8me de r\u00e9sonateur diminue encore les bruits du moteur \u00e0 toutes les allures.  Le nouvel allumage direct r\u00e9duit le nombre de pi\u00e8ces et de c\u00e2blages ce qui permet de mieux g\u00e9n\u00e9rer l&#039;\u00e9tincelle d&#039;allumage et am\u00e9liore l&#039;efficacit\u00e9 de combustion.  La principale diff\u00e9rence avec son &quot;petit fr\u00e8re&quot; DF115B est qu&#039;il obtient sa puissance sur une plage de r\u00e9gime plus \u00e9lev\u00e9e.\" \/>\n<meta property=\"og:url\" content=\"https:\/\/www.atlanticraftboats.com\/en\/product\/suzuki-df150ap-4cyl-copie\/\" \/>\n<meta property=\"og:site_name\" content=\"AtlantiCraft\" \/>\n<meta property=\"article:publisher\" content=\"https:\/\/www.facebook.com\/AtlanticraftFrance\" \/>\n<meta property=\"article:modified_time\" content=\"2022-10-23T12:28:46+00:00\" \/>\n<meta property=\"og:image\" content=\"https:\/\/www.atlanticraftboats.com\/wp-content\/uploads\/2022\/06\/Suzuki_DF140BG-3_4-Black.jpg\" \/>\n\t<meta property=\"og:image:width\" content=\"800\" \/>\n\t<meta property=\"og:image:height\" content=\"800\" \/>\n\t<meta property=\"og:image:type\" content=\"image\/jpeg\" \/>\n<meta name=\"twitter:card\" content=\"summary_large_image\" \/>\n<script type=\"application\/ld+json\" class=\"yoast-schema-graph\">{\"@context\":\"https:\\\/\\\/schema.org\",\"@graph\":[{\"@type\":\"WebPage\",\"@id\":\"https:\\\/\\\/www.atlanticraftboats.com\\\/produit\\\/suzuki-df150ap-4cyl-copie\\\/\",\"url\":\"https:\\\/\\\/www.atlanticraftboats.com\\\/produit\\\/suzuki-df150ap-4cyl-copie\\\/\",\"name\":\"Suzuki DF140B - AtlantiCraft\",\"isPartOf\":{\"@id\":\"https:\\\/\\\/www.atlanticraftboats.com\\\/en\\\/#website\"},\"primaryImageOfPage\":{\"@id\":\"https:\\\/\\\/www.atlanticraftboats.com\\\/produit\\\/suzuki-df150ap-4cyl-copie\\\/#primaryimage\"},\"image\":{\"@id\":\"https:\\\/\\\/www.atlanticraftboats.com\\\/produit\\\/suzuki-df150ap-4cyl-copie\\\/#primaryimage\"},\"thumbnailUrl\":\"https:\\\/\\\/www.atlanticraftboats.com\\\/wp-content\\\/uploads\\\/2022\\\/06\\\/Suzuki_DF140BG-3_4-Black.jpg\",\"datePublished\":\"2022-06-01T01:40:56+00:00\",\"dateModified\":\"2022-10-23T12:28:46+00:00\",\"breadcrumb\":{\"@id\":\"https:\\\/\\\/www.atlanticraftboats.com\\\/produit\\\/suzuki-df150ap-4cyl-copie\\\/#breadcrumb\"},\"inLanguage\":\"en-GB\",\"potentialAction\":[{\"@type\":\"ReadAction\",\"target\":[\"https:\\\/\\\/www.atlanticraftboats.com\\\/produit\\\/suzuki-df150ap-4cyl-copie\\\/\"]}]},{\"@type\":\"ImageObject\",\"inLanguage\":\"en-GB\",\"@id\":\"https:\\\/\\\/www.atlanticraftboats.com\\\/produit\\\/suzuki-df150ap-4cyl-copie\\\/#primaryimage\",\"url\":\"https:\\\/\\\/www.atlanticraftboats.com\\\/wp-content\\\/uploads\\\/2022\\\/06\\\/Suzuki_DF140BG-3_4-Black.jpg\",\"contentUrl\":\"https:\\\/\\\/www.atlanticraftboats.com\\\/wp-content\\\/uploads\\\/2022\\\/06\\\/Suzuki_DF140BG-3_4-Black.jpg\",\"width\":800,\"height\":800},{\"@type\":\"BreadcrumbList\",\"@id\":\"https:\\\/\\\/www.atlanticraftboats.com\\\/produit\\\/suzuki-df150ap-4cyl-copie\\\/#breadcrumb\",\"itemListElement\":[{\"@type\":\"ListItem\",\"position\":1,\"name\":\"Accueil\",\"item\":\"https:\\\/\\\/www.atlanticraftboats.com\\\/\"},{\"@type\":\"ListItem\",\"position\":2,\"name\":\"Les bateaux semi-rigides AtlantiCraft\",\"item\":\"https:\\\/\\\/www.atlanticraftboats.com\\\/bateaux-semi-rigide\\\/\"},{\"@type\":\"ListItem\",\"position\":3,\"name\":\"Suzuki DF140B\"}]},{\"@type\":\"WebSite\",\"@id\":\"https:\\\/\\\/www.atlanticraftboats.com\\\/en\\\/#website\",\"url\":\"https:\\\/\\\/www.atlanticraftboats.com\\\/en\\\/\",\"name\":\"AtlantiCraft\",\"description\":\"Marque fran\u00e7aise de bateaux semi rigides en coque aluminium\",\"publisher\":{\"@id\":\"https:\\\/\\\/www.atlanticraftboats.com\\\/en\\\/#organization\"},\"potentialAction\":[{\"@type\":\"SearchAction\",\"target\":{\"@type\":\"EntryPoint\",\"urlTemplate\":\"https:\\\/\\\/www.atlanticraftboats.com\\\/en\\\/?s={search_term_string}\"},\"query-input\":{\"@type\":\"PropertyValueSpecification\",\"valueRequired\":true,\"valueName\":\"search_term_string\"}}],\"inLanguage\":\"en-GB\"},{\"@type\":\"Organization\",\"@id\":\"https:\\\/\\\/www.atlanticraftboats.com\\\/en\\\/#organization\",\"name\":\"Atlanticraft\",\"url\":\"https:\\\/\\\/www.atlanticraftboats.com\\\/en\\\/\",\"logo\":{\"@type\":\"ImageObject\",\"inLanguage\":\"en-GB\",\"@id\":\"https:\\\/\\\/www.atlanticraftboats.com\\\/en\\\/#\\\/schema\\\/logo\\\/image\\\/\",\"url\":\"https:\\\/\\\/www.atlanticraftboats.com\\\/wp-content\\\/uploads\\\/2022\\\/04\\\/logo-atlanticraft.svg\",\"contentUrl\":\"https:\\\/\\\/www.atlanticraftboats.com\\\/wp-content\\\/uploads\\\/2022\\\/04\\\/logo-atlanticraft.svg\",\"width\":215,\"height\":51,\"caption\":\"Atlanticraft\"},\"image\":{\"@id\":\"https:\\\/\\\/www.atlanticraftboats.com\\\/en\\\/#\\\/schema\\\/logo\\\/image\\\/\"},\"sameAs\":[\"https:\\\/\\\/www.facebook.com\\\/AtlanticraftFrance\",\"https:\\\/\\\/www.instagram.com\\\/atlanticraft_france\\\/\",\"https:\\\/\\\/www.linkedin.com\\\/company\\\/82927401\\\/admin\\\/dashboard\\\/\"]}]}<\/script>\n<!-- \/ Yoast SEO plugin. -->","yoast_head_json":{"title":"Suzuki DF140B - AtlantiCraft","robots":{"index":"index","follow":"follow","max-snippet":"max-snippet:-1","max-image-preview":"max-image-preview:large","max-video-preview":"max-video-preview:-1"},"canonical":"https:\/\/www.atlanticraftboats.com\/en\/product\/suzuki-df150ap-4cyl-copie\/","og_locale":"en_GB","og_type":"article","og_title":"Suzuki DF140B - AtlantiCraft","og_description":"Gamme Sport Le nouveau moteur hors-bord de Suzuki, le DF140B b\u00e9n\u00e9ficie d'\u00e9volutions qui am\u00e9liorent encore son comportement g\u00e9n\u00e9ral. Le taux de compression passe en effet \u00e0 10,6\/1, ce qui permet \u00e0 ce moteur hors-bord de plus de 2 litres d\u2019am\u00e9liorer encore la vitesse maximale et d'obtenir de meilleures acc\u00e9l\u00e9rations tout en optimisant l'efficacit\u00e9 thermique. Le rendement \u00e9nerg\u00e9tique a aussi \u00e9t\u00e9 am\u00e9lior\u00e9 par rapport au mod\u00e8le DF140A bien connu des clients de la marque. Des essais ont prouv\u00e9 une am\u00e9lioration de 5 \u00e0 6 % du dela consommation d'essence pour le DF140A sur une plage de vitesses moyennes \u00e0 hautes. Le nouveau car\u00e9nage adopte une prise d\u2019air sp\u00e9ciale optimisant la s\u00e9paration d\u2019eau tout en r\u00e9duisant la temp\u00e9rature de l'air d'admission, ce qui permet de d\u00e9livrer une puissance plus \u00e9lev\u00e9e \u00e0 sur les r\u00e9gimes interm\u00e9diaires. Un syst\u00e8me de r\u00e9sonateur diminue encore les bruits du moteur \u00e0 toutes les allures.  Le nouvel allumage direct r\u00e9duit le nombre de pi\u00e8ces et de c\u00e2blages ce qui permet de mieux g\u00e9n\u00e9rer l'\u00e9tincelle d'allumage et am\u00e9liore l'efficacit\u00e9 de combustion.  La principale diff\u00e9rence avec son \"petit fr\u00e8re\" DF115B est qu'il obtient sa puissance sur une plage de r\u00e9gime plus \u00e9lev\u00e9e.","og_url":"https:\/\/www.atlanticraftboats.com\/en\/product\/suzuki-df150ap-4cyl-copie\/","og_site_name":"AtlantiCraft","article_publisher":"https:\/\/www.facebook.com\/AtlanticraftFrance","article_modified_time":"2022-10-23T12:28:46+00:00","og_image":[{"width":800,"height":800,"url":"https:\/\/www.atlanticraftboats.com\/wp-content\/uploads\/2022\/06\/Suzuki_DF140BG-3_4-Black.jpg","type":"image\/jpeg"}],"twitter_card":"summary_large_image","schema":{"@context":"https:\/\/schema.org","@graph":[{"@type":"WebPage","@id":"https:\/\/www.atlanticraftboats.com\/produit\/suzuki-df150ap-4cyl-copie\/","url":"https:\/\/www.atlanticraftboats.com\/produit\/suzuki-df150ap-4cyl-copie\/","name":"Suzuki DF140B - AtlantiCraft","isPartOf":{"@id":"https:\/\/www.atlanticraftboats.com\/en\/#website"},"primaryImageOfPage":{"@id":"https:\/\/www.atlanticraftboats.com\/produit\/suzuki-df150ap-4cyl-copie\/#primaryimage"},"image":{"@id":"https:\/\/www.atlanticraftboats.com\/produit\/suzuki-df150ap-4cyl-copie\/#primaryimage"},"thumbnailUrl":"https:\/\/www.atlanticraftboats.com\/wp-content\/uploads\/2022\/06\/Suzuki_DF140BG-3_4-Black.jpg","datePublished":"2022-06-01T01:40:56+00:00","dateModified":"2022-10-23T12:28:46+00:00","breadcrumb":{"@id":"https:\/\/www.atlanticraftboats.com\/produit\/suzuki-df150ap-4cyl-copie\/#breadcrumb"},"inLanguage":"en-GB","potentialAction":[{"@type":"ReadAction","target":["https:\/\/www.atlanticraftboats.com\/produit\/suzuki-df150ap-4cyl-copie\/"]}]},{"@type":"ImageObject","inLanguage":"en-GB","@id":"https:\/\/www.atlanticraftboats.com\/produit\/suzuki-df150ap-4cyl-copie\/#primaryimage","url":"https:\/\/www.atlanticraftboats.com\/wp-content\/uploads\/2022\/06\/Suzuki_DF140BG-3_4-Black.jpg","contentUrl":"https:\/\/www.atlanticraftboats.com\/wp-content\/uploads\/2022\/06\/Suzuki_DF140BG-3_4-Black.jpg","width":800,"height":800},{"@type":"BreadcrumbList","@id":"https:\/\/www.atlanticraftboats.com\/produit\/suzuki-df150ap-4cyl-copie\/#breadcrumb","itemListElement":[{"@type":"ListItem","position":1,"name":"Accueil","item":"https:\/\/www.atlanticraftboats.com\/"},{"@type":"ListItem","position":2,"name":"Les bateaux semi-rigides AtlantiCraft","item":"https:\/\/www.atlanticraftboats.com\/bateaux-semi-rigide\/"},{"@type":"ListItem","position":3,"name":"Suzuki DF140B"}]},{"@type":"WebSite","@id":"https:\/\/www.atlanticraftboats.com\/en\/#website","url":"https:\/\/www.atlanticraftboats.com\/en\/","name":"AtlantiCraft","description":"French brand of semi-rigid boats with aluminum hulls","publisher":{"@id":"https:\/\/www.atlanticraftboats.com\/en\/#organization"},"potentialAction":[{"@type":"SearchAction","target":{"@type":"EntryPoint","urlTemplate":"https:\/\/www.atlanticraftboats.com\/en\/?s={search_term_string}"},"query-input":{"@type":"PropertyValueSpecification","valueRequired":true,"valueName":"search_term_string"}}],"inLanguage":"en-GB"},{"@type":"Organization","@id":"https:\/\/www.atlanticraftboats.com\/en\/#organization","name":"Atlanticraft","url":"https:\/\/www.atlanticraftboats.com\/en\/","logo":{"@type":"ImageObject","inLanguage":"en-GB","@id":"https:\/\/www.atlanticraftboats.com\/en\/#\/schema\/logo\/image\/","url":"https:\/\/www.atlanticraftboats.com\/wp-content\/uploads\/2022\/04\/logo-atlanticraft.svg","contentUrl":"https:\/\/www.atlanticraftboats.com\/wp-content\/uploads\/2022\/04\/logo-atlanticraft.svg","width":215,"height":51,"caption":"Atlanticraft"},"image":{"@id":"https:\/\/www.atlanticraftboats.com\/en\/#\/schema\/logo\/image\/"},"sameAs":["https:\/\/www.facebook.com\/AtlanticraftFrance","https:\/\/www.instagram.com\/atlanticraft_france\/","https:\/\/www.linkedin.com\/company\/82927401\/admin\/dashboard\/"]}]}},"jetpack_sharing_enabled":true,"_links":{"self":[{"href":"https:\/\/www.atlanticraftboats.com\/en\/wp-json\/wp\/v2\/product\/563","targetHints":{"allow":["GET"]}}],"collection":[{"href":"https:\/\/www.atlanticraftboats.com\/en\/wp-json\/wp\/v2\/product"}],"about":[{"href":"https:\/\/www.atlanticraftboats.com\/en\/wp-json\/wp\/v2\/types\/product"}],"wp:featuredmedia":[{"embeddable":true,"href":"https:\/\/www.atlanticraftboats.com\/en\/wp-json\/wp\/v2\/media\/1134"}],"wp:attachment":[{"href":"https:\/\/www.atlanticraftboats.com\/en\/wp-json\/wp\/v2\/media?parent=563"}],"wp:term":[{"taxonomy":"product_brand","embeddable":true,"href":"https:\/\/www.atlanticraftboats.com\/en\/wp-json\/wp\/v2\/product_brand?post=563"},{"taxonomy":"product_cat","embeddable":true,"href":"https:\/\/www.atlanticraftboats.com\/en\/wp-json\/wp\/v2\/product_cat?post=563"},{"taxonomy":"product_tag","embeddable":true,"href":"https:\/\/www.atlanticraftboats.com\/en\/wp-json\/wp\/v2\/product_tag?post=563"}],"curies":[{"name":"wp","href":"https:\/\/api.w.org\/{rel}","templated":true}]}}