{"id":579,"date":"2022-06-01T04:02:22","date_gmt":"2022-06-01T02:02:22","guid":{"rendered":"https:\/\/www.atlanticraftfrance.com\/?post_type=product&#038;p=579"},"modified":"2022-10-23T14:31:30","modified_gmt":"2022-10-23T12:31:30","slug":"suzuki-df115bg-blanc","status":"publish","type":"product","link":"https:\/\/www.atlanticraftboats.com\/en\/product\/suzuki-df115bg-blanc\/","title":{"rendered":"Suzuki DF115B White"},"content":{"rendered":"","protected":false},"excerpt":{"rendered":"<h3>Sport Range<\/h3>\n<p align=\"left\">Suzuki&#039;s new DF115B outboard engine benefits from developments that further improve its overall performance. The compression ratio has been increased to 10.6:1, allowing this 2-liter outboard engine to further improve top speed and achieve better acceleration while optimizing thermal efficiency.<\/p>\n<p align=\"left\">Fuel efficiency has also been improved compared to the DF115A model, which is well known to the brand&#039;s customers. Tests have shown a 5 to 6 % improvement in fuel consumption for the DF115B over a medium to high speed range.<\/p>\n<p>The new fairing adopts a special air intake that optimizes water separation while reducing the intake air temperature, which allows for higher power delivery at mid-range speeds. A resonator system further reduces engine noise at all speeds.<\/p>\n<p>The new direct ignition reduces the number of parts and wiring, which allows for better ignition spark generation and improved combustion efficiency.<\/p>\n<p>The main difference with its &quot;big brother&quot; DF140B is that it gets its power over a lower and wider rev range.<\/p>","protected":false},"featured_media":1158,"template":"","meta":{"inline_featured_image":false},"product_brand":[],"product_cat":[28],"product_tag":[],"class_list":{"0":"post-579","1":"product","2":"type-product","3":"status-publish","4":"has-post-thumbnail","6":"product_cat-moteurs","8":"first","9":"instock","10":"taxable","11":"shipping-taxable","12":"purchasable","13":"product-type-simple"},"yoast_head":"<!-- This site is optimized with the Yoast SEO plugin v27.3 - https:\/\/yoast.com\/product\/yoast-seo-wordpress\/ -->\n<title>Suzuki DF115B Blanc - AtlantiCraft<\/title>\n<meta name=\"robots\" content=\"index, follow, max-snippet:-1, max-image-preview:large, max-video-preview:-1\" \/>\n<link rel=\"canonical\" href=\"https:\/\/www.atlanticraftboats.com\/en\/product\/suzuki-df115bg-blanc\/\" \/>\n<meta property=\"og:locale\" content=\"en_GB\" \/>\n<meta property=\"og:type\" content=\"article\" \/>\n<meta property=\"og:title\" content=\"Suzuki DF115B Blanc - AtlantiCraft\" \/>\n<meta property=\"og:description\" content=\"Gamme Sport Le nouveau moteur hors-bord de Suzuki, le DF115B b\u00e9n\u00e9ficie d&#039;\u00e9volutions qui am\u00e9liorent encore son comportement g\u00e9n\u00e9ral. Le taux de compression passe en effet \u00e0 10,6\/1, ce qui permet \u00e0 ce moteur hors-bord de plus de 2 litres d\u2019am\u00e9liorer encore la vitesse maximale et d&#039;obtenir de meilleures acc\u00e9l\u00e9rations tout en optimisant l&#039;efficacit\u00e9 thermique. Le rendement \u00e9nerg\u00e9tique a aussi \u00e9t\u00e9 am\u00e9lior\u00e9 par rapport au mod\u00e8le DF115A bien connu des clients de la marque. Des essais ont prouv\u00e9 une am\u00e9lioration de 5 \u00e0 6 % du dela consommation d&#039;essence pour le DF115B sur une plage de vitesses moyennes \u00e0 hautes. Le nouveau car\u00e9nage adopte une prise d\u2019air sp\u00e9ciale optimisant la s\u00e9paration d\u2019eau tout en r\u00e9duisant la temp\u00e9rature de l&#039;air d&#039;admission, ce qui permet de d\u00e9livrer une puissance plus \u00e9lev\u00e9e \u00e0 sur les r\u00e9gimes interm\u00e9diaires. Un syst\u00e8me de r\u00e9sonateur diminue encore les bruits du moteur \u00e0 toutes les allures.  Le nouvel allumage direct r\u00e9duit le nombre de pi\u00e8ces et de c\u00e2blages ce qui permet de mieux g\u00e9n\u00e9rer l&#039;\u00e9tincelle d&#039;allumage et am\u00e9liore l&#039;efficacit\u00e9 de combustion.  La principale diff\u00e9rence avec son &quot;grand fr\u00e8re&quot; DF140B est qu&#039;il obtient sa puissance sur une plage de r\u00e9gime moins \u00e9lev\u00e9e et plus large.\" \/>\n<meta property=\"og:url\" content=\"https:\/\/www.atlanticraftboats.com\/en\/product\/suzuki-df115bg-blanc\/\" \/>\n<meta property=\"og:site_name\" content=\"AtlantiCraft\" \/>\n<meta property=\"article:publisher\" content=\"https:\/\/www.facebook.com\/AtlanticraftFrance\" \/>\n<meta property=\"article:modified_time\" content=\"2022-10-23T12:31:30+00:00\" \/>\n<meta property=\"og:image\" content=\"https:\/\/www.atlanticraftboats.com\/wp-content\/uploads\/2022\/06\/Suzuki_DF115BG-WH.jpg\" \/>\n\t<meta property=\"og:image:width\" content=\"800\" \/>\n\t<meta property=\"og:image:height\" content=\"800\" \/>\n\t<meta property=\"og:image:type\" content=\"image\/jpeg\" \/>\n<meta name=\"twitter:card\" content=\"summary_large_image\" \/>\n<script type=\"application\/ld+json\" class=\"yoast-schema-graph\">{\"@context\":\"https:\\\/\\\/schema.org\",\"@graph\":[{\"@type\":\"WebPage\",\"@id\":\"https:\\\/\\\/www.atlanticraftboats.com\\\/produit\\\/suzuki-df115bg-blanc\\\/\",\"url\":\"https:\\\/\\\/www.atlanticraftboats.com\\\/produit\\\/suzuki-df115bg-blanc\\\/\",\"name\":\"Suzuki DF115B Blanc - AtlantiCraft\",\"isPartOf\":{\"@id\":\"https:\\\/\\\/www.atlanticraftboats.com\\\/en\\\/#website\"},\"primaryImageOfPage\":{\"@id\":\"https:\\\/\\\/www.atlanticraftboats.com\\\/produit\\\/suzuki-df115bg-blanc\\\/#primaryimage\"},\"image\":{\"@id\":\"https:\\\/\\\/www.atlanticraftboats.com\\\/produit\\\/suzuki-df115bg-blanc\\\/#primaryimage\"},\"thumbnailUrl\":\"https:\\\/\\\/www.atlanticraftboats.com\\\/wp-content\\\/uploads\\\/2022\\\/06\\\/Suzuki_DF115BG-WH.jpg\",\"datePublished\":\"2022-06-01T02:02:22+00:00\",\"dateModified\":\"2022-10-23T12:31:30+00:00\",\"breadcrumb\":{\"@id\":\"https:\\\/\\\/www.atlanticraftboats.com\\\/produit\\\/suzuki-df115bg-blanc\\\/#breadcrumb\"},\"inLanguage\":\"en-GB\",\"potentialAction\":[{\"@type\":\"ReadAction\",\"target\":[\"https:\\\/\\\/www.atlanticraftboats.com\\\/produit\\\/suzuki-df115bg-blanc\\\/\"]}]},{\"@type\":\"ImageObject\",\"inLanguage\":\"en-GB\",\"@id\":\"https:\\\/\\\/www.atlanticraftboats.com\\\/produit\\\/suzuki-df115bg-blanc\\\/#primaryimage\",\"url\":\"https:\\\/\\\/www.atlanticraftboats.com\\\/wp-content\\\/uploads\\\/2022\\\/06\\\/Suzuki_DF115BG-WH.jpg\",\"contentUrl\":\"https:\\\/\\\/www.atlanticraftboats.com\\\/wp-content\\\/uploads\\\/2022\\\/06\\\/Suzuki_DF115BG-WH.jpg\",\"width\":800,\"height\":800},{\"@type\":\"BreadcrumbList\",\"@id\":\"https:\\\/\\\/www.atlanticraftboats.com\\\/produit\\\/suzuki-df115bg-blanc\\\/#breadcrumb\",\"itemListElement\":[{\"@type\":\"ListItem\",\"position\":1,\"name\":\"Accueil\",\"item\":\"https:\\\/\\\/www.atlanticraftboats.com\\\/\"},{\"@type\":\"ListItem\",\"position\":2,\"name\":\"Les bateaux semi-rigides AtlantiCraft\",\"item\":\"https:\\\/\\\/www.atlanticraftboats.com\\\/bateaux-semi-rigide\\\/\"},{\"@type\":\"ListItem\",\"position\":3,\"name\":\"Suzuki DF115B Blanc\"}]},{\"@type\":\"WebSite\",\"@id\":\"https:\\\/\\\/www.atlanticraftboats.com\\\/en\\\/#website\",\"url\":\"https:\\\/\\\/www.atlanticraftboats.com\\\/en\\\/\",\"name\":\"AtlantiCraft\",\"description\":\"Marque fran\u00e7aise de bateaux semi rigides en coque aluminium\",\"publisher\":{\"@id\":\"https:\\\/\\\/www.atlanticraftboats.com\\\/en\\\/#organization\"},\"potentialAction\":[{\"@type\":\"SearchAction\",\"target\":{\"@type\":\"EntryPoint\",\"urlTemplate\":\"https:\\\/\\\/www.atlanticraftboats.com\\\/en\\\/?s={search_term_string}\"},\"query-input\":{\"@type\":\"PropertyValueSpecification\",\"valueRequired\":true,\"valueName\":\"search_term_string\"}}],\"inLanguage\":\"en-GB\"},{\"@type\":\"Organization\",\"@id\":\"https:\\\/\\\/www.atlanticraftboats.com\\\/en\\\/#organization\",\"name\":\"Atlanticraft\",\"url\":\"https:\\\/\\\/www.atlanticraftboats.com\\\/en\\\/\",\"logo\":{\"@type\":\"ImageObject\",\"inLanguage\":\"en-GB\",\"@id\":\"https:\\\/\\\/www.atlanticraftboats.com\\\/en\\\/#\\\/schema\\\/logo\\\/image\\\/\",\"url\":\"https:\\\/\\\/www.atlanticraftboats.com\\\/wp-content\\\/uploads\\\/2022\\\/04\\\/logo-atlanticraft.svg\",\"contentUrl\":\"https:\\\/\\\/www.atlanticraftboats.com\\\/wp-content\\\/uploads\\\/2022\\\/04\\\/logo-atlanticraft.svg\",\"width\":215,\"height\":51,\"caption\":\"Atlanticraft\"},\"image\":{\"@id\":\"https:\\\/\\\/www.atlanticraftboats.com\\\/en\\\/#\\\/schema\\\/logo\\\/image\\\/\"},\"sameAs\":[\"https:\\\/\\\/www.facebook.com\\\/AtlanticraftFrance\",\"https:\\\/\\\/www.instagram.com\\\/atlanticraft_france\\\/\",\"https:\\\/\\\/www.linkedin.com\\\/company\\\/82927401\\\/admin\\\/dashboard\\\/\"]}]}<\/script>\n<!-- \/ Yoast SEO plugin. -->","yoast_head_json":{"title":"Suzuki DF115B Blanc - AtlantiCraft","robots":{"index":"index","follow":"follow","max-snippet":"max-snippet:-1","max-image-preview":"max-image-preview:large","max-video-preview":"max-video-preview:-1"},"canonical":"https:\/\/www.atlanticraftboats.com\/en\/product\/suzuki-df115bg-blanc\/","og_locale":"en_GB","og_type":"article","og_title":"Suzuki DF115B Blanc - AtlantiCraft","og_description":"Gamme Sport Le nouveau moteur hors-bord de Suzuki, le DF115B b\u00e9n\u00e9ficie d'\u00e9volutions qui am\u00e9liorent encore son comportement g\u00e9n\u00e9ral. Le taux de compression passe en effet \u00e0 10,6\/1, ce qui permet \u00e0 ce moteur hors-bord de plus de 2 litres d\u2019am\u00e9liorer encore la vitesse maximale et d'obtenir de meilleures acc\u00e9l\u00e9rations tout en optimisant l'efficacit\u00e9 thermique. Le rendement \u00e9nerg\u00e9tique a aussi \u00e9t\u00e9 am\u00e9lior\u00e9 par rapport au mod\u00e8le DF115A bien connu des clients de la marque. Des essais ont prouv\u00e9 une am\u00e9lioration de 5 \u00e0 6 % du dela consommation d'essence pour le DF115B sur une plage de vitesses moyennes \u00e0 hautes. Le nouveau car\u00e9nage adopte une prise d\u2019air sp\u00e9ciale optimisant la s\u00e9paration d\u2019eau tout en r\u00e9duisant la temp\u00e9rature de l'air d'admission, ce qui permet de d\u00e9livrer une puissance plus \u00e9lev\u00e9e \u00e0 sur les r\u00e9gimes interm\u00e9diaires. Un syst\u00e8me de r\u00e9sonateur diminue encore les bruits du moteur \u00e0 toutes les allures.  Le nouvel allumage direct r\u00e9duit le nombre de pi\u00e8ces et de c\u00e2blages ce qui permet de mieux g\u00e9n\u00e9rer l'\u00e9tincelle d'allumage et am\u00e9liore l'efficacit\u00e9 de combustion.  La principale diff\u00e9rence avec son \"grand fr\u00e8re\" DF140B est qu'il obtient sa puissance sur une plage de r\u00e9gime moins \u00e9lev\u00e9e et plus large.","og_url":"https:\/\/www.atlanticraftboats.com\/en\/product\/suzuki-df115bg-blanc\/","og_site_name":"AtlantiCraft","article_publisher":"https:\/\/www.facebook.com\/AtlanticraftFrance","article_modified_time":"2022-10-23T12:31:30+00:00","og_image":[{"width":800,"height":800,"url":"https:\/\/www.atlanticraftboats.com\/wp-content\/uploads\/2022\/06\/Suzuki_DF115BG-WH.jpg","type":"image\/jpeg"}],"twitter_card":"summary_large_image","schema":{"@context":"https:\/\/schema.org","@graph":[{"@type":"WebPage","@id":"https:\/\/www.atlanticraftboats.com\/produit\/suzuki-df115bg-blanc\/","url":"https:\/\/www.atlanticraftboats.com\/produit\/suzuki-df115bg-blanc\/","name":"Suzuki DF115B Blanc - AtlantiCraft","isPartOf":{"@id":"https:\/\/www.atlanticraftboats.com\/en\/#website"},"primaryImageOfPage":{"@id":"https:\/\/www.atlanticraftboats.com\/produit\/suzuki-df115bg-blanc\/#primaryimage"},"image":{"@id":"https:\/\/www.atlanticraftboats.com\/produit\/suzuki-df115bg-blanc\/#primaryimage"},"thumbnailUrl":"https:\/\/www.atlanticraftboats.com\/wp-content\/uploads\/2022\/06\/Suzuki_DF115BG-WH.jpg","datePublished":"2022-06-01T02:02:22+00:00","dateModified":"2022-10-23T12:31:30+00:00","breadcrumb":{"@id":"https:\/\/www.atlanticraftboats.com\/produit\/suzuki-df115bg-blanc\/#breadcrumb"},"inLanguage":"en-GB","potentialAction":[{"@type":"ReadAction","target":["https:\/\/www.atlanticraftboats.com\/produit\/suzuki-df115bg-blanc\/"]}]},{"@type":"ImageObject","inLanguage":"en-GB","@id":"https:\/\/www.atlanticraftboats.com\/produit\/suzuki-df115bg-blanc\/#primaryimage","url":"https:\/\/www.atlanticraftboats.com\/wp-content\/uploads\/2022\/06\/Suzuki_DF115BG-WH.jpg","contentUrl":"https:\/\/www.atlanticraftboats.com\/wp-content\/uploads\/2022\/06\/Suzuki_DF115BG-WH.jpg","width":800,"height":800},{"@type":"BreadcrumbList","@id":"https:\/\/www.atlanticraftboats.com\/produit\/suzuki-df115bg-blanc\/#breadcrumb","itemListElement":[{"@type":"ListItem","position":1,"name":"Accueil","item":"https:\/\/www.atlanticraftboats.com\/"},{"@type":"ListItem","position":2,"name":"Les bateaux semi-rigides AtlantiCraft","item":"https:\/\/www.atlanticraftboats.com\/bateaux-semi-rigide\/"},{"@type":"ListItem","position":3,"name":"Suzuki DF115B Blanc"}]},{"@type":"WebSite","@id":"https:\/\/www.atlanticraftboats.com\/en\/#website","url":"https:\/\/www.atlanticraftboats.com\/en\/","name":"AtlantiCraft","description":"French brand of semi-rigid boats with aluminum hulls","publisher":{"@id":"https:\/\/www.atlanticraftboats.com\/en\/#organization"},"potentialAction":[{"@type":"SearchAction","target":{"@type":"EntryPoint","urlTemplate":"https:\/\/www.atlanticraftboats.com\/en\/?s={search_term_string}"},"query-input":{"@type":"PropertyValueSpecification","valueRequired":true,"valueName":"search_term_string"}}],"inLanguage":"en-GB"},{"@type":"Organization","@id":"https:\/\/www.atlanticraftboats.com\/en\/#organization","name":"Atlanticraft","url":"https:\/\/www.atlanticraftboats.com\/en\/","logo":{"@type":"ImageObject","inLanguage":"en-GB","@id":"https:\/\/www.atlanticraftboats.com\/en\/#\/schema\/logo\/image\/","url":"https:\/\/www.atlanticraftboats.com\/wp-content\/uploads\/2022\/04\/logo-atlanticraft.svg","contentUrl":"https:\/\/www.atlanticraftboats.com\/wp-content\/uploads\/2022\/04\/logo-atlanticraft.svg","width":215,"height":51,"caption":"Atlanticraft"},"image":{"@id":"https:\/\/www.atlanticraftboats.com\/en\/#\/schema\/logo\/image\/"},"sameAs":["https:\/\/www.facebook.com\/AtlanticraftFrance","https:\/\/www.instagram.com\/atlanticraft_france\/","https:\/\/www.linkedin.com\/company\/82927401\/admin\/dashboard\/"]}]}},"jetpack_sharing_enabled":true,"_links":{"self":[{"href":"https:\/\/www.atlanticraftboats.com\/en\/wp-json\/wp\/v2\/product\/579","targetHints":{"allow":["GET"]}}],"collection":[{"href":"https:\/\/www.atlanticraftboats.com\/en\/wp-json\/wp\/v2\/product"}],"about":[{"href":"https:\/\/www.atlanticraftboats.com\/en\/wp-json\/wp\/v2\/types\/product"}],"wp:featuredmedia":[{"embeddable":true,"href":"https:\/\/www.atlanticraftboats.com\/en\/wp-json\/wp\/v2\/media\/1158"}],"wp:attachment":[{"href":"https:\/\/www.atlanticraftboats.com\/en\/wp-json\/wp\/v2\/media?parent=579"}],"wp:term":[{"taxonomy":"product_brand","embeddable":true,"href":"https:\/\/www.atlanticraftboats.com\/en\/wp-json\/wp\/v2\/product_brand?post=579"},{"taxonomy":"product_cat","embeddable":true,"href":"https:\/\/www.atlanticraftboats.com\/en\/wp-json\/wp\/v2\/product_cat?post=579"},{"taxonomy":"product_tag","embeddable":true,"href":"https:\/\/www.atlanticraftboats.com\/en\/wp-json\/wp\/v2\/product_tag?post=579"}],"curies":[{"name":"wp","href":"https:\/\/api.w.org\/{rel}","templated":true}]}}