{"id":587,"date":"2022-06-01T04:08:33","date_gmt":"2022-06-01T02:08:33","guid":{"rendered":"https:\/\/www.atlanticraftfrance.com\/?post_type=product&#038;p=587"},"modified":"2023-05-06T21:53:16","modified_gmt":"2023-05-06T19:53:16","slug":"suzuki-df100b-blanc","status":"publish","type":"product","link":"https:\/\/www.atlanticraftboats.com\/en\/product\/suzuki-df100b-blanc\/","title":{"rendered":"Suzuki DF100B White"},"content":{"rendered":"<p>SMG4 gauge: \u20ac1,599<\/p>\n<p>Stainless steel propeller: \u20ac899<\/p>\n<p>White: \u20ac312<\/p>","protected":false},"excerpt":{"rendered":"<h3>Sport Range<\/h3>\n<p>The lightest and most compact outboard motor in its class, the Suzuki DF100B is designed to deliver exhilarating power while maintaining moderate fuel consumption.<\/p>\n<p align=\"left\">It features a suite of innovations such as sequential digital electronic injection. Timing is ensured by a maintenance-free chain. The reduction ratio reaches 2.59:1.<\/p>\n<p>Its new streamlined foot and highly efficient propellers help increase top speed while reducing fuel consumption.<\/p>\n<p>It is the ideal engine for powering a wide variety of boats. It is particularly perfect for relatively light boats such as RIBs.<\/p>","protected":false},"featured_media":1155,"template":"","meta":{"inline_featured_image":false},"product_brand":[],"product_cat":[28],"product_tag":[],"class_list":{"0":"post-587","1":"product","2":"type-product","3":"status-publish","4":"has-post-thumbnail","6":"product_cat-moteurs","8":"first","9":"instock","10":"taxable","11":"shipping-taxable","12":"purchasable","13":"product-type-simple"},"yoast_head":"<!-- This site is optimized with the Yoast SEO plugin v27.3 - https:\/\/yoast.com\/product\/yoast-seo-wordpress\/ -->\n<title>Suzuki DF100B Blanc - AtlantiCraft<\/title>\n<meta name=\"robots\" content=\"index, follow, max-snippet:-1, max-image-preview:large, max-video-preview:-1\" \/>\n<link rel=\"canonical\" href=\"https:\/\/www.atlanticraftboats.com\/en\/product\/suzuki-df100b-blanc\/\" \/>\n<meta property=\"og:locale\" content=\"en_GB\" \/>\n<meta property=\"og:type\" content=\"article\" \/>\n<meta property=\"og:title\" content=\"Suzuki DF100B Blanc - AtlantiCraft\" \/>\n<meta property=\"og:description\" content=\"Gamme Sport Moteur hors-bord le plus l\u00e9ger et compact de sa cat\u00e9gorie, le Suzuki DF100B est con\u00e7u pour d\u00e9livrer des puissances grisantes tout en maintenant un niveau mod\u00e9r\u00e9 de consommation. Il propose un ensemble d\u2019innovations telles que l\u2019injection \u00e9lectronique digitale s\u00e9quentielle. La distribution est assur\u00e9e par une cha\u00eene qui n\u2019exige aucune maintenance. Le rapport de r\u00e9duction atteint 2.59:1. Son nouveau pied profil\u00e9 et ses h\u00e9lices d\u2019une grande efficacit\u00e9 contribuent \u00e0 augmenter la vitesse de pointe, tout en diminuant la consommation de carburant.  C\u2019est le moteur id\u00e9al pour propulser une tr\u00e8s grande vari\u00e9t\u00e9 d\u2019embarcations. Il est notamment parfait pour les embarcations relativement l\u00e9g\u00e8res telles que les semi-rigides.\" \/>\n<meta property=\"og:url\" content=\"https:\/\/www.atlanticraftboats.com\/en\/product\/suzuki-df100b-blanc\/\" \/>\n<meta property=\"og:site_name\" content=\"AtlantiCraft\" \/>\n<meta property=\"article:publisher\" content=\"https:\/\/www.facebook.com\/AtlanticraftFrance\" \/>\n<meta property=\"article:modified_time\" content=\"2023-05-06T19:53:16+00:00\" \/>\n<meta property=\"og:image\" content=\"https:\/\/www.atlanticraftboats.com\/wp-content\/uploads\/2022\/06\/Suzuki_DF100BTL_RC_White_Diagonal_from2021MY.jpg\" \/>\n\t<meta property=\"og:image:width\" content=\"800\" \/>\n\t<meta property=\"og:image:height\" content=\"800\" \/>\n\t<meta property=\"og:image:type\" content=\"image\/jpeg\" \/>\n<meta name=\"twitter:card\" content=\"summary_large_image\" \/>\n<script type=\"application\/ld+json\" class=\"yoast-schema-graph\">{\"@context\":\"https:\\\/\\\/schema.org\",\"@graph\":[{\"@type\":\"WebPage\",\"@id\":\"https:\\\/\\\/www.atlanticraftboats.com\\\/produit\\\/suzuki-df100b-blanc\\\/\",\"url\":\"https:\\\/\\\/www.atlanticraftboats.com\\\/produit\\\/suzuki-df100b-blanc\\\/\",\"name\":\"Suzuki DF100B Blanc - AtlantiCraft\",\"isPartOf\":{\"@id\":\"https:\\\/\\\/www.atlanticraftboats.com\\\/en\\\/#website\"},\"primaryImageOfPage\":{\"@id\":\"https:\\\/\\\/www.atlanticraftboats.com\\\/produit\\\/suzuki-df100b-blanc\\\/#primaryimage\"},\"image\":{\"@id\":\"https:\\\/\\\/www.atlanticraftboats.com\\\/produit\\\/suzuki-df100b-blanc\\\/#primaryimage\"},\"thumbnailUrl\":\"https:\\\/\\\/www.atlanticraftboats.com\\\/wp-content\\\/uploads\\\/2022\\\/06\\\/Suzuki_DF100BTL_RC_White_Diagonal_from2021MY.jpg\",\"datePublished\":\"2022-06-01T02:08:33+00:00\",\"dateModified\":\"2023-05-06T19:53:16+00:00\",\"breadcrumb\":{\"@id\":\"https:\\\/\\\/www.atlanticraftboats.com\\\/produit\\\/suzuki-df100b-blanc\\\/#breadcrumb\"},\"inLanguage\":\"en-GB\",\"potentialAction\":[{\"@type\":\"ReadAction\",\"target\":[\"https:\\\/\\\/www.atlanticraftboats.com\\\/produit\\\/suzuki-df100b-blanc\\\/\"]}]},{\"@type\":\"ImageObject\",\"inLanguage\":\"en-GB\",\"@id\":\"https:\\\/\\\/www.atlanticraftboats.com\\\/produit\\\/suzuki-df100b-blanc\\\/#primaryimage\",\"url\":\"https:\\\/\\\/www.atlanticraftboats.com\\\/wp-content\\\/uploads\\\/2022\\\/06\\\/Suzuki_DF100BTL_RC_White_Diagonal_from2021MY.jpg\",\"contentUrl\":\"https:\\\/\\\/www.atlanticraftboats.com\\\/wp-content\\\/uploads\\\/2022\\\/06\\\/Suzuki_DF100BTL_RC_White_Diagonal_from2021MY.jpg\",\"width\":800,\"height\":800},{\"@type\":\"BreadcrumbList\",\"@id\":\"https:\\\/\\\/www.atlanticraftboats.com\\\/produit\\\/suzuki-df100b-blanc\\\/#breadcrumb\",\"itemListElement\":[{\"@type\":\"ListItem\",\"position\":1,\"name\":\"Accueil\",\"item\":\"https:\\\/\\\/www.atlanticraftboats.com\\\/\"},{\"@type\":\"ListItem\",\"position\":2,\"name\":\"Les bateaux semi-rigides AtlantiCraft\",\"item\":\"https:\\\/\\\/www.atlanticraftboats.com\\\/bateaux-semi-rigide\\\/\"},{\"@type\":\"ListItem\",\"position\":3,\"name\":\"Suzuki DF100B Blanc\"}]},{\"@type\":\"WebSite\",\"@id\":\"https:\\\/\\\/www.atlanticraftboats.com\\\/en\\\/#website\",\"url\":\"https:\\\/\\\/www.atlanticraftboats.com\\\/en\\\/\",\"name\":\"AtlantiCraft\",\"description\":\"Marque fran\u00e7aise de bateaux semi rigides en coque aluminium\",\"publisher\":{\"@id\":\"https:\\\/\\\/www.atlanticraftboats.com\\\/en\\\/#organization\"},\"potentialAction\":[{\"@type\":\"SearchAction\",\"target\":{\"@type\":\"EntryPoint\",\"urlTemplate\":\"https:\\\/\\\/www.atlanticraftboats.com\\\/en\\\/?s={search_term_string}\"},\"query-input\":{\"@type\":\"PropertyValueSpecification\",\"valueRequired\":true,\"valueName\":\"search_term_string\"}}],\"inLanguage\":\"en-GB\"},{\"@type\":\"Organization\",\"@id\":\"https:\\\/\\\/www.atlanticraftboats.com\\\/en\\\/#organization\",\"name\":\"Atlanticraft\",\"url\":\"https:\\\/\\\/www.atlanticraftboats.com\\\/en\\\/\",\"logo\":{\"@type\":\"ImageObject\",\"inLanguage\":\"en-GB\",\"@id\":\"https:\\\/\\\/www.atlanticraftboats.com\\\/en\\\/#\\\/schema\\\/logo\\\/image\\\/\",\"url\":\"https:\\\/\\\/www.atlanticraftboats.com\\\/wp-content\\\/uploads\\\/2022\\\/04\\\/logo-atlanticraft.svg\",\"contentUrl\":\"https:\\\/\\\/www.atlanticraftboats.com\\\/wp-content\\\/uploads\\\/2022\\\/04\\\/logo-atlanticraft.svg\",\"width\":215,\"height\":51,\"caption\":\"Atlanticraft\"},\"image\":{\"@id\":\"https:\\\/\\\/www.atlanticraftboats.com\\\/en\\\/#\\\/schema\\\/logo\\\/image\\\/\"},\"sameAs\":[\"https:\\\/\\\/www.facebook.com\\\/AtlanticraftFrance\",\"https:\\\/\\\/www.instagram.com\\\/atlanticraft_france\\\/\",\"https:\\\/\\\/www.linkedin.com\\\/company\\\/82927401\\\/admin\\\/dashboard\\\/\"]}]}<\/script>\n<!-- \/ Yoast SEO plugin. -->","yoast_head_json":{"title":"Suzuki DF100B Blanc - AtlantiCraft","robots":{"index":"index","follow":"follow","max-snippet":"max-snippet:-1","max-image-preview":"max-image-preview:large","max-video-preview":"max-video-preview:-1"},"canonical":"https:\/\/www.atlanticraftboats.com\/en\/product\/suzuki-df100b-blanc\/","og_locale":"en_GB","og_type":"article","og_title":"Suzuki DF100B Blanc - AtlantiCraft","og_description":"Gamme Sport Moteur hors-bord le plus l\u00e9ger et compact de sa cat\u00e9gorie, le Suzuki DF100B est con\u00e7u pour d\u00e9livrer des puissances grisantes tout en maintenant un niveau mod\u00e9r\u00e9 de consommation. Il propose un ensemble d\u2019innovations telles que l\u2019injection \u00e9lectronique digitale s\u00e9quentielle. La distribution est assur\u00e9e par une cha\u00eene qui n\u2019exige aucune maintenance. Le rapport de r\u00e9duction atteint 2.59:1. Son nouveau pied profil\u00e9 et ses h\u00e9lices d\u2019une grande efficacit\u00e9 contribuent \u00e0 augmenter la vitesse de pointe, tout en diminuant la consommation de carburant.  C\u2019est le moteur id\u00e9al pour propulser une tr\u00e8s grande vari\u00e9t\u00e9 d\u2019embarcations. Il est notamment parfait pour les embarcations relativement l\u00e9g\u00e8res telles que les semi-rigides.","og_url":"https:\/\/www.atlanticraftboats.com\/en\/product\/suzuki-df100b-blanc\/","og_site_name":"AtlantiCraft","article_publisher":"https:\/\/www.facebook.com\/AtlanticraftFrance","article_modified_time":"2023-05-06T19:53:16+00:00","og_image":[{"width":800,"height":800,"url":"https:\/\/www.atlanticraftboats.com\/wp-content\/uploads\/2022\/06\/Suzuki_DF100BTL_RC_White_Diagonal_from2021MY.jpg","type":"image\/jpeg"}],"twitter_card":"summary_large_image","schema":{"@context":"https:\/\/schema.org","@graph":[{"@type":"WebPage","@id":"https:\/\/www.atlanticraftboats.com\/produit\/suzuki-df100b-blanc\/","url":"https:\/\/www.atlanticraftboats.com\/produit\/suzuki-df100b-blanc\/","name":"Suzuki DF100B Blanc - AtlantiCraft","isPartOf":{"@id":"https:\/\/www.atlanticraftboats.com\/en\/#website"},"primaryImageOfPage":{"@id":"https:\/\/www.atlanticraftboats.com\/produit\/suzuki-df100b-blanc\/#primaryimage"},"image":{"@id":"https:\/\/www.atlanticraftboats.com\/produit\/suzuki-df100b-blanc\/#primaryimage"},"thumbnailUrl":"https:\/\/www.atlanticraftboats.com\/wp-content\/uploads\/2022\/06\/Suzuki_DF100BTL_RC_White_Diagonal_from2021MY.jpg","datePublished":"2022-06-01T02:08:33+00:00","dateModified":"2023-05-06T19:53:16+00:00","breadcrumb":{"@id":"https:\/\/www.atlanticraftboats.com\/produit\/suzuki-df100b-blanc\/#breadcrumb"},"inLanguage":"en-GB","potentialAction":[{"@type":"ReadAction","target":["https:\/\/www.atlanticraftboats.com\/produit\/suzuki-df100b-blanc\/"]}]},{"@type":"ImageObject","inLanguage":"en-GB","@id":"https:\/\/www.atlanticraftboats.com\/produit\/suzuki-df100b-blanc\/#primaryimage","url":"https:\/\/www.atlanticraftboats.com\/wp-content\/uploads\/2022\/06\/Suzuki_DF100BTL_RC_White_Diagonal_from2021MY.jpg","contentUrl":"https:\/\/www.atlanticraftboats.com\/wp-content\/uploads\/2022\/06\/Suzuki_DF100BTL_RC_White_Diagonal_from2021MY.jpg","width":800,"height":800},{"@type":"BreadcrumbList","@id":"https:\/\/www.atlanticraftboats.com\/produit\/suzuki-df100b-blanc\/#breadcrumb","itemListElement":[{"@type":"ListItem","position":1,"name":"Accueil","item":"https:\/\/www.atlanticraftboats.com\/"},{"@type":"ListItem","position":2,"name":"Les bateaux semi-rigides AtlantiCraft","item":"https:\/\/www.atlanticraftboats.com\/bateaux-semi-rigide\/"},{"@type":"ListItem","position":3,"name":"Suzuki DF100B Blanc"}]},{"@type":"WebSite","@id":"https:\/\/www.atlanticraftboats.com\/en\/#website","url":"https:\/\/www.atlanticraftboats.com\/en\/","name":"AtlantiCraft","description":"French brand of semi-rigid boats with aluminum hulls","publisher":{"@id":"https:\/\/www.atlanticraftboats.com\/en\/#organization"},"potentialAction":[{"@type":"SearchAction","target":{"@type":"EntryPoint","urlTemplate":"https:\/\/www.atlanticraftboats.com\/en\/?s={search_term_string}"},"query-input":{"@type":"PropertyValueSpecification","valueRequired":true,"valueName":"search_term_string"}}],"inLanguage":"en-GB"},{"@type":"Organization","@id":"https:\/\/www.atlanticraftboats.com\/en\/#organization","name":"Atlanticraft","url":"https:\/\/www.atlanticraftboats.com\/en\/","logo":{"@type":"ImageObject","inLanguage":"en-GB","@id":"https:\/\/www.atlanticraftboats.com\/en\/#\/schema\/logo\/image\/","url":"https:\/\/www.atlanticraftboats.com\/wp-content\/uploads\/2022\/04\/logo-atlanticraft.svg","contentUrl":"https:\/\/www.atlanticraftboats.com\/wp-content\/uploads\/2022\/04\/logo-atlanticraft.svg","width":215,"height":51,"caption":"Atlanticraft"},"image":{"@id":"https:\/\/www.atlanticraftboats.com\/en\/#\/schema\/logo\/image\/"},"sameAs":["https:\/\/www.facebook.com\/AtlanticraftFrance","https:\/\/www.instagram.com\/atlanticraft_france\/","https:\/\/www.linkedin.com\/company\/82927401\/admin\/dashboard\/"]}]}},"jetpack_sharing_enabled":true,"_links":{"self":[{"href":"https:\/\/www.atlanticraftboats.com\/en\/wp-json\/wp\/v2\/product\/587","targetHints":{"allow":["GET"]}}],"collection":[{"href":"https:\/\/www.atlanticraftboats.com\/en\/wp-json\/wp\/v2\/product"}],"about":[{"href":"https:\/\/www.atlanticraftboats.com\/en\/wp-json\/wp\/v2\/types\/product"}],"wp:featuredmedia":[{"embeddable":true,"href":"https:\/\/www.atlanticraftboats.com\/en\/wp-json\/wp\/v2\/media\/1155"}],"wp:attachment":[{"href":"https:\/\/www.atlanticraftboats.com\/en\/wp-json\/wp\/v2\/media?parent=587"}],"wp:term":[{"taxonomy":"product_brand","embeddable":true,"href":"https:\/\/www.atlanticraftboats.com\/en\/wp-json\/wp\/v2\/product_brand?post=587"},{"taxonomy":"product_cat","embeddable":true,"href":"https:\/\/www.atlanticraftboats.com\/en\/wp-json\/wp\/v2\/product_cat?post=587"},{"taxonomy":"product_tag","embeddable":true,"href":"https:\/\/www.atlanticraftboats.com\/en\/wp-json\/wp\/v2\/product_tag?post=587"}],"curies":[{"name":"wp","href":"https:\/\/api.w.org\/{rel}","templated":true}]}}