{"id":644,"date":"2022-06-01T05:35:53","date_gmt":"2022-06-01T03:35:53","guid":{"rendered":"https:\/\/www.atlanticraftfrance.com\/?post_type=product&#038;p=644"},"modified":"2022-10-23T14:45:53","modified_gmt":"2022-10-23T12:45:53","slug":"suzuki-df25a","status":"publish","type":"product","link":"https:\/\/www.atlanticraftboats.com\/en\/product\/suzuki-df25a\/","title":{"rendered":"Suzuki DF25A"},"content":{"rendered":"","protected":false},"excerpt":{"rendered":"<h3>Sport Compact Range<\/h3>\n<p>At just 62 kg, this new 25 hp outboard motor is the lightest in its class. The new DF25A also features Suzuki&#039;s battery-free electronic fuel injection system.<\/p>\n<p>This system offers major advantages, including very reliable starting (especially at low temperatures and high altitudes), lively acceleration and smooth operation. The integration of electronic injection allows this engine to take full advantage of Suzuki&#039;s Lean Burn Control system, offering exceptionally low fuel consumption.<\/p>\n<p>Other key features include a recoil starter system for easier starts, roller rocker arms, an offset crankshaft and a direct intake system for optimum efficiency, and a freshwater flush system for easy maintenance.<\/p>\n<p>This outboard motor is not only easy to use, but its compactness and lightness also guarantee easy transport and storage. It is available in all the most common configurations to cover a wide range of boats and installations.<\/p>","protected":false},"featured_media":1173,"template":"","meta":{"inline_featured_image":false},"product_brand":[],"product_cat":[28],"product_tag":[],"class_list":{"0":"post-644","1":"product","2":"type-product","3":"status-publish","4":"has-post-thumbnail","6":"product_cat-moteurs","8":"first","9":"instock","10":"taxable","11":"shipping-taxable","12":"purchasable","13":"product-type-simple"},"yoast_head":"<!-- This site is optimized with the Yoast SEO plugin v27.3 - https:\/\/yoast.com\/product\/yoast-seo-wordpress\/ -->\n<title>Suzuki DF25A - AtlantiCraft<\/title>\n<meta name=\"robots\" content=\"index, follow, max-snippet:-1, max-image-preview:large, max-video-preview:-1\" \/>\n<link rel=\"canonical\" href=\"https:\/\/www.atlanticraftboats.com\/en\/product\/suzuki-df25a\/\" \/>\n<meta property=\"og:locale\" content=\"en_GB\" \/>\n<meta property=\"og:type\" content=\"article\" \/>\n<meta property=\"og:title\" content=\"Suzuki DF25A - AtlantiCraft\" \/>\n<meta property=\"og:description\" content=\"Gamme Sport Compact Avec seulement 62 kg, ce nouveau moteur hors-bord de 25ch se veut le plus l\u00e9ger de sa cat\u00e9gorie. Le nouveau DF25A est \u00e9quip\u00e9 par ailleurs du syst\u00e8me d&#039;injection \u00e9lectronique sans batterie de Suzuki.  Ce syst\u00e8me offre des avantages majeurs, parmi lesquels un d\u00e9marrage tr\u00e8s fiable (notamment \u00e0 basses temp\u00e9ratures et \u00e0 haute altitude), une acc\u00e9l\u00e9ration vive et un fonctionnement souple. L&#039;int\u00e9gration de l&#039;injection \u00e9lectronique permet \u00e0 ce moteur de tirer pleinement parti du syst\u00e8me Lean Burn Control de Suzuki, offrant une consommation de carburant exceptionnellement faible.  Parmi ses autres caract\u00e9ristiques cl\u00e9s figurent un syst\u00e8me de d\u00e9marrage \u00e0 lanceur offrant des d\u00e9marrages plus ais\u00e9s, des culbuteurs \u00e0 galets, un vilebrequin d\u00e9port\u00e9 et un syst\u00e8me d&#039;admission directe pour un rendement optimum, ainsi qu&#039;un syst\u00e8me de rin\u00e7age par eau douce pour une maintenance facilit\u00e9e.  Ce moteur hors-bord est non seulement simple \u00e0 utiliser mais sa compacit\u00e9 et sa l\u00e9g\u00e8ret\u00e9 est \u00e9galement gage d&#039;un transport et d&#039;un remisage facilit\u00e9s. Il est disponible dans toutes les configurations les plus usit\u00e9es pour couvrir un large panel de bateaux et d&#039;installations.\" \/>\n<meta property=\"og:url\" content=\"https:\/\/www.atlanticraftboats.com\/en\/product\/suzuki-df25a\/\" \/>\n<meta property=\"og:site_name\" content=\"AtlantiCraft\" \/>\n<meta property=\"article:publisher\" content=\"https:\/\/www.facebook.com\/AtlanticraftFrance\" \/>\n<meta property=\"article:modified_time\" content=\"2022-10-23T12:45:53+00:00\" \/>\n<meta property=\"og:image\" content=\"https:\/\/www.atlanticraftboats.com\/wp-content\/uploads\/2022\/06\/Suzuki_DF25ATHL_Tiller_Black_Diagonal_from2021MY.png.jpg\" \/>\n\t<meta property=\"og:image:width\" content=\"800\" \/>\n\t<meta property=\"og:image:height\" content=\"800\" \/>\n\t<meta property=\"og:image:type\" content=\"image\/jpeg\" \/>\n<meta name=\"twitter:card\" content=\"summary_large_image\" \/>\n<script type=\"application\/ld+json\" class=\"yoast-schema-graph\">{\"@context\":\"https:\\\/\\\/schema.org\",\"@graph\":[{\"@type\":\"WebPage\",\"@id\":\"https:\\\/\\\/www.atlanticraftboats.com\\\/produit\\\/suzuki-df25a\\\/\",\"url\":\"https:\\\/\\\/www.atlanticraftboats.com\\\/produit\\\/suzuki-df25a\\\/\",\"name\":\"Suzuki DF25A - AtlantiCraft\",\"isPartOf\":{\"@id\":\"https:\\\/\\\/www.atlanticraftboats.com\\\/en\\\/#website\"},\"primaryImageOfPage\":{\"@id\":\"https:\\\/\\\/www.atlanticraftboats.com\\\/produit\\\/suzuki-df25a\\\/#primaryimage\"},\"image\":{\"@id\":\"https:\\\/\\\/www.atlanticraftboats.com\\\/produit\\\/suzuki-df25a\\\/#primaryimage\"},\"thumbnailUrl\":\"https:\\\/\\\/www.atlanticraftboats.com\\\/wp-content\\\/uploads\\\/2022\\\/06\\\/Suzuki_DF25ATHL_Tiller_Black_Diagonal_from2021MY.png.jpg\",\"datePublished\":\"2022-06-01T03:35:53+00:00\",\"dateModified\":\"2022-10-23T12:45:53+00:00\",\"breadcrumb\":{\"@id\":\"https:\\\/\\\/www.atlanticraftboats.com\\\/produit\\\/suzuki-df25a\\\/#breadcrumb\"},\"inLanguage\":\"en-GB\",\"potentialAction\":[{\"@type\":\"ReadAction\",\"target\":[\"https:\\\/\\\/www.atlanticraftboats.com\\\/produit\\\/suzuki-df25a\\\/\"]}]},{\"@type\":\"ImageObject\",\"inLanguage\":\"en-GB\",\"@id\":\"https:\\\/\\\/www.atlanticraftboats.com\\\/produit\\\/suzuki-df25a\\\/#primaryimage\",\"url\":\"https:\\\/\\\/www.atlanticraftboats.com\\\/wp-content\\\/uploads\\\/2022\\\/06\\\/Suzuki_DF25ATHL_Tiller_Black_Diagonal_from2021MY.png.jpg\",\"contentUrl\":\"https:\\\/\\\/www.atlanticraftboats.com\\\/wp-content\\\/uploads\\\/2022\\\/06\\\/Suzuki_DF25ATHL_Tiller_Black_Diagonal_from2021MY.png.jpg\",\"width\":800,\"height\":800},{\"@type\":\"BreadcrumbList\",\"@id\":\"https:\\\/\\\/www.atlanticraftboats.com\\\/produit\\\/suzuki-df25a\\\/#breadcrumb\",\"itemListElement\":[{\"@type\":\"ListItem\",\"position\":1,\"name\":\"Accueil\",\"item\":\"https:\\\/\\\/www.atlanticraftboats.com\\\/\"},{\"@type\":\"ListItem\",\"position\":2,\"name\":\"Les bateaux semi-rigides AtlantiCraft\",\"item\":\"https:\\\/\\\/www.atlanticraftboats.com\\\/bateaux-semi-rigide\\\/\"},{\"@type\":\"ListItem\",\"position\":3,\"name\":\"Suzuki DF25A\"}]},{\"@type\":\"WebSite\",\"@id\":\"https:\\\/\\\/www.atlanticraftboats.com\\\/en\\\/#website\",\"url\":\"https:\\\/\\\/www.atlanticraftboats.com\\\/en\\\/\",\"name\":\"AtlantiCraft\",\"description\":\"Marque fran\u00e7aise de bateaux semi rigides en coque aluminium\",\"publisher\":{\"@id\":\"https:\\\/\\\/www.atlanticraftboats.com\\\/en\\\/#organization\"},\"potentialAction\":[{\"@type\":\"SearchAction\",\"target\":{\"@type\":\"EntryPoint\",\"urlTemplate\":\"https:\\\/\\\/www.atlanticraftboats.com\\\/en\\\/?s={search_term_string}\"},\"query-input\":{\"@type\":\"PropertyValueSpecification\",\"valueRequired\":true,\"valueName\":\"search_term_string\"}}],\"inLanguage\":\"en-GB\"},{\"@type\":\"Organization\",\"@id\":\"https:\\\/\\\/www.atlanticraftboats.com\\\/en\\\/#organization\",\"name\":\"Atlanticraft\",\"url\":\"https:\\\/\\\/www.atlanticraftboats.com\\\/en\\\/\",\"logo\":{\"@type\":\"ImageObject\",\"inLanguage\":\"en-GB\",\"@id\":\"https:\\\/\\\/www.atlanticraftboats.com\\\/en\\\/#\\\/schema\\\/logo\\\/image\\\/\",\"url\":\"https:\\\/\\\/www.atlanticraftboats.com\\\/wp-content\\\/uploads\\\/2022\\\/04\\\/logo-atlanticraft.svg\",\"contentUrl\":\"https:\\\/\\\/www.atlanticraftboats.com\\\/wp-content\\\/uploads\\\/2022\\\/04\\\/logo-atlanticraft.svg\",\"width\":215,\"height\":51,\"caption\":\"Atlanticraft\"},\"image\":{\"@id\":\"https:\\\/\\\/www.atlanticraftboats.com\\\/en\\\/#\\\/schema\\\/logo\\\/image\\\/\"},\"sameAs\":[\"https:\\\/\\\/www.facebook.com\\\/AtlanticraftFrance\",\"https:\\\/\\\/www.instagram.com\\\/atlanticraft_france\\\/\",\"https:\\\/\\\/www.linkedin.com\\\/company\\\/82927401\\\/admin\\\/dashboard\\\/\"]}]}<\/script>\n<!-- \/ Yoast SEO plugin. -->","yoast_head_json":{"title":"Suzuki DF25A - AtlantiCraft","robots":{"index":"index","follow":"follow","max-snippet":"max-snippet:-1","max-image-preview":"max-image-preview:large","max-video-preview":"max-video-preview:-1"},"canonical":"https:\/\/www.atlanticraftboats.com\/en\/product\/suzuki-df25a\/","og_locale":"en_GB","og_type":"article","og_title":"Suzuki DF25A - AtlantiCraft","og_description":"Gamme Sport Compact Avec seulement 62 kg, ce nouveau moteur hors-bord de 25ch se veut le plus l\u00e9ger de sa cat\u00e9gorie. Le nouveau DF25A est \u00e9quip\u00e9 par ailleurs du syst\u00e8me d'injection \u00e9lectronique sans batterie de Suzuki.  Ce syst\u00e8me offre des avantages majeurs, parmi lesquels un d\u00e9marrage tr\u00e8s fiable (notamment \u00e0 basses temp\u00e9ratures et \u00e0 haute altitude), une acc\u00e9l\u00e9ration vive et un fonctionnement souple. L'int\u00e9gration de l'injection \u00e9lectronique permet \u00e0 ce moteur de tirer pleinement parti du syst\u00e8me Lean Burn Control de Suzuki, offrant une consommation de carburant exceptionnellement faible.  Parmi ses autres caract\u00e9ristiques cl\u00e9s figurent un syst\u00e8me de d\u00e9marrage \u00e0 lanceur offrant des d\u00e9marrages plus ais\u00e9s, des culbuteurs \u00e0 galets, un vilebrequin d\u00e9port\u00e9 et un syst\u00e8me d'admission directe pour un rendement optimum, ainsi qu'un syst\u00e8me de rin\u00e7age par eau douce pour une maintenance facilit\u00e9e.  Ce moteur hors-bord est non seulement simple \u00e0 utiliser mais sa compacit\u00e9 et sa l\u00e9g\u00e8ret\u00e9 est \u00e9galement gage d'un transport et d'un remisage facilit\u00e9s. Il est disponible dans toutes les configurations les plus usit\u00e9es pour couvrir un large panel de bateaux et d'installations.","og_url":"https:\/\/www.atlanticraftboats.com\/en\/product\/suzuki-df25a\/","og_site_name":"AtlantiCraft","article_publisher":"https:\/\/www.facebook.com\/AtlanticraftFrance","article_modified_time":"2022-10-23T12:45:53+00:00","og_image":[{"width":800,"height":800,"url":"https:\/\/www.atlanticraftboats.com\/wp-content\/uploads\/2022\/06\/Suzuki_DF25ATHL_Tiller_Black_Diagonal_from2021MY.png.jpg","type":"image\/jpeg"}],"twitter_card":"summary_large_image","schema":{"@context":"https:\/\/schema.org","@graph":[{"@type":"WebPage","@id":"https:\/\/www.atlanticraftboats.com\/produit\/suzuki-df25a\/","url":"https:\/\/www.atlanticraftboats.com\/produit\/suzuki-df25a\/","name":"Suzuki DF25A - AtlantiCraft","isPartOf":{"@id":"https:\/\/www.atlanticraftboats.com\/en\/#website"},"primaryImageOfPage":{"@id":"https:\/\/www.atlanticraftboats.com\/produit\/suzuki-df25a\/#primaryimage"},"image":{"@id":"https:\/\/www.atlanticraftboats.com\/produit\/suzuki-df25a\/#primaryimage"},"thumbnailUrl":"https:\/\/www.atlanticraftboats.com\/wp-content\/uploads\/2022\/06\/Suzuki_DF25ATHL_Tiller_Black_Diagonal_from2021MY.png.jpg","datePublished":"2022-06-01T03:35:53+00:00","dateModified":"2022-10-23T12:45:53+00:00","breadcrumb":{"@id":"https:\/\/www.atlanticraftboats.com\/produit\/suzuki-df25a\/#breadcrumb"},"inLanguage":"en-GB","potentialAction":[{"@type":"ReadAction","target":["https:\/\/www.atlanticraftboats.com\/produit\/suzuki-df25a\/"]}]},{"@type":"ImageObject","inLanguage":"en-GB","@id":"https:\/\/www.atlanticraftboats.com\/produit\/suzuki-df25a\/#primaryimage","url":"https:\/\/www.atlanticraftboats.com\/wp-content\/uploads\/2022\/06\/Suzuki_DF25ATHL_Tiller_Black_Diagonal_from2021MY.png.jpg","contentUrl":"https:\/\/www.atlanticraftboats.com\/wp-content\/uploads\/2022\/06\/Suzuki_DF25ATHL_Tiller_Black_Diagonal_from2021MY.png.jpg","width":800,"height":800},{"@type":"BreadcrumbList","@id":"https:\/\/www.atlanticraftboats.com\/produit\/suzuki-df25a\/#breadcrumb","itemListElement":[{"@type":"ListItem","position":1,"name":"Accueil","item":"https:\/\/www.atlanticraftboats.com\/"},{"@type":"ListItem","position":2,"name":"Les bateaux semi-rigides AtlantiCraft","item":"https:\/\/www.atlanticraftboats.com\/bateaux-semi-rigide\/"},{"@type":"ListItem","position":3,"name":"Suzuki DF25A"}]},{"@type":"WebSite","@id":"https:\/\/www.atlanticraftboats.com\/en\/#website","url":"https:\/\/www.atlanticraftboats.com\/en\/","name":"AtlantiCraft","description":"French brand of semi-rigid boats with aluminum hulls","publisher":{"@id":"https:\/\/www.atlanticraftboats.com\/en\/#organization"},"potentialAction":[{"@type":"SearchAction","target":{"@type":"EntryPoint","urlTemplate":"https:\/\/www.atlanticraftboats.com\/en\/?s={search_term_string}"},"query-input":{"@type":"PropertyValueSpecification","valueRequired":true,"valueName":"search_term_string"}}],"inLanguage":"en-GB"},{"@type":"Organization","@id":"https:\/\/www.atlanticraftboats.com\/en\/#organization","name":"Atlanticraft","url":"https:\/\/www.atlanticraftboats.com\/en\/","logo":{"@type":"ImageObject","inLanguage":"en-GB","@id":"https:\/\/www.atlanticraftboats.com\/en\/#\/schema\/logo\/image\/","url":"https:\/\/www.atlanticraftboats.com\/wp-content\/uploads\/2022\/04\/logo-atlanticraft.svg","contentUrl":"https:\/\/www.atlanticraftboats.com\/wp-content\/uploads\/2022\/04\/logo-atlanticraft.svg","width":215,"height":51,"caption":"Atlanticraft"},"image":{"@id":"https:\/\/www.atlanticraftboats.com\/en\/#\/schema\/logo\/image\/"},"sameAs":["https:\/\/www.facebook.com\/AtlanticraftFrance","https:\/\/www.instagram.com\/atlanticraft_france\/","https:\/\/www.linkedin.com\/company\/82927401\/admin\/dashboard\/"]}]}},"jetpack_sharing_enabled":true,"_links":{"self":[{"href":"https:\/\/www.atlanticraftboats.com\/en\/wp-json\/wp\/v2\/product\/644","targetHints":{"allow":["GET"]}}],"collection":[{"href":"https:\/\/www.atlanticraftboats.com\/en\/wp-json\/wp\/v2\/product"}],"about":[{"href":"https:\/\/www.atlanticraftboats.com\/en\/wp-json\/wp\/v2\/types\/product"}],"wp:featuredmedia":[{"embeddable":true,"href":"https:\/\/www.atlanticraftboats.com\/en\/wp-json\/wp\/v2\/media\/1173"}],"wp:attachment":[{"href":"https:\/\/www.atlanticraftboats.com\/en\/wp-json\/wp\/v2\/media?parent=644"}],"wp:term":[{"taxonomy":"product_brand","embeddable":true,"href":"https:\/\/www.atlanticraftboats.com\/en\/wp-json\/wp\/v2\/product_brand?post=644"},{"taxonomy":"product_cat","embeddable":true,"href":"https:\/\/www.atlanticraftboats.com\/en\/wp-json\/wp\/v2\/product_cat?post=644"},{"taxonomy":"product_tag","embeddable":true,"href":"https:\/\/www.atlanticraftboats.com\/en\/wp-json\/wp\/v2\/product_tag?post=644"}],"curies":[{"name":"wp","href":"https:\/\/api.w.org\/{rel}","templated":true}]}}