{"id":657,"date":"2022-06-02T03:19:51","date_gmt":"2022-06-02T01:19:51","guid":{"rendered":"https:\/\/www.atlanticraftfrance.com\/?post_type=product&#038;p=657"},"modified":"2022-10-23T14:48:12","modified_gmt":"2022-10-23T12:48:12","slug":"suzuki-df20a-blanc","status":"publish","type":"product","link":"https:\/\/www.atlanticraftboats.com\/en\/product\/suzuki-df20a-blanc\/","title":{"rendered":"Suzuki DF20A White"},"content":{"rendered":"","protected":false},"excerpt":{"rendered":"<h3>Portable Range<\/h3>\n<p>The new DF20 is the world&#039;s first portable engine featuring the most advanced technologies.<\/p>\n<p>Equipped with all-new battery-free fuel injection and Suzuki-developed Lean Burn technology, this simple, easy-to-use engine boasts reduced fuel consumption.<\/p>\n<p>Thanks to the Easy Start system, starting is faster with reduced effort.<\/p>\n<p>To achieve this technical feat while reducing weight, Suzuki engineers chose the smallest and lightest components possible, already found on other engines in the marine range.<\/p>","protected":false},"featured_media":1111,"template":"","meta":{"inline_featured_image":false},"product_brand":[],"product_cat":[28],"product_tag":[],"class_list":{"0":"post-657","1":"product","2":"type-product","3":"status-publish","4":"has-post-thumbnail","6":"product_cat-moteurs","8":"first","9":"instock","10":"taxable","11":"shipping-taxable","12":"purchasable","13":"product-type-simple"},"yoast_head":"<!-- This site is optimized with the Yoast SEO plugin v27.3 - https:\/\/yoast.com\/product\/yoast-seo-wordpress\/ -->\n<title>Suzuki DF20A Blanc - AtlantiCraft<\/title>\n<meta name=\"robots\" content=\"index, follow, max-snippet:-1, max-image-preview:large, max-video-preview:-1\" \/>\n<link rel=\"canonical\" href=\"https:\/\/www.atlanticraftboats.com\/en\/product\/suzuki-df20a-blanc\/\" \/>\n<meta property=\"og:locale\" content=\"en_GB\" \/>\n<meta property=\"og:type\" content=\"article\" \/>\n<meta property=\"og:title\" content=\"Suzuki DF20A Blanc - AtlantiCraft\" \/>\n<meta property=\"og:description\" content=\"Gamme Portable Le nouveau DF20 est le premier moteur portable au monde dot\u00e9 des technologies les plus avanc\u00e9es.  Equip\u00e9 d\u2019une toute nouvelle injection d\u2019essence sans batterie et de la technologie Lean Burn d\u00e9velopp\u00e9e par Suzuki, ce moteur simple et facile \u00e0 utiliser b\u00e9n\u00e9ficie d\u2019une consommation r\u00e9duite.  Gr\u00e2ce au syst\u00e8me Easy Start, le d\u00e9marrage est plus rapide pour un effort r\u00e9duit.  Pour \u00eatre en mesure de r\u00e9ussir cette prouesse technique tout en diminuant le poids, les ing\u00e9nieurs Suzuki ont choisi les composants les plus petits et les plus l\u00e9gers possibles existants d\u00e9j\u00e0 sur les autres moteurs de la gamme marine.\" \/>\n<meta property=\"og:url\" content=\"https:\/\/www.atlanticraftboats.com\/en\/product\/suzuki-df20a-blanc\/\" \/>\n<meta property=\"og:site_name\" content=\"AtlantiCraft\" \/>\n<meta property=\"article:publisher\" content=\"https:\/\/www.facebook.com\/AtlanticraftFrance\" \/>\n<meta property=\"article:modified_time\" content=\"2022-10-23T12:48:12+00:00\" \/>\n<meta property=\"og:image\" content=\"https:\/\/www.atlanticraftboats.com\/wp-content\/uploads\/2022\/06\/Suzuki_DF20AS_Tiller_White_Diagonal_from2021MY.jpg\" \/>\n\t<meta property=\"og:image:width\" content=\"800\" \/>\n\t<meta property=\"og:image:height\" content=\"800\" \/>\n\t<meta property=\"og:image:type\" content=\"image\/jpeg\" \/>\n<meta name=\"twitter:card\" content=\"summary_large_image\" \/>\n<script type=\"application\/ld+json\" class=\"yoast-schema-graph\">{\"@context\":\"https:\\\/\\\/schema.org\",\"@graph\":[{\"@type\":\"WebPage\",\"@id\":\"https:\\\/\\\/www.atlanticraftboats.com\\\/produit\\\/suzuki-df20a-blanc\\\/\",\"url\":\"https:\\\/\\\/www.atlanticraftboats.com\\\/produit\\\/suzuki-df20a-blanc\\\/\",\"name\":\"Suzuki DF20A Blanc - AtlantiCraft\",\"isPartOf\":{\"@id\":\"https:\\\/\\\/www.atlanticraftboats.com\\\/en\\\/#website\"},\"primaryImageOfPage\":{\"@id\":\"https:\\\/\\\/www.atlanticraftboats.com\\\/produit\\\/suzuki-df20a-blanc\\\/#primaryimage\"},\"image\":{\"@id\":\"https:\\\/\\\/www.atlanticraftboats.com\\\/produit\\\/suzuki-df20a-blanc\\\/#primaryimage\"},\"thumbnailUrl\":\"https:\\\/\\\/www.atlanticraftboats.com\\\/wp-content\\\/uploads\\\/2022\\\/06\\\/Suzuki_DF20AS_Tiller_White_Diagonal_from2021MY.jpg\",\"datePublished\":\"2022-06-02T01:19:51+00:00\",\"dateModified\":\"2022-10-23T12:48:12+00:00\",\"breadcrumb\":{\"@id\":\"https:\\\/\\\/www.atlanticraftboats.com\\\/produit\\\/suzuki-df20a-blanc\\\/#breadcrumb\"},\"inLanguage\":\"en-GB\",\"potentialAction\":[{\"@type\":\"ReadAction\",\"target\":[\"https:\\\/\\\/www.atlanticraftboats.com\\\/produit\\\/suzuki-df20a-blanc\\\/\"]}]},{\"@type\":\"ImageObject\",\"inLanguage\":\"en-GB\",\"@id\":\"https:\\\/\\\/www.atlanticraftboats.com\\\/produit\\\/suzuki-df20a-blanc\\\/#primaryimage\",\"url\":\"https:\\\/\\\/www.atlanticraftboats.com\\\/wp-content\\\/uploads\\\/2022\\\/06\\\/Suzuki_DF20AS_Tiller_White_Diagonal_from2021MY.jpg\",\"contentUrl\":\"https:\\\/\\\/www.atlanticraftboats.com\\\/wp-content\\\/uploads\\\/2022\\\/06\\\/Suzuki_DF20AS_Tiller_White_Diagonal_from2021MY.jpg\",\"width\":800,\"height\":800},{\"@type\":\"BreadcrumbList\",\"@id\":\"https:\\\/\\\/www.atlanticraftboats.com\\\/produit\\\/suzuki-df20a-blanc\\\/#breadcrumb\",\"itemListElement\":[{\"@type\":\"ListItem\",\"position\":1,\"name\":\"Accueil\",\"item\":\"https:\\\/\\\/www.atlanticraftboats.com\\\/\"},{\"@type\":\"ListItem\",\"position\":2,\"name\":\"Les bateaux semi-rigides AtlantiCraft\",\"item\":\"https:\\\/\\\/www.atlanticraftboats.com\\\/bateaux-semi-rigide\\\/\"},{\"@type\":\"ListItem\",\"position\":3,\"name\":\"Suzuki DF20A Blanc\"}]},{\"@type\":\"WebSite\",\"@id\":\"https:\\\/\\\/www.atlanticraftboats.com\\\/en\\\/#website\",\"url\":\"https:\\\/\\\/www.atlanticraftboats.com\\\/en\\\/\",\"name\":\"AtlantiCraft\",\"description\":\"Marque fran\u00e7aise de bateaux semi rigides en coque aluminium\",\"publisher\":{\"@id\":\"https:\\\/\\\/www.atlanticraftboats.com\\\/en\\\/#organization\"},\"potentialAction\":[{\"@type\":\"SearchAction\",\"target\":{\"@type\":\"EntryPoint\",\"urlTemplate\":\"https:\\\/\\\/www.atlanticraftboats.com\\\/en\\\/?s={search_term_string}\"},\"query-input\":{\"@type\":\"PropertyValueSpecification\",\"valueRequired\":true,\"valueName\":\"search_term_string\"}}],\"inLanguage\":\"en-GB\"},{\"@type\":\"Organization\",\"@id\":\"https:\\\/\\\/www.atlanticraftboats.com\\\/en\\\/#organization\",\"name\":\"Atlanticraft\",\"url\":\"https:\\\/\\\/www.atlanticraftboats.com\\\/en\\\/\",\"logo\":{\"@type\":\"ImageObject\",\"inLanguage\":\"en-GB\",\"@id\":\"https:\\\/\\\/www.atlanticraftboats.com\\\/en\\\/#\\\/schema\\\/logo\\\/image\\\/\",\"url\":\"https:\\\/\\\/www.atlanticraftboats.com\\\/wp-content\\\/uploads\\\/2022\\\/04\\\/logo-atlanticraft.svg\",\"contentUrl\":\"https:\\\/\\\/www.atlanticraftboats.com\\\/wp-content\\\/uploads\\\/2022\\\/04\\\/logo-atlanticraft.svg\",\"width\":215,\"height\":51,\"caption\":\"Atlanticraft\"},\"image\":{\"@id\":\"https:\\\/\\\/www.atlanticraftboats.com\\\/en\\\/#\\\/schema\\\/logo\\\/image\\\/\"},\"sameAs\":[\"https:\\\/\\\/www.facebook.com\\\/AtlanticraftFrance\",\"https:\\\/\\\/www.instagram.com\\\/atlanticraft_france\\\/\",\"https:\\\/\\\/www.linkedin.com\\\/company\\\/82927401\\\/admin\\\/dashboard\\\/\"]}]}<\/script>\n<!-- \/ Yoast SEO plugin. -->","yoast_head_json":{"title":"Suzuki DF20A Blanc - AtlantiCraft","robots":{"index":"index","follow":"follow","max-snippet":"max-snippet:-1","max-image-preview":"max-image-preview:large","max-video-preview":"max-video-preview:-1"},"canonical":"https:\/\/www.atlanticraftboats.com\/en\/product\/suzuki-df20a-blanc\/","og_locale":"en_GB","og_type":"article","og_title":"Suzuki DF20A Blanc - AtlantiCraft","og_description":"Gamme Portable Le nouveau DF20 est le premier moteur portable au monde dot\u00e9 des technologies les plus avanc\u00e9es.  Equip\u00e9 d\u2019une toute nouvelle injection d\u2019essence sans batterie et de la technologie Lean Burn d\u00e9velopp\u00e9e par Suzuki, ce moteur simple et facile \u00e0 utiliser b\u00e9n\u00e9ficie d\u2019une consommation r\u00e9duite.  Gr\u00e2ce au syst\u00e8me Easy Start, le d\u00e9marrage est plus rapide pour un effort r\u00e9duit.  Pour \u00eatre en mesure de r\u00e9ussir cette prouesse technique tout en diminuant le poids, les ing\u00e9nieurs Suzuki ont choisi les composants les plus petits et les plus l\u00e9gers possibles existants d\u00e9j\u00e0 sur les autres moteurs de la gamme marine.","og_url":"https:\/\/www.atlanticraftboats.com\/en\/product\/suzuki-df20a-blanc\/","og_site_name":"AtlantiCraft","article_publisher":"https:\/\/www.facebook.com\/AtlanticraftFrance","article_modified_time":"2022-10-23T12:48:12+00:00","og_image":[{"width":800,"height":800,"url":"https:\/\/www.atlanticraftboats.com\/wp-content\/uploads\/2022\/06\/Suzuki_DF20AS_Tiller_White_Diagonal_from2021MY.jpg","type":"image\/jpeg"}],"twitter_card":"summary_large_image","schema":{"@context":"https:\/\/schema.org","@graph":[{"@type":"WebPage","@id":"https:\/\/www.atlanticraftboats.com\/produit\/suzuki-df20a-blanc\/","url":"https:\/\/www.atlanticraftboats.com\/produit\/suzuki-df20a-blanc\/","name":"Suzuki DF20A Blanc - AtlantiCraft","isPartOf":{"@id":"https:\/\/www.atlanticraftboats.com\/en\/#website"},"primaryImageOfPage":{"@id":"https:\/\/www.atlanticraftboats.com\/produit\/suzuki-df20a-blanc\/#primaryimage"},"image":{"@id":"https:\/\/www.atlanticraftboats.com\/produit\/suzuki-df20a-blanc\/#primaryimage"},"thumbnailUrl":"https:\/\/www.atlanticraftboats.com\/wp-content\/uploads\/2022\/06\/Suzuki_DF20AS_Tiller_White_Diagonal_from2021MY.jpg","datePublished":"2022-06-02T01:19:51+00:00","dateModified":"2022-10-23T12:48:12+00:00","breadcrumb":{"@id":"https:\/\/www.atlanticraftboats.com\/produit\/suzuki-df20a-blanc\/#breadcrumb"},"inLanguage":"en-GB","potentialAction":[{"@type":"ReadAction","target":["https:\/\/www.atlanticraftboats.com\/produit\/suzuki-df20a-blanc\/"]}]},{"@type":"ImageObject","inLanguage":"en-GB","@id":"https:\/\/www.atlanticraftboats.com\/produit\/suzuki-df20a-blanc\/#primaryimage","url":"https:\/\/www.atlanticraftboats.com\/wp-content\/uploads\/2022\/06\/Suzuki_DF20AS_Tiller_White_Diagonal_from2021MY.jpg","contentUrl":"https:\/\/www.atlanticraftboats.com\/wp-content\/uploads\/2022\/06\/Suzuki_DF20AS_Tiller_White_Diagonal_from2021MY.jpg","width":800,"height":800},{"@type":"BreadcrumbList","@id":"https:\/\/www.atlanticraftboats.com\/produit\/suzuki-df20a-blanc\/#breadcrumb","itemListElement":[{"@type":"ListItem","position":1,"name":"Accueil","item":"https:\/\/www.atlanticraftboats.com\/"},{"@type":"ListItem","position":2,"name":"Les bateaux semi-rigides AtlantiCraft","item":"https:\/\/www.atlanticraftboats.com\/bateaux-semi-rigide\/"},{"@type":"ListItem","position":3,"name":"Suzuki DF20A Blanc"}]},{"@type":"WebSite","@id":"https:\/\/www.atlanticraftboats.com\/en\/#website","url":"https:\/\/www.atlanticraftboats.com\/en\/","name":"AtlantiCraft","description":"French brand of semi-rigid boats with aluminum hulls","publisher":{"@id":"https:\/\/www.atlanticraftboats.com\/en\/#organization"},"potentialAction":[{"@type":"SearchAction","target":{"@type":"EntryPoint","urlTemplate":"https:\/\/www.atlanticraftboats.com\/en\/?s={search_term_string}"},"query-input":{"@type":"PropertyValueSpecification","valueRequired":true,"valueName":"search_term_string"}}],"inLanguage":"en-GB"},{"@type":"Organization","@id":"https:\/\/www.atlanticraftboats.com\/en\/#organization","name":"Atlanticraft","url":"https:\/\/www.atlanticraftboats.com\/en\/","logo":{"@type":"ImageObject","inLanguage":"en-GB","@id":"https:\/\/www.atlanticraftboats.com\/en\/#\/schema\/logo\/image\/","url":"https:\/\/www.atlanticraftboats.com\/wp-content\/uploads\/2022\/04\/logo-atlanticraft.svg","contentUrl":"https:\/\/www.atlanticraftboats.com\/wp-content\/uploads\/2022\/04\/logo-atlanticraft.svg","width":215,"height":51,"caption":"Atlanticraft"},"image":{"@id":"https:\/\/www.atlanticraftboats.com\/en\/#\/schema\/logo\/image\/"},"sameAs":["https:\/\/www.facebook.com\/AtlanticraftFrance","https:\/\/www.instagram.com\/atlanticraft_france\/","https:\/\/www.linkedin.com\/company\/82927401\/admin\/dashboard\/"]}]}},"jetpack_sharing_enabled":true,"_links":{"self":[{"href":"https:\/\/www.atlanticraftboats.com\/en\/wp-json\/wp\/v2\/product\/657","targetHints":{"allow":["GET"]}}],"collection":[{"href":"https:\/\/www.atlanticraftboats.com\/en\/wp-json\/wp\/v2\/product"}],"about":[{"href":"https:\/\/www.atlanticraftboats.com\/en\/wp-json\/wp\/v2\/types\/product"}],"wp:featuredmedia":[{"embeddable":true,"href":"https:\/\/www.atlanticraftboats.com\/en\/wp-json\/wp\/v2\/media\/1111"}],"wp:attachment":[{"href":"https:\/\/www.atlanticraftboats.com\/en\/wp-json\/wp\/v2\/media?parent=657"}],"wp:term":[{"taxonomy":"product_brand","embeddable":true,"href":"https:\/\/www.atlanticraftboats.com\/en\/wp-json\/wp\/v2\/product_brand?post=657"},{"taxonomy":"product_cat","embeddable":true,"href":"https:\/\/www.atlanticraftboats.com\/en\/wp-json\/wp\/v2\/product_cat?post=657"},{"taxonomy":"product_tag","embeddable":true,"href":"https:\/\/www.atlanticraftboats.com\/en\/wp-json\/wp\/v2\/product_tag?post=657"}],"curies":[{"name":"wp","href":"https:\/\/api.w.org\/{rel}","templated":true}]}}